{"id":9705,"date":"2025-11-11T10:29:58","date_gmt":"2025-11-11T10:29:58","guid":{"rendered":"https:\/\/gambling6.com\/lotteri\/kop-lotter-online-till-det-brittiska-nationella-lotteriet\/"},"modified":"2025-11-11T10:29:58","modified_gmt":"2025-11-11T10:29:58","slug":"kop-lotter-online-till-det-brittiska-nationella-lotteriet","status":"publish","type":"page","link":"https:\/\/gambling6.com\/sv\/lotteri\/kop-lotter-online-till-det-brittiska-nationella-lotteriet\/","title":{"rendered":"K\u00f6p lotter online till det brittiska nationella lotteriet"},"content":{"rendered":"<h2>Lotto till Storbritanniens nationella lotteri p\u00e5 n\u00e4tet<\/h2>\n<p><strong style=\"background-color: initial;\">Genom att ha en lott online till Storbritanniens nationella lotteri blir du en del av Storbritanniens favoritlotto.<\/strong><span style=\"background-color: initial;\"> Lottf\u00f6rs\u00e4ljningen, b\u00e5de online och lokalt, uppg\u00e5r till cirka 50 000 000 per dragning. Med en lott har du en chans p\u00e5 1 p\u00e5 56 att vinna \u00a325, ing\u00e5ngspriset i Storbritanniens nationella lotteri.<\/span><\/p>\n<p>F\u00f6r att spela detta lotteri v\u00e4ljer du sex prim\u00e4rnummer mellan ett och 49. F\u00f6r att ta del av jackpotten beh\u00f6ver du bara matcha sex nummer. <strong>Oddsen att vinna Storbritanniens nationella lotteri \u00e4r cirka 1 p\u00e5 14 miljoner.<\/strong> Dessa odds \u00e4r mycket b\u00e4ttre \u00e4n att f\u00f6rs\u00f6ka vinna Euromillions; Faktum \u00e4r att du har ungef\u00e4r 10 g\u00e5nger st\u00f6rre chans att vinna pengar.<\/p>\n<p>Varje onsdag och l\u00f6rdag \u00f6kar biljettf\u00f6rs\u00e4ljningen i takt med att lokala britter och internationella online-lotterispelare k\u00f6per biljetter f\u00f6r att vinna jackpotten, som n\u00e4stan alltid \u00f6verstiger 5 miljoner pund. Medan 45 % av biljettf\u00f6rs\u00e4ljningen garanteras till prispotten, har \u00f6ver 42 miljarder pund sedan detta lotteri introducerades 1994 donerats till v\u00e4lg\u00f6rande \u00e4ndam\u00e5l i Storbritannien och utomlands.<\/p>\n<p><img loading=\"lazy\" decoding=\"async\" class=\"size-medium wp-image-1371 alignright\" src=\"https:\/\/gambling6.com\/wp-content\/uploads\/2022\/04\/2_ticket_uk_lottery-192x300.jpg\" alt=\"ticket uk lottery\" width=\"192\" height=\"300\" srcset=\"https:\/\/gambling6.com\/wp-content\/uploads\/2022\/04\/2_ticket_uk_lottery-192x300.jpg 192w, https:\/\/gambling6.com\/wp-content\/uploads\/2022\/04\/2_ticket_uk_lottery.jpg 564w\" sizes=\"auto, (max-width: 192px) 100vw, 192px\" \/>N\u00e4r detta lotteri dras p\u00e5 l\u00f6rdagar och onsdagar i London \u00e4r publiken som h\u00e5ller lotter i handflatan ganska stor. Folk flockas till TV:n p\u00e5 lokala pubar i hopp om att kamma hem de 5 miljoner punden. Dessutom, om jackpotten inte vinns, f\u00f6rs den vidare till n\u00e4sta dragning. <a class=\"thirstylink\" title=\"RedFoxLotto sv\" href=\"https:\/\/gambling6.com\/go\/redfoxlotto-sv\/\" target=\"_blank\" rel=\"nofollow noopener\">Skaffa din lott online och f\u00e5 chansen att h\u00e4mta ut priset fr\u00e5n UK National Lottery genom att bes\u00f6ka v\u00e5r partner RedFoxLotto.<\/a><\/p>\n<table style=\"width: 500px;\" border=\"1\" cellspacing=\"5\" cellpadding=\"5\" align=\"center\">\n<tbody>\n<tr>\n<td colspan=\"3\" align=\"center\">De fem st\u00f6rsta jackpottarna f\u00f6r 2013<\/td>\n<\/tr>\n<tr>\n<td>Dragning<\/td>\n<td align=\"center\">Datum<\/td>\n<td align=\"center\">Jackpott (USD)<\/td>\n<\/tr>\n<tr>\n<td>Nationella lotteriet &#8211; Storbritannien<\/td>\n<td align=\"center\">5 oktober 2013<\/td>\n<td style=\"text-align: center;\" align=\"right\">16 500 000 USD<\/td>\n<\/tr>\n<tr>\n<td>Nationella lotteriet &#8211; Storbritannien<\/td>\n<td align=\"center\">12-okt-13<\/td>\n<td align=\"right\">16 500 000 USD<\/td>\n<\/tr>\n<tr>\n<td>Nationella lotteriet &#8211; Storbritannien<\/td>\n<td align=\"center\">18-sep-13<\/td>\n<td align=\"right\">14 025 000 USD<\/td>\n<\/tr>\n<tr>\n<td>Nationella lotteriet &#8211; Storbritannien<\/td>\n<td align=\"center\">18-dec-13<\/td>\n<td align=\"right\">13 173 600 USD<\/td>\n<\/tr>\n<tr>\n<td>Nationella lotteriet &#8211; Storbritannien<\/td>\n<td align=\"center\">2 nov 2013<\/td>\n<td align=\"right\">13 134 000 USD<\/td>\n<\/tr>\n<\/tbody>\n<\/table>\n<p>&nbsp;<\/p>\n<table style=\"width: 500px;\" border=\"1\" cellspacing=\"5\" cellpadding=\"5\" align=\"center\">\n<tbody>\n<tr>\n<td colspan=\"3\" align=\"center\">Vinstniv\u00e5er i Storbritanniens nationella lotteri<\/td>\n<\/tr>\n<tr>\n<td>Vinst<\/td>\n<td align=\"center\">Matcher<\/td>\n<td align=\"center\">Odds<\/td>\n<\/tr>\n<tr>\n<td>1:a (Jackpott)<\/td>\n<td style=\"text-align: center;\" align=\"center\">6<\/td>\n<td align=\"right\">13 983 816 : 1<\/td>\n<\/tr>\n<tr>\n<td>2:a<\/td>\n<td align=\"center\">5 + 1<\/td>\n<td align=\"right\">2 330 636 : 1<\/td>\n<\/tr>\n<tr>\n<td>3:e<\/td>\n<td align=\"center\">5<\/td>\n<td align=\"right\">55 492 : 1<\/td>\n<\/tr>\n<tr>\n<td>4:e<\/td>\n<td align=\"center\">4<\/td>\n<td align=\"right\">1 033 : 1<\/td>\n<\/tr>\n<tr>\n<td>5:e<\/td>\n<td align=\"center\">3<\/td>\n<td align=\"right\">57 : 1<\/td>\n<\/tr>\n<\/tbody>\n<\/table>\n","protected":false},"excerpt":{"rendered":"<p>Lotto till Storbritanniens nationella lotteri p\u00e5 n\u00e4tet Genom att ha en lott online till Storbritanniens nationella lotteri blir du en del av Storbritanniens favoritlotto. Lottf\u00f6rs\u00e4ljningen, b\u00e5de online och lokalt, uppg\u00e5r till cirka 50 000 000 per dragning. Med en lott har du en chans p\u00e5 1 p\u00e5 56 att vinna \u00a325, ing\u00e5ngspriset i Storbritanniens nationella [&hellip;]<\/p>\n","protected":false},"author":1,"featured_media":0,"parent":9325,"menu_order":6,"comment_status":"closed","ping_status":"closed","template":"","meta":{"footnotes":""},"class_list":["post-9705","page","type-page","status-publish","hentry"],"yoast_head":"<!-- This site is optimized with the Yoast SEO plugin v27.3 - https:\/\/yoast.com\/product\/yoast-seo-wordpress\/ -->\n<title>K\u00f6p lotter till Storbritanniens nationella lotteri online<\/title>\n<meta name=\"description\" content=\"Delta i Storbritanniens nationella lotteri genom att k\u00f6pa dina lotter online.\" \/>\n<meta name=\"robots\" content=\"index, follow, max-snippet:-1, max-image-preview:large, max-video-preview:-1\" \/>\n<link rel=\"canonical\" href=\"https:\/\/gambling6.com\/sv\/lotteri\/kop-lotter-online-till-det-brittiska-nationella-lotteriet\/\" \/>\n<meta property=\"og:locale\" content=\"sv_SE\" \/>\n<meta property=\"og:type\" content=\"article\" \/>\n<meta property=\"og:title\" content=\"K\u00f6p lotter till Storbritanniens nationella lotteri online\" \/>\n<meta property=\"og:description\" content=\"Delta i Storbritanniens nationella lotteri genom att k\u00f6pa dina lotter online.\" \/>\n<meta property=\"og:url\" content=\"https:\/\/gambling6.com\/sv\/lotteri\/kop-lotter-online-till-det-brittiska-nationella-lotteriet\/\" \/>\n<meta property=\"og:site_name\" content=\"Gambling6\" \/>\n<meta property=\"og:image\" content=\"https:\/\/gambling6.com\/wp-content\/uploads\/2022\/04\/2_ticket_uk_lottery.jpg\" \/>\n\t<meta property=\"og:image:width\" content=\"564\" \/>\n\t<meta property=\"og:image:height\" content=\"883\" \/>\n\t<meta property=\"og:image:type\" content=\"image\/jpeg\" \/>\n<meta name=\"twitter:card\" content=\"summary_large_image\" \/>\n<meta name=\"twitter:label1\" content=\"Ber\u00e4knad l\u00e4stid\" \/>\n\t<meta name=\"twitter:data1\" content=\"2 minuter\" \/>\n<script type=\"application\/ld+json\" class=\"yoast-schema-graph\">{\"@context\":\"https:\\\/\\\/schema.org\",\"@graph\":[{\"@type\":\"WebPage\",\"@id\":\"https:\\\/\\\/gambling6.com\\\/sv\\\/lotteri\\\/kop-lotter-online-till-det-brittiska-nationella-lotteriet\\\/\",\"url\":\"https:\\\/\\\/gambling6.com\\\/sv\\\/lotteri\\\/kop-lotter-online-till-det-brittiska-nationella-lotteriet\\\/\",\"name\":\"K\u00f6p lotter till Storbritanniens nationella lotteri online\",\"isPartOf\":{\"@id\":\"https:\\\/\\\/gambling6.com\\\/sv\\\/#website\"},\"primaryImageOfPage\":{\"@id\":\"https:\\\/\\\/gambling6.com\\\/sv\\\/lotteri\\\/kop-lotter-online-till-det-brittiska-nationella-lotteriet\\\/#primaryimage\"},\"image\":{\"@id\":\"https:\\\/\\\/gambling6.com\\\/sv\\\/lotteri\\\/kop-lotter-online-till-det-brittiska-nationella-lotteriet\\\/#primaryimage\"},\"thumbnailUrl\":\"https:\\\/\\\/gambling6.com\\\/wp-content\\\/uploads\\\/2022\\\/04\\\/2_ticket_uk_lottery-192x300.jpg\",\"datePublished\":\"2025-11-11T10:29:58+00:00\",\"description\":\"Delta i Storbritanniens nationella lotteri genom att k\u00f6pa dina lotter online.\",\"breadcrumb\":{\"@id\":\"https:\\\/\\\/gambling6.com\\\/sv\\\/lotteri\\\/kop-lotter-online-till-det-brittiska-nationella-lotteriet\\\/#breadcrumb\"},\"inLanguage\":\"sv-SE\",\"potentialAction\":[{\"@type\":\"ReadAction\",\"target\":[\"https:\\\/\\\/gambling6.com\\\/sv\\\/lotteri\\\/kop-lotter-online-till-det-brittiska-nationella-lotteriet\\\/\"]}]},{\"@type\":\"ImageObject\",\"inLanguage\":\"sv-SE\",\"@id\":\"https:\\\/\\\/gambling6.com\\\/sv\\\/lotteri\\\/kop-lotter-online-till-det-brittiska-nationella-lotteriet\\\/#primaryimage\",\"url\":\"https:\\\/\\\/gambling6.com\\\/wp-content\\\/uploads\\\/2022\\\/04\\\/2_ticket_uk_lottery-192x300.jpg\",\"contentUrl\":\"https:\\\/\\\/gambling6.com\\\/wp-content\\\/uploads\\\/2022\\\/04\\\/2_ticket_uk_lottery-192x300.jpg\"},{\"@type\":\"BreadcrumbList\",\"@id\":\"https:\\\/\\\/gambling6.com\\\/sv\\\/lotteri\\\/kop-lotter-online-till-det-brittiska-nationella-lotteriet\\\/#breadcrumb\",\"itemListElement\":[{\"@type\":\"ListItem\",\"position\":1,\"name\":\"Home\",\"item\":\"https:\\\/\\\/gambling6.com\\\/sv\\\/home\\\/\"},{\"@type\":\"ListItem\",\"position\":2,\"name\":\"Lotteri\",\"item\":\"https:\\\/\\\/gambling6.com\\\/sv\\\/lotteri\\\/\"},{\"@type\":\"ListItem\",\"position\":3,\"name\":\"K\u00f6p lotter online till det brittiska nationella lotteriet\"}]},{\"@type\":\"WebSite\",\"@id\":\"https:\\\/\\\/gambling6.com\\\/sv\\\/#website\",\"url\":\"https:\\\/\\\/gambling6.com\\\/sv\\\/\",\"name\":\"Gambling6\",\"description\":\"\",\"potentialAction\":[{\"@type\":\"SearchAction\",\"target\":{\"@type\":\"EntryPoint\",\"urlTemplate\":\"https:\\\/\\\/gambling6.com\\\/sv\\\/?s={search_term_string}\"},\"query-input\":{\"@type\":\"PropertyValueSpecification\",\"valueRequired\":true,\"valueName\":\"search_term_string\"}}],\"inLanguage\":\"sv-SE\"}]}<\/script>\n<!-- \/ Yoast SEO plugin. -->","yoast_head_json":{"title":"K\u00f6p lotter till Storbritanniens nationella lotteri online","description":"Delta i Storbritanniens nationella lotteri genom att k\u00f6pa dina lotter online.","robots":{"index":"index","follow":"follow","max-snippet":"max-snippet:-1","max-image-preview":"max-image-preview:large","max-video-preview":"max-video-preview:-1"},"canonical":"https:\/\/gambling6.com\/sv\/lotteri\/kop-lotter-online-till-det-brittiska-nationella-lotteriet\/","og_locale":"sv_SE","og_type":"article","og_title":"K\u00f6p lotter till Storbritanniens nationella lotteri online","og_description":"Delta i Storbritanniens nationella lotteri genom att k\u00f6pa dina lotter online.","og_url":"https:\/\/gambling6.com\/sv\/lotteri\/kop-lotter-online-till-det-brittiska-nationella-lotteriet\/","og_site_name":"Gambling6","og_image":[{"width":564,"height":883,"url":"https:\/\/gambling6.com\/wp-content\/uploads\/2022\/04\/2_ticket_uk_lottery.jpg","type":"image\/jpeg"}],"twitter_card":"summary_large_image","twitter_misc":{"Ber\u00e4knad l\u00e4stid":"2 minuter"},"schema":{"@context":"https:\/\/schema.org","@graph":[{"@type":"WebPage","@id":"https:\/\/gambling6.com\/sv\/lotteri\/kop-lotter-online-till-det-brittiska-nationella-lotteriet\/","url":"https:\/\/gambling6.com\/sv\/lotteri\/kop-lotter-online-till-det-brittiska-nationella-lotteriet\/","name":"K\u00f6p lotter till Storbritanniens nationella lotteri online","isPartOf":{"@id":"https:\/\/gambling6.com\/sv\/#website"},"primaryImageOfPage":{"@id":"https:\/\/gambling6.com\/sv\/lotteri\/kop-lotter-online-till-det-brittiska-nationella-lotteriet\/#primaryimage"},"image":{"@id":"https:\/\/gambling6.com\/sv\/lotteri\/kop-lotter-online-till-det-brittiska-nationella-lotteriet\/#primaryimage"},"thumbnailUrl":"https:\/\/gambling6.com\/wp-content\/uploads\/2022\/04\/2_ticket_uk_lottery-192x300.jpg","datePublished":"2025-11-11T10:29:58+00:00","description":"Delta i Storbritanniens nationella lotteri genom att k\u00f6pa dina lotter online.","breadcrumb":{"@id":"https:\/\/gambling6.com\/sv\/lotteri\/kop-lotter-online-till-det-brittiska-nationella-lotteriet\/#breadcrumb"},"inLanguage":"sv-SE","potentialAction":[{"@type":"ReadAction","target":["https:\/\/gambling6.com\/sv\/lotteri\/kop-lotter-online-till-det-brittiska-nationella-lotteriet\/"]}]},{"@type":"ImageObject","inLanguage":"sv-SE","@id":"https:\/\/gambling6.com\/sv\/lotteri\/kop-lotter-online-till-det-brittiska-nationella-lotteriet\/#primaryimage","url":"https:\/\/gambling6.com\/wp-content\/uploads\/2022\/04\/2_ticket_uk_lottery-192x300.jpg","contentUrl":"https:\/\/gambling6.com\/wp-content\/uploads\/2022\/04\/2_ticket_uk_lottery-192x300.jpg"},{"@type":"BreadcrumbList","@id":"https:\/\/gambling6.com\/sv\/lotteri\/kop-lotter-online-till-det-brittiska-nationella-lotteriet\/#breadcrumb","itemListElement":[{"@type":"ListItem","position":1,"name":"Home","item":"https:\/\/gambling6.com\/sv\/home\/"},{"@type":"ListItem","position":2,"name":"Lotteri","item":"https:\/\/gambling6.com\/sv\/lotteri\/"},{"@type":"ListItem","position":3,"name":"K\u00f6p lotter online till det brittiska nationella lotteriet"}]},{"@type":"WebSite","@id":"https:\/\/gambling6.com\/sv\/#website","url":"https:\/\/gambling6.com\/sv\/","name":"Gambling6","description":"","potentialAction":[{"@type":"SearchAction","target":{"@type":"EntryPoint","urlTemplate":"https:\/\/gambling6.com\/sv\/?s={search_term_string}"},"query-input":{"@type":"PropertyValueSpecification","valueRequired":true,"valueName":"search_term_string"}}],"inLanguage":"sv-SE"}]}},"_links":{"self":[{"href":"https:\/\/gambling6.com\/sv\/wp-json\/wp\/v2\/pages\/9705","targetHints":{"allow":["GET"]}}],"collection":[{"href":"https:\/\/gambling6.com\/sv\/wp-json\/wp\/v2\/pages"}],"about":[{"href":"https:\/\/gambling6.com\/sv\/wp-json\/wp\/v2\/types\/page"}],"author":[{"embeddable":true,"href":"https:\/\/gambling6.com\/sv\/wp-json\/wp\/v2\/users\/1"}],"replies":[{"embeddable":true,"href":"https:\/\/gambling6.com\/sv\/wp-json\/wp\/v2\/comments?post=9705"}],"version-history":[{"count":0,"href":"https:\/\/gambling6.com\/sv\/wp-json\/wp\/v2\/pages\/9705\/revisions"}],"up":[{"embeddable":true,"href":"https:\/\/gambling6.com\/sv\/wp-json\/wp\/v2\/pages\/9325"}],"wp:attachment":[{"href":"https:\/\/gambling6.com\/sv\/wp-json\/wp\/v2\/media?parent=9705"}],"curies":[{"name":"wp","href":"https:\/\/api.w.org\/{rel}","templated":true}]}}