{"id":11038,"date":"2025-11-17T11:16:23","date_gmt":"2025-11-17T11:16:23","guid":{"rendered":"https:\/\/gambling6.com\/?page_id=11038"},"modified":"2025-11-17T11:16:23","modified_gmt":"2025-11-17T11:16:23","slug":"888-casino-incelemesi","status":"publish","type":"page","link":"https:\/\/gambling6.com\/tr\/888-casino-incelemesi\/","title":{"rendered":"888 Casino \u0130ncelemesi"},"content":{"rendered":"<h2>Sadece Bir Rulet Sitesi De\u011fil &#8211; 888 Casino<\/h2>\n<p>888 online casino, oyun sekt\u00f6r\u00fcnde k\u00f6kl\u00fc bir markad\u0131r. Bu online casino, hem taray\u0131c\u0131n\u0131zda h\u0131zl\u0131 y\u00fcklenen harika bir Flash tabanl\u0131 Casino hem de oyunlara eri\u015fmek i\u00e7in oyun yaz\u0131l\u0131m\u0131 indirme se\u00e7ene\u011fi sunar. Oyuncular, oyunlar boyunca tutarl\u0131 bir his ve g\u00f6r\u00fcn\u00fcm sa\u011flad\u0131\u011f\u0131 i\u00e7in indirme s\u00fcr\u00fcm\u00fcn\u00fc tercih eder.<br \/>\n<a href=\"https:\/\/ic.aff-handler.com\/C\/45871?sr=1064399&amp;anid=\" rel=\"nofollow\"><img decoding=\"async\" class=\"aligncenter\" src=\"https:\/\/ic.aff-handler.com\/I\/45871?sr=1064399&amp;anid=\" \/><\/a><\/p>\n<h2>888 Rulet Oyunlar\u0131<\/h2>\n<p>Avrupa Ruletinden 3D Rulete kadar, akl\u0131n\u0131zdaki her t\u00fcrl\u00fc ruletin keyfini bu casinoda \u00e7\u0131karabilirsiniz. Ayr\u0131ca, oyuna yeni ba\u015fl\u0131yorsan\u0131z, kurallar\u0131n\u0131 \u00f6\u011frenebilece\u011finiz \u00fccretsiz rulet oyunlar\u0131 da mevcuttur. Casinonun en ilgi \u00e7ekici yan\u0131 canl\u0131 rulettir. \u00dc\u00e7 tek s\u0131f\u0131rl\u0131 masadan birini se\u00e7ebilirsiniz: Avrupa, Frans\u0131z ve Venedik Ruleti (\u0130talyanca konu\u015fan krupiye).<\/p>\n<p>Bahis aral\u0131\u011f\u0131 1&#8217;den ba\u015flay\u0131p maksimum 200&#8217;e kadar \u00e7\u0131kabilir. Kabul edilen para birimleri USD, Euro ve GBP&#8217;dir. Oyun, oyunculara harika bir estetik sunar. En iyi yan\u0131 ise, herhangi bir yaz\u0131l\u0131m indirmeden taray\u0131c\u0131da oynayabilmenizdir. Oyunun iki farkl\u0131 g\u00f6r\u00fcn\u00fcm\u00fc vard\u0131r: klasik ve 3D g\u00f6r\u00fcn\u00fcmler. Oyunda her \u015fey var, hi\u00e7bir Rulet hayran\u0131 daha fazlas\u0131n\u0131 isteyemez.<\/p>\n<p>Rulet oyunlar\u0131n\u0131n yan\u0131 s\u0131ra, burada parayla oynanabilecek her t\u00fcrl\u00fc \u00e7evrimi\u00e7i oyunu bulabilirsiniz. Poker, Spor Bahisleri, Bingo, Kaz\u0131 Kazan, Slot Makineleri, Blackjack &#8211; akl\u0131n\u0131za ne gelirse! <\/p>\n<h2>888 g\u00fcvenli\u011fi<\/h2>\n<p>Cebelitar\u0131k merkezli bu kumarhane, \u00fcyelerinin ki\u015fisel bilgilerini korumay\u0131 \u00e7ok ciddiye almaktad\u0131r. Veri ve bilgileri siber su\u00e7 sald\u0131r\u0131lar\u0131ndan korumak i\u00e7in s\u0131k\u0131 g\u00fcvenlik protokolleri uygulamaktad\u0131r. Kumarhane, \u00e7e\u015fitli g\u00fcvenlik sertifikalar\u0131na sahip olmaktan gurur duymaktad\u0131r. Visa ve Neteller gibi sekt\u00f6rdeki en g\u00fcvenilir markalar da dahil olmak \u00fczere 20 para yat\u0131rma y\u00f6ntemi sunmaktad\u0131r. Kumarhane, doland\u0131r\u0131c\u0131l\u0131\u011f\u0131 \u00f6nlemek i\u00e7in oyuncular\u0131n do\u011frulama belgelerini if\u015fa etmesi gerekti\u011finden ve bilgiler hassas oldu\u011fundan, y\u00fcksek d\u00fczeyde g\u00fcvenlik sa\u011flamal\u0131d\u0131r. Bu ola\u011fan\u00fcst\u00fc g\u00fcvenlik \u00f6nlemleri sayesinde oyuncular, oyunun keyfini endi\u015fe duymadan \u00e7\u0131karabilirler.<\/p>\n<h2>888 Kumarhane Bonuslar\u0131 ve Promosyonlar\u0131<\/h2>\n<p>Oyunlar\u0131n yan\u0131 s\u0131ra, \u00e7o\u011fu kumarhane oyuncusunun ilgisini \u00e7eken bir di\u011fer \u015fey de bonuslar ve promosyonlard\u0131r. 888, d\u00fczenli aral\u0131klarla harika promosyonlar sunar. T\u00fcm yeni oyunculara c\u00f6mert bir kat\u0131l\u0131m bonusu sunarlar. Bu bonusu herhangi bir kumarhane oyun b\u00f6l\u00fcm\u00fcnde kullanabilirsiniz. \u0130lk kez rulet oynad\u0131\u011f\u0131n\u0131zda, 1500 \u20ac&#8217;luk bir kat\u0131l\u0131m bonusuyla kar\u015f\u0131lan\u0131rs\u0131n\u0131z. Casinoda ayr\u0131ca, arkada\u015flar\u0131n\u0131z\u0131 kat\u0131lmaya davet ederek \u00f6d\u00fcller kazanabilece\u011finiz bir tavsiye kampanyas\u0131 da var. Genel olarak, 888 Casino, her rulet tutkunu i\u00e7in e\u011flenceli bir yer. Her kumar tutkunu bu casinoda keyifli vakit ge\u00e7irebilir!<\/p>\n","protected":false},"excerpt":{"rendered":"<p>Sadece Bir Rulet Sitesi De\u011fil &#8211; 888 Casino 888 online casino, oyun sekt\u00f6r\u00fcnde k\u00f6kl\u00fc bir markad\u0131r. Bu online casino, hem taray\u0131c\u0131n\u0131zda h\u0131zl\u0131 y\u00fcklenen harika bir Flash tabanl\u0131 Casino hem de oyunlara eri\u015fmek i\u00e7in oyun yaz\u0131l\u0131m\u0131 indirme se\u00e7ene\u011fi sunar. Oyuncular, oyunlar boyunca tutarl\u0131 bir his ve g\u00f6r\u00fcn\u00fcm sa\u011flad\u0131\u011f\u0131 i\u00e7in indirme s\u00fcr\u00fcm\u00fcn\u00fc tercih eder. 888 Rulet Oyunlar\u0131 [&hellip;]<\/p>\n","protected":false},"author":1,"featured_media":0,"parent":0,"menu_order":3,"comment_status":"closed","ping_status":"closed","template":"","meta":{"footnotes":""},"class_list":["post-11038","page","type-page","status-publish","hentry"],"yoast_head":"<!-- This site is optimized with the Yoast SEO plugin v27.4 - https:\/\/yoast.com\/product\/yoast-seo-wordpress\/ -->\n<title>888 Casino \u0130ncelemesi - Gambling6<\/title>\n<meta name=\"robots\" content=\"index, follow, max-snippet:-1, max-image-preview:large, max-video-preview:-1\" \/>\n<link rel=\"canonical\" href=\"https:\/\/gambling6.com\/tr\/888-casino-incelemesi\/\" \/>\n<meta property=\"og:locale\" content=\"tr_TR\" \/>\n<meta property=\"og:type\" content=\"article\" \/>\n<meta property=\"og:title\" content=\"888 Casino \u0130ncelemesi - Gambling6\" \/>\n<meta property=\"og:description\" content=\"Sadece Bir Rulet Sitesi De\u011fil &#8211; 888 Casino 888 online casino, oyun sekt\u00f6r\u00fcnde k\u00f6kl\u00fc bir markad\u0131r. Bu online casino, hem taray\u0131c\u0131n\u0131zda h\u0131zl\u0131 y\u00fcklenen harika bir Flash tabanl\u0131 Casino hem de oyunlara eri\u015fmek i\u00e7in oyun yaz\u0131l\u0131m\u0131 indirme se\u00e7ene\u011fi sunar. Oyuncular, oyunlar boyunca tutarl\u0131 bir his ve g\u00f6r\u00fcn\u00fcm sa\u011flad\u0131\u011f\u0131 i\u00e7in indirme s\u00fcr\u00fcm\u00fcn\u00fc tercih eder. 888 Rulet Oyunlar\u0131 [&hellip;]\" \/>\n<meta property=\"og:url\" content=\"https:\/\/gambling6.com\/tr\/888-casino-incelemesi\/\" \/>\n<meta property=\"og:site_name\" content=\"Gambling6\" \/>\n<meta property=\"og:image\" content=\"https:\/\/ic.aff-handler.com\/I\/45871?sr=1064399&amp;anid=\" \/>\n<meta name=\"twitter:card\" content=\"summary_large_image\" \/>\n<meta name=\"twitter:label1\" content=\"Tahmini okuma s\u00fcresi\" \/>\n\t<meta name=\"twitter:data1\" content=\"2 dakika\" \/>\n<script type=\"application\/ld+json\" class=\"yoast-schema-graph\">{\"@context\":\"https:\\\/\\\/schema.org\",\"@graph\":[{\"@type\":\"WebPage\",\"@id\":\"https:\\\/\\\/gambling6.com\\\/tr\\\/888-casino-incelemesi\\\/\",\"url\":\"https:\\\/\\\/gambling6.com\\\/tr\\\/888-casino-incelemesi\\\/\",\"name\":\"888 Casino \u0130ncelemesi - Gambling6\",\"isPartOf\":{\"@id\":\"https:\\\/\\\/gambling6.com\\\/tr\\\/#website\"},\"primaryImageOfPage\":{\"@id\":\"https:\\\/\\\/gambling6.com\\\/tr\\\/888-casino-incelemesi\\\/#primaryimage\"},\"image\":{\"@id\":\"https:\\\/\\\/gambling6.com\\\/tr\\\/888-casino-incelemesi\\\/#primaryimage\"},\"thumbnailUrl\":\"https:\\\/\\\/ic.aff-handler.com\\\/I\\\/45871?sr=1064399&amp;anid=\",\"datePublished\":\"2025-11-17T11:16:23+00:00\",\"breadcrumb\":{\"@id\":\"https:\\\/\\\/gambling6.com\\\/tr\\\/888-casino-incelemesi\\\/#breadcrumb\"},\"inLanguage\":\"tr\",\"potentialAction\":[{\"@type\":\"ReadAction\",\"target\":[\"https:\\\/\\\/gambling6.com\\\/tr\\\/888-casino-incelemesi\\\/\"]}]},{\"@type\":\"ImageObject\",\"inLanguage\":\"tr\",\"@id\":\"https:\\\/\\\/gambling6.com\\\/tr\\\/888-casino-incelemesi\\\/#primaryimage\",\"url\":\"https:\\\/\\\/ic.aff-handler.com\\\/I\\\/45871?sr=1064399&amp;anid=\",\"contentUrl\":\"https:\\\/\\\/ic.aff-handler.com\\\/I\\\/45871?sr=1064399&amp;anid=\"},{\"@type\":\"BreadcrumbList\",\"@id\":\"https:\\\/\\\/gambling6.com\\\/tr\\\/888-casino-incelemesi\\\/#breadcrumb\",\"itemListElement\":[{\"@type\":\"ListItem\",\"position\":1,\"name\":\"Home\",\"item\":\"https:\\\/\\\/gambling6.com\\\/tr\\\/home\\\/\"},{\"@type\":\"ListItem\",\"position\":2,\"name\":\"888 Casino \u0130ncelemesi\"}]},{\"@type\":\"WebSite\",\"@id\":\"https:\\\/\\\/gambling6.com\\\/tr\\\/#website\",\"url\":\"https:\\\/\\\/gambling6.com\\\/tr\\\/\",\"name\":\"Gambling6\",\"description\":\"\",\"potentialAction\":[{\"@type\":\"SearchAction\",\"target\":{\"@type\":\"EntryPoint\",\"urlTemplate\":\"https:\\\/\\\/gambling6.com\\\/tr\\\/?s={search_term_string}\"},\"query-input\":{\"@type\":\"PropertyValueSpecification\",\"valueRequired\":true,\"valueName\":\"search_term_string\"}}],\"inLanguage\":\"tr\"}]}<\/script>\n<!-- \/ Yoast SEO plugin. -->","yoast_head_json":{"title":"888 Casino \u0130ncelemesi - Gambling6","robots":{"index":"index","follow":"follow","max-snippet":"max-snippet:-1","max-image-preview":"max-image-preview:large","max-video-preview":"max-video-preview:-1"},"canonical":"https:\/\/gambling6.com\/tr\/888-casino-incelemesi\/","og_locale":"tr_TR","og_type":"article","og_title":"888 Casino \u0130ncelemesi - Gambling6","og_description":"Sadece Bir Rulet Sitesi De\u011fil &#8211; 888 Casino 888 online casino, oyun sekt\u00f6r\u00fcnde k\u00f6kl\u00fc bir markad\u0131r. Bu online casino, hem taray\u0131c\u0131n\u0131zda h\u0131zl\u0131 y\u00fcklenen harika bir Flash tabanl\u0131 Casino hem de oyunlara eri\u015fmek i\u00e7in oyun yaz\u0131l\u0131m\u0131 indirme se\u00e7ene\u011fi sunar. Oyuncular, oyunlar boyunca tutarl\u0131 bir his ve g\u00f6r\u00fcn\u00fcm sa\u011flad\u0131\u011f\u0131 i\u00e7in indirme s\u00fcr\u00fcm\u00fcn\u00fc tercih eder. 888 Rulet Oyunlar\u0131 [&hellip;]","og_url":"https:\/\/gambling6.com\/tr\/888-casino-incelemesi\/","og_site_name":"Gambling6","og_image":[{"url":"https:\/\/ic.aff-handler.com\/I\/45871?sr=1064399&amp;anid=","type":"","width":"","height":""}],"twitter_card":"summary_large_image","twitter_misc":{"Tahmini okuma s\u00fcresi":"2 dakika"},"schema":{"@context":"https:\/\/schema.org","@graph":[{"@type":"WebPage","@id":"https:\/\/gambling6.com\/tr\/888-casino-incelemesi\/","url":"https:\/\/gambling6.com\/tr\/888-casino-incelemesi\/","name":"888 Casino \u0130ncelemesi - Gambling6","isPartOf":{"@id":"https:\/\/gambling6.com\/tr\/#website"},"primaryImageOfPage":{"@id":"https:\/\/gambling6.com\/tr\/888-casino-incelemesi\/#primaryimage"},"image":{"@id":"https:\/\/gambling6.com\/tr\/888-casino-incelemesi\/#primaryimage"},"thumbnailUrl":"https:\/\/ic.aff-handler.com\/I\/45871?sr=1064399&amp;anid=","datePublished":"2025-11-17T11:16:23+00:00","breadcrumb":{"@id":"https:\/\/gambling6.com\/tr\/888-casino-incelemesi\/#breadcrumb"},"inLanguage":"tr","potentialAction":[{"@type":"ReadAction","target":["https:\/\/gambling6.com\/tr\/888-casino-incelemesi\/"]}]},{"@type":"ImageObject","inLanguage":"tr","@id":"https:\/\/gambling6.com\/tr\/888-casino-incelemesi\/#primaryimage","url":"https:\/\/ic.aff-handler.com\/I\/45871?sr=1064399&amp;anid=","contentUrl":"https:\/\/ic.aff-handler.com\/I\/45871?sr=1064399&amp;anid="},{"@type":"BreadcrumbList","@id":"https:\/\/gambling6.com\/tr\/888-casino-incelemesi\/#breadcrumb","itemListElement":[{"@type":"ListItem","position":1,"name":"Home","item":"https:\/\/gambling6.com\/tr\/home\/"},{"@type":"ListItem","position":2,"name":"888 Casino \u0130ncelemesi"}]},{"@type":"WebSite","@id":"https:\/\/gambling6.com\/tr\/#website","url":"https:\/\/gambling6.com\/tr\/","name":"Gambling6","description":"","potentialAction":[{"@type":"SearchAction","target":{"@type":"EntryPoint","urlTemplate":"https:\/\/gambling6.com\/tr\/?s={search_term_string}"},"query-input":{"@type":"PropertyValueSpecification","valueRequired":true,"valueName":"search_term_string"}}],"inLanguage":"tr"}]}},"_links":{"self":[{"href":"https:\/\/gambling6.com\/tr\/wp-json\/wp\/v2\/pages\/11038","targetHints":{"allow":["GET"]}}],"collection":[{"href":"https:\/\/gambling6.com\/tr\/wp-json\/wp\/v2\/pages"}],"about":[{"href":"https:\/\/gambling6.com\/tr\/wp-json\/wp\/v2\/types\/page"}],"author":[{"embeddable":true,"href":"https:\/\/gambling6.com\/tr\/wp-json\/wp\/v2\/users\/1"}],"replies":[{"embeddable":true,"href":"https:\/\/gambling6.com\/tr\/wp-json\/wp\/v2\/comments?post=11038"}],"version-history":[{"count":1,"href":"https:\/\/gambling6.com\/tr\/wp-json\/wp\/v2\/pages\/11038\/revisions"}],"predecessor-version":[{"id":11040,"href":"https:\/\/gambling6.com\/tr\/wp-json\/wp\/v2\/pages\/11038\/revisions\/11040"}],"wp:attachment":[{"href":"https:\/\/gambling6.com\/tr\/wp-json\/wp\/v2\/media?parent=11038"}],"curies":[{"name":"wp","href":"https:\/\/api.w.org\/{rel}","templated":true}]}}