{"id":11076,"date":"2025-11-17T14:27:02","date_gmt":"2025-11-17T14:27:02","guid":{"rendered":"https:\/\/gambling6.com\/?p=11076"},"modified":"2025-11-17T14:27:02","modified_gmt":"2025-11-17T14:27:02","slug":"redfoxlotto-ne-kadar-iyi","status":"publish","type":"page","link":"https:\/\/gambling6.com\/tr\/redfoxlotto-ne-kadar-iyi\/","title":{"rendered":"RedFoxLotto ne kadar iyi?"},"content":{"rendered":"<h2>RedFoxLotto \u0130ncelemesi<\/h2>\n<p><strong>RedFoxLotto<\/strong>, d\u00fcnya \u00e7ap\u0131ndaki t\u00fcm b\u00fcy\u00fck piyangolar i\u00e7in online bilet sat\u0131n alabilece\u011finiz son derece kullan\u0131c\u0131 dostu, g\u00fcvenli ve emniyetli bir platformdur. RedFoxLotto web sitesinde, d\u00fcnya \u00e7ap\u0131nda bir\u00e7ok piyangoya kat\u0131labilir ve biletler haftan\u0131n yedi g\u00fcn\u00fc, g\u00fcn\u00fcn 24 saati sipari\u015f edilebilir. Hesap olu\u015fturmak, para yat\u0131rmak ve uluslararas\u0131 piyango biletlerini dakikalar i\u00e7inde oynamaya ba\u015flamak kolayd\u0131r.<\/p>\n<h2>RedFoxLotto&#8217;da kazand\u0131\u011f\u0131n\u0131z t\u00fcm paray\u0131 saklars\u0131n\u0131z<\/h2>\n<p>RedFoxLotto, sizin ad\u0131n\u0131za oynamak istedi\u011finiz piyangolar i\u00e7in bilet sat\u0131n alan d\u00fcnya \u00e7ap\u0131nda piyango kuryeleri istihdam eder. Biletler sat\u0131n al\u0131nd\u0131ktan ve \u00e7ekili\u015ften \u00f6nce taran\u0131p hesab\u0131n\u0131za y\u00fcklendikten sonra, bu y\u00f6ntem biletlerinizi g\u00f6rmenizi ve kazanc\u0131n\u0131z\u0131n %100&#8217;\u00fcn\u00fc alman\u0131z\u0131 sa\u011flar. RedFoxLotto kazanc\u0131n\u0131zdan bir y\u00fczde almaz; t\u00fcm \u00fccretler bilet fiyat\u0131n\u0131za dahildir.<\/p>\n<h2>T\u00fcm b\u00fcy\u00fck piyangolar i\u00e7in biletler mevcuttur<\/h2>\n<p><strong>Mega Millions, Powerball USA, Eurojackpot, Euro Millions ve daha fazlas\u0131 dahil olmak \u00fczere d\u00fcnya \u00e7ap\u0131ndaki t\u00fcm b\u00fcy\u00fck piyangolar i\u00e7in bilet bulabilirsiniz.<\/strong> Hangi \u00fclkede ya\u015fad\u0131\u011f\u0131n\u0131z \u00f6nemli de\u011fil; d\u00fcnya \u00e7ap\u0131ndaki t\u00fcm b\u00fcy\u00fck piyangolar i\u00e7in bilet sat\u0131n alabilirsiniz. Tek yapman\u0131z gereken hesab\u0131n\u0131za giri\u015f yapmak, oynamak istedi\u011finiz RedFoxLotto&#8217;yu se\u00e7mek, oynamak istedi\u011finiz numaralar\u0131 se\u00e7mek ve \u00e7ekili\u015fin ger\u00e7ekle\u015fmesini beklemek. RedFoxLotto, kazan\u00e7lar\u0131n\u0131z hakk\u0131nda size bildirimler g\u00f6nderecektir.<br \/>\nRedFoxLotto&#8217;da kazan\u00e7lar\u0131n\u0131z\u0131 kolayca alabilirsiniz.<\/p>\n<p>Kazanan biletleriniz i\u00e7in <strong>RedFoxLotto, kazanc\u0131n\u0131z\u0131 size e-posta ile bildirecek veya \u00f6d\u00fcl daha b\u00fcy\u00fckse sizi arayacakt\u0131r.<\/strong> 2000 \u20ac&#8217;ya kadar olan herhangi bir kazan\u00e7 tutar\u0131 hesab\u0131n\u0131za otomatik olarak yat\u0131r\u0131lacakt\u0131r. 2.000 \u20ac&#8217;dan fazla bir \u00f6d\u00fcl kazan\u0131rsan\u0131z, RedFoxLotto i\u015flem uzmanlar\u0131 kazan\u00e7lar\u0131n\u0131z\u0131 alman\u0131z i\u00e7in gerekli ad\u0131mlarda size rehberlik edecektir. B\u00fcy\u00fck ikramiye kazananlar, RedFoxLotto&#8217;nun kendi adlar\u0131na i\u015flem yapmas\u0131n\u0131 se\u00e7ebilir veya dilerlerse kazan\u00e7lar\u0131n\u0131 \u015fahsen teslim almak i\u00e7in bizzat gelebilirler. Milyonlarca dolarl\u0131k bir kazanan olursan\u0131z, kazan\u00e7lar\u0131n\u0131z\u0131 almak i\u00e7in gerekli t\u00fcm ad\u0131mlar\u0131 atmakta hi\u00e7bir sorun ya\u015famayaca\u011f\u0131n\u0131zdan eminiz.<\/p>\n<h2>\u00c7evrimi\u00e7i piyango biletlerinizin \u00f6demesi<\/h2>\n<p>RedFoxLotto, hangi \u00fclkede ya\u015farsan\u0131z ya\u015fay\u0131n bir\u00e7ok g\u00fcvenli \u00f6deme se\u00e7ene\u011fi sunar.<strong>Visa, MasterCard, American Express, Skrill, Neteller, an\u0131nda banka havalesi, kripto para ve di\u011fer \u00e7e\u015fitli net c\u00fczdan \u00fcr\u00fcnlerini kabul ederler.<\/strong> Kazan\u00e7lar\u0131n\u0131z\u0131 bu y\u00f6ntemlerden herhangi birini kullanarak yat\u0131rmay\u0131 veya do\u011frudan banka hesab\u0131n\u0131za havale etmeyi se\u00e7ebilirsiniz.<\/p>\n<p>RedFoxLotto her y\u0131l milyonlarca dolarl\u0131k kazananlar\u0131 temsil eder ve %100 \u00f6deme garantisi sunar. Herhangi bir sorunuz varsa, RedFoxLotto.com adresinde g\u00fcn\u00fcn her saati hizmet veren \u00f6zel m\u00fc\u015fteri hizmetleri temsilcileriyle kolayca ileti\u015fime ge\u00e7ebilece\u011finizi g\u00f6receksiniz. Art\u0131k yerel piyangonuz i\u00e7in bilet almak \u00fczere yerel piyango kiosklar\u0131n\u0131z\u0131 ziyaret etmenize gerek yok. T\u00fcm piyangolar i\u00e7in bolca vaktiniz varken, evinizin veya ofisinizin rahatl\u0131\u011f\u0131nda bilet sat\u0131n alabilirsiniz.<\/p>\n<p><strong>Orta\u011f\u0131m\u0131z RedFoxLotto&#8217;yu ziyaret edip ki\u015fisel hesab\u0131n\u0131z\u0131 a\u00e7arak bug\u00fcn uluslararas\u0131 piyangolar\u0131 \u00e7evrimi\u00e7i oynamaya ba\u015flay\u0131n.<\/strong> Bir hesab\u0131n\u0131z oldu\u011funda, Loto oynamay\u0131 e\u011flenceli ve karl\u0131 hale getirecek bir\u00e7ok farkl\u0131 bonus teklifi ve \u00f6zel bilet sat\u0131n alma program\u0131 bulacaks\u0131n\u0131z.<\/p>\n<p><a class=\"thirstylink\" title=\"Redfoxlotto\" href=\"https:\/\/gambling6.com\/go\/redfoxlotto\/\" target=\"_blank\" rel=\"nofollow noopener\">Ki\u015fisel \u00e7evrimi\u00e7i RedFoxLotto hesab\u0131n\u0131z\u0131 olu\u015fturmak i\u00e7in hemen buraya t\u0131klay\u0131n<\/a> ve bir gecede multimilyoner olabilirsiniz.<\/p>\n","protected":false},"excerpt":{"rendered":"<p>RedFoxLotto \u0130ncelemesi RedFoxLotto, d\u00fcnya \u00e7ap\u0131ndaki t\u00fcm b\u00fcy\u00fck piyangolar i\u00e7in online bilet sat\u0131n alabilece\u011finiz son derece kullan\u0131c\u0131 dostu, g\u00fcvenli ve emniyetli bir platformdur. RedFoxLotto web sitesinde, d\u00fcnya \u00e7ap\u0131nda bir\u00e7ok piyangoya kat\u0131labilir ve biletler haftan\u0131n yedi g\u00fcn\u00fc, g\u00fcn\u00fcn 24 saati sipari\u015f edilebilir. Hesap olu\u015fturmak, para yat\u0131rmak ve uluslararas\u0131 piyango biletlerini dakikalar i\u00e7inde oynamaya ba\u015flamak kolayd\u0131r. RedFoxLotto&#8217;da kazand\u0131\u011f\u0131n\u0131z [&hellip;]<\/p>\n","protected":false},"author":1,"featured_media":0,"parent":0,"menu_order":1,"comment_status":"closed","ping_status":"closed","template":"","meta":{"footnotes":""},"class_list":["post-11076","page","type-page","status-publish","hentry"],"yoast_head":"<!-- This site is optimized with the Yoast SEO plugin v27.3 - https:\/\/yoast.com\/product\/yoast-seo-wordpress\/ -->\n<title>RedFoxLotto \u0130ncelemesi<\/title>\n<meta name=\"description\" content=\"RedFoxLotto.com&#039;da Powerball ve Mega Millions dahil olmak \u00fczere uluslararas\u0131 piyangolar i\u00e7in online bilet sat\u0131n alabilirsiniz. RedFoxLotto incelememizi okuyun.\" \/>\n<meta name=\"robots\" content=\"index, follow, max-snippet:-1, max-image-preview:large, max-video-preview:-1\" \/>\n<link rel=\"canonical\" href=\"https:\/\/gambling6.com\/tr\/redfoxlotto-ne-kadar-iyi\/\" \/>\n<meta property=\"og:locale\" content=\"tr_TR\" \/>\n<meta property=\"og:type\" content=\"article\" \/>\n<meta property=\"og:title\" content=\"RedFoxLotto \u0130ncelemesi\" \/>\n<meta property=\"og:description\" content=\"RedFoxLotto.com&#039;da Powerball ve Mega Millions dahil olmak \u00fczere uluslararas\u0131 piyangolar i\u00e7in online bilet sat\u0131n alabilirsiniz. RedFoxLotto incelememizi okuyun.\" \/>\n<meta property=\"og:url\" content=\"https:\/\/gambling6.com\/tr\/redfoxlotto-ne-kadar-iyi\/\" \/>\n<meta property=\"og:site_name\" content=\"Gambling6\" \/>\n<meta property=\"article:published_time\" content=\"2025-11-17T14:27:02+00:00\" \/>\n<meta name=\"author\" content=\"Catfish\" \/>\n<meta name=\"twitter:card\" content=\"summary_large_image\" \/>\n<meta name=\"twitter:label1\" content=\"Yazan:\" \/>\n\t<meta name=\"twitter:data1\" content=\"Catfish\" \/>\n\t<meta name=\"twitter:label2\" content=\"Tahmini okuma s\u00fcresi\" \/>\n\t<meta name=\"twitter:data2\" content=\"3 dakika\" \/>\n<script type=\"application\/ld+json\" class=\"yoast-schema-graph\">{\"@context\":\"https:\\\/\\\/schema.org\",\"@graph\":[{\"@type\":\"Article\",\"@id\":\"https:\\\/\\\/gambling6.com\\\/tr\\\/redfoxlotto-ne-kadar-iyi\\\/#article\",\"isPartOf\":{\"@id\":\"https:\\\/\\\/gambling6.com\\\/tr\\\/redfoxlotto-ne-kadar-iyi\\\/\"},\"author\":{\"name\":\"Catfish\",\"@id\":\"https:\\\/\\\/gambling6.com\\\/tr\\\/#\\\/schema\\\/person\\\/d093de87a44a018ef67117d02d86ddaf\"},\"headline\":\"RedFoxLotto ne kadar iyi?\",\"datePublished\":\"2025-11-17T14:27:02+00:00\",\"mainEntityOfPage\":{\"@id\":\"https:\\\/\\\/gambling6.com\\\/tr\\\/redfoxlotto-ne-kadar-iyi\\\/\"},\"wordCount\":614,\"articleSection\":[\"Uncategorized @tr\"],\"inLanguage\":\"tr\"},{\"@type\":\"WebPage\",\"@id\":\"https:\\\/\\\/gambling6.com\\\/tr\\\/redfoxlotto-ne-kadar-iyi\\\/\",\"url\":\"https:\\\/\\\/gambling6.com\\\/tr\\\/redfoxlotto-ne-kadar-iyi\\\/\",\"name\":\"RedFoxLotto \u0130ncelemesi\",\"isPartOf\":{\"@id\":\"https:\\\/\\\/gambling6.com\\\/tr\\\/#website\"},\"datePublished\":\"2025-11-17T14:27:02+00:00\",\"author\":{\"@id\":\"https:\\\/\\\/gambling6.com\\\/tr\\\/#\\\/schema\\\/person\\\/d093de87a44a018ef67117d02d86ddaf\"},\"description\":\"RedFoxLotto.com'da Powerball ve Mega Millions dahil olmak \u00fczere uluslararas\u0131 piyangolar i\u00e7in online bilet sat\u0131n alabilirsiniz. RedFoxLotto incelememizi okuyun.\",\"breadcrumb\":{\"@id\":\"https:\\\/\\\/gambling6.com\\\/tr\\\/redfoxlotto-ne-kadar-iyi\\\/#breadcrumb\"},\"inLanguage\":\"tr\",\"potentialAction\":[{\"@type\":\"ReadAction\",\"target\":[\"https:\\\/\\\/gambling6.com\\\/tr\\\/redfoxlotto-ne-kadar-iyi\\\/\"]}]},{\"@type\":\"BreadcrumbList\",\"@id\":\"https:\\\/\\\/gambling6.com\\\/tr\\\/redfoxlotto-ne-kadar-iyi\\\/#breadcrumb\",\"itemListElement\":[{\"@type\":\"ListItem\",\"position\":1,\"name\":\"Home\",\"item\":\"https:\\\/\\\/gambling6.com\\\/tr\\\/home\\\/\"},{\"@type\":\"ListItem\",\"position\":2,\"name\":\"RedFoxLotto ne kadar iyi?\"}]},{\"@type\":\"WebSite\",\"@id\":\"https:\\\/\\\/gambling6.com\\\/tr\\\/#website\",\"url\":\"https:\\\/\\\/gambling6.com\\\/tr\\\/\",\"name\":\"Gambling6\",\"description\":\"\",\"potentialAction\":[{\"@type\":\"SearchAction\",\"target\":{\"@type\":\"EntryPoint\",\"urlTemplate\":\"https:\\\/\\\/gambling6.com\\\/tr\\\/?s={search_term_string}\"},\"query-input\":{\"@type\":\"PropertyValueSpecification\",\"valueRequired\":true,\"valueName\":\"search_term_string\"}}],\"inLanguage\":\"tr\"},{\"@type\":\"Person\",\"@id\":\"https:\\\/\\\/gambling6.com\\\/tr\\\/#\\\/schema\\\/person\\\/d093de87a44a018ef67117d02d86ddaf\",\"name\":\"Catfish\",\"image\":{\"@type\":\"ImageObject\",\"inLanguage\":\"tr\",\"@id\":\"https:\\\/\\\/secure.gravatar.com\\\/avatar\\\/32edfa28ccbf005c231538b245a2670a36c7f33f2d3a9ab09e50843b363f2821?s=96&d=mm&r=g\",\"url\":\"https:\\\/\\\/secure.gravatar.com\\\/avatar\\\/32edfa28ccbf005c231538b245a2670a36c7f33f2d3a9ab09e50843b363f2821?s=96&d=mm&r=g\",\"contentUrl\":\"https:\\\/\\\/secure.gravatar.com\\\/avatar\\\/32edfa28ccbf005c231538b245a2670a36c7f33f2d3a9ab09e50843b363f2821?s=96&d=mm&r=g\",\"caption\":\"Catfish\"},\"sameAs\":[\"http:\\\/\\\/gambling6.com\"],\"url\":\"https:\\\/\\\/gambling6.com\\\/tr\\\/author\\\/catfish\\\/\"}]}<\/script>\n<!-- \/ Yoast SEO plugin. -->","yoast_head_json":{"title":"RedFoxLotto \u0130ncelemesi","description":"RedFoxLotto.com'da Powerball ve Mega Millions dahil olmak \u00fczere uluslararas\u0131 piyangolar i\u00e7in online bilet sat\u0131n alabilirsiniz. RedFoxLotto incelememizi okuyun.","robots":{"index":"index","follow":"follow","max-snippet":"max-snippet:-1","max-image-preview":"max-image-preview:large","max-video-preview":"max-video-preview:-1"},"canonical":"https:\/\/gambling6.com\/tr\/redfoxlotto-ne-kadar-iyi\/","og_locale":"tr_TR","og_type":"article","og_title":"RedFoxLotto \u0130ncelemesi","og_description":"RedFoxLotto.com'da Powerball ve Mega Millions dahil olmak \u00fczere uluslararas\u0131 piyangolar i\u00e7in online bilet sat\u0131n alabilirsiniz. RedFoxLotto incelememizi okuyun.","og_url":"https:\/\/gambling6.com\/tr\/redfoxlotto-ne-kadar-iyi\/","og_site_name":"Gambling6","article_published_time":"2025-11-17T14:27:02+00:00","author":"Catfish","twitter_card":"summary_large_image","twitter_misc":{"Yazan:":"Catfish","Tahmini okuma s\u00fcresi":"3 dakika"},"schema":{"@context":"https:\/\/schema.org","@graph":[{"@type":"Article","@id":"https:\/\/gambling6.com\/tr\/redfoxlotto-ne-kadar-iyi\/#article","isPartOf":{"@id":"https:\/\/gambling6.com\/tr\/redfoxlotto-ne-kadar-iyi\/"},"author":{"name":"Catfish","@id":"https:\/\/gambling6.com\/tr\/#\/schema\/person\/d093de87a44a018ef67117d02d86ddaf"},"headline":"RedFoxLotto ne kadar iyi?","datePublished":"2025-11-17T14:27:02+00:00","mainEntityOfPage":{"@id":"https:\/\/gambling6.com\/tr\/redfoxlotto-ne-kadar-iyi\/"},"wordCount":614,"articleSection":["Uncategorized @tr"],"inLanguage":"tr"},{"@type":"WebPage","@id":"https:\/\/gambling6.com\/tr\/redfoxlotto-ne-kadar-iyi\/","url":"https:\/\/gambling6.com\/tr\/redfoxlotto-ne-kadar-iyi\/","name":"RedFoxLotto \u0130ncelemesi","isPartOf":{"@id":"https:\/\/gambling6.com\/tr\/#website"},"datePublished":"2025-11-17T14:27:02+00:00","author":{"@id":"https:\/\/gambling6.com\/tr\/#\/schema\/person\/d093de87a44a018ef67117d02d86ddaf"},"description":"RedFoxLotto.com'da Powerball ve Mega Millions dahil olmak \u00fczere uluslararas\u0131 piyangolar i\u00e7in online bilet sat\u0131n alabilirsiniz. RedFoxLotto incelememizi okuyun.","breadcrumb":{"@id":"https:\/\/gambling6.com\/tr\/redfoxlotto-ne-kadar-iyi\/#breadcrumb"},"inLanguage":"tr","potentialAction":[{"@type":"ReadAction","target":["https:\/\/gambling6.com\/tr\/redfoxlotto-ne-kadar-iyi\/"]}]},{"@type":"BreadcrumbList","@id":"https:\/\/gambling6.com\/tr\/redfoxlotto-ne-kadar-iyi\/#breadcrumb","itemListElement":[{"@type":"ListItem","position":1,"name":"Home","item":"https:\/\/gambling6.com\/tr\/home\/"},{"@type":"ListItem","position":2,"name":"RedFoxLotto ne kadar iyi?"}]},{"@type":"WebSite","@id":"https:\/\/gambling6.com\/tr\/#website","url":"https:\/\/gambling6.com\/tr\/","name":"Gambling6","description":"","potentialAction":[{"@type":"SearchAction","target":{"@type":"EntryPoint","urlTemplate":"https:\/\/gambling6.com\/tr\/?s={search_term_string}"},"query-input":{"@type":"PropertyValueSpecification","valueRequired":true,"valueName":"search_term_string"}}],"inLanguage":"tr"},{"@type":"Person","@id":"https:\/\/gambling6.com\/tr\/#\/schema\/person\/d093de87a44a018ef67117d02d86ddaf","name":"Catfish","image":{"@type":"ImageObject","inLanguage":"tr","@id":"https:\/\/secure.gravatar.com\/avatar\/32edfa28ccbf005c231538b245a2670a36c7f33f2d3a9ab09e50843b363f2821?s=96&d=mm&r=g","url":"https:\/\/secure.gravatar.com\/avatar\/32edfa28ccbf005c231538b245a2670a36c7f33f2d3a9ab09e50843b363f2821?s=96&d=mm&r=g","contentUrl":"https:\/\/secure.gravatar.com\/avatar\/32edfa28ccbf005c231538b245a2670a36c7f33f2d3a9ab09e50843b363f2821?s=96&d=mm&r=g","caption":"Catfish"},"sameAs":["http:\/\/gambling6.com"],"url":"https:\/\/gambling6.com\/tr\/author\/catfish\/"}]}},"_links":{"self":[{"href":"https:\/\/gambling6.com\/tr\/wp-json\/wp\/v2\/pages\/11076","targetHints":{"allow":["GET"]}}],"collection":[{"href":"https:\/\/gambling6.com\/tr\/wp-json\/wp\/v2\/pages"}],"about":[{"href":"https:\/\/gambling6.com\/tr\/wp-json\/wp\/v2\/types\/page"}],"author":[{"embeddable":true,"href":"https:\/\/gambling6.com\/tr\/wp-json\/wp\/v2\/users\/1"}],"replies":[{"embeddable":true,"href":"https:\/\/gambling6.com\/tr\/wp-json\/wp\/v2\/comments?post=11076"}],"version-history":[{"count":1,"href":"https:\/\/gambling6.com\/tr\/wp-json\/wp\/v2\/pages\/11076\/revisions"}],"predecessor-version":[{"id":11077,"href":"https:\/\/gambling6.com\/tr\/wp-json\/wp\/v2\/pages\/11076\/revisions\/11077"}],"wp:attachment":[{"href":"https:\/\/gambling6.com\/tr\/wp-json\/wp\/v2\/media?parent=11076"}],"curies":[{"name":"wp","href":"https:\/\/api.w.org\/{rel}","templated":true}]}}