{"id":8152,"date":"2025-10-29T12:59:48","date_gmt":"2025-10-29T12:59:48","guid":{"rendered":"https:\/\/gambling6.com\/?page_id=8152"},"modified":"2025-10-29T12:59:48","modified_gmt":"2025-10-29T12:59:48","slug":"home","status":"publish","type":"page","link":"https:\/\/gambling6.com\/tr\/","title":{"rendered":"Home"},"content":{"rendered":"<h1>Gambling6&#8217;ya ho\u015f geldiniz &#8211; t\u00fcm para kumar ihtiya\u00e7lar\u0131n\u0131zla ilgili bilgiler<\/h1>\n<p><img loading=\"lazy\" decoding=\"async\" class=\" wp-image-2679 alignright\" src=\"https:\/\/gambling6.com\/wp-content\/uploads\/2022\/04\/1_win_lottery_online1.jpg\" alt=\"para i\u00e7in \u00e7evrimi\u00e7i kumar\" width=\"253\" height=\"168\" \/>\u00c7o\u011fu insan i\u00e7in, ger\u00e7ek parayla oynanan \u00e7evrimi\u00e7i kumar d\u00fcnyas\u0131 korkutucu ve denemekten \u00e7ekindikleri bir \u015fey gibi g\u00f6r\u00fcnebilir. Genel olarak kumar oynamay\u0131 seviyor olabilirler, ancak \u00e7evrimi\u00e7i kumar sitelerinin g\u00fcvenilir olup olmad\u0131\u011f\u0131n\u0131 merak ediyorlar. Ancak g\u00fcn\u00fcm\u00fczde, bir kumarhanenin yak\u0131n\u0131nda ya\u015fam\u0131yor olsan\u0131z bile, en sevdi\u011finiz t\u00fcm kumarhane oyunlar\u0131n\u0131n tad\u0131n\u0131 \u00e7\u0131karman\u0131n en kolay yollar\u0131ndan biri budur.<\/p>\n<p>\u00c7evrimi\u00e7i kumar siteleri, insanlar\u0131n poker, blackjack, rulet, video poker, slot, bingo, kaz\u0131 kazan kartlar\u0131 oynamas\u0131na, spor etkinliklerine bahis yapmas\u0131na ve hatta art\u0131k d\u00fcnyan\u0131n b\u00fcy\u00fck loto ikramiyelerine \u00e7evrimi\u00e7i olarak kat\u0131labilmesine olanak sa\u011flam\u0131\u015ft\u0131r &#8211; hem de evinizin konforundan ayr\u0131lman\u0131za gerek kalmadan.<\/p>\n<p>Herkes h\u0131zl\u0131 \u00f6deme yapan kumarhane sitelerini sever ve kumar oynamay\u0131 seviyorsan\u0131z, bunun ne oldu\u011funu kontrol etmeniz ve mevcut bir\u00e7ok \u00e7evrimi\u00e7i oyun sitesinde nas\u0131l ba\u015flayabilece\u011finizi g\u00f6rmeniz gerekir. Bizimki gibi bir \u00e7evrimi\u00e7i kumar kaynak sitesinin tavsiyelerine kulak vermek, iyi bir sa\u011flay\u0131c\u0131 se\u00e7menize ve harika bir deneyim ya\u015faman\u0131za yard\u0131mc\u0131 olacakt\u0131r. Hemen ba\u015flamak istiyorsan\u0131z, ki\u015fisel \u00f6nerilerim \u015funlard\u0131r:<\/p>\n<h2>En iyi \u00e7ok y\u00f6nl\u00fc kumar sitesi<\/h2>\n<p>\u015eahsen, \u00e7e\u015fitli sitelere para yat\u0131rmak zorunda kalmadan t\u00fcm \u00e7evrimi\u00e7i kumar faaliyetlerimi tek bir \u00e7at\u0131 alt\u0131nda yapmay\u0131 seviyorum. Bu y\u00fczden en sevdi\u011fim \u00e7ok y\u00f6nl\u00fc site 888&#8217;dir &#8211; \u015fimdiye kadar g\u00f6rd\u00fc\u011f\u00fcm en haval\u0131 slot makinelerine ve m\u00fckemmel bir \u00e7evrimi\u00e7i poker odas\u0131na sahip harika bir \u00e7evrimi\u00e7i kumarhane. Blackjack, Rulet ve daha fazlas\u0131n\u0131 i\u00e7eren kumarhane oyunlar\u0131 se\u00e7kisi, arzulanan hi\u00e7bir \u015feyi eksik b\u0131rakmaz. Ger\u00e7ek hayattaki bingo veya kaz\u0131 kazan kart\u0131 deneyimini ar\u0131yorsan\u0131z, 888&#8217;den daha iyisini bulamazs\u0131n\u0131z.<\/p>\n<p>Bu y\u00fczden en sevdi\u011fim \u00e7ok y\u00f6nl\u00fc site 888&#8217;dir &#8211; \u015fimdiye kadar g\u00f6rd\u00fc\u011f\u00fcm en haval\u0131 slot makinelerine ve m\u00fckemmel bir \u00e7evrimi\u00e7i poker odas\u0131na sahip harika bir \u00e7evrimi\u00e7i kumarhanedir. Blackjack, Rulet ve daha fazlas\u0131n\u0131 i\u00e7eren kumarhane oyunlar\u0131 se\u00e7kisi, arzu edilebilecek her \u015feyi sunar. Ger\u00e7ek hayattaki bingo veya kaz\u0131 kazan kart\u0131 deneyimi ar\u0131yorsan\u0131z, 888&#8217;den daha iyisini bulamazs\u0131n\u0131z.<\/p>\n<p>Ayr\u0131ca, bahis yapabilece\u011finiz \u00e7ok \u00e7e\u015fitli etkinlikler ve internette bulabilece\u011finiz en iyi oranlar\u0131 sunan spor bahisleri b\u00f6l\u00fcm\u00fc de var. B\u00fcy\u00fck borsa endeksleri ve d\u00f6viz kurlar\u0131 gibi finansal konularda bile bahis yapabilirsiniz! <a class=\"thirstylink\" title=\"888 casino en\" href=\"https:\/\/gambling6.com\/go\/888-casino-en\/\" target=\"_blank\" rel=\"nofollow noopener\">Bu ba\u011flant\u0131y\u0131 kullanarak bug\u00fcn 888&#8217;e gidin ve ilk para yat\u0131rma i\u015fleminizde 1500 \u20ac&#8217;ya kadar bonus kazan\u0131n.<\/a><\/p>\n<h2>ABD&#8217;de ikamet edenler i\u00e7in en iyi \u00e7ok y\u00f6nl\u00fc kumar sitesi<\/h2>\n<p>ABD&#8217;de ikamet ediyorsan\u0131z, se\u00e7enekleriniz s\u0131n\u0131rl\u0131d\u0131r ve ABD&#8217;li m\u00fc\u015fterileri kabul eden baz\u0131 operat\u00f6rler biraz \u015f\u00fcphelidir, bu nedenle kimi se\u00e7ece\u011finize dikkat etmeniz gerekir.<\/p>\n<p>Ancak, bir site di\u011ferlerinden s\u0131yr\u0131l\u0131yor ve o da <a class=\"thirstylink\" title=\"Betonline casino en\" href=\"https:\/\/gambling6.com\/go\/betonline-casino-en\/\" target=\"_blank\" rel=\"nofollow noopener\">Betonline &#8211; burada \u00e7evrimi\u00e7i poker, casino oyunlar\u0131, slotlar, rulet, blackjack oynayabilir ve spor bahisleri yapabilirsiniz.<\/a> ABD&#8217;den oyuncular\u0131 kabul ediyorlar ve hesab\u0131n\u0131za para yat\u0131rman\u0131n yan\u0131 s\u0131ra kazanc\u0131n\u0131z\u0131 \u00e7ekmenin de birka\u00e7 yolu var.<\/p>\n<h2>Gambling6 &#8211; \u00e7evrimi\u00e7i kumar\u0131n en pop\u00fcler alt\u0131 t\u00fcr\u00fc<\/h2>\n<p>Gambling6.com&#8217;da a\u015fa\u011f\u0131dakilerle ilgili bilgiler bulabilirsiniz:<\/p>\n<ul>\n<li>Blackjack, Rulet, Craps, Video Poker, Slotlar vb. dahil olmak \u00fczere Casino Oyunlar\u0131.<\/li>\n<li>T\u00fcm \u00e7e\u015fitleri ile poker<\/li>\n<li>\u00c7evrimi\u00e7i Bingo<\/li>\n<li>\u00c7evrimi\u00e7i Kaz\u0131 Kazan<\/li>\n<li>Spor bahisleri ve di\u011fer etkinliklere bahis<\/li>\n<li>Kendi ikamet etti\u011finiz \u00fclke d\u0131\u015f\u0131ndaki herhangi bir piyango i\u00e7in \u00e7evrimi\u00e7i bilet nas\u0131l al\u0131n\u0131r?<\/li>\n<\/ul>\n<h2>Piyango e\u011flencesi ve d\u00fcnya \u00e7ap\u0131nda b\u00fcy\u00fck ikramiyeler nas\u0131l olur?<\/h2>\n<p>Diyelim ki bir piyango hayran\u0131s\u0131n\u0131z ve yerel piyangoyla s\u0131n\u0131rl\u0131 kalmak istemiyorsunuz. Bu durumda, size iyi haberlerimiz var: Art\u0131k d\u00fcnya \u00e7ap\u0131ndaki herhangi bir loto ikramiyesinde \u015fans\u0131n\u0131z\u0131 deneyebilirsiniz &#8211; RedFoxLotto, Mega Millions, Powerball, El Gordo, EuroMillions ve daha fazlas\u0131 gibi d\u00fcnyan\u0131n en b\u00fcy\u00fck loto ikramiyeleri i\u00e7in \u00e7evrimi\u00e7i loto bileti sat\u0131n alman\u0131z\u0131 sa\u011flar. <a href=\"https:\/\/redfoxlotto.com\/tr\">Hangi lotonun en b\u00fcy\u00fck ikramiyesi oldu\u011funu g\u00f6rmek i\u00e7in buraya t\u0131klay\u0131n ve saniyeler i\u00e7inde bilet al\u0131n!<\/a><\/p>\n<h2>\u00c7evrimi\u00e7i Kumarhane SSS<\/h2>\n<p>\u00c7evrimi\u00e7i kumarhane d\u00fcnyas\u0131na yeniyseniz, muhtemelen \u00e7evrimi\u00e7i oyunlar ve bunlar\u0131n nas\u0131l \u00e7al\u0131\u015ft\u0131\u011f\u0131 hakk\u0131nda sorular\u0131n\u0131z vard\u0131r. Sorular\u0131n\u0131z\u0131n baz\u0131lar\u0131, di\u011fer bir\u00e7ok yeni \u00e7evrimi\u00e7i kumarhane oyuncusunun da sordu\u011fu sorularla ayn\u0131d\u0131r. Bu sorular, bu SSS b\u00f6l\u00fcm\u00fcnde yan\u0131tlanm\u0131\u015ft\u0131r ve ba\u015flaman\u0131za yard\u0131mc\u0131 olacakt\u0131r.<\/p>\n<p><strong>\u00c7evrimi\u00e7i kumarhanede oynamak i\u00e7in belirli bir ya\u015fta olmam gerekir mi?<\/strong><\/p>\n<p>Her \u00e7evrimi\u00e7i kumarhane kendi kurallar\u0131n\u0131 ve y\u00f6nergelerini belirler. Ancak \u00e7o\u011fu, oyuncular\u0131n ger\u00e7ek paral\u0131 kumarhane oyunlar\u0131na kat\u0131labilmeleri i\u00e7in 18 veya 21 ya\u015f\u0131nda olmalar\u0131n\u0131 \u015fart ko\u015far.<\/p>\n<p><strong>\u00c7evrimi\u00e7i kumarhane oyunlar\u0131 oynamak i\u00e7in bilgisayar\u0131ma bir \u015fey indirmem gerekir mi?<\/strong><\/p>\n<p>\u00c7o\u011fu \u00e7evrimi\u00e7i kumarhane, an\u0131nda oyun modunda oynaman\u0131za izin verir. An\u0131nda oyun modunu kullanmay\u0131 tercih etti\u011finizde, bilgisayar\u0131n\u0131za herhangi bir yaz\u0131l\u0131m indirmenize gerek kalmaz.<\/p>\n<p><strong>\u00c7evrimi\u00e7i bir kumarhaneye kaydolmak ne kadar zor?<\/strong><\/p>\n<p>Asl\u0131nda bu i\u015flem \u00e7ok kolayd\u0131r. Kendinizle ilgili temel bilgileri girmeniz ve indirme gerektiren oyunlar\u0131 oynamay\u0131 planl\u0131yorsan\u0131z yaz\u0131l\u0131m\u0131 indirip y\u00fcklemeniz gerekir. T\u00fcm i\u015flem sadece birka\u00e7 dakika s\u00fcrer.<\/p>\n<p><strong>Hemen para yat\u0131rmam gerekir mi?<\/strong><\/p>\n<p>\u00c7o\u011fu kumarhane, para yat\u0131rmadan oyunlar\u0131n\u0131 denemenize izin verir. Baz\u0131lar\u0131 size \u00fccretsiz d\u00f6n\u00fc\u015fler verir veya belirli bir s\u00fcre boyunca \u00fccretsiz oynaman\u0131za izin verir. \u00c7o\u011fu zaman, daha sonra ger\u00e7ek para yat\u0131r\u0131rsan\u0131z, bu s\u00fcre zarf\u0131nda kazand\u0131klar\u0131n\u0131z\u0131 bile elinizde tutabilirsiniz!<\/p>\n<p><strong>Bonuslar nedir?<\/strong><\/p>\n<p>\u00c7o\u011fu \u00e7evrimi\u00e7i kumarhane, oyuncular\u0131 oynamaya ve geri d\u00f6nmeye te\u015fvik etmek i\u00e7in bonuslar kullan\u0131r. Baz\u0131 bonuslar y\u00fczlerce, hatta binlerce dolar de\u011ferindedir. \u00c7o\u011fu zaman, bonuslara eri\u015febilmek i\u00e7in \u00f6nce bonuslar\u0131 temizlemeniz gerekir. Bonusu kullanma talimatlar\u0131n\u0131, bonusu sunan \u00e7evrimi\u00e7i kumarhanede bulabilirsiniz.<\/p>\n<p><strong>\u00c7evrimi\u00e7i kumarhanede hangi oyunlar\u0131 oynayabilirim?<\/strong><\/p>\n<p>Her \u00e7evrimi\u00e7i kumarhane kendi oyun se\u00e7imini sunar. Ancak, en yayg\u0131n olarak bulunan oyunlar aras\u0131nda video slotlar, slot makineleri, rulet, barbut, blackjack, poker ve hatta d\u00fcnyan\u0131n d\u00f6rt bir yan\u0131ndan piyangolar bulunur.<\/p>\n<p><strong>\u00c7evrimi\u00e7i kumarhanede oynayarak ger\u00e7ekte ne kadar para kazanabilirim?<\/strong><\/p>\n<p>\u00d6ncelikle, hi\u00e7bir \u015fey kazanaca\u011f\u0131n\u0131z garanti edilmez. Ancak, kazan\u0131labilecek \u00e7ok para vard\u0131r. Milyon dolarl\u0131k slot makinesi jackpotlar\u0131, 1 milyon dolar veya daha fazla garantili \u00f6d\u00fcl paras\u0131 olan poker turnuvalar\u0131 vb. bulabilirsiniz. Asl\u0131nda, \u00e7o\u011fu \u00e7evrimi\u00e7i kumarhanenin \u00f6deme y\u00fczdeleri, ger\u00e7ek kumarhanelerden daha iyidir. Bunun nedeni, genel giderlerinin daha d\u00fc\u015f\u00fck olmas\u0131 ve daha y\u00fcksek oranlarda bahis \u00f6demeleri yapabilmeleridir.<\/p>\n","protected":false},"excerpt":{"rendered":"<p>Gambling6&#8217;ya ho\u015f geldiniz &#8211; t\u00fcm para kumar ihtiya\u00e7lar\u0131n\u0131zla ilgili bilgiler \u00c7o\u011fu insan i\u00e7in, ger\u00e7ek parayla oynanan \u00e7evrimi\u00e7i kumar d\u00fcnyas\u0131 korkutucu ve denemekten \u00e7ekindikleri bir \u015fey gibi g\u00f6r\u00fcnebilir. Genel olarak kumar oynamay\u0131 seviyor olabilirler, ancak \u00e7evrimi\u00e7i kumar sitelerinin g\u00fcvenilir olup olmad\u0131\u011f\u0131n\u0131 merak ediyorlar. Ancak g\u00fcn\u00fcm\u00fczde, bir kumarhanenin yak\u0131n\u0131nda ya\u015fam\u0131yor olsan\u0131z bile, en sevdi\u011finiz t\u00fcm kumarhane oyunlar\u0131n\u0131n [&hellip;]<\/p>\n","protected":false},"author":1,"featured_media":0,"parent":0,"menu_order":1,"comment_status":"closed","ping_status":"closed","template":"","meta":{"footnotes":""},"class_list":["post-8152","page","type-page","status-publish","hentry"],"yoast_head":"<!-- This site is optimized with the Yoast SEO plugin v27.4 - https:\/\/yoast.com\/product\/yoast-seo-wordpress\/ -->\n<title>Para i\u00e7in en iyi \u00e7evrimi\u00e7i kumar | Gambling6&#039;ya ho\u015f geldiniz<\/title>\n<meta name=\"description\" content=\"Para i\u00e7in kumar oynamay\u0131 seviyorsan\u0131z, kumar kaynak sitemiz en pop\u00fcler 6 \u00e7evrimi\u00e7i oyun hakk\u0131nda ihtiyac\u0131n\u0131z olan t\u00fcm bilgileri i\u00e7erir.\" \/>\n<meta name=\"robots\" content=\"index, follow, max-snippet:-1, max-image-preview:large, max-video-preview:-1\" \/>\n<link rel=\"canonical\" href=\"https:\/\/gambling6.com\/tr\/\" \/>\n<meta property=\"og:locale\" content=\"tr_TR\" \/>\n<meta property=\"og:type\" content=\"article\" \/>\n<meta property=\"og:title\" content=\"Para i\u00e7in en iyi \u00e7evrimi\u00e7i kumar | Gambling6&#039;ya ho\u015f geldiniz\" \/>\n<meta property=\"og:description\" content=\"Para i\u00e7in kumar oynamay\u0131 seviyorsan\u0131z, kumar kaynak sitemiz en pop\u00fcler 6 \u00e7evrimi\u00e7i oyun hakk\u0131nda ihtiyac\u0131n\u0131z olan t\u00fcm bilgileri i\u00e7erir.\" \/>\n<meta property=\"og:url\" content=\"https:\/\/gambling6.com\/tr\/\" \/>\n<meta property=\"og:site_name\" content=\"Gambling6\" \/>\n<meta property=\"og:image\" content=\"https:\/\/gambling6.com\/wp-content\/uploads\/2022\/04\/1_win_lottery_online1.jpg\" \/>\n\t<meta property=\"og:image:width\" content=\"300\" \/>\n\t<meta property=\"og:image:height\" content=\"199\" \/>\n\t<meta property=\"og:image:type\" content=\"image\/jpeg\" \/>\n<meta name=\"twitter:card\" content=\"summary_large_image\" \/>\n<meta name=\"twitter:label1\" content=\"Tahmini okuma s\u00fcresi\" \/>\n\t<meta name=\"twitter:data1\" content=\"6 dakika\" \/>\n<script type=\"application\/ld+json\" class=\"yoast-schema-graph\">{\"@context\":\"https:\\\/\\\/schema.org\",\"@graph\":[{\"@type\":\"WebPage\",\"@id\":\"https:\\\/\\\/gambling6.com\\\/tr\\\/\",\"url\":\"https:\\\/\\\/gambling6.com\\\/tr\\\/\",\"name\":\"Para i\u00e7in en iyi \u00e7evrimi\u00e7i kumar | Gambling6'ya ho\u015f geldiniz\",\"isPartOf\":{\"@id\":\"https:\\\/\\\/gambling6.com\\\/tr\\\/#website\"},\"primaryImageOfPage\":{\"@id\":\"https:\\\/\\\/gambling6.com\\\/tr\\\/#primaryimage\"},\"image\":{\"@id\":\"https:\\\/\\\/gambling6.com\\\/tr\\\/#primaryimage\"},\"thumbnailUrl\":\"https:\\\/\\\/gambling6.com\\\/wp-content\\\/uploads\\\/2022\\\/04\\\/1_win_lottery_online1.jpg\",\"datePublished\":\"2025-10-29T12:59:48+00:00\",\"description\":\"Para i\u00e7in kumar oynamay\u0131 seviyorsan\u0131z, kumar kaynak sitemiz en pop\u00fcler 6 \u00e7evrimi\u00e7i oyun hakk\u0131nda ihtiyac\u0131n\u0131z olan t\u00fcm bilgileri i\u00e7erir.\",\"breadcrumb\":{\"@id\":\"https:\\\/\\\/gambling6.com\\\/tr\\\/#breadcrumb\"},\"inLanguage\":\"tr\",\"potentialAction\":[{\"@type\":\"ReadAction\",\"target\":[\"https:\\\/\\\/gambling6.com\\\/tr\\\/\"]}]},{\"@type\":\"ImageObject\",\"inLanguage\":\"tr\",\"@id\":\"https:\\\/\\\/gambling6.com\\\/tr\\\/#primaryimage\",\"url\":\"https:\\\/\\\/gambling6.com\\\/wp-content\\\/uploads\\\/2022\\\/04\\\/1_win_lottery_online1.jpg\",\"contentUrl\":\"https:\\\/\\\/gambling6.com\\\/wp-content\\\/uploads\\\/2022\\\/04\\\/1_win_lottery_online1.jpg\"},{\"@type\":\"BreadcrumbList\",\"@id\":\"https:\\\/\\\/gambling6.com\\\/tr\\\/#breadcrumb\",\"itemListElement\":[{\"@type\":\"ListItem\",\"position\":1,\"name\":\"Home\",\"item\":\"https:\\\/\\\/gambling6.com\\\/tr\\\/home\\\/\"},{\"@type\":\"ListItem\",\"position\":2,\"name\":\"Home\"}]},{\"@type\":\"WebSite\",\"@id\":\"https:\\\/\\\/gambling6.com\\\/tr\\\/#website\",\"url\":\"https:\\\/\\\/gambling6.com\\\/tr\\\/\",\"name\":\"Gambling6\",\"description\":\"\",\"potentialAction\":[{\"@type\":\"SearchAction\",\"target\":{\"@type\":\"EntryPoint\",\"urlTemplate\":\"https:\\\/\\\/gambling6.com\\\/tr\\\/?s={search_term_string}\"},\"query-input\":{\"@type\":\"PropertyValueSpecification\",\"valueRequired\":true,\"valueName\":\"search_term_string\"}}],\"inLanguage\":\"tr\"}]}<\/script>\n<!-- \/ Yoast SEO plugin. -->","yoast_head_json":{"title":"Para i\u00e7in en iyi \u00e7evrimi\u00e7i kumar | Gambling6'ya ho\u015f geldiniz","description":"Para i\u00e7in kumar oynamay\u0131 seviyorsan\u0131z, kumar kaynak sitemiz en pop\u00fcler 6 \u00e7evrimi\u00e7i oyun hakk\u0131nda ihtiyac\u0131n\u0131z olan t\u00fcm bilgileri i\u00e7erir.","robots":{"index":"index","follow":"follow","max-snippet":"max-snippet:-1","max-image-preview":"max-image-preview:large","max-video-preview":"max-video-preview:-1"},"canonical":"https:\/\/gambling6.com\/tr\/","og_locale":"tr_TR","og_type":"article","og_title":"Para i\u00e7in en iyi \u00e7evrimi\u00e7i kumar | Gambling6'ya ho\u015f geldiniz","og_description":"Para i\u00e7in kumar oynamay\u0131 seviyorsan\u0131z, kumar kaynak sitemiz en pop\u00fcler 6 \u00e7evrimi\u00e7i oyun hakk\u0131nda ihtiyac\u0131n\u0131z olan t\u00fcm bilgileri i\u00e7erir.","og_url":"https:\/\/gambling6.com\/tr\/","og_site_name":"Gambling6","og_image":[{"width":300,"height":199,"url":"https:\/\/gambling6.com\/wp-content\/uploads\/2022\/04\/1_win_lottery_online1.jpg","type":"image\/jpeg"}],"twitter_card":"summary_large_image","twitter_misc":{"Tahmini okuma s\u00fcresi":"6 dakika"},"schema":{"@context":"https:\/\/schema.org","@graph":[{"@type":"WebPage","@id":"https:\/\/gambling6.com\/tr\/","url":"https:\/\/gambling6.com\/tr\/","name":"Para i\u00e7in en iyi \u00e7evrimi\u00e7i kumar | Gambling6'ya ho\u015f geldiniz","isPartOf":{"@id":"https:\/\/gambling6.com\/tr\/#website"},"primaryImageOfPage":{"@id":"https:\/\/gambling6.com\/tr\/#primaryimage"},"image":{"@id":"https:\/\/gambling6.com\/tr\/#primaryimage"},"thumbnailUrl":"https:\/\/gambling6.com\/wp-content\/uploads\/2022\/04\/1_win_lottery_online1.jpg","datePublished":"2025-10-29T12:59:48+00:00","description":"Para i\u00e7in kumar oynamay\u0131 seviyorsan\u0131z, kumar kaynak sitemiz en pop\u00fcler 6 \u00e7evrimi\u00e7i oyun hakk\u0131nda ihtiyac\u0131n\u0131z olan t\u00fcm bilgileri i\u00e7erir.","breadcrumb":{"@id":"https:\/\/gambling6.com\/tr\/#breadcrumb"},"inLanguage":"tr","potentialAction":[{"@type":"ReadAction","target":["https:\/\/gambling6.com\/tr\/"]}]},{"@type":"ImageObject","inLanguage":"tr","@id":"https:\/\/gambling6.com\/tr\/#primaryimage","url":"https:\/\/gambling6.com\/wp-content\/uploads\/2022\/04\/1_win_lottery_online1.jpg","contentUrl":"https:\/\/gambling6.com\/wp-content\/uploads\/2022\/04\/1_win_lottery_online1.jpg"},{"@type":"BreadcrumbList","@id":"https:\/\/gambling6.com\/tr\/#breadcrumb","itemListElement":[{"@type":"ListItem","position":1,"name":"Home","item":"https:\/\/gambling6.com\/tr\/home\/"},{"@type":"ListItem","position":2,"name":"Home"}]},{"@type":"WebSite","@id":"https:\/\/gambling6.com\/tr\/#website","url":"https:\/\/gambling6.com\/tr\/","name":"Gambling6","description":"","potentialAction":[{"@type":"SearchAction","target":{"@type":"EntryPoint","urlTemplate":"https:\/\/gambling6.com\/tr\/?s={search_term_string}"},"query-input":{"@type":"PropertyValueSpecification","valueRequired":true,"valueName":"search_term_string"}}],"inLanguage":"tr"}]}},"_links":{"self":[{"href":"https:\/\/gambling6.com\/tr\/wp-json\/wp\/v2\/pages\/8152","targetHints":{"allow":["GET"]}}],"collection":[{"href":"https:\/\/gambling6.com\/tr\/wp-json\/wp\/v2\/pages"}],"about":[{"href":"https:\/\/gambling6.com\/tr\/wp-json\/wp\/v2\/types\/page"}],"author":[{"embeddable":true,"href":"https:\/\/gambling6.com\/tr\/wp-json\/wp\/v2\/users\/1"}],"replies":[{"embeddable":true,"href":"https:\/\/gambling6.com\/tr\/wp-json\/wp\/v2\/comments?post=8152"}],"version-history":[{"count":1,"href":"https:\/\/gambling6.com\/tr\/wp-json\/wp\/v2\/pages\/8152\/revisions"}],"predecessor-version":[{"id":8153,"href":"https:\/\/gambling6.com\/tr\/wp-json\/wp\/v2\/pages\/8152\/revisions\/8153"}],"wp:attachment":[{"href":"https:\/\/gambling6.com\/tr\/wp-json\/wp\/v2\/media?parent=8152"}],"curies":[{"name":"wp","href":"https:\/\/api.w.org\/{rel}","templated":true}]}}