{"id":8336,"date":"2025-11-07T10:52:05","date_gmt":"2025-11-07T10:52:05","guid":{"rendered":"https:\/\/gambling6.com\/kumarhane\/"},"modified":"2025-11-12T16:04:26","modified_gmt":"2025-11-12T16:04:26","slug":"kumarhane","status":"publish","type":"page","link":"https:\/\/gambling6.com\/tr\/kumarhane\/","title":{"rendered":"Kumarhane"},"content":{"rendered":"<h2>\u00c7evrimi\u00e7i Casino Ba\u015flang\u0131\u00e7 \u200b\u200bRehberi<\/h2>\n<p>Kabul edelim &#8211; \u00e7evrimi\u00e7i casinolar kal\u0131c\u0131. Artan pop\u00fclaritesi g\u00f6z \u00f6n\u00fcne al\u0131nd\u0131\u011f\u0131nda, oyuncular\u0131n onu sevdi\u011fi do\u011fru. Ger\u00e7ek parayla \u00e7evrimi\u00e7i kumar oynamak, ba\u015flayan herkesi mutlu etti ve daha fazlas\u0131n\u0131 istiyorlar. Neredeyse her g\u00fcn, bu ger\u00e7ek paral\u0131 casinolarda b\u00fcy\u00fck miktarda nakit el de\u011fi\u015ftiriyor. \u0130ster para yat\u0131rma ister \u00e7ekme olsun, her \u015fey internet \u00fczerinden s\u00fcper h\u0131zl\u0131 bir \u015fekilde ger\u00e7ekle\u015fiyor.<\/p>\n<p>Ancak, bir\u00e7ok insan\u0131n asl\u0131nda biraz gergin oldu\u011fu nokta tam da buras\u0131. Oyuncular\u0131 rahats\u0131z eden \u015fey, kart veya slot kombinasyonlar\u0131ndan ziyade, \u00f6deme se\u00e7enekleri ve bunlar\u0131n g\u00fcvenli\u011fi. Onlar\u0131 da su\u00e7layamay\u0131z. \u0130nternet \u00fczerinden yap\u0131lan i\u015flemler, yeterince dikkatli olunmazsa b\u00fcy\u00fck ba\u015f a\u011fr\u0131lar\u0131na neden olabilir.<\/p>\n<p>Bu nedenle bir\u00e7ok \u00e7evrimi\u00e7i casino, m\u00fc\u015fterilerini sitelerinde sunulan \u00f6deme se\u00e7eneklerinin g\u00fcvenli ve emniyetli oldu\u011funa ikna etmek i\u00e7in ellerinden geleni yap\u0131yor. \u00c7evrimi\u00e7i i\u015flemler s\u00f6z konusu oldu\u011funda dikkatli olmak ger\u00e7ekten iyi bir fikirdir. Kredi kart\u0131 bilgilerinizin yanl\u0131\u015f ellere ge\u00e7mesini istemezsiniz. \u0130nternette \u00e7ok say\u0131da bilgisayar korsan\u0131 ve doland\u0131r\u0131c\u0131 var ve isteyece\u011finiz son \u015fey, onlar\u0131n bir sonraki kurban\u0131 olmakt\u0131r. Yapabilece\u011finiz en iyi \u015fey, \u00e7evrimi\u00e7i \u00f6deme y\u00f6ntemleri ve bunlar\u0131n \u00e7e\u015fitlili\u011fi hakk\u0131nda bilginizi art\u0131rmakt\u0131r.<\/p>\n<p>\u00c7evrimi\u00e7i kumarhaneler taraf\u0131ndan sunulan ve \u00e7evrimi\u00e7i kumar oynarken g\u00fcvenle kullanabilece\u011finiz bir\u00e7ok \u00f6deme kanal\u0131 vard\u0131r. Kredi veya banka kart\u0131yla \u00f6deme yapmak, \u00e7evrimi\u00e7i kumarhane senaryosunda olduk\u00e7a yayg\u0131nd\u0131r. Hemen hemen t\u00fcm kumarhaneler Visa, Mastercard ve American Express kartlar\u0131n\u0131 kabul eder. \u0130\u015flem yapmak i\u00e7in bu kartlardan herhangi birini kullanabilirsiniz.<\/p>\n<h2>ABD&#8217;li M\u00fc\u015fterileri Kabul Eden Online Casinolar<\/h2>\n<p><img loading=\"lazy\" decoding=\"async\" class=\" wp-image-2901 alignright\" src=\"https:\/\/gambling6.com\/wp-content\/uploads\/2022\/04\/download-image2-300x190.jpg\" alt=\"\u00e7evrimi\u00e7i kumarhaneyi indir\n\" width=\"249\" height=\"158\" srcset=\"https:\/\/gambling6.com\/wp-content\/uploads\/2022\/04\/download-image2-300x190.jpg 300w, https:\/\/gambling6.com\/wp-content\/uploads\/2022\/04\/download-image2.jpg 435w\" sizes=\"auto, (max-width: 249px) 100vw, 249px\" \/>Amerika Birle\u015fik Devletleri&#8217;nde ikamet ediyorsan\u0131z, ABD mevzuat\u0131 nedeniyle online casinolar s\u00f6z konusu oldu\u011funda se\u00e7enekleriniz biraz s\u0131n\u0131rl\u0131d\u0131r. Ayn\u0131 durum, kullanabilece\u011finiz \u00f6deme se\u00e7enekleri i\u00e7in de ge\u00e7erlidir. Bu nedenle, bir ABD vatanda\u015f\u0131 olarak, online kumar oynamaya ba\u015flamak i\u00e7in kolay para yat\u0131rma ve \u00e7ekme y\u00f6ntemleri sunan bir casino aramal\u0131s\u0131n\u0131z.<\/p>\n<p>\u00d6zellikle \u00f6deme i\u015flemlerinin kolayl\u0131\u011f\u0131 s\u00f6z konusu oldu\u011funda, BetOnline casino di\u011ferlerinden s\u0131yr\u0131l\u0131yor ve bu nedenle ABD&#8217;li ziyaret\u00e7ilere \u015fiddetle tavsiye ediyoruz. <a class=\"thirstylink\" title=\"Betonline casino en\" href=\"https:\/\/gambling6.com\/go\/betonline-casino-en\/\" target=\"_blank\" rel=\"nofollow noopener\"><strong>Hemen ziyaret etmek i\u00e7in buraya t\u0131klay\u0131n<\/strong><strong>.<\/strong><\/a><\/p>\n<p>A\u00e7\u0131k\u00e7as\u0131 ilk bak\u0131\u015fta akla yatk\u0131n bir \u00f6neri gibi g\u00f6r\u00fcnse de, kredi kart\u0131 bilgilerinizi girmeden \u00f6nce i\u015flemin amac\u0131n\u0131 net bir \u015fekilde anlad\u0131\u011f\u0131n\u0131zdan ve siteye g\u00fcvendi\u011finizden emin olun. Kredi kart\u0131 bilgilerinizi girmenin \u00f6tesine ge\u00e7erek \u00e7evrimi\u00e7i \u00f6deme y\u00f6ntemlerini de se\u00e7ebilirsiniz. Bu amaca hizmet eden bir\u00e7ok \u00e7evrimi\u00e7i portal bulunmaktad\u0131r. Kumarhanelerin favori \u00e7evrimi\u00e7i i\u015flem siteleri olabilir, ancak baz\u0131lar\u0131 di\u011ferlerinden daha pop\u00fclerdir.<\/p>\n<p>Bu \u00e7evrimi\u00e7i i\u015flem siteleri aras\u0131nda Neteller, Money Transfer, eWalletXpress, PayPal, Instadebit ve Moneybookers bulunur. Moneybookers, Birle\u015fik Krall\u0131k da dahil olmak \u00fczere Avrupa \u00fclkelerinde olduk\u00e7a pop\u00fcler bir y\u00f6ntemdir. Bu \u00f6zellik, Avrupal\u0131 \u200b\u200bvatanda\u015flar\u0131 \u00e7evrimi\u00e7i kumarhanelerin b\u00fcy\u00fck hayranlar\u0131 haline getirmi\u015ftir.<\/p>\n<h2>PayPal ile \u00d6deme Yapan Casinolar<\/h2>\n<p>PayPal&#8217;a a\u015finaysan\u0131z, \u00e7evrimi\u00e7i oyun oturumlar\u0131n\u0131zda kullanmakta hi\u00e7bir sorun ya\u015famazs\u0131n\u0131z. Tek yapman\u0131z gereken ad\u0131n\u0131z\u0131 kaydettirmek ve kredi kart\u0131n\u0131z\u0131 hesab\u0131n\u0131zla e\u015fle\u015ftirmek. Bu \u00f6deme y\u00f6ntemi \u00e7o\u011fu casino ve \u00e7evrimi\u00e7i kumar sitesi taraf\u0131ndan kabul edilmektedir. \u00c7evrimi\u00e7i kumar oynarken anonim kalmak istiyorsan\u0131z, eWalletXpress sizin i\u00e7in en uygunudur. G\u00fcvenlik ve emniyetin yan\u0131 s\u0131ra, bu site, para yat\u0131ranlar\u0131n gizlili\u011fini korumas\u0131na da yard\u0131mc\u0131 olur. \u00c7o\u011fu \u00e7evrimi\u00e7i casino taraf\u0131ndan kabul edilen h\u0131zl\u0131 bir i\u015flem y\u00f6ntemidir.<\/p>\n<p>\u00c7evrimi\u00e7i kumar da dahil olmak \u00fczere \u00e7evrimi\u00e7i i\u015flemlerin pop\u00fclerli\u011fi sayesinde PayPal b\u00fcy\u00fck ilgi g\u00f6rd\u00fc. G\u00f6r\u00fcn\u00fc\u015fe g\u00f6re, g\u00fcvenli \u00f6deme y\u00f6ntemi nedeniyle bu siteye g\u00fcvenen az say\u0131da casino var.<\/p>\n<p>888 Casino, Birle\u015fik Krall\u0131k ve \u0130rlanda&#8217;da ikamet eden t\u00fcm oyuncular\u0131na PayPal se\u00e7ene\u011fini sunar. Ancak, Avustralya&#8217;da ikamet ediyorsan\u0131z ve bu sitede oynamak istiyorsan\u0131z, i\u015flemlerinizi MasterCard ile yapabilirsiniz. Yukar\u0131da belirtilen iki \u00fclkenin yan\u0131 s\u0131ra, bu \u00e7evrimi\u00e7i i\u015flem sistemi kapsam\u0131ndaki di\u011fer Avrupa \u00fclkeleri \u0130spanya, Portekiz, \u0130talya, Avusturya, Finlandiya, \u0130sve\u00e7 ve Danimarka&#8217;d\u0131r.<\/p>\n<p>\u015eu anda 888 Casino, yeni oyuncular i\u00e7in harika bir teklif sunuyor: <strong>Yeni oyuncular i\u00e7in ilk para yat\u0131rma i\u015fleminizde %100 ve 1500,00 \u20ac&#8217;ya kadar bonus!<\/strong> Bu promosyon teklifi yaln\u0131zca belirli \u00fclkelerde ikamet edenler i\u00e7indir. <a class=\"thirstylink\" title=\"888 casino en\" href=\"https:\/\/gambling6.com\/go\/888-casino-en\/\" target=\"_blank\" rel=\"nofollow noopener\">Daha fazla bilgi i\u00e7in l\u00fctfen 888 web sitelerini kontrol edin.<\/a><\/p>\n<p>\u00d6zetle, \u00e7o\u011fu, nerede ya\u015fad\u0131klar\u0131na bak\u0131lmaks\u0131z\u0131n t\u00fcm oyuncular i\u00e7in \u00f6deme se\u00e7enekleri sunar.Amerikan ve Avustralya vatanda\u015flar\u0131 Visa, Master Card, Neteller ve Moneybookers kartlar\u0131n\u0131 kullanabilirken, Avrupa&#8217;da ya\u015fayanlar PayPal sistemini kullanabilir.<\/p>\n<p>888 Casino, 3D oyunlar da dahil olmak \u00fczere \u00e7e\u015fitli oyunlar sunmaktad\u0131r. Bahislerinizi PayPal, Master Card veya kabul edilen di\u011fer \u00f6deme y\u00f6ntemlerini kullanarak yapabilirsiniz. T\u00fcm bu \u00f6deme y\u00f6ntemleri olduk\u00e7a g\u00fcvenlidir. Ancak, di\u011fer bir\u00e7ok online casinoda oldu\u011fu gibi, 888casinos.com&#8217;un da uyman\u0131z gereken bir minimum para yat\u0131rma tutar\u0131 vard\u0131r. Ancak bu tutar genellikle se\u00e7ti\u011finiz \u00f6deme y\u00f6ntemine ba\u011fl\u0131d\u0131r. Master Card veya Visa Card kullan\u0131yorsan\u0131z, bulundu\u011funuz b\u00f6lgeye ba\u011fl\u0131 olarak 20$, 20\u20ac veya 20\u00a3 \u00f6demeniz gerekir. Ancak, Maestro Banka Kart\u0131 kullanan oyuncular\u0131n en az 10$ veya 10\u20ac yat\u0131rmalar\u0131 gerekir. PayPal, MoneyBookers veya Neteller gibi online siteleri kullan\u0131yorsan\u0131z, minimum tutar 20$ olacakt\u0131r.<\/p>\n<p>\u00c7o\u011fu zaman, tutar d\u00f6viz kuruna ve di\u011fer ge\u00e7erli \u00fccretlere ba\u011fl\u0131 olarak para biriminden para birimine de\u011fi\u015fiklik g\u00f6sterebilir. Bu nedenle, bir oyuncu Neteller \u00fczerinden 10 \u00a3 yat\u0131r\u0131rken, bir di\u011feri \u00f6nceki tutar\u0131n iki kat\u0131 olan 20 \u00a3 \u00f6deyebilir. Bu nedenle, i\u015flemlerinizi yaparken, belirli bir kumarhanede kullanman\u0131z gereken para birimini bilmeniz daha iyi olacakt\u0131r.<\/p>\n<p>\u00d6nemli olan, bir \u00e7evrimi\u00e7i kumarhanede paran\u0131zla \u00e7evrimi\u00e7i kumar oynarken, g\u00fcvenilir bir \u00f6deme y\u00f6ntemi kullanman\u0131zd\u0131r. Bu \u015fekilde, daha sonra pi\u015fman olmazs\u0131n\u0131z. Sonu\u00e7ta, e\u011flenmek i\u00e7in oradas\u0131n\u0131z ve doland\u0131r\u0131c\u0131l\u0131\u011f\u0131n kurban\u0131 olmak i\u00e7in de\u011fil. \u00d6yleyse, g\u00fcvenli oynay\u0131n ve \u00e7ark\u0131n d\u00f6nmesine izin verin!<\/p>\n","protected":false},"excerpt":{"rendered":"<p>\u00c7evrimi\u00e7i Casino Ba\u015flang\u0131\u00e7 \u200b\u200bRehberi Kabul edelim &#8211; \u00e7evrimi\u00e7i casinolar kal\u0131c\u0131. Artan pop\u00fclaritesi g\u00f6z \u00f6n\u00fcne al\u0131nd\u0131\u011f\u0131nda, oyuncular\u0131n onu sevdi\u011fi do\u011fru. Ger\u00e7ek parayla \u00e7evrimi\u00e7i kumar oynamak, ba\u015flayan herkesi mutlu etti ve daha fazlas\u0131n\u0131 istiyorlar. Neredeyse her g\u00fcn, bu ger\u00e7ek paral\u0131 casinolarda b\u00fcy\u00fck miktarda nakit el de\u011fi\u015ftiriyor. \u0130ster para yat\u0131rma ister \u00e7ekme olsun, her \u015fey internet \u00fczerinden s\u00fcper [&hellip;]<\/p>\n","protected":false},"author":1,"featured_media":0,"parent":0,"menu_order":2,"comment_status":"closed","ping_status":"closed","template":"","meta":{"footnotes":""},"class_list":["post-8336","page","type-page","status-publish","hentry"],"yoast_head":"<!-- This site is optimized with the Yoast SEO plugin v27.3 - https:\/\/yoast.com\/product\/yoast-seo-wordpress\/ -->\n<title>\u00c7evrimi\u00e7i kumar oynamaya ba\u015flay\u0131n | \u00c7evrimi\u00e7i Casino rehberi<\/title>\n<meta name=\"description\" content=\"Kabul edelim - \u00e7evrimi\u00e7i kumarhaneler kal\u0131c\u0131. Hemen ba\u015flay\u0131n - \u00e7evrimi\u00e7i kumarhane rehberimiz sizin i\u00e7in en iyi siteleri se\u00e7menize yard\u0131mc\u0131 olur.\" \/>\n<meta name=\"robots\" content=\"index, follow, max-snippet:-1, max-image-preview:large, max-video-preview:-1\" \/>\n<link rel=\"canonical\" href=\"https:\/\/gambling6.com\/tr\/kumarhane\/\" \/>\n<meta property=\"og:locale\" content=\"tr_TR\" \/>\n<meta property=\"og:type\" content=\"article\" \/>\n<meta property=\"og:title\" content=\"\u00c7evrimi\u00e7i kumar oynamaya ba\u015flay\u0131n | \u00c7evrimi\u00e7i Casino rehberi\" \/>\n<meta property=\"og:description\" content=\"Kabul edelim - \u00e7evrimi\u00e7i kumarhaneler kal\u0131c\u0131. Hemen ba\u015flay\u0131n - \u00e7evrimi\u00e7i kumarhane rehberimiz sizin i\u00e7in en iyi siteleri se\u00e7menize yard\u0131mc\u0131 olur.\" \/>\n<meta property=\"og:url\" content=\"https:\/\/gambling6.com\/tr\/kumarhane\/\" \/>\n<meta property=\"og:site_name\" content=\"Gambling6\" \/>\n<meta property=\"article:modified_time\" content=\"2025-11-12T16:04:26+00:00\" \/>\n<meta property=\"og:image\" content=\"https:\/\/gambling6.com\/wp-content\/uploads\/2022\/04\/download-image2.jpg\" \/>\n\t<meta property=\"og:image:width\" content=\"435\" \/>\n\t<meta property=\"og:image:height\" content=\"276\" \/>\n\t<meta property=\"og:image:type\" content=\"image\/jpeg\" \/>\n<meta name=\"twitter:card\" content=\"summary_large_image\" \/>\n<meta name=\"twitter:label1\" content=\"Tahmini okuma s\u00fcresi\" \/>\n\t<meta name=\"twitter:data1\" content=\"5 dakika\" \/>\n<script type=\"application\/ld+json\" class=\"yoast-schema-graph\">{\"@context\":\"https:\\\/\\\/schema.org\",\"@graph\":[{\"@type\":\"WebPage\",\"@id\":\"https:\\\/\\\/gambling6.com\\\/tr\\\/kumarhane\\\/\",\"url\":\"https:\\\/\\\/gambling6.com\\\/tr\\\/kumarhane\\\/\",\"name\":\"\u00c7evrimi\u00e7i kumar oynamaya ba\u015flay\u0131n | \u00c7evrimi\u00e7i Casino rehberi\",\"isPartOf\":{\"@id\":\"https:\\\/\\\/gambling6.com\\\/tr\\\/#website\"},\"primaryImageOfPage\":{\"@id\":\"https:\\\/\\\/gambling6.com\\\/tr\\\/kumarhane\\\/#primaryimage\"},\"image\":{\"@id\":\"https:\\\/\\\/gambling6.com\\\/tr\\\/kumarhane\\\/#primaryimage\"},\"thumbnailUrl\":\"https:\\\/\\\/gambling6.com\\\/wp-content\\\/uploads\\\/2022\\\/04\\\/download-image2-300x190.jpg\",\"datePublished\":\"2025-11-07T10:52:05+00:00\",\"dateModified\":\"2025-11-12T16:04:26+00:00\",\"description\":\"Kabul edelim - \u00e7evrimi\u00e7i kumarhaneler kal\u0131c\u0131. Hemen ba\u015flay\u0131n - \u00e7evrimi\u00e7i kumarhane rehberimiz sizin i\u00e7in en iyi siteleri se\u00e7menize yard\u0131mc\u0131 olur.\",\"breadcrumb\":{\"@id\":\"https:\\\/\\\/gambling6.com\\\/tr\\\/kumarhane\\\/#breadcrumb\"},\"inLanguage\":\"tr\",\"potentialAction\":[{\"@type\":\"ReadAction\",\"target\":[\"https:\\\/\\\/gambling6.com\\\/tr\\\/kumarhane\\\/\"]}]},{\"@type\":\"ImageObject\",\"inLanguage\":\"tr\",\"@id\":\"https:\\\/\\\/gambling6.com\\\/tr\\\/kumarhane\\\/#primaryimage\",\"url\":\"https:\\\/\\\/gambling6.com\\\/wp-content\\\/uploads\\\/2022\\\/04\\\/download-image2-300x190.jpg\",\"contentUrl\":\"https:\\\/\\\/gambling6.com\\\/wp-content\\\/uploads\\\/2022\\\/04\\\/download-image2-300x190.jpg\"},{\"@type\":\"BreadcrumbList\",\"@id\":\"https:\\\/\\\/gambling6.com\\\/tr\\\/kumarhane\\\/#breadcrumb\",\"itemListElement\":[{\"@type\":\"ListItem\",\"position\":1,\"name\":\"Home\",\"item\":\"https:\\\/\\\/gambling6.com\\\/tr\\\/home\\\/\"},{\"@type\":\"ListItem\",\"position\":2,\"name\":\"Kumarhane\"}]},{\"@type\":\"WebSite\",\"@id\":\"https:\\\/\\\/gambling6.com\\\/tr\\\/#website\",\"url\":\"https:\\\/\\\/gambling6.com\\\/tr\\\/\",\"name\":\"Gambling6\",\"description\":\"\",\"potentialAction\":[{\"@type\":\"SearchAction\",\"target\":{\"@type\":\"EntryPoint\",\"urlTemplate\":\"https:\\\/\\\/gambling6.com\\\/tr\\\/?s={search_term_string}\"},\"query-input\":{\"@type\":\"PropertyValueSpecification\",\"valueRequired\":true,\"valueName\":\"search_term_string\"}}],\"inLanguage\":\"tr\"}]}<\/script>\n<!-- \/ Yoast SEO plugin. -->","yoast_head_json":{"title":"\u00c7evrimi\u00e7i kumar oynamaya ba\u015flay\u0131n | \u00c7evrimi\u00e7i Casino rehberi","description":"Kabul edelim - \u00e7evrimi\u00e7i kumarhaneler kal\u0131c\u0131. Hemen ba\u015flay\u0131n - \u00e7evrimi\u00e7i kumarhane rehberimiz sizin i\u00e7in en iyi siteleri se\u00e7menize yard\u0131mc\u0131 olur.","robots":{"index":"index","follow":"follow","max-snippet":"max-snippet:-1","max-image-preview":"max-image-preview:large","max-video-preview":"max-video-preview:-1"},"canonical":"https:\/\/gambling6.com\/tr\/kumarhane\/","og_locale":"tr_TR","og_type":"article","og_title":"\u00c7evrimi\u00e7i kumar oynamaya ba\u015flay\u0131n | \u00c7evrimi\u00e7i Casino rehberi","og_description":"Kabul edelim - \u00e7evrimi\u00e7i kumarhaneler kal\u0131c\u0131. Hemen ba\u015flay\u0131n - \u00e7evrimi\u00e7i kumarhane rehberimiz sizin i\u00e7in en iyi siteleri se\u00e7menize yard\u0131mc\u0131 olur.","og_url":"https:\/\/gambling6.com\/tr\/kumarhane\/","og_site_name":"Gambling6","article_modified_time":"2025-11-12T16:04:26+00:00","og_image":[{"width":435,"height":276,"url":"https:\/\/gambling6.com\/wp-content\/uploads\/2022\/04\/download-image2.jpg","type":"image\/jpeg"}],"twitter_card":"summary_large_image","twitter_misc":{"Tahmini okuma s\u00fcresi":"5 dakika"},"schema":{"@context":"https:\/\/schema.org","@graph":[{"@type":"WebPage","@id":"https:\/\/gambling6.com\/tr\/kumarhane\/","url":"https:\/\/gambling6.com\/tr\/kumarhane\/","name":"\u00c7evrimi\u00e7i kumar oynamaya ba\u015flay\u0131n | \u00c7evrimi\u00e7i Casino rehberi","isPartOf":{"@id":"https:\/\/gambling6.com\/tr\/#website"},"primaryImageOfPage":{"@id":"https:\/\/gambling6.com\/tr\/kumarhane\/#primaryimage"},"image":{"@id":"https:\/\/gambling6.com\/tr\/kumarhane\/#primaryimage"},"thumbnailUrl":"https:\/\/gambling6.com\/wp-content\/uploads\/2022\/04\/download-image2-300x190.jpg","datePublished":"2025-11-07T10:52:05+00:00","dateModified":"2025-11-12T16:04:26+00:00","description":"Kabul edelim - \u00e7evrimi\u00e7i kumarhaneler kal\u0131c\u0131. Hemen ba\u015flay\u0131n - \u00e7evrimi\u00e7i kumarhane rehberimiz sizin i\u00e7in en iyi siteleri se\u00e7menize yard\u0131mc\u0131 olur.","breadcrumb":{"@id":"https:\/\/gambling6.com\/tr\/kumarhane\/#breadcrumb"},"inLanguage":"tr","potentialAction":[{"@type":"ReadAction","target":["https:\/\/gambling6.com\/tr\/kumarhane\/"]}]},{"@type":"ImageObject","inLanguage":"tr","@id":"https:\/\/gambling6.com\/tr\/kumarhane\/#primaryimage","url":"https:\/\/gambling6.com\/wp-content\/uploads\/2022\/04\/download-image2-300x190.jpg","contentUrl":"https:\/\/gambling6.com\/wp-content\/uploads\/2022\/04\/download-image2-300x190.jpg"},{"@type":"BreadcrumbList","@id":"https:\/\/gambling6.com\/tr\/kumarhane\/#breadcrumb","itemListElement":[{"@type":"ListItem","position":1,"name":"Home","item":"https:\/\/gambling6.com\/tr\/home\/"},{"@type":"ListItem","position":2,"name":"Kumarhane"}]},{"@type":"WebSite","@id":"https:\/\/gambling6.com\/tr\/#website","url":"https:\/\/gambling6.com\/tr\/","name":"Gambling6","description":"","potentialAction":[{"@type":"SearchAction","target":{"@type":"EntryPoint","urlTemplate":"https:\/\/gambling6.com\/tr\/?s={search_term_string}"},"query-input":{"@type":"PropertyValueSpecification","valueRequired":true,"valueName":"search_term_string"}}],"inLanguage":"tr"}]}},"_links":{"self":[{"href":"https:\/\/gambling6.com\/tr\/wp-json\/wp\/v2\/pages\/8336","targetHints":{"allow":["GET"]}}],"collection":[{"href":"https:\/\/gambling6.com\/tr\/wp-json\/wp\/v2\/pages"}],"about":[{"href":"https:\/\/gambling6.com\/tr\/wp-json\/wp\/v2\/types\/page"}],"author":[{"embeddable":true,"href":"https:\/\/gambling6.com\/tr\/wp-json\/wp\/v2\/users\/1"}],"replies":[{"embeddable":true,"href":"https:\/\/gambling6.com\/tr\/wp-json\/wp\/v2\/comments?post=8336"}],"version-history":[{"count":2,"href":"https:\/\/gambling6.com\/tr\/wp-json\/wp\/v2\/pages\/8336\/revisions"}],"predecessor-version":[{"id":10668,"href":"https:\/\/gambling6.com\/tr\/wp-json\/wp\/v2\/pages\/8336\/revisions\/10668"}],"wp:attachment":[{"href":"https:\/\/gambling6.com\/tr\/wp-json\/wp\/v2\/media?parent=8336"}],"curies":[{"name":"wp","href":"https:\/\/api.w.org\/{rel}","templated":true}]}}