{"id":8364,"date":"2025-11-07T12:51:03","date_gmt":"2025-11-07T12:51:03","guid":{"rendered":"https:\/\/gambling6.com\/kumarhane\/casino-incelemeleri\/"},"modified":"2025-11-12T06:52:06","modified_gmt":"2025-11-12T06:52:06","slug":"casino-incelemeleri","status":"publish","type":"page","link":"https:\/\/gambling6.com\/tr\/kumarhane\/casino-incelemeleri\/","title":{"rendered":"Casino \u0130ncelemeleri"},"content":{"rendered":"<h2>\u0130ncelemelerimizle En \u0130yi Kumar Sitesini Se\u00e7menize Yard\u0131mc\u0131 Oluyoruz<\/h2>\n<p>Kumarhane siteleri, kumarhane oyunlar\u0131na veya sporlara bahis oynaman\u0131za veya \u00e7evrimi\u00e7i bir poker odas\u0131nda bahis oynaman\u0131za olanak tan\u0131yan sitelerdir. \u00c7evrimi\u00e7i kumar, evinizden oynaman\u0131n rahatl\u0131\u011f\u0131n\u0131 sunar. Evinizin konforundan ayr\u0131lmadan en sevdi\u011finiz sporlara bahis oynaman\u0131n heyecan\u0131n\u0131 ya\u015fayabilirsiniz. \u00c7evrimi\u00e7i kumar\u0131n pop\u00fclaritesi, bir\u00e7ok \u00e7evrimi\u00e7i bahis sitesi ve kumarhanenin ortaya \u00e7\u0131kmas\u0131na neden olmu\u015ftur. Di\u011fer t\u00fcm sekt\u00f6rlerde oldu\u011fu gibi, \u00e7evrimi\u00e7i kumar\u0131n da vicdans\u0131z i\u015fletmecileri vard\u0131r. Bu nedenle, en iyi kumarhane web sitesini se\u00e7mek \u00e7ok \u00f6nemlidir. Casino web sitesi incelemelerimize g\u00f6z atmak, g\u00fcvenilir olup olmad\u0131\u011f\u0131na karar vermenize yard\u0131mc\u0131 olabilir.<\/p>\n<p><a href=\"https:\/\/ic.aff-handler.com\/C\/47965?sr=1064399&amp;anid=\" rel=\"nofollow\"><img loading=\"lazy\" decoding=\"async\" class=\"alignright\" src=\"https:\/\/ic.aff-handler.com\/I\/47965?sr=1064399&amp;anid=\" width=\"420\" height=\"84\" \/><\/a><\/p>\n<ul>\n<li><strong>\u0130tibar<\/strong><\/li>\n<\/ul>\n<p>Bir karar vermeden \u00f6nce bakman\u0131z gereken ilk ve en \u00f6nemli \u015fey casino web sitelerinin itibar\u0131d\u0131r. Casinoyu fiziksel olarak inceleyemeyece\u011finiz i\u00e7in, orada kumar oynay\u0131p oynamayaca\u011f\u0131n\u0131za karar vermek i\u00e7in itibar\u0131na g\u00fcvenmeniz gerekir. En iyi casino web siteleri, sekt\u00f6rde uzun y\u0131llara dayanan deneyime sahip ve m\u00fckemmel m\u00fc\u015fteri hizmetleri sunma konusunda iyi bir \u00fcne sahip olanlard\u0131r.<\/p>\n<ul>\n<li><strong>Lisans<\/strong><\/li>\n<\/ul>\n<p>G\u00fcvenilir casino siteleri, faaliyetlerini y\u00fcr\u00fctmek i\u00e7in gerekli lisanslar\u0131 al\u0131r. Belirli yarg\u0131 b\u00f6lgelerindeki sayg\u0131n oyun komisyonlar\u0131 veya kay\u0131tl\u0131 oyun otoriteleri, casino sitesinin g\u00fcvenlik, adil oyun politikas\u0131, \u00f6demeler ve m\u00fc\u015fteri hizmetleri a\u00e7\u0131s\u0131ndan baz\u0131 standartlar\u0131 kar\u015f\u0131lad\u0131\u011f\u0131ndan emin olduktan sonra kumar sitelerine lisans sa\u011flar. G\u00fcvenilir kumar siteleri bu lisans\u0131 a\u00e7\u0131k\u00e7a g\u00f6sterir, ancak <strong>iyi bir casino incelemesi, casinonun hangi lisansa sahip oldu\u011funu da belirtmelidir<\/strong>. Ayr\u0131ca, sistemleri ve s\u00fcre\u00e7leri ilgili kurumlar taraf\u0131ndan denetlenir ve sertifikalara sahiptir. Bu sertifikalar\u0131 web sitelerinde g\u00f6rebilirsiniz. Lisansl\u0131 bir kumar sitesi se\u00e7mek, g\u00fcvenli bir oyun deneyimi ya\u015faman\u0131za yard\u0131mc\u0131 olur.<\/p>\n<ul>\n<li><strong>Oyun Se\u00e7enekleri<\/strong><\/li>\n<\/ul>\n<p>Se\u00e7mek istedi\u011finiz casino sitesinin Craps, rulet, blackjack, slotlar, video poker ve masa oyunlar\u0131 dahil olmak \u00fczere \u00e7e\u015fitli oyunlar sunmas\u0131 gerekir. Casino sitesi taraf\u0131ndan kullan\u0131lan kumar yaz\u0131l\u0131m\u0131, oyun deneyiminin kalitesini de\u011ferlendirmenize yard\u0131mc\u0131 olur. Geni\u015f bir oyun yelpazesi sunan bir casino sitesi se\u00e7erseniz, \u00e7evrimi\u00e7i kumar deneyiminiz daha keyifli olacakt\u0131r.<\/p>\n<ul>\n<li><strong>Kumar Yaz\u0131l\u0131m\u0131<\/strong><\/li>\n<\/ul>\n<p>En iyi \u00e7evrimi\u00e7i kumar siteleri, ger\u00e7ek bir casinodaym\u0131\u015fs\u0131n\u0131z gibi hissettiren bir ortam sunan en g\u00fc\u00e7l\u00fc oyun yaz\u0131l\u0131mlar\u0131n\u0131 kullan\u0131r. En y\u00fcksek kalitede grafik ve ses sunar. Kullan\u0131c\u0131 dostudur, bu nedenle kolayca indirebilir, kurabilir ve kullanabilirsiniz.<\/p>\n<ul>\n<li><strong>Para Yat\u0131rma ve \u00c7ekme Se\u00e7enekleri<\/strong><\/li>\n<\/ul>\n<p>\u00c7evrimi\u00e7i casinonun sundu\u011fu para yat\u0131rma ve \u00e7ekme se\u00e7enekleri hakk\u0131ndaki yorumlar\u0131 okumak \u00e7ok \u00f6nemlidir. Se\u00e7enekler ihtiya\u00e7lar\u0131n\u0131za uygun olmal\u0131d\u0131r. G\u00fcn\u00fcm\u00fczde bir\u00e7ok oyuncu, \u00e7evrimi\u00e7i casinolarda oynarken daha fazla g\u00fcvenlik istiyor ve bu nedenle birden fazla para yat\u0131rma se\u00e7ene\u011fi istiyor. En iyi kumar sitesi, kredi kartlar\u0131, banka havaleleri, Neteller ve PayPal gibi e-c\u00fczdanlar, Ukash ve Paysafecard gibi kartlar ve hatta kripto para \u00f6demeleri gibi \u00e7e\u015fitli se\u00e7enekler sunar. Casino inceleme sayfalar\u0131m\u0131z, h\u0131zl\u0131 ve sorunsuz para yat\u0131rma ve \u00e7ekme i\u015flemleri bekleyip bekleyemeyece\u011finiz konusunda bilgi sa\u011flar. Casino, i\u015flemleri g\u00fcvenli sunucular \u00fczerinden ger\u00e7ekle\u015ftirerek finansal ve ki\u015fisel bilgilerinizi korumak i\u00e7in \u00e7aba g\u00f6stermelidir.<\/p>\n<ul>\n<li><strong>M\u00fc\u015fteri Deste\u011fi<\/strong><\/li>\n<\/ul>\n<p><span style=\"background-color: transparent;\">M\u00fc\u015fteri deste\u011fi, bir casino sitesi se\u00e7meden \u00f6nce dikkate al\u0131nmas\u0131 gereken en \u00f6nemli unsurlardan biridir.<\/span><strong style=\"background-color: transparent;\">En iyi site, telefon, e-posta ve canl\u0131 sohbet arac\u0131l\u0131\u011f\u0131yla 7\/24 g\u00fcler y\u00fczl\u00fc m\u00fc\u015fteri deste\u011fi sunar.<\/strong><\/p>\n<p>\u015e\u00fcpheniz varsa, 888 Casino gibi pazar lideri bir casinoyu tercih edin; t\u00fcm kumar ihtiya\u00e7lar\u0131n\u0131z\u0131 kar\u015f\u0131larlar. <a class=\"thirstylink\" title=\"888 casino en\" href=\"https:\/\/gambling6.com\/go\/888-casino-en\/\" target=\"_blank\" rel=\"nofollow noopener\">888&#8217;i bug\u00fcn ziyaret etmek i\u00e7in buraya t\u0131klay\u0131n.<\/a><\/p>\n","protected":false},"excerpt":{"rendered":"<p>\u0130ncelemelerimizle En \u0130yi Kumar Sitesini Se\u00e7menize Yard\u0131mc\u0131 Oluyoruz Kumarhane siteleri, kumarhane oyunlar\u0131na veya sporlara bahis oynaman\u0131za veya \u00e7evrimi\u00e7i bir poker odas\u0131nda bahis oynaman\u0131za olanak tan\u0131yan sitelerdir. \u00c7evrimi\u00e7i kumar, evinizden oynaman\u0131n rahatl\u0131\u011f\u0131n\u0131 sunar. Evinizin konforundan ayr\u0131lmadan en sevdi\u011finiz sporlara bahis oynaman\u0131n heyecan\u0131n\u0131 ya\u015fayabilirsiniz. \u00c7evrimi\u00e7i kumar\u0131n pop\u00fclaritesi, bir\u00e7ok \u00e7evrimi\u00e7i bahis sitesi ve kumarhanenin ortaya \u00e7\u0131kmas\u0131na neden olmu\u015ftur. [&hellip;]<\/p>\n","protected":false},"author":1,"featured_media":0,"parent":8336,"menu_order":0,"comment_status":"closed","ping_status":"closed","template":"","meta":{"footnotes":""},"class_list":["post-8364","page","type-page","status-publish","hentry"],"yoast_head":"<!-- This site is optimized with the Yoast SEO plugin v27.4 - https:\/\/yoast.com\/product\/yoast-seo-wordpress\/ -->\n<title>\u00d6nerilen \u00e7evrimi\u00e7i casino web sitelerine y\u00f6nelik incelemeler ve testler<\/title>\n<meta name=\"description\" content=\"Casino web sitesi incelemelerimiz, en iyi \u00e7evrimi\u00e7i casino sitelerini ararken nelere dikkat etmeniz gerekti\u011fi konusunda size fikir verecektir.\" \/>\n<meta name=\"robots\" content=\"index, follow, max-snippet:-1, max-image-preview:large, max-video-preview:-1\" \/>\n<link rel=\"canonical\" href=\"https:\/\/gambling6.com\/tr\/kumarhane\/casino-incelemeleri\/\" \/>\n<meta property=\"og:locale\" content=\"tr_TR\" \/>\n<meta property=\"og:type\" content=\"article\" \/>\n<meta property=\"og:title\" content=\"\u00d6nerilen \u00e7evrimi\u00e7i casino web sitelerine y\u00f6nelik incelemeler ve testler\" \/>\n<meta property=\"og:description\" content=\"Casino web sitesi incelemelerimiz, en iyi \u00e7evrimi\u00e7i casino sitelerini ararken nelere dikkat etmeniz gerekti\u011fi konusunda size fikir verecektir.\" \/>\n<meta property=\"og:url\" content=\"https:\/\/gambling6.com\/tr\/kumarhane\/casino-incelemeleri\/\" \/>\n<meta property=\"og:site_name\" content=\"Gambling6\" \/>\n<meta property=\"article:modified_time\" content=\"2025-11-12T06:52:06+00:00\" \/>\n<meta property=\"og:image\" content=\"https:\/\/ic.aff-handler.com\/I\/47965?sr=1064399&amp;anid=\" \/>\n<meta name=\"twitter:card\" content=\"summary_large_image\" \/>\n<meta name=\"twitter:label1\" content=\"Tahmini okuma s\u00fcresi\" \/>\n\t<meta name=\"twitter:data1\" content=\"3 dakika\" \/>\n<script type=\"application\/ld+json\" class=\"yoast-schema-graph\">{\"@context\":\"https:\\\/\\\/schema.org\",\"@graph\":[{\"@type\":\"WebPage\",\"@id\":\"https:\\\/\\\/gambling6.com\\\/tr\\\/kumarhane\\\/casino-incelemeleri\\\/\",\"url\":\"https:\\\/\\\/gambling6.com\\\/tr\\\/kumarhane\\\/casino-incelemeleri\\\/\",\"name\":\"\u00d6nerilen \u00e7evrimi\u00e7i casino web sitelerine y\u00f6nelik incelemeler ve testler\",\"isPartOf\":{\"@id\":\"https:\\\/\\\/gambling6.com\\\/tr\\\/#website\"},\"primaryImageOfPage\":{\"@id\":\"https:\\\/\\\/gambling6.com\\\/tr\\\/kumarhane\\\/casino-incelemeleri\\\/#primaryimage\"},\"image\":{\"@id\":\"https:\\\/\\\/gambling6.com\\\/tr\\\/kumarhane\\\/casino-incelemeleri\\\/#primaryimage\"},\"thumbnailUrl\":\"https:\\\/\\\/ic.aff-handler.com\\\/I\\\/47965?sr=1064399&amp;anid=\",\"datePublished\":\"2025-11-07T12:51:03+00:00\",\"dateModified\":\"2025-11-12T06:52:06+00:00\",\"description\":\"Casino web sitesi incelemelerimiz, en iyi \u00e7evrimi\u00e7i casino sitelerini ararken nelere dikkat etmeniz gerekti\u011fi konusunda size fikir verecektir.\",\"breadcrumb\":{\"@id\":\"https:\\\/\\\/gambling6.com\\\/tr\\\/kumarhane\\\/casino-incelemeleri\\\/#breadcrumb\"},\"inLanguage\":\"tr\",\"potentialAction\":[{\"@type\":\"ReadAction\",\"target\":[\"https:\\\/\\\/gambling6.com\\\/tr\\\/kumarhane\\\/casino-incelemeleri\\\/\"]}]},{\"@type\":\"ImageObject\",\"inLanguage\":\"tr\",\"@id\":\"https:\\\/\\\/gambling6.com\\\/tr\\\/kumarhane\\\/casino-incelemeleri\\\/#primaryimage\",\"url\":\"https:\\\/\\\/ic.aff-handler.com\\\/I\\\/47965?sr=1064399&amp;anid=\",\"contentUrl\":\"https:\\\/\\\/ic.aff-handler.com\\\/I\\\/47965?sr=1064399&amp;anid=\"},{\"@type\":\"BreadcrumbList\",\"@id\":\"https:\\\/\\\/gambling6.com\\\/tr\\\/kumarhane\\\/casino-incelemeleri\\\/#breadcrumb\",\"itemListElement\":[{\"@type\":\"ListItem\",\"position\":1,\"name\":\"Home\",\"item\":\"https:\\\/\\\/gambling6.com\\\/tr\\\/home\\\/\"},{\"@type\":\"ListItem\",\"position\":2,\"name\":\"Kumarhane\",\"item\":\"https:\\\/\\\/gambling6.com\\\/tr\\\/get-started-with-online-gambling\\\/\"},{\"@type\":\"ListItem\",\"position\":3,\"name\":\"Casino \u0130ncelemeleri\"}]},{\"@type\":\"WebSite\",\"@id\":\"https:\\\/\\\/gambling6.com\\\/tr\\\/#website\",\"url\":\"https:\\\/\\\/gambling6.com\\\/tr\\\/\",\"name\":\"Gambling6\",\"description\":\"\",\"potentialAction\":[{\"@type\":\"SearchAction\",\"target\":{\"@type\":\"EntryPoint\",\"urlTemplate\":\"https:\\\/\\\/gambling6.com\\\/tr\\\/?s={search_term_string}\"},\"query-input\":{\"@type\":\"PropertyValueSpecification\",\"valueRequired\":true,\"valueName\":\"search_term_string\"}}],\"inLanguage\":\"tr\"}]}<\/script>\n<!-- \/ Yoast SEO plugin. -->","yoast_head_json":{"title":"\u00d6nerilen \u00e7evrimi\u00e7i casino web sitelerine y\u00f6nelik incelemeler ve testler","description":"Casino web sitesi incelemelerimiz, en iyi \u00e7evrimi\u00e7i casino sitelerini ararken nelere dikkat etmeniz gerekti\u011fi konusunda size fikir verecektir.","robots":{"index":"index","follow":"follow","max-snippet":"max-snippet:-1","max-image-preview":"max-image-preview:large","max-video-preview":"max-video-preview:-1"},"canonical":"https:\/\/gambling6.com\/tr\/kumarhane\/casino-incelemeleri\/","og_locale":"tr_TR","og_type":"article","og_title":"\u00d6nerilen \u00e7evrimi\u00e7i casino web sitelerine y\u00f6nelik incelemeler ve testler","og_description":"Casino web sitesi incelemelerimiz, en iyi \u00e7evrimi\u00e7i casino sitelerini ararken nelere dikkat etmeniz gerekti\u011fi konusunda size fikir verecektir.","og_url":"https:\/\/gambling6.com\/tr\/kumarhane\/casino-incelemeleri\/","og_site_name":"Gambling6","article_modified_time":"2025-11-12T06:52:06+00:00","og_image":[{"url":"https:\/\/ic.aff-handler.com\/I\/47965?sr=1064399&amp;anid=","type":"","width":"","height":""}],"twitter_card":"summary_large_image","twitter_misc":{"Tahmini okuma s\u00fcresi":"3 dakika"},"schema":{"@context":"https:\/\/schema.org","@graph":[{"@type":"WebPage","@id":"https:\/\/gambling6.com\/tr\/kumarhane\/casino-incelemeleri\/","url":"https:\/\/gambling6.com\/tr\/kumarhane\/casino-incelemeleri\/","name":"\u00d6nerilen \u00e7evrimi\u00e7i casino web sitelerine y\u00f6nelik incelemeler ve testler","isPartOf":{"@id":"https:\/\/gambling6.com\/tr\/#website"},"primaryImageOfPage":{"@id":"https:\/\/gambling6.com\/tr\/kumarhane\/casino-incelemeleri\/#primaryimage"},"image":{"@id":"https:\/\/gambling6.com\/tr\/kumarhane\/casino-incelemeleri\/#primaryimage"},"thumbnailUrl":"https:\/\/ic.aff-handler.com\/I\/47965?sr=1064399&amp;anid=","datePublished":"2025-11-07T12:51:03+00:00","dateModified":"2025-11-12T06:52:06+00:00","description":"Casino web sitesi incelemelerimiz, en iyi \u00e7evrimi\u00e7i casino sitelerini ararken nelere dikkat etmeniz gerekti\u011fi konusunda size fikir verecektir.","breadcrumb":{"@id":"https:\/\/gambling6.com\/tr\/kumarhane\/casino-incelemeleri\/#breadcrumb"},"inLanguage":"tr","potentialAction":[{"@type":"ReadAction","target":["https:\/\/gambling6.com\/tr\/kumarhane\/casino-incelemeleri\/"]}]},{"@type":"ImageObject","inLanguage":"tr","@id":"https:\/\/gambling6.com\/tr\/kumarhane\/casino-incelemeleri\/#primaryimage","url":"https:\/\/ic.aff-handler.com\/I\/47965?sr=1064399&amp;anid=","contentUrl":"https:\/\/ic.aff-handler.com\/I\/47965?sr=1064399&amp;anid="},{"@type":"BreadcrumbList","@id":"https:\/\/gambling6.com\/tr\/kumarhane\/casino-incelemeleri\/#breadcrumb","itemListElement":[{"@type":"ListItem","position":1,"name":"Home","item":"https:\/\/gambling6.com\/tr\/home\/"},{"@type":"ListItem","position":2,"name":"Kumarhane","item":"https:\/\/gambling6.com\/tr\/get-started-with-online-gambling\/"},{"@type":"ListItem","position":3,"name":"Casino \u0130ncelemeleri"}]},{"@type":"WebSite","@id":"https:\/\/gambling6.com\/tr\/#website","url":"https:\/\/gambling6.com\/tr\/","name":"Gambling6","description":"","potentialAction":[{"@type":"SearchAction","target":{"@type":"EntryPoint","urlTemplate":"https:\/\/gambling6.com\/tr\/?s={search_term_string}"},"query-input":{"@type":"PropertyValueSpecification","valueRequired":true,"valueName":"search_term_string"}}],"inLanguage":"tr"}]}},"_links":{"self":[{"href":"https:\/\/gambling6.com\/tr\/wp-json\/wp\/v2\/pages\/8364","targetHints":{"allow":["GET"]}}],"collection":[{"href":"https:\/\/gambling6.com\/tr\/wp-json\/wp\/v2\/pages"}],"about":[{"href":"https:\/\/gambling6.com\/tr\/wp-json\/wp\/v2\/types\/page"}],"author":[{"embeddable":true,"href":"https:\/\/gambling6.com\/tr\/wp-json\/wp\/v2\/users\/1"}],"replies":[{"embeddable":true,"href":"https:\/\/gambling6.com\/tr\/wp-json\/wp\/v2\/comments?post=8364"}],"version-history":[{"count":1,"href":"https:\/\/gambling6.com\/tr\/wp-json\/wp\/v2\/pages\/8364\/revisions"}],"predecessor-version":[{"id":10385,"href":"https:\/\/gambling6.com\/tr\/wp-json\/wp\/v2\/pages\/8364\/revisions\/10385"}],"up":[{"embeddable":true,"href":"https:\/\/gambling6.com\/tr\/wp-json\/wp\/v2\/pages\/8336"}],"wp:attachment":[{"href":"https:\/\/gambling6.com\/tr\/wp-json\/wp\/v2\/media?parent=8364"}],"curies":[{"name":"wp","href":"https:\/\/api.w.org\/{rel}","templated":true}]}}