{"id":8388,"date":"2025-11-07T14:23:39","date_gmt":"2025-11-07T14:23:39","guid":{"rendered":"https:\/\/gambling6.com\/kumarhane\/cevrimici-casinolar-ve-kara-tabanli-casinolar\/"},"modified":"2025-11-07T14:23:39","modified_gmt":"2025-11-07T14:23:39","slug":"cevrimici-casinolar-ve-kara-tabanli-casinolar","status":"publish","type":"page","link":"https:\/\/gambling6.com\/tr\/kumarhane\/cevrimici-casinolar-ve-kara-tabanli-casinolar\/","title":{"rendered":"\u00c7evrimi\u00e7i Casinolar ve Kara Tabanl\u0131 Casinolar"},"content":{"rendered":"<h2>Canl\u0131 veya \u00e7evrimi\u00e7i casinolar<\/h2>\n<h3>Her t\u00fcr\u00fcn oyuncular\u0131n ho\u015funa giden bir yan\u0131 vard\u0131r<\/h3>\n<p><img loading=\"lazy\" decoding=\"async\" class=\" wp-image-332 alignright\" src=\"https:\/\/gambling6.com\/wp-content\/uploads\/2013\/12\/phil_ivey-247x300.jpg\" alt=\"canl\u0131 casino\" width=\"175\" height=\"213\" srcset=\"https:\/\/gambling6.com\/wp-content\/uploads\/2013\/12\/phil_ivey-247x300.jpg 247w, https:\/\/gambling6.com\/wp-content\/uploads\/2013\/12\/phil_ivey.jpg 250w\" sizes=\"auto, (max-width: 175px) 100vw, 175px\" \/>Casino oyuncular\u0131, en sevdikleri oyunlar\u0131 kendilerine rahat gelen ve ki\u015filiklerine uygun bir \u015fekilde oynamal\u0131d\u0131r. Baz\u0131 oyuncular, atmosferi sevdikleri i\u00e7in her zaman kara tabanl\u0131 casinolarda oynamay\u0131 tercih ederler. Di\u011fer oyuncularla, kalabal\u0131klarla ve g\u00fcr\u00fclt\u00fcyle oynamay\u0131 severler.<\/p>\n<p>Ancak, di\u011fer casino oyuncular\u0131, tam kontrole sahip olduklar\u0131 sessiz ve rahatlat\u0131c\u0131 bir ortamda oynama fikrini severler. Bu oyuncular genellikle \u00e7evrimi\u00e7i casinolara y\u00f6nelir. Bir oyuncu oyunlar\u0131ndan nas\u0131l keyif almak isterse istesin, ister kara tabanl\u0131 ister \u00e7evrimi\u00e7i casino olsun, her zaman bir se\u00e7enek vard\u0131r. <\/p>\n<h3>\u00c7evrimi\u00e7i casinolar ile kara tabanl\u0131 casinolar aras\u0131ndaki \u00f6nemli farklar \u015funlard\u0131r:<\/h3>\n<ul>\n<li>Elbette, \u00e7evrimi\u00e7i ve kara tabanl\u0131 casinolar tamamen farkl\u0131 ortamlardad\u0131r. Kara tabanl\u0131 bir casino, oyuncular\u0131n kendilerini hissedip fiziksel olarak bir par\u00e7as\u0131 olabilecekleri bir casinodur. \u00c7evrimi\u00e7i casinolar internet \u00fczerinden oynan\u0131r, bu da oyuncular\u0131n istedikleri oyunlar\u0131 istedikleri yerden oynayabilecekleri anlam\u0131na gelir. Bu konum, evleri, ofisleri veya internete ba\u011flanabildikleri herhangi bir yer olabilir.<\/li>\n<li>Kara tabanl\u0131 casinolar, oyuncular\u0131n \u00f6d\u00fcl kazanmalar\u0131n\u0131 sa\u011flayan oyuncu kul\u00fcplerine sahiptir. \u00d6d\u00fcller, casinoya g\u00f6re de\u011fi\u015fiklik g\u00f6sterir. \u00c7evrimi\u00e7i kumar sitelerinin de VIP programlar\u0131 olarak adland\u0131r\u0131lan kendi kul\u00fcp versiyonlar\u0131 vard\u0131r. Ancak bir\u00e7ok kumarhane oyuncusu, \u00e7evrimi\u00e7i kumarhanelerin kara tabanl\u0131 kumarhanelerle ayn\u0131 d\u00fczeyde ek masraflarla kar\u015f\u0131la\u015fmad\u0131klar\u0131 i\u00e7in daha c\u00f6mert olma e\u011filiminde oldu\u011funu fark eder.<\/li>\n<li>Kara tabanl\u0131 kumarhaneler oyunculara istedikleri hemen hemen her kumarhane oyununu oynama olana\u011f\u0131 sunarken, oyuncular\u0131n bir oyundan di\u011ferine ge\u00e7mek i\u00e7in t\u00fcm kumarhaneyi dola\u015fmak istemedikleri zamanlar da olacakt\u0131r. Ayr\u0131ca, belirli bir oyunu oynamak istediklerinde, bo\u015f yer bulamayacaklar\u0131 zamanlar da olacakt\u0131r. Ancak \u00e7evrimi\u00e7i kumarhaneler, oyuncular\u0131n istedikleri oyunlar\u0131, y\u00fcr\u00fcmek veya yer beklemek zorunda kalmadan istedikleri zaman oynamalar\u0131na olanak tan\u0131r.<\/li>\n<li>Kara tabanl\u0131 kumarhaneler yeni oyuncular i\u00e7in g\u00f6z korkutucu olabilir ve genellikle oyunlar\u0131 ve \u00e7e\u015fitli stratejileri \u00f6\u011frenmelerine yard\u0131mc\u0131 olabilecek \u00fccretsiz kaynaklardan yoksundurlar. \u00c7evrimi\u00e7i casinolar, oyuncular\u0131n daha az \u00e7ekinebilecekleri bir ortamda oynamalar\u0131na olanak tan\u0131r ve \u00e7evrimi\u00e7i casino oyunlar\u0131 oynaman\u0131n \u00e7e\u015fitli y\u00f6nleri konusunda onlara rehberlik edecek zengin bir \u00fccretsiz i\u00e7erik sunar.<\/li>\n<\/ul>\n<p>\u00c7evrimi\u00e7i casinolar\u0131n kendilerine uygun olabilece\u011fini d\u00fc\u015f\u00fcnen herkes, Microgaming destekli casinolar hakk\u0131nda m\u00fcmk\u00fcn oldu\u011funca \u00e7ok \u015fey \u00f6\u011frenerek ba\u015flamak isteyecektir. Bunlar\u0131n en iyisi \u015f\u00fcphesiz, a\u015fa\u011f\u0131daki banner&#8217;a t\u0131klayarak ziyaret edebilece\u011finiz 888 Casino&#8217;dur.<br \/>\n<a href=\"https:\/\/ic.aff-handler.com\/C\/45871?sr=1064399&amp;anid=\" rel=\"nofollow\"><img loading=\"lazy\" decoding=\"async\" class=\"aligncenter\" src=\"https:\/\/ic.aff-handler.com\/I\/45871?sr=1064399&amp;anid=\" width=\"725\" height=\"93\" \/><\/a><br \/>\nABD&#8217;de ikamet ediyorsan\u0131z, genel casino oyunlar\u0131 veya \u00e7evrimi\u00e7i poker i\u00e7in en iyi se\u00e7ene\u011finiz BetOnline olacakt\u0131r. <img loading=\"lazy\" decoding=\"async\" class=\" wp-image-7875 aligncenter\" src=\"https:\/\/gambling6.com\/wp-content\/uploads\/2025\/10\/BOL_AQC_banner_468x60_FS1_casino-300x38.gif\" alt=\"BetOnline casino\" width=\"694\" height=\"88\" \/><\/p>\n","protected":false},"excerpt":{"rendered":"<p>Canl\u0131 veya \u00e7evrimi\u00e7i casinolar Her t\u00fcr\u00fcn oyuncular\u0131n ho\u015funa giden bir yan\u0131 vard\u0131r Casino oyuncular\u0131, en sevdikleri oyunlar\u0131 kendilerine rahat gelen ve ki\u015filiklerine uygun bir \u015fekilde oynamal\u0131d\u0131r. Baz\u0131 oyuncular, atmosferi sevdikleri i\u00e7in her zaman kara tabanl\u0131 casinolarda oynamay\u0131 tercih ederler. Di\u011fer oyuncularla, kalabal\u0131klarla ve g\u00fcr\u00fclt\u00fcyle oynamay\u0131 severler. Ancak, di\u011fer casino oyuncular\u0131, tam kontrole sahip olduklar\u0131 sessiz [&hellip;]<\/p>\n","protected":false},"author":1,"featured_media":0,"parent":8336,"menu_order":28,"comment_status":"closed","ping_status":"closed","template":"","meta":{"footnotes":""},"class_list":["post-8388","page","type-page","status-publish","hentry"],"yoast_head":"<!-- This site is optimized with the Yoast SEO plugin v27.3 - https:\/\/yoast.com\/product\/yoast-seo-wordpress\/ -->\n<title>Kara tabanl\u0131 ve \u00e7evrimi\u00e7i casinolar\u0131n kar\u015f\u0131la\u015ft\u0131r\u0131lmas\u0131<\/title>\n<meta name=\"description\" content=\"Hem \u00e7evrimi\u00e7i casinolar hem de ger\u00e7ek casinolar oyunculara harika vakit ge\u00e7irme ve bir\u00e7ok f\u0131rsat sunar.\" \/>\n<meta name=\"robots\" content=\"index, follow, max-snippet:-1, max-image-preview:large, max-video-preview:-1\" \/>\n<link rel=\"canonical\" href=\"https:\/\/gambling6.com\/tr\/kumarhane\/cevrimici-casinolar-ve-kara-tabanli-casinolar\/\" \/>\n<meta property=\"og:locale\" content=\"tr_TR\" \/>\n<meta property=\"og:type\" content=\"article\" \/>\n<meta property=\"og:title\" content=\"Kara tabanl\u0131 ve \u00e7evrimi\u00e7i casinolar\u0131n kar\u015f\u0131la\u015ft\u0131r\u0131lmas\u0131\" \/>\n<meta property=\"og:description\" content=\"Hem \u00e7evrimi\u00e7i casinolar hem de ger\u00e7ek casinolar oyunculara harika vakit ge\u00e7irme ve bir\u00e7ok f\u0131rsat sunar.\" \/>\n<meta property=\"og:url\" content=\"https:\/\/gambling6.com\/tr\/kumarhane\/cevrimici-casinolar-ve-kara-tabanli-casinolar\/\" \/>\n<meta property=\"og:site_name\" content=\"Gambling6\" \/>\n<meta property=\"og:image\" content=\"https:\/\/gambling6.com\/wp-content\/uploads\/2013\/12\/phil_ivey.jpg\" \/>\n\t<meta property=\"og:image:width\" content=\"250\" \/>\n\t<meta property=\"og:image:height\" content=\"304\" \/>\n\t<meta property=\"og:image:type\" content=\"image\/jpeg\" \/>\n<meta name=\"twitter:card\" content=\"summary_large_image\" \/>\n<meta name=\"twitter:label1\" content=\"Tahmini okuma s\u00fcresi\" \/>\n\t<meta name=\"twitter:data1\" content=\"2 dakika\" \/>\n<script type=\"application\/ld+json\" class=\"yoast-schema-graph\">{\"@context\":\"https:\\\/\\\/schema.org\",\"@graph\":[{\"@type\":\"WebPage\",\"@id\":\"https:\\\/\\\/gambling6.com\\\/tr\\\/kumarhane\\\/cevrimici-casinolar-ve-kara-tabanli-casinolar\\\/\",\"url\":\"https:\\\/\\\/gambling6.com\\\/tr\\\/kumarhane\\\/cevrimici-casinolar-ve-kara-tabanli-casinolar\\\/\",\"name\":\"Kara tabanl\u0131 ve \u00e7evrimi\u00e7i casinolar\u0131n kar\u015f\u0131la\u015ft\u0131r\u0131lmas\u0131\",\"isPartOf\":{\"@id\":\"https:\\\/\\\/gambling6.com\\\/tr\\\/#website\"},\"primaryImageOfPage\":{\"@id\":\"https:\\\/\\\/gambling6.com\\\/tr\\\/kumarhane\\\/cevrimici-casinolar-ve-kara-tabanli-casinolar\\\/#primaryimage\"},\"image\":{\"@id\":\"https:\\\/\\\/gambling6.com\\\/tr\\\/kumarhane\\\/cevrimici-casinolar-ve-kara-tabanli-casinolar\\\/#primaryimage\"},\"thumbnailUrl\":\"https:\\\/\\\/gambling6.com\\\/wp-content\\\/uploads\\\/2013\\\/12\\\/phil_ivey-247x300.jpg\",\"datePublished\":\"2025-11-07T14:23:39+00:00\",\"description\":\"Hem \u00e7evrimi\u00e7i casinolar hem de ger\u00e7ek casinolar oyunculara harika vakit ge\u00e7irme ve bir\u00e7ok f\u0131rsat sunar.\",\"breadcrumb\":{\"@id\":\"https:\\\/\\\/gambling6.com\\\/tr\\\/kumarhane\\\/cevrimici-casinolar-ve-kara-tabanli-casinolar\\\/#breadcrumb\"},\"inLanguage\":\"tr\",\"potentialAction\":[{\"@type\":\"ReadAction\",\"target\":[\"https:\\\/\\\/gambling6.com\\\/tr\\\/kumarhane\\\/cevrimici-casinolar-ve-kara-tabanli-casinolar\\\/\"]}]},{\"@type\":\"ImageObject\",\"inLanguage\":\"tr\",\"@id\":\"https:\\\/\\\/gambling6.com\\\/tr\\\/kumarhane\\\/cevrimici-casinolar-ve-kara-tabanli-casinolar\\\/#primaryimage\",\"url\":\"https:\\\/\\\/gambling6.com\\\/wp-content\\\/uploads\\\/2013\\\/12\\\/phil_ivey-247x300.jpg\",\"contentUrl\":\"https:\\\/\\\/gambling6.com\\\/wp-content\\\/uploads\\\/2013\\\/12\\\/phil_ivey-247x300.jpg\"},{\"@type\":\"BreadcrumbList\",\"@id\":\"https:\\\/\\\/gambling6.com\\\/tr\\\/kumarhane\\\/cevrimici-casinolar-ve-kara-tabanli-casinolar\\\/#breadcrumb\",\"itemListElement\":[{\"@type\":\"ListItem\",\"position\":1,\"name\":\"Home\",\"item\":\"https:\\\/\\\/gambling6.com\\\/tr\\\/home\\\/\"},{\"@type\":\"ListItem\",\"position\":2,\"name\":\"Kumarhane\",\"item\":\"https:\\\/\\\/gambling6.com\\\/tr\\\/get-started-with-online-gambling\\\/\"},{\"@type\":\"ListItem\",\"position\":3,\"name\":\"\u00c7evrimi\u00e7i Casinolar ve Kara Tabanl\u0131 Casinolar\"}]},{\"@type\":\"WebSite\",\"@id\":\"https:\\\/\\\/gambling6.com\\\/tr\\\/#website\",\"url\":\"https:\\\/\\\/gambling6.com\\\/tr\\\/\",\"name\":\"Gambling6\",\"description\":\"\",\"potentialAction\":[{\"@type\":\"SearchAction\",\"target\":{\"@type\":\"EntryPoint\",\"urlTemplate\":\"https:\\\/\\\/gambling6.com\\\/tr\\\/?s={search_term_string}\"},\"query-input\":{\"@type\":\"PropertyValueSpecification\",\"valueRequired\":true,\"valueName\":\"search_term_string\"}}],\"inLanguage\":\"tr\"}]}<\/script>\n<!-- \/ Yoast SEO plugin. -->","yoast_head_json":{"title":"Kara tabanl\u0131 ve \u00e7evrimi\u00e7i casinolar\u0131n kar\u015f\u0131la\u015ft\u0131r\u0131lmas\u0131","description":"Hem \u00e7evrimi\u00e7i casinolar hem de ger\u00e7ek casinolar oyunculara harika vakit ge\u00e7irme ve bir\u00e7ok f\u0131rsat sunar.","robots":{"index":"index","follow":"follow","max-snippet":"max-snippet:-1","max-image-preview":"max-image-preview:large","max-video-preview":"max-video-preview:-1"},"canonical":"https:\/\/gambling6.com\/tr\/kumarhane\/cevrimici-casinolar-ve-kara-tabanli-casinolar\/","og_locale":"tr_TR","og_type":"article","og_title":"Kara tabanl\u0131 ve \u00e7evrimi\u00e7i casinolar\u0131n kar\u015f\u0131la\u015ft\u0131r\u0131lmas\u0131","og_description":"Hem \u00e7evrimi\u00e7i casinolar hem de ger\u00e7ek casinolar oyunculara harika vakit ge\u00e7irme ve bir\u00e7ok f\u0131rsat sunar.","og_url":"https:\/\/gambling6.com\/tr\/kumarhane\/cevrimici-casinolar-ve-kara-tabanli-casinolar\/","og_site_name":"Gambling6","og_image":[{"width":250,"height":304,"url":"https:\/\/gambling6.com\/wp-content\/uploads\/2013\/12\/phil_ivey.jpg","type":"image\/jpeg"}],"twitter_card":"summary_large_image","twitter_misc":{"Tahmini okuma s\u00fcresi":"2 dakika"},"schema":{"@context":"https:\/\/schema.org","@graph":[{"@type":"WebPage","@id":"https:\/\/gambling6.com\/tr\/kumarhane\/cevrimici-casinolar-ve-kara-tabanli-casinolar\/","url":"https:\/\/gambling6.com\/tr\/kumarhane\/cevrimici-casinolar-ve-kara-tabanli-casinolar\/","name":"Kara tabanl\u0131 ve \u00e7evrimi\u00e7i casinolar\u0131n kar\u015f\u0131la\u015ft\u0131r\u0131lmas\u0131","isPartOf":{"@id":"https:\/\/gambling6.com\/tr\/#website"},"primaryImageOfPage":{"@id":"https:\/\/gambling6.com\/tr\/kumarhane\/cevrimici-casinolar-ve-kara-tabanli-casinolar\/#primaryimage"},"image":{"@id":"https:\/\/gambling6.com\/tr\/kumarhane\/cevrimici-casinolar-ve-kara-tabanli-casinolar\/#primaryimage"},"thumbnailUrl":"https:\/\/gambling6.com\/wp-content\/uploads\/2013\/12\/phil_ivey-247x300.jpg","datePublished":"2025-11-07T14:23:39+00:00","description":"Hem \u00e7evrimi\u00e7i casinolar hem de ger\u00e7ek casinolar oyunculara harika vakit ge\u00e7irme ve bir\u00e7ok f\u0131rsat sunar.","breadcrumb":{"@id":"https:\/\/gambling6.com\/tr\/kumarhane\/cevrimici-casinolar-ve-kara-tabanli-casinolar\/#breadcrumb"},"inLanguage":"tr","potentialAction":[{"@type":"ReadAction","target":["https:\/\/gambling6.com\/tr\/kumarhane\/cevrimici-casinolar-ve-kara-tabanli-casinolar\/"]}]},{"@type":"ImageObject","inLanguage":"tr","@id":"https:\/\/gambling6.com\/tr\/kumarhane\/cevrimici-casinolar-ve-kara-tabanli-casinolar\/#primaryimage","url":"https:\/\/gambling6.com\/wp-content\/uploads\/2013\/12\/phil_ivey-247x300.jpg","contentUrl":"https:\/\/gambling6.com\/wp-content\/uploads\/2013\/12\/phil_ivey-247x300.jpg"},{"@type":"BreadcrumbList","@id":"https:\/\/gambling6.com\/tr\/kumarhane\/cevrimici-casinolar-ve-kara-tabanli-casinolar\/#breadcrumb","itemListElement":[{"@type":"ListItem","position":1,"name":"Home","item":"https:\/\/gambling6.com\/tr\/home\/"},{"@type":"ListItem","position":2,"name":"Kumarhane","item":"https:\/\/gambling6.com\/tr\/get-started-with-online-gambling\/"},{"@type":"ListItem","position":3,"name":"\u00c7evrimi\u00e7i Casinolar ve Kara Tabanl\u0131 Casinolar"}]},{"@type":"WebSite","@id":"https:\/\/gambling6.com\/tr\/#website","url":"https:\/\/gambling6.com\/tr\/","name":"Gambling6","description":"","potentialAction":[{"@type":"SearchAction","target":{"@type":"EntryPoint","urlTemplate":"https:\/\/gambling6.com\/tr\/?s={search_term_string}"},"query-input":{"@type":"PropertyValueSpecification","valueRequired":true,"valueName":"search_term_string"}}],"inLanguage":"tr"}]}},"_links":{"self":[{"href":"https:\/\/gambling6.com\/tr\/wp-json\/wp\/v2\/pages\/8388","targetHints":{"allow":["GET"]}}],"collection":[{"href":"https:\/\/gambling6.com\/tr\/wp-json\/wp\/v2\/pages"}],"about":[{"href":"https:\/\/gambling6.com\/tr\/wp-json\/wp\/v2\/types\/page"}],"author":[{"embeddable":true,"href":"https:\/\/gambling6.com\/tr\/wp-json\/wp\/v2\/users\/1"}],"replies":[{"embeddable":true,"href":"https:\/\/gambling6.com\/tr\/wp-json\/wp\/v2\/comments?post=8388"}],"version-history":[{"count":0,"href":"https:\/\/gambling6.com\/tr\/wp-json\/wp\/v2\/pages\/8388\/revisions"}],"up":[{"embeddable":true,"href":"https:\/\/gambling6.com\/tr\/wp-json\/wp\/v2\/pages\/8336"}],"wp:attachment":[{"href":"https:\/\/gambling6.com\/tr\/wp-json\/wp\/v2\/media?parent=8388"}],"curies":[{"name":"wp","href":"https:\/\/api.w.org\/{rel}","templated":true}]}}