{"id":8412,"date":"2025-11-07T16:54:59","date_gmt":"2025-11-07T16:54:59","guid":{"rendered":"https:\/\/gambling6.com\/kumarhane\/cevrimici-bir-kumarhaneye-katilmak-icin-bes-onemli-neden\/"},"modified":"2025-11-15T10:06:32","modified_gmt":"2025-11-15T10:06:32","slug":"cevrimici-bir-kumarhaneye-katilmak-icin-bes-onemli-neden","status":"publish","type":"page","link":"https:\/\/gambling6.com\/tr\/kumarhane\/cevrimici-bir-kumarhaneye-katilmak-icin-bes-onemli-neden\/","title":{"rendered":"\u00c7evrimi\u00e7i Bir Kumarhaneye Kat\u0131lmak \u0130\u00e7in Be\u015f \u00d6nemli Neden"},"content":{"rendered":"<h2>Neden bir \u00e7evrimi\u00e7i kumarhaneye kat\u0131lmal\u0131s\u0131n\u0131z?<\/h2>\n<h2>\u00c7evrimi\u00e7i kumarhaneleri bu kadar harika yapan bir\u00e7ok \u015fey var.<\/h2>\n<p><img loading=\"lazy\" decoding=\"async\" class=\"size-medium wp-image-318 alignright\" src=\"https:\/\/gambling6.com\/wp-content\/uploads\/2013\/12\/classic-casino-games-300x179.jpg\" alt=\"\u00e7evrimi\u00e7i kumarhane\" width=\"300\" height=\"179\" srcset=\"https:\/\/gambling6.com\/wp-content\/uploads\/2013\/12\/classic-casino-games-300x179.jpg 300w, https:\/\/gambling6.com\/wp-content\/uploads\/2013\/12\/classic-casino-games.jpg 612w\" sizes=\"auto, (max-width: 300px) 100vw, 300px\" \/>Her \u00e7evrimi\u00e7i kumarhane oyuncusunun internette kumarhane oyunlar\u0131 oynamak i\u00e7in kendine \u00f6zg\u00fc nedenleri vard\u0131r. Ancak baz\u0131 nedenler daha pop\u00fclerdir. Oyuncular oyunlar\u0131n\u0131 \u00e7evrimi\u00e7i ortama ta\u015f\u0131maya karar verdiklerinde, g\u00f6zlerinin \u00f6n\u00fcnde yepyeni bir d\u00fcnyan\u0131n a\u00e7\u0131ld\u0131\u011f\u0131n\u0131 g\u00f6receklerdir. \u00c7evrimi\u00e7i kumarhaneler bir\u00e7ok farkl\u0131 stilde mevcuttur, bu nedenle oyuncular kendilerine uygun olan\u0131 bulana kadar arama yapabilirler.<\/p>\n<p>Favori \u00e7evrimi\u00e7i kumarhanemiz 888 ile yan\u0131lmayacaks\u0131n\u0131z. <a class=\"thirstylink\" title=\"888 casino en\" href=\"https:\/\/gambling6.com\/go\/888-casino-en\/\" target=\"_blank\" rel=\"nofollow noopener\">Bu ba\u011flant\u0131 sizi web sitelerine y\u00f6nlendirecek ve 1500\u20ac&#8217;ya kadar g\u00fczel bir bonus garantisi verecektir.<\/a><\/p>\n<h2>\u00c7o\u011fu oyuncunun bir online casinoya kat\u0131lmas\u0131n\u0131n en \u00f6nemli be\u015f nedeni \u015funlard\u0131r:<\/h2>\n<ol>\n<li>Bir online casinoya kat\u0131lman\u0131n en \u00f6nemli nedenlerinden biri bonuslard\u0131r. Bir\u00e7ok online casino bonusu t\u00fcr\u00fc vard\u0131r ve her casino, oyuncular\u0131n\u0131n uygun g\u00f6rd\u00fc\u011f\u00fc bonuslardan yararlanmalar\u0131na izin verir. Ancak baz\u0131 bonuslar \u00e7ok de\u011ferli olabilir ve hatta oyunculara y\u00fczlerce hatta binlerce dolar\u0131 \u00fccretsiz kazanma \u015fans\u0131 sunabilir. Online casinolarda s\u0131kl\u0131kla bulunan bonuslardan baz\u0131lar\u0131 ho\u015f geldin bonuslar\u0131, yeniden y\u00fckleme bonuslar\u0131, oyun bonuslar\u0131 ve tavsiye bonuslar\u0131d\u0131r. Oyuncular, bonustan nas\u0131l yararlanabileceklerini ve bonusu almak i\u00e7in tam olarak ne yapmalar\u0131 gerekti\u011fini bilmek i\u00e7in bonus \u015fartlar\u0131n\u0131 okumak isterler.<\/li>\n<li>Bir\u00e7ok oyuncunun \u00e7evrimi\u00e7i casinolara kat\u0131lmas\u0131n\u0131n bir di\u011fer \u00f6nemli nedeni de tek bir yerde oynayabilecekleri oyun say\u0131s\u0131d\u0131r. Oyuncular pop\u00fcler \u00e7evrimi\u00e7i casinolardan birine gittiklerinde, yerlerinden hi\u00e7 kalkmadan oyundan oyuna ge\u00e7ebilirler. Yer a\u00e7\u0131lmas\u0131n\u0131 beklemek veya ger\u00e7ek casinolarda oynaman\u0131n getirdi\u011fi di\u011fer zorluklarla u\u011fra\u015fmak zorunda kalmazlar. Oyuncu daha pop\u00fcler casinolardan birini se\u00e7ti\u011fi s\u00fcrece oyunlara kolayca eri\u015febilir ve her zaman oynayabilirler.<\/li>\n<li>Bir\u00e7ok oyuncunun \u00e7evrimi\u00e7i casinolara y\u00f6nelmesinin bir di\u011fer nedeni de finansald\u0131r. \u00c7evrimi\u00e7i casinolarda zaman ge\u00e7iren oyuncular, benzin, bilet, otel konaklamas\u0131, d\u0131\u015far\u0131da yemek veya ger\u00e7ek casinolara seyahat planlarken kar\u015f\u0131la\u015ft\u0131klar\u0131 di\u011fer masraflar gibi \u015feyler i\u00e7in \u00f6deme yapmak zorunda kalmazlar. Bu, oyuncular\u0131n oyunlara ay\u0131rabilecekleri daha fazla paralar\u0131 olaca\u011f\u0131 anlam\u0131na gelir ki bu her zaman iyi bir \u015feydir.<\/li>\n<li>Baz\u0131 oyuncular tela\u015fl\u0131 ve yo\u011fun bir hayat s\u00fcrer. Bu, ger\u00e7ek casinolara ula\u015fmalar\u0131n\u0131n bile \u00e7ok zor olabilece\u011fi anlam\u0131na gelir. Ancak \u00e7evrimi\u00e7i casinolar her zaman onlar i\u00e7in oradad\u0131r. G\u00fcn boyunca sadece birka\u00e7 dakika giri\u015f yapabilseler bile, \u00e7evrimi\u00e7i bir casinoya kat\u0131larak en az\u0131ndan biraz oyun oynayabilirler.<\/li>\n<li>\u00c7evrimi\u00e7i casinolarda oynaman\u0131n bir di\u011fer kesin avantaj\u0131 da, oyuncular\u0131n oyun deneyimleri \u00fczerinde tam kontrole sahip olmalar\u0131d\u0131r. Casinoyu, bonuslar\u0131, promosyonlar\u0131 ve oyunlar\u0131 kendileri se\u00e7er ve farkl\u0131 \u00e7evrimi\u00e7i casino oyunlar\u0131n\u0131n bir\u00e7ok y\u00f6n\u00fcn\u00fc ki\u015fiselle\u015ftirebilirler.<\/li>\n<\/ol>\n<p>Her \u015feyi g\u00fcvenli ve basit hale getiren iyi bir \u00e7evrimi\u00e7i casino arayan herkes, yorumlar\u0131 okuyup g\u00fcvenilir bir yaz\u0131l\u0131mla \u00e7al\u0131\u015fan, m\u00fckemmel destek sunan ve bir\u00e7ok oyun sunan bir casino bulmak isteyecektir.<\/p>\n","protected":false},"excerpt":{"rendered":"<p>Neden bir \u00e7evrimi\u00e7i kumarhaneye kat\u0131lmal\u0131s\u0131n\u0131z? \u00c7evrimi\u00e7i kumarhaneleri bu kadar harika yapan bir\u00e7ok \u015fey var. Her \u00e7evrimi\u00e7i kumarhane oyuncusunun internette kumarhane oyunlar\u0131 oynamak i\u00e7in kendine \u00f6zg\u00fc nedenleri vard\u0131r. Ancak baz\u0131 nedenler daha pop\u00fclerdir. Oyuncular oyunlar\u0131n\u0131 \u00e7evrimi\u00e7i ortama ta\u015f\u0131maya karar verdiklerinde, g\u00f6zlerinin \u00f6n\u00fcnde yepyeni bir d\u00fcnyan\u0131n a\u00e7\u0131ld\u0131\u011f\u0131n\u0131 g\u00f6receklerdir. \u00c7evrimi\u00e7i kumarhaneler bir\u00e7ok farkl\u0131 stilde mevcuttur, bu nedenle oyuncular [&hellip;]<\/p>\n","protected":false},"author":1,"featured_media":0,"parent":8336,"menu_order":30,"comment_status":"closed","ping_status":"closed","template":"","meta":{"footnotes":""},"class_list":["post-8412","page","type-page","status-publish","hentry"],"yoast_head":"<!-- This site is optimized with the Yoast SEO plugin v27.4 - https:\/\/yoast.com\/product\/yoast-seo-wordpress\/ -->\n<title>\u00c7evrimi\u00e7i Bir Kumarhaneye Kat\u0131lma Nedenleri<\/title>\n<meta name=\"description\" content=\"\u00c7evrimi\u00e7i casinolar, harika vakit ge\u00e7irmek ve kazanmak i\u00e7in bir\u00e7ok f\u0131rsat arayan oyunculara sunabilece\u011fi \u00e7ok \u015fey var.\" \/>\n<meta name=\"robots\" content=\"index, follow, max-snippet:-1, max-image-preview:large, max-video-preview:-1\" \/>\n<link rel=\"canonical\" href=\"https:\/\/gambling6.com\/tr\/kumarhane\/cevrimici-bir-kumarhaneye-katilmak-icin-bes-onemli-neden\/\" \/>\n<meta property=\"og:locale\" content=\"tr_TR\" \/>\n<meta property=\"og:type\" content=\"article\" \/>\n<meta property=\"og:title\" content=\"\u00c7evrimi\u00e7i Bir Kumarhaneye Kat\u0131lma Nedenleri\" \/>\n<meta property=\"og:description\" content=\"\u00c7evrimi\u00e7i casinolar, harika vakit ge\u00e7irmek ve kazanmak i\u00e7in bir\u00e7ok f\u0131rsat arayan oyunculara sunabilece\u011fi \u00e7ok \u015fey var.\" \/>\n<meta property=\"og:url\" content=\"https:\/\/gambling6.com\/tr\/kumarhane\/cevrimici-bir-kumarhaneye-katilmak-icin-bes-onemli-neden\/\" \/>\n<meta property=\"og:site_name\" content=\"Gambling6\" \/>\n<meta property=\"article:modified_time\" content=\"2025-11-15T10:06:32+00:00\" \/>\n<meta property=\"og:image\" content=\"https:\/\/gambling6.com\/wp-content\/uploads\/2013\/12\/classic-casino-games.jpg\" \/>\n\t<meta property=\"og:image:width\" content=\"612\" \/>\n\t<meta property=\"og:image:height\" content=\"366\" \/>\n\t<meta property=\"og:image:type\" content=\"image\/jpeg\" \/>\n<meta name=\"twitter:card\" content=\"summary_large_image\" \/>\n<meta name=\"twitter:label1\" content=\"Tahmini okuma s\u00fcresi\" \/>\n\t<meta name=\"twitter:data1\" content=\"3 dakika\" \/>\n<script type=\"application\/ld+json\" class=\"yoast-schema-graph\">{\"@context\":\"https:\\\/\\\/schema.org\",\"@graph\":[{\"@type\":\"WebPage\",\"@id\":\"https:\\\/\\\/gambling6.com\\\/tr\\\/kumarhane\\\/cevrimici-bir-kumarhaneye-katilmak-icin-bes-onemli-neden\\\/\",\"url\":\"https:\\\/\\\/gambling6.com\\\/tr\\\/kumarhane\\\/cevrimici-bir-kumarhaneye-katilmak-icin-bes-onemli-neden\\\/\",\"name\":\"\u00c7evrimi\u00e7i Bir Kumarhaneye Kat\u0131lma Nedenleri\",\"isPartOf\":{\"@id\":\"https:\\\/\\\/gambling6.com\\\/tr\\\/#website\"},\"primaryImageOfPage\":{\"@id\":\"https:\\\/\\\/gambling6.com\\\/tr\\\/kumarhane\\\/cevrimici-bir-kumarhaneye-katilmak-icin-bes-onemli-neden\\\/#primaryimage\"},\"image\":{\"@id\":\"https:\\\/\\\/gambling6.com\\\/tr\\\/kumarhane\\\/cevrimici-bir-kumarhaneye-katilmak-icin-bes-onemli-neden\\\/#primaryimage\"},\"thumbnailUrl\":\"https:\\\/\\\/gambling6.com\\\/wp-content\\\/uploads\\\/2013\\\/12\\\/classic-casino-games-300x179.jpg\",\"datePublished\":\"2025-11-07T16:54:59+00:00\",\"dateModified\":\"2025-11-15T10:06:32+00:00\",\"description\":\"\u00c7evrimi\u00e7i casinolar, harika vakit ge\u00e7irmek ve kazanmak i\u00e7in bir\u00e7ok f\u0131rsat arayan oyunculara sunabilece\u011fi \u00e7ok \u015fey var.\",\"breadcrumb\":{\"@id\":\"https:\\\/\\\/gambling6.com\\\/tr\\\/kumarhane\\\/cevrimici-bir-kumarhaneye-katilmak-icin-bes-onemli-neden\\\/#breadcrumb\"},\"inLanguage\":\"tr\",\"potentialAction\":[{\"@type\":\"ReadAction\",\"target\":[\"https:\\\/\\\/gambling6.com\\\/tr\\\/kumarhane\\\/cevrimici-bir-kumarhaneye-katilmak-icin-bes-onemli-neden\\\/\"]}]},{\"@type\":\"ImageObject\",\"inLanguage\":\"tr\",\"@id\":\"https:\\\/\\\/gambling6.com\\\/tr\\\/kumarhane\\\/cevrimici-bir-kumarhaneye-katilmak-icin-bes-onemli-neden\\\/#primaryimage\",\"url\":\"https:\\\/\\\/gambling6.com\\\/wp-content\\\/uploads\\\/2013\\\/12\\\/classic-casino-games-300x179.jpg\",\"contentUrl\":\"https:\\\/\\\/gambling6.com\\\/wp-content\\\/uploads\\\/2013\\\/12\\\/classic-casino-games-300x179.jpg\"},{\"@type\":\"BreadcrumbList\",\"@id\":\"https:\\\/\\\/gambling6.com\\\/tr\\\/kumarhane\\\/cevrimici-bir-kumarhaneye-katilmak-icin-bes-onemli-neden\\\/#breadcrumb\",\"itemListElement\":[{\"@type\":\"ListItem\",\"position\":1,\"name\":\"Home\",\"item\":\"https:\\\/\\\/gambling6.com\\\/tr\\\/home\\\/\"},{\"@type\":\"ListItem\",\"position\":2,\"name\":\"Kumarhane\",\"item\":\"https:\\\/\\\/gambling6.com\\\/tr\\\/get-started-with-online-gambling\\\/\"},{\"@type\":\"ListItem\",\"position\":3,\"name\":\"\u00c7evrimi\u00e7i Bir Kumarhaneye Kat\u0131lmak \u0130\u00e7in Be\u015f \u00d6nemli Neden\"}]},{\"@type\":\"WebSite\",\"@id\":\"https:\\\/\\\/gambling6.com\\\/tr\\\/#website\",\"url\":\"https:\\\/\\\/gambling6.com\\\/tr\\\/\",\"name\":\"Gambling6\",\"description\":\"\",\"potentialAction\":[{\"@type\":\"SearchAction\",\"target\":{\"@type\":\"EntryPoint\",\"urlTemplate\":\"https:\\\/\\\/gambling6.com\\\/tr\\\/?s={search_term_string}\"},\"query-input\":{\"@type\":\"PropertyValueSpecification\",\"valueRequired\":true,\"valueName\":\"search_term_string\"}}],\"inLanguage\":\"tr\"}]}<\/script>\n<!-- \/ Yoast SEO plugin. -->","yoast_head_json":{"title":"\u00c7evrimi\u00e7i Bir Kumarhaneye Kat\u0131lma Nedenleri","description":"\u00c7evrimi\u00e7i casinolar, harika vakit ge\u00e7irmek ve kazanmak i\u00e7in bir\u00e7ok f\u0131rsat arayan oyunculara sunabilece\u011fi \u00e7ok \u015fey var.","robots":{"index":"index","follow":"follow","max-snippet":"max-snippet:-1","max-image-preview":"max-image-preview:large","max-video-preview":"max-video-preview:-1"},"canonical":"https:\/\/gambling6.com\/tr\/kumarhane\/cevrimici-bir-kumarhaneye-katilmak-icin-bes-onemli-neden\/","og_locale":"tr_TR","og_type":"article","og_title":"\u00c7evrimi\u00e7i Bir Kumarhaneye Kat\u0131lma Nedenleri","og_description":"\u00c7evrimi\u00e7i casinolar, harika vakit ge\u00e7irmek ve kazanmak i\u00e7in bir\u00e7ok f\u0131rsat arayan oyunculara sunabilece\u011fi \u00e7ok \u015fey var.","og_url":"https:\/\/gambling6.com\/tr\/kumarhane\/cevrimici-bir-kumarhaneye-katilmak-icin-bes-onemli-neden\/","og_site_name":"Gambling6","article_modified_time":"2025-11-15T10:06:32+00:00","og_image":[{"width":612,"height":366,"url":"https:\/\/gambling6.com\/wp-content\/uploads\/2013\/12\/classic-casino-games.jpg","type":"image\/jpeg"}],"twitter_card":"summary_large_image","twitter_misc":{"Tahmini okuma s\u00fcresi":"3 dakika"},"schema":{"@context":"https:\/\/schema.org","@graph":[{"@type":"WebPage","@id":"https:\/\/gambling6.com\/tr\/kumarhane\/cevrimici-bir-kumarhaneye-katilmak-icin-bes-onemli-neden\/","url":"https:\/\/gambling6.com\/tr\/kumarhane\/cevrimici-bir-kumarhaneye-katilmak-icin-bes-onemli-neden\/","name":"\u00c7evrimi\u00e7i Bir Kumarhaneye Kat\u0131lma Nedenleri","isPartOf":{"@id":"https:\/\/gambling6.com\/tr\/#website"},"primaryImageOfPage":{"@id":"https:\/\/gambling6.com\/tr\/kumarhane\/cevrimici-bir-kumarhaneye-katilmak-icin-bes-onemli-neden\/#primaryimage"},"image":{"@id":"https:\/\/gambling6.com\/tr\/kumarhane\/cevrimici-bir-kumarhaneye-katilmak-icin-bes-onemli-neden\/#primaryimage"},"thumbnailUrl":"https:\/\/gambling6.com\/wp-content\/uploads\/2013\/12\/classic-casino-games-300x179.jpg","datePublished":"2025-11-07T16:54:59+00:00","dateModified":"2025-11-15T10:06:32+00:00","description":"\u00c7evrimi\u00e7i casinolar, harika vakit ge\u00e7irmek ve kazanmak i\u00e7in bir\u00e7ok f\u0131rsat arayan oyunculara sunabilece\u011fi \u00e7ok \u015fey var.","breadcrumb":{"@id":"https:\/\/gambling6.com\/tr\/kumarhane\/cevrimici-bir-kumarhaneye-katilmak-icin-bes-onemli-neden\/#breadcrumb"},"inLanguage":"tr","potentialAction":[{"@type":"ReadAction","target":["https:\/\/gambling6.com\/tr\/kumarhane\/cevrimici-bir-kumarhaneye-katilmak-icin-bes-onemli-neden\/"]}]},{"@type":"ImageObject","inLanguage":"tr","@id":"https:\/\/gambling6.com\/tr\/kumarhane\/cevrimici-bir-kumarhaneye-katilmak-icin-bes-onemli-neden\/#primaryimage","url":"https:\/\/gambling6.com\/wp-content\/uploads\/2013\/12\/classic-casino-games-300x179.jpg","contentUrl":"https:\/\/gambling6.com\/wp-content\/uploads\/2013\/12\/classic-casino-games-300x179.jpg"},{"@type":"BreadcrumbList","@id":"https:\/\/gambling6.com\/tr\/kumarhane\/cevrimici-bir-kumarhaneye-katilmak-icin-bes-onemli-neden\/#breadcrumb","itemListElement":[{"@type":"ListItem","position":1,"name":"Home","item":"https:\/\/gambling6.com\/tr\/home\/"},{"@type":"ListItem","position":2,"name":"Kumarhane","item":"https:\/\/gambling6.com\/tr\/get-started-with-online-gambling\/"},{"@type":"ListItem","position":3,"name":"\u00c7evrimi\u00e7i Bir Kumarhaneye Kat\u0131lmak \u0130\u00e7in Be\u015f \u00d6nemli Neden"}]},{"@type":"WebSite","@id":"https:\/\/gambling6.com\/tr\/#website","url":"https:\/\/gambling6.com\/tr\/","name":"Gambling6","description":"","potentialAction":[{"@type":"SearchAction","target":{"@type":"EntryPoint","urlTemplate":"https:\/\/gambling6.com\/tr\/?s={search_term_string}"},"query-input":{"@type":"PropertyValueSpecification","valueRequired":true,"valueName":"search_term_string"}}],"inLanguage":"tr"}]}},"_links":{"self":[{"href":"https:\/\/gambling6.com\/tr\/wp-json\/wp\/v2\/pages\/8412","targetHints":{"allow":["GET"]}}],"collection":[{"href":"https:\/\/gambling6.com\/tr\/wp-json\/wp\/v2\/pages"}],"about":[{"href":"https:\/\/gambling6.com\/tr\/wp-json\/wp\/v2\/types\/page"}],"author":[{"embeddable":true,"href":"https:\/\/gambling6.com\/tr\/wp-json\/wp\/v2\/users\/1"}],"replies":[{"embeddable":true,"href":"https:\/\/gambling6.com\/tr\/wp-json\/wp\/v2\/comments?post=8412"}],"version-history":[{"count":2,"href":"https:\/\/gambling6.com\/tr\/wp-json\/wp\/v2\/pages\/8412\/revisions"}],"predecessor-version":[{"id":10916,"href":"https:\/\/gambling6.com\/tr\/wp-json\/wp\/v2\/pages\/8412\/revisions\/10916"}],"up":[{"embeddable":true,"href":"https:\/\/gambling6.com\/tr\/wp-json\/wp\/v2\/pages\/8336"}],"wp:attachment":[{"href":"https:\/\/gambling6.com\/tr\/wp-json\/wp\/v2\/media?parent=8412"}],"curies":[{"name":"wp","href":"https:\/\/api.w.org\/{rel}","templated":true}]}}