{"id":8476,"date":"2025-11-07T18:20:30","date_gmt":"2025-11-07T18:20:30","guid":{"rendered":"https:\/\/gambling6.com\/en-iyi-bingo-web-siteleri-hakkinda-ipuclari\/"},"modified":"2025-11-12T12:13:47","modified_gmt":"2025-11-12T12:13:47","slug":"en-iyi-bingo-web-siteleri-hakkinda-ipuclari","status":"publish","type":"page","link":"https:\/\/gambling6.com\/tr\/bingo\/en-iyi-bingo-web-siteleri-hakkinda-ipuclari\/","title":{"rendered":"En \u0130yi Bingo Web Siteleri Hakk\u0131nda \u0130pu\u00e7lar\u0131"},"content":{"rendered":"<h2>Bir Bingo Sitesi Se\u00e7mek<\/h2>\n<p>Bingo, blackjack veya poker gibi oyunlara g\u00f6re \u00e7ok daha az beceri gerektiren heyecan verici bir oyundur. Oyun, basitli\u011fiyle bir\u00e7ok ki\u015fiyi cezbeder. Karma\u015f\u0131k kurallar veya stratejiler \u00f6\u011frenmenizi gerektirmez. Dahas\u0131, bingo kartlar\u0131n\u0131 oynamak daha ucuzdur. Bir\u00e7ok site bu oyunu \u00e7evrimi\u00e7i olarak sunmaktad\u0131r. Bunlardan birine kat\u0131labilir ve \u00e7ok d\u00fc\u015f\u00fck bir \u00fccretle bile oynayabilirsiniz.<img loading=\"lazy\" decoding=\"async\" class=\" alignright size-full wp-image-213\" style=\"margin: 5px; float: right;\" src=\"http:\/\/gambling6.com\/wp-content\/uploads\/2013\/12\/img_110.png\" alt=\"en iyi bingo sitesini se\u00e7in\" width=\"288\" height=\"175\" \/><\/p>\n<p>Piyasada bu kadar \u00e7ok bingo sitesi varken,<strong>hangisinin en iyi \u00e7evrimi\u00e7i bingo sitesi oldu\u011funu bulmak olduk\u00e7a zor olabilir<\/strong>. Bu nedenle, temel fakt\u00f6rleri g\u00f6z \u00f6n\u00fcnde bulundurman\u0131z ve bir sitenin sizin i\u00e7in ideal olup olmad\u0131\u011f\u0131na karar vermeniz \u00f6nerilir.<\/p>\n<ul>\n<li><strong>\u0130tibar ve Deneyim<\/strong><\/li>\n<\/ul>\n<p>Sekt\u00f6rde uzun s\u00fcredir faaliyet g\u00f6steren ve iyi bir oyun deneyimi sunma konusunda g\u00fc\u00e7l\u00fc bir \u00fcne sahip bir bingo sitesi se\u00e7ti\u011finizden emin olun. Bunu, profesyonellerin ve ger\u00e7ek oyuncular\u0131n yorumlar\u0131n\u0131 okuyarak kontrol edebilirsiniz. \u00c7ok say\u0131da oyuncusu olan bir bingo sitesi g\u00fcvenilir olabilir, \u00e7\u00fcnk\u00fc oyuncular keyifli bir oyun deneyimi sunamayan bir sitede kalmak istemezler.<\/p>\n<p><a href=\"https:\/\/record.revenueplanet.com\/_BoBybWC_aAPUOsjNOfgKefwM06wa-Rwt\/1\/\" target=\"_new\"><img loading=\"lazy\" decoding=\"async\" class=\"aligncenter\" style=\"border: none;\" src=\"https:\/\/media.revenueplanet.com\/uploads\/nbb-468x60-nov-generic.gif\" alt=\"BingoBilly \u00dccretsiz Bingo\" width=\"686\" height=\"88\" \/><\/a><\/p>\n<ul>\n<li><strong>Sunulan Oyunlar<\/strong><\/li>\n<\/ul>\n<p>Se\u00e7mek istedi\u011finiz sitenin geni\u015f bir oyun yelpazesi sunmas\u0131 gerekir. <strong>Bingo<\/strong> \u00e7e\u015fitli formlarda mevcuttur. 90 top, 80 top, 75 top, mini, h\u0131zl\u0131, coverall, bonanza ve desen, oyunun pop\u00fcler varyasyonlar\u0131ndan baz\u0131lar\u0131d\u0131r. T\u00fcm bu varyasyonlar\u0131 sunan bir siteyi se\u00e7mek, s\u0131k\u0131lmadan oyunlar\u0131n keyfini \u00e7\u0131karman\u0131za yard\u0131mc\u0131 olur.<\/p>\n<ul>\n<li><strong>Bonus<\/strong><\/li>\n<\/ul>\n<p>Oyun sitesinin sundu\u011fu bonusa g\u00f6re karar vermeniz tavsiye edilmese de, en y\u00fcksek bonusu veren site sizin i\u00e7in en iyi bingo sitesi olmayabilir. Kullan\u0131\u015fl\u0131 \u00f6zellikler ve geni\u015f oyun yelpazesi kesinlikle daha \u00f6nemli unsurlard\u0131r. \u00c7o\u011fu bingo sitesi ho\u015f geldin bonusu sunar. \u0130lk para yat\u0131rma i\u015fleminizi yapt\u0131ktan sonra, ho\u015f geldin bonusu tutar\u0131 hesab\u0131n\u0131za otomatik olarak yat\u0131r\u0131l\u0131r. Bu bonusu daha fazla oynamak i\u00e7in kullanabilirsiniz. Bonusla ilgili h\u00fck\u00fcm ve ko\u015fullar\u0131 mutlaka okuyun. Genellikle bonus bir ay i\u00e7inde kullan\u0131lmal\u0131d\u0131r.<\/p>\n<ul>\n<li><strong>Para Yat\u0131rma ve \u00c7ekme Y\u00f6ntemleri<\/strong><\/li>\n<\/ul>\n<p>En iyi bingo sitesi, sizin i\u00e7in en uygun olan\u0131 se\u00e7ebilmeniz i\u00e7in \u00e7e\u015fitli para yat\u0131rma y\u00f6ntemleri sunar. Ayr\u0131ca, kazan\u00e7lar\u0131n\u0131z\u0131 \u00e7ekmek i\u00e7in de \u00e7e\u015fitli se\u00e7enekler sunar. Hesap olu\u015fturmay\u0131 kolayla\u015ft\u0131r\u0131rlar. \u00c7evrimi\u00e7i kay\u0131t ve banka bilgilerinizi kolayca tamamlayabilirsiniz.<\/p>\n<ul>\n<li><strong>M\u00fc\u015fteri Hizmetleri<\/strong><\/li>\n<\/ul>\n<p>Oyun sitesinin en iyi m\u00fc\u015fteri hizmetlerini sunup sunmad\u0131\u011f\u0131n\u0131 kontrol edebilirsiniz. En iyi site, sorular\u0131n\u0131za yan\u0131t veren ve sorunlar\u0131n\u0131z\u0131 h\u0131zla \u00e7\u00f6zen iyi e\u011fitimli bir m\u00fc\u015fteri ekibine sahiptir. Hesap a\u00e7ma s\u00fcrecinde tak\u0131l\u0131p kalsan\u0131z da, kazanc\u0131n\u0131z\u0131 \u00e7ekerken sorun ya\u015fasan\u0131z da, istedi\u011finiz zaman yard\u0131m alabilirsiniz. Sorunlar\u0131n\u0131z\u0131 profesyonelce \u00e7\u00f6zmek i\u00e7in canl\u0131 sohbet, telefon ve e-posta deste\u011fi sunuyorlar.<\/p>\n<p>T\u00fcm bunlar\u0131 g\u00f6z \u00f6n\u00fcnde bulundurmak, harika bir \u00e7evrimi\u00e7i bingo sitesi se\u00e7menize yard\u0131mc\u0131 olabilir. \u015eahsen, Bingo Billy&#8217;yi seviyoruz. ABD&#8217;de ikamet ediyor olsan\u0131z bile, <a class=\"thirstylink\" title=\"Bingo Billy en\" href=\"https:\/\/gambling6.com\/go\/bingobilly-en\/\" target=\"_blank\" rel=\"nofollow noopener\"><span style=\"box-sizing: border-box; margin: 0px; padding: 0px;\">Bingo Billy&#8217;de oynayabilirsiniz\u2014<\/span>bu ba\u011flant\u0131y\u0131 takip ederek web sitelerine ula\u015fabilirsiniz.<\/a><\/p>\n","protected":false},"excerpt":{"rendered":"<p>Bir Bingo Sitesi Se\u00e7mek Bingo, blackjack veya poker gibi oyunlara g\u00f6re \u00e7ok daha az beceri gerektiren heyecan verici bir oyundur. Oyun, basitli\u011fiyle bir\u00e7ok ki\u015fiyi cezbeder. Karma\u015f\u0131k kurallar veya stratejiler \u00f6\u011frenmenizi gerektirmez. Dahas\u0131, bingo kartlar\u0131n\u0131 oynamak daha ucuzdur. Bir\u00e7ok site bu oyunu \u00e7evrimi\u00e7i olarak sunmaktad\u0131r. Bunlardan birine kat\u0131labilir ve \u00e7ok d\u00fc\u015f\u00fck bir \u00fccretle bile oynayabilirsiniz. Piyasada [&hellip;]<\/p>\n","protected":false},"author":1,"featured_media":8445,"parent":8545,"menu_order":5,"comment_status":"closed","ping_status":"closed","template":"","meta":{"footnotes":""},"class_list":["post-8476","page","type-page","status-publish","has-post-thumbnail","hentry"],"yoast_head":"<!-- This site is optimized with the Yoast SEO plugin v27.3 - https:\/\/yoast.com\/product\/yoast-seo-wordpress\/ -->\n<title>Bingo \u0130pu\u00e7lar\u0131 - En \u0130yi Bingo Siteleri Hangileridir?<\/title>\n<meta name=\"description\" content=\"En iyi bingo sitesini se\u00e7mek \u00f6nemlidir - ama hangi siteyi se\u00e7melisiniz? Cevaplar\u0131 burada bulabilirsiniz.\" \/>\n<meta name=\"robots\" content=\"index, follow, max-snippet:-1, max-image-preview:large, max-video-preview:-1\" \/>\n<link rel=\"canonical\" href=\"https:\/\/gambling6.com\/tr\/bingo\/en-iyi-bingo-web-siteleri-hakkinda-ipuclari\/\" \/>\n<meta property=\"og:locale\" content=\"tr_TR\" \/>\n<meta property=\"og:type\" content=\"article\" \/>\n<meta property=\"og:title\" content=\"Bingo \u0130pu\u00e7lar\u0131 - En \u0130yi Bingo Siteleri Hangileridir?\" \/>\n<meta property=\"og:description\" content=\"En iyi bingo sitesini se\u00e7mek \u00f6nemlidir - ama hangi siteyi se\u00e7melisiniz? Cevaplar\u0131 burada bulabilirsiniz.\" \/>\n<meta property=\"og:url\" content=\"https:\/\/gambling6.com\/tr\/bingo\/en-iyi-bingo-web-siteleri-hakkinda-ipuclari\/\" \/>\n<meta property=\"og:site_name\" content=\"Gambling6\" \/>\n<meta property=\"article:modified_time\" content=\"2025-11-12T12:13:47+00:00\" \/>\n<meta property=\"og:image\" content=\"https:\/\/gambling6.com\/wp-content\/uploads\/2013\/12\/img_110.png\" \/>\n\t<meta property=\"og:image:width\" content=\"288\" \/>\n\t<meta property=\"og:image:height\" content=\"175\" \/>\n\t<meta property=\"og:image:type\" content=\"image\/png\" \/>\n<meta name=\"twitter:card\" content=\"summary_large_image\" \/>\n<meta name=\"twitter:label1\" content=\"Tahmini okuma s\u00fcresi\" \/>\n\t<meta name=\"twitter:data1\" content=\"3 dakika\" \/>\n<script type=\"application\/ld+json\" class=\"yoast-schema-graph\">{\"@context\":\"https:\\\/\\\/schema.org\",\"@graph\":[{\"@type\":\"WebPage\",\"@id\":\"https:\\\/\\\/gambling6.com\\\/tr\\\/bingo\\\/en-iyi-bingo-web-siteleri-hakkinda-ipuclari\\\/\",\"url\":\"https:\\\/\\\/gambling6.com\\\/tr\\\/bingo\\\/en-iyi-bingo-web-siteleri-hakkinda-ipuclari\\\/\",\"name\":\"Bingo \u0130pu\u00e7lar\u0131 - En \u0130yi Bingo Siteleri Hangileridir?\",\"isPartOf\":{\"@id\":\"https:\\\/\\\/gambling6.com\\\/tr\\\/#website\"},\"primaryImageOfPage\":{\"@id\":\"https:\\\/\\\/gambling6.com\\\/tr\\\/bingo\\\/en-iyi-bingo-web-siteleri-hakkinda-ipuclari\\\/#primaryimage\"},\"image\":{\"@id\":\"https:\\\/\\\/gambling6.com\\\/tr\\\/bingo\\\/en-iyi-bingo-web-siteleri-hakkinda-ipuclari\\\/#primaryimage\"},\"thumbnailUrl\":\"https:\\\/\\\/gambling6.com\\\/wp-content\\\/uploads\\\/2013\\\/12\\\/img_110.png\",\"datePublished\":\"2025-11-07T18:20:30+00:00\",\"dateModified\":\"2025-11-12T12:13:47+00:00\",\"description\":\"En iyi bingo sitesini se\u00e7mek \u00f6nemlidir - ama hangi siteyi se\u00e7melisiniz? Cevaplar\u0131 burada bulabilirsiniz.\",\"breadcrumb\":{\"@id\":\"https:\\\/\\\/gambling6.com\\\/tr\\\/bingo\\\/en-iyi-bingo-web-siteleri-hakkinda-ipuclari\\\/#breadcrumb\"},\"inLanguage\":\"tr\",\"potentialAction\":[{\"@type\":\"ReadAction\",\"target\":[\"https:\\\/\\\/gambling6.com\\\/tr\\\/bingo\\\/en-iyi-bingo-web-siteleri-hakkinda-ipuclari\\\/\"]}]},{\"@type\":\"ImageObject\",\"inLanguage\":\"tr\",\"@id\":\"https:\\\/\\\/gambling6.com\\\/tr\\\/bingo\\\/en-iyi-bingo-web-siteleri-hakkinda-ipuclari\\\/#primaryimage\",\"url\":\"https:\\\/\\\/gambling6.com\\\/wp-content\\\/uploads\\\/2013\\\/12\\\/img_110.png\",\"contentUrl\":\"https:\\\/\\\/gambling6.com\\\/wp-content\\\/uploads\\\/2013\\\/12\\\/img_110.png\",\"width\":288,\"height\":175},{\"@type\":\"BreadcrumbList\",\"@id\":\"https:\\\/\\\/gambling6.com\\\/tr\\\/bingo\\\/en-iyi-bingo-web-siteleri-hakkinda-ipuclari\\\/#breadcrumb\",\"itemListElement\":[{\"@type\":\"ListItem\",\"position\":1,\"name\":\"Home\",\"item\":\"https:\\\/\\\/gambling6.com\\\/tr\\\/home\\\/\"},{\"@type\":\"ListItem\",\"position\":2,\"name\":\"Bingo\",\"item\":\"https:\\\/\\\/gambling6.com\\\/tr\\\/all-about-bingo\\\/\"},{\"@type\":\"ListItem\",\"position\":3,\"name\":\"En \u0130yi Bingo Web Siteleri Hakk\u0131nda \u0130pu\u00e7lar\u0131\"}]},{\"@type\":\"WebSite\",\"@id\":\"https:\\\/\\\/gambling6.com\\\/tr\\\/#website\",\"url\":\"https:\\\/\\\/gambling6.com\\\/tr\\\/\",\"name\":\"Gambling6\",\"description\":\"\",\"potentialAction\":[{\"@type\":\"SearchAction\",\"target\":{\"@type\":\"EntryPoint\",\"urlTemplate\":\"https:\\\/\\\/gambling6.com\\\/tr\\\/?s={search_term_string}\"},\"query-input\":{\"@type\":\"PropertyValueSpecification\",\"valueRequired\":true,\"valueName\":\"search_term_string\"}}],\"inLanguage\":\"tr\"}]}<\/script>\n<!-- \/ Yoast SEO plugin. -->","yoast_head_json":{"title":"Bingo \u0130pu\u00e7lar\u0131 - En \u0130yi Bingo Siteleri Hangileridir?","description":"En iyi bingo sitesini se\u00e7mek \u00f6nemlidir - ama hangi siteyi se\u00e7melisiniz? Cevaplar\u0131 burada bulabilirsiniz.","robots":{"index":"index","follow":"follow","max-snippet":"max-snippet:-1","max-image-preview":"max-image-preview:large","max-video-preview":"max-video-preview:-1"},"canonical":"https:\/\/gambling6.com\/tr\/bingo\/en-iyi-bingo-web-siteleri-hakkinda-ipuclari\/","og_locale":"tr_TR","og_type":"article","og_title":"Bingo \u0130pu\u00e7lar\u0131 - En \u0130yi Bingo Siteleri Hangileridir?","og_description":"En iyi bingo sitesini se\u00e7mek \u00f6nemlidir - ama hangi siteyi se\u00e7melisiniz? Cevaplar\u0131 burada bulabilirsiniz.","og_url":"https:\/\/gambling6.com\/tr\/bingo\/en-iyi-bingo-web-siteleri-hakkinda-ipuclari\/","og_site_name":"Gambling6","article_modified_time":"2025-11-12T12:13:47+00:00","og_image":[{"width":288,"height":175,"url":"https:\/\/gambling6.com\/wp-content\/uploads\/2013\/12\/img_110.png","type":"image\/png"}],"twitter_card":"summary_large_image","twitter_misc":{"Tahmini okuma s\u00fcresi":"3 dakika"},"schema":{"@context":"https:\/\/schema.org","@graph":[{"@type":"WebPage","@id":"https:\/\/gambling6.com\/tr\/bingo\/en-iyi-bingo-web-siteleri-hakkinda-ipuclari\/","url":"https:\/\/gambling6.com\/tr\/bingo\/en-iyi-bingo-web-siteleri-hakkinda-ipuclari\/","name":"Bingo \u0130pu\u00e7lar\u0131 - En \u0130yi Bingo Siteleri Hangileridir?","isPartOf":{"@id":"https:\/\/gambling6.com\/tr\/#website"},"primaryImageOfPage":{"@id":"https:\/\/gambling6.com\/tr\/bingo\/en-iyi-bingo-web-siteleri-hakkinda-ipuclari\/#primaryimage"},"image":{"@id":"https:\/\/gambling6.com\/tr\/bingo\/en-iyi-bingo-web-siteleri-hakkinda-ipuclari\/#primaryimage"},"thumbnailUrl":"https:\/\/gambling6.com\/wp-content\/uploads\/2013\/12\/img_110.png","datePublished":"2025-11-07T18:20:30+00:00","dateModified":"2025-11-12T12:13:47+00:00","description":"En iyi bingo sitesini se\u00e7mek \u00f6nemlidir - ama hangi siteyi se\u00e7melisiniz? Cevaplar\u0131 burada bulabilirsiniz.","breadcrumb":{"@id":"https:\/\/gambling6.com\/tr\/bingo\/en-iyi-bingo-web-siteleri-hakkinda-ipuclari\/#breadcrumb"},"inLanguage":"tr","potentialAction":[{"@type":"ReadAction","target":["https:\/\/gambling6.com\/tr\/bingo\/en-iyi-bingo-web-siteleri-hakkinda-ipuclari\/"]}]},{"@type":"ImageObject","inLanguage":"tr","@id":"https:\/\/gambling6.com\/tr\/bingo\/en-iyi-bingo-web-siteleri-hakkinda-ipuclari\/#primaryimage","url":"https:\/\/gambling6.com\/wp-content\/uploads\/2013\/12\/img_110.png","contentUrl":"https:\/\/gambling6.com\/wp-content\/uploads\/2013\/12\/img_110.png","width":288,"height":175},{"@type":"BreadcrumbList","@id":"https:\/\/gambling6.com\/tr\/bingo\/en-iyi-bingo-web-siteleri-hakkinda-ipuclari\/#breadcrumb","itemListElement":[{"@type":"ListItem","position":1,"name":"Home","item":"https:\/\/gambling6.com\/tr\/home\/"},{"@type":"ListItem","position":2,"name":"Bingo","item":"https:\/\/gambling6.com\/tr\/all-about-bingo\/"},{"@type":"ListItem","position":3,"name":"En \u0130yi Bingo Web Siteleri Hakk\u0131nda \u0130pu\u00e7lar\u0131"}]},{"@type":"WebSite","@id":"https:\/\/gambling6.com\/tr\/#website","url":"https:\/\/gambling6.com\/tr\/","name":"Gambling6","description":"","potentialAction":[{"@type":"SearchAction","target":{"@type":"EntryPoint","urlTemplate":"https:\/\/gambling6.com\/tr\/?s={search_term_string}"},"query-input":{"@type":"PropertyValueSpecification","valueRequired":true,"valueName":"search_term_string"}}],"inLanguage":"tr"}]}},"_links":{"self":[{"href":"https:\/\/gambling6.com\/tr\/wp-json\/wp\/v2\/pages\/8476","targetHints":{"allow":["GET"]}}],"collection":[{"href":"https:\/\/gambling6.com\/tr\/wp-json\/wp\/v2\/pages"}],"about":[{"href":"https:\/\/gambling6.com\/tr\/wp-json\/wp\/v2\/types\/page"}],"author":[{"embeddable":true,"href":"https:\/\/gambling6.com\/tr\/wp-json\/wp\/v2\/users\/1"}],"replies":[{"embeddable":true,"href":"https:\/\/gambling6.com\/tr\/wp-json\/wp\/v2\/comments?post=8476"}],"version-history":[{"count":2,"href":"https:\/\/gambling6.com\/tr\/wp-json\/wp\/v2\/pages\/8476\/revisions"}],"predecessor-version":[{"id":10632,"href":"https:\/\/gambling6.com\/tr\/wp-json\/wp\/v2\/pages\/8476\/revisions\/10632"}],"up":[{"embeddable":true,"href":"https:\/\/gambling6.com\/tr\/wp-json\/wp\/v2\/pages\/8545"}],"wp:featuredmedia":[{"embeddable":true,"href":"https:\/\/gambling6.com\/tr\/wp-json\/wp\/v2\/media\/8445"}],"wp:attachment":[{"href":"https:\/\/gambling6.com\/tr\/wp-json\/wp\/v2\/media?parent=8476"}],"curies":[{"name":"wp","href":"https:\/\/api.w.org\/{rel}","templated":true}]}}