{"id":8545,"date":"2025-11-07T19:58:02","date_gmt":"2025-11-07T19:58:02","guid":{"rendered":"https:\/\/gambling6.com\/bingo\/"},"modified":"2025-11-12T11:58:11","modified_gmt":"2025-11-12T11:58:11","slug":"bingo","status":"publish","type":"page","link":"https:\/\/gambling6.com\/tr\/bingo\/","title":{"rendered":"Bingo"},"content":{"rendered":"<h2>Bingo hakk\u0131nda temel bilgiler<\/h2>\n<p><a href=\"https:\/\/record.revenueplanet.com\/_BoBybWC_aAMWqcfzuvZcQMni_MQzyHn0\/1\/\" target=\"_new\"><img loading=\"lazy\" decoding=\"async\" class=\"alignright\" style=\"border: none;\" src=\"https:\/\/media.revenueplanet.com\/uploads\/nbb-120x600-oct-free.gif\" alt=\"BingoBilly \u00dccretsiz Bingo\" width=\"120\" height=\"600\" \/><\/a>Bingo oyunu hem gen\u00e7lere hem de ya\u015fl\u0131lara y\u00f6neliktir. Bu oyunun k\u00f6keni, 16. y\u00fczy\u0131lda &#8220;Il Giuoco del Lotto d&#8217;Italia&#8221; ad\u0131yla oynanan ve ard\u0131ndan Avrupa&#8217;ya yay\u0131lan \u0130talya&#8217;ya dayan\u0131r. Bingo, zaman\u0131n, tepkinin, oyun alg\u0131s\u0131n\u0131n ve en \u00f6nemlisi \u015fans\u0131n rol oynad\u0131\u011f\u0131 sosyal bir oyundur.<\/p>\n<p>Zamanla, insanlar kazanma \u015fanslar\u0131n\u0131 art\u0131rmak i\u00e7in daha do\u011fru hesaplamalar tasarlamak \u00fczere farkl\u0131 stratejiler bulmaya \u00e7al\u0131\u015ft\u0131lar. Baz\u0131lar\u0131 ba\u015far\u0131s\u0131z oldu, baz\u0131lar\u0131 ise ba\u015far\u0131l\u0131 oldu. \u00c7evrimi\u00e7i bingo, 1990&#8217;lar\u0131n ortalar\u0131nda ortaya \u00e7\u0131kt\u0131 ve o zamandan beri s\u00fcrekli olarak geli\u015ftirildi. \u00c7evrimi\u00e7i bingonun, \u00e7evrimd\u0131\u015f\u0131 bingonun aksine avantajlar\u0131 \u015funlard\u0131r:<\/p>\n<ul>\n<li>Evden oynayabilirsiniz<\/li>\n<li>Her \u015fey kolayd\u0131r<\/li>\n<li>Bonuslar ve \u00f6d\u00fcller sunarlar<\/li>\n<li>\u00dccretsiz oynayabilirsiniz<\/li>\n<li>G\u00fcn\u00fcn herhangi bir saatinde oynayabilirsiniz<\/li>\n<li>Ger\u00e7ek zamanl\u0131 \u00e7evrimi\u00e7i destek mevcuttur<\/li>\n<\/ul>\n<p>Yeni ba\u015flayanlar i\u00e7in, oyunun kurallar\u0131na ve h\u0131z\u0131na uyum sa\u011flamalar\u0131n\u0131 sa\u011flayacak demo oyunlar\u0131 oynamalar\u0131 \u00f6nerilir. Oyunun stratejileri \u00f6deme garantisi vermez, ancak kazanma \u015fans\u0131n\u0131 art\u0131r\u0131r. Ayr\u0131ca, oyuncu say\u0131s\u0131n\u0131n az oldu\u011fu bir odada oynaman\u0131z \u00f6nerilir. Daha deneyimli oyuncular i\u00e7in m\u00fcmk\u00fcn oldu\u011funca \u00e7ok kartla oynamak iyi bir fikirdir; bu, kazanma \u015fanslar\u0131n\u0131 art\u0131r\u0131r. Bingo oyunu 30, 75, 80 ve 90 topla oynan\u0131r.<\/p>\n<p>En iyi se\u00e7ene\u011finiz <a class=\"thirstylink\" title=\"Bingo Billy en\" href=\"https:\/\/gambling6.com\/go\/bingobilly-en\/\" target=\"_blank\" rel=\"nofollow noopener\">Bingo Billy &#8211; oynamak i\u00e7in buraya t\u0131klay\u0131n<\/a> olacakt\u0131r ve ba\u015flang\u0131\u00e7 \u200b\u200bi\u00e7in 30$ de\u011ferinde bingo bileti kazanacaks\u0131n\u0131z! Bingo Billy, ABD dahil d\u00fcnyan\u0131n d\u00f6rt bir yan\u0131ndan oyuncular\u0131 kabul etmektedir.<\/p>\n<h2>30 Toplu Bingo Oyunu<\/h2>\n<p>Oyuncu toplam 30 top se\u00e7er ve 1&#8217;den 75&#8217;e kadar bir \u00f6l\u00e7ek kullan\u0131r. Bingo alanlar\u0131 be\u015f veya be\u015f kareden olu\u015fur. Bileti sat\u0131n ald\u0131ktan sonra, oyuncu toplam 30 say\u0131 se\u00e7melidir. Say\u0131lar otomatik olarak \u00e7ekilir ve bilet \u00fczerine i\u015faretlenir. Bingo, oyuncu dikey, yatay veya \u00e7apraz bir \u00e7izgi olu\u015fturacak be\u015f veya alt\u0131 say\u0131 \u00e7ekti\u011finde tamamlan\u0131r. 30 topun tamam\u0131 \u00e7\u0131kar\u0131ld\u0131\u011f\u0131nda oyun sona erer. En \u00e7ok bingo s\u0131ras\u0131na sahip olan oyuncu kazanan ilan edilir.<\/p>\n<h2>90 Toplu Bingo Oyunu<\/h2>\n<p>Tahta, toplam 27 kareden olu\u015fan 9 ila 3&#8217;l\u00fck gruplardan olu\u015fur. Her s\u0131rada 5 say\u0131 ve 4 bo\u015f kare bulunur. Karttaki toplam say\u0131 say\u0131s\u0131 15&#8217;tir.<\/p>\n<h2>80 Toplu Bingo Oyunu<\/h2>\n<p>Burada, her kartta 16 say\u0131, 4 sat\u0131r ve 4 s\u00fctun bulunur.<\/p>\n<h2>\u00c7evrimi\u00e7i Bingo Stratejileri<\/h2>\n<p>Joseph E. Granville, &#8220;olas\u0131l\u0131klar\u0131 %50&#8217;ye kadar art\u0131rabilece\u011fini&#8221; s\u00f6ylemi\u015ftir. Ayr\u0131ca, ger\u00e7ekten rastgele \u00e7ekilen say\u0131lar\u0131n \u015fu kal\u0131ba sahip oldu\u011funu da s\u00f6yledi: 1, 2, 3, 4, 5, 6, 7, 8, 9 ile biten e\u015fit say\u0131da say\u0131, b\u00fcy\u00fck ve k\u00fc\u00e7\u00fck say\u0131lar dengededir ve oyunun yenilenmesiyle birlikte 38 say\u0131s\u0131na, daha do\u011frusu ortaya yakla\u015fan say\u0131lar \u00e7\u0131kar.<\/p>\n<p>Joseph E. Granville&#8217;in kal\u0131b\u0131n\u0131 izleyen bir rastgele piyango \u00f6rne\u011fi 6, 11, 24, 32, 43, 57, 38, 69&#8217;dur. \u0130ngiliz istatistik\u00e7i L.C.H. Tippet, say\u0131lar\u0131n 38&#8217;e yak\u0131n olma olas\u0131l\u0131\u011f\u0131yla \u00e7ekildi\u011fine dair bir teori ortaya att\u0131. Bununla birlikte, emrinizde \u00e7ok \u00e7e\u015fitli siteler ve bingo oyunlar\u0131 d\u00fcnyas\u0131na k\u0131sa bir giri\u015f bulunmaktad\u0131r. Tercihlerinize ba\u011fl\u0131 olarak, sizin i\u00e7in en uygun s\u00fcr\u00fcm\u00fcn hangisi oldu\u011funa karar verebilirsiniz. Bol \u015fans!<\/p>\n","protected":false},"excerpt":{"rendered":"<p>Bingo hakk\u0131nda temel bilgiler Bingo oyunu hem gen\u00e7lere hem de ya\u015fl\u0131lara y\u00f6neliktir. Bu oyunun k\u00f6keni, 16. y\u00fczy\u0131lda &#8220;Il Giuoco del Lotto d&#8217;Italia&#8221; ad\u0131yla oynanan ve ard\u0131ndan Avrupa&#8217;ya yay\u0131lan \u0130talya&#8217;ya dayan\u0131r. Bingo, zaman\u0131n, tepkinin, oyun alg\u0131s\u0131n\u0131n ve en \u00f6nemlisi \u015fans\u0131n rol oynad\u0131\u011f\u0131 sosyal bir oyundur. Zamanla, insanlar kazanma \u015fanslar\u0131n\u0131 art\u0131rmak i\u00e7in daha do\u011fru hesaplamalar tasarlamak \u00fczere [&hellip;]<\/p>\n","protected":false},"author":1,"featured_media":0,"parent":0,"menu_order":6,"comment_status":"closed","ping_status":"closed","template":"","meta":{"footnotes":""},"class_list":["post-8545","page","type-page","status-publish","hentry"],"yoast_head":"<!-- This site is optimized with the Yoast SEO plugin v27.4 - https:\/\/yoast.com\/product\/yoast-seo-wordpress\/ -->\n<title>Grundl\u00e4ggande information om bingo<\/title>\n<meta name=\"description\" content=\"Allt om bingo online, och de b\u00e4sta sajterna att spela bingo online\" \/>\n<meta name=\"robots\" content=\"index, follow, max-snippet:-1, max-image-preview:large, max-video-preview:-1\" \/>\n<link rel=\"canonical\" href=\"https:\/\/gambling6.com\/tr\/bingo\/\" \/>\n<meta property=\"og:locale\" content=\"tr_TR\" \/>\n<meta property=\"og:type\" content=\"article\" \/>\n<meta property=\"og:title\" content=\"Grundl\u00e4ggande information om bingo\" \/>\n<meta property=\"og:description\" content=\"Allt om bingo online, och de b\u00e4sta sajterna att spela bingo online\" \/>\n<meta property=\"og:url\" content=\"https:\/\/gambling6.com\/tr\/bingo\/\" \/>\n<meta property=\"og:site_name\" content=\"Gambling6\" \/>\n<meta property=\"article:modified_time\" content=\"2025-11-12T11:58:11+00:00\" \/>\n<meta property=\"og:image\" content=\"https:\/\/media.revenueplanet.com\/uploads\/nbb-120x600-oct-free.gif\" \/>\n<meta name=\"twitter:card\" content=\"summary_large_image\" \/>\n<meta name=\"twitter:label1\" content=\"Tahmini okuma s\u00fcresi\" \/>\n\t<meta name=\"twitter:data1\" content=\"3 dakika\" \/>\n<script type=\"application\/ld+json\" class=\"yoast-schema-graph\">{\"@context\":\"https:\\\/\\\/schema.org\",\"@graph\":[{\"@type\":\"WebPage\",\"@id\":\"https:\\\/\\\/gambling6.com\\\/tr\\\/bingo\\\/\",\"url\":\"https:\\\/\\\/gambling6.com\\\/tr\\\/bingo\\\/\",\"name\":\"Grundl\u00e4ggande information om bingo\",\"isPartOf\":{\"@id\":\"https:\\\/\\\/gambling6.com\\\/tr\\\/#website\"},\"primaryImageOfPage\":{\"@id\":\"https:\\\/\\\/gambling6.com\\\/tr\\\/bingo\\\/#primaryimage\"},\"image\":{\"@id\":\"https:\\\/\\\/gambling6.com\\\/tr\\\/bingo\\\/#primaryimage\"},\"thumbnailUrl\":\"https:\\\/\\\/media.revenueplanet.com\\\/uploads\\\/nbb-120x600-oct-free.gif\",\"datePublished\":\"2025-11-07T19:58:02+00:00\",\"dateModified\":\"2025-11-12T11:58:11+00:00\",\"description\":\"Allt om bingo online, och de b\u00e4sta sajterna att spela bingo online\",\"breadcrumb\":{\"@id\":\"https:\\\/\\\/gambling6.com\\\/tr\\\/bingo\\\/#breadcrumb\"},\"inLanguage\":\"tr\",\"potentialAction\":[{\"@type\":\"ReadAction\",\"target\":[\"https:\\\/\\\/gambling6.com\\\/tr\\\/bingo\\\/\"]}]},{\"@type\":\"ImageObject\",\"inLanguage\":\"tr\",\"@id\":\"https:\\\/\\\/gambling6.com\\\/tr\\\/bingo\\\/#primaryimage\",\"url\":\"https:\\\/\\\/media.revenueplanet.com\\\/uploads\\\/nbb-120x600-oct-free.gif\",\"contentUrl\":\"https:\\\/\\\/media.revenueplanet.com\\\/uploads\\\/nbb-120x600-oct-free.gif\"},{\"@type\":\"BreadcrumbList\",\"@id\":\"https:\\\/\\\/gambling6.com\\\/tr\\\/bingo\\\/#breadcrumb\",\"itemListElement\":[{\"@type\":\"ListItem\",\"position\":1,\"name\":\"Home\",\"item\":\"https:\\\/\\\/gambling6.com\\\/tr\\\/home\\\/\"},{\"@type\":\"ListItem\",\"position\":2,\"name\":\"Bingo\"}]},{\"@type\":\"WebSite\",\"@id\":\"https:\\\/\\\/gambling6.com\\\/tr\\\/#website\",\"url\":\"https:\\\/\\\/gambling6.com\\\/tr\\\/\",\"name\":\"Gambling6\",\"description\":\"\",\"potentialAction\":[{\"@type\":\"SearchAction\",\"target\":{\"@type\":\"EntryPoint\",\"urlTemplate\":\"https:\\\/\\\/gambling6.com\\\/tr\\\/?s={search_term_string}\"},\"query-input\":{\"@type\":\"PropertyValueSpecification\",\"valueRequired\":true,\"valueName\":\"search_term_string\"}}],\"inLanguage\":\"tr\"}]}<\/script>\n<!-- \/ Yoast SEO plugin. -->","yoast_head_json":{"title":"Grundl\u00e4ggande information om bingo","description":"Allt om bingo online, och de b\u00e4sta sajterna att spela bingo online","robots":{"index":"index","follow":"follow","max-snippet":"max-snippet:-1","max-image-preview":"max-image-preview:large","max-video-preview":"max-video-preview:-1"},"canonical":"https:\/\/gambling6.com\/tr\/bingo\/","og_locale":"tr_TR","og_type":"article","og_title":"Grundl\u00e4ggande information om bingo","og_description":"Allt om bingo online, och de b\u00e4sta sajterna att spela bingo online","og_url":"https:\/\/gambling6.com\/tr\/bingo\/","og_site_name":"Gambling6","article_modified_time":"2025-11-12T11:58:11+00:00","og_image":[{"url":"https:\/\/media.revenueplanet.com\/uploads\/nbb-120x600-oct-free.gif","type":"","width":"","height":""}],"twitter_card":"summary_large_image","twitter_misc":{"Tahmini okuma s\u00fcresi":"3 dakika"},"schema":{"@context":"https:\/\/schema.org","@graph":[{"@type":"WebPage","@id":"https:\/\/gambling6.com\/tr\/bingo\/","url":"https:\/\/gambling6.com\/tr\/bingo\/","name":"Grundl\u00e4ggande information om bingo","isPartOf":{"@id":"https:\/\/gambling6.com\/tr\/#website"},"primaryImageOfPage":{"@id":"https:\/\/gambling6.com\/tr\/bingo\/#primaryimage"},"image":{"@id":"https:\/\/gambling6.com\/tr\/bingo\/#primaryimage"},"thumbnailUrl":"https:\/\/media.revenueplanet.com\/uploads\/nbb-120x600-oct-free.gif","datePublished":"2025-11-07T19:58:02+00:00","dateModified":"2025-11-12T11:58:11+00:00","description":"Allt om bingo online, och de b\u00e4sta sajterna att spela bingo online","breadcrumb":{"@id":"https:\/\/gambling6.com\/tr\/bingo\/#breadcrumb"},"inLanguage":"tr","potentialAction":[{"@type":"ReadAction","target":["https:\/\/gambling6.com\/tr\/bingo\/"]}]},{"@type":"ImageObject","inLanguage":"tr","@id":"https:\/\/gambling6.com\/tr\/bingo\/#primaryimage","url":"https:\/\/media.revenueplanet.com\/uploads\/nbb-120x600-oct-free.gif","contentUrl":"https:\/\/media.revenueplanet.com\/uploads\/nbb-120x600-oct-free.gif"},{"@type":"BreadcrumbList","@id":"https:\/\/gambling6.com\/tr\/bingo\/#breadcrumb","itemListElement":[{"@type":"ListItem","position":1,"name":"Home","item":"https:\/\/gambling6.com\/tr\/home\/"},{"@type":"ListItem","position":2,"name":"Bingo"}]},{"@type":"WebSite","@id":"https:\/\/gambling6.com\/tr\/#website","url":"https:\/\/gambling6.com\/tr\/","name":"Gambling6","description":"","potentialAction":[{"@type":"SearchAction","target":{"@type":"EntryPoint","urlTemplate":"https:\/\/gambling6.com\/tr\/?s={search_term_string}"},"query-input":{"@type":"PropertyValueSpecification","valueRequired":true,"valueName":"search_term_string"}}],"inLanguage":"tr"}]}},"_links":{"self":[{"href":"https:\/\/gambling6.com\/tr\/wp-json\/wp\/v2\/pages\/8545","targetHints":{"allow":["GET"]}}],"collection":[{"href":"https:\/\/gambling6.com\/tr\/wp-json\/wp\/v2\/pages"}],"about":[{"href":"https:\/\/gambling6.com\/tr\/wp-json\/wp\/v2\/types\/page"}],"author":[{"embeddable":true,"href":"https:\/\/gambling6.com\/tr\/wp-json\/wp\/v2\/users\/1"}],"replies":[{"embeddable":true,"href":"https:\/\/gambling6.com\/tr\/wp-json\/wp\/v2\/comments?post=8545"}],"version-history":[{"count":1,"href":"https:\/\/gambling6.com\/tr\/wp-json\/wp\/v2\/pages\/8545\/revisions"}],"predecessor-version":[{"id":10610,"href":"https:\/\/gambling6.com\/tr\/wp-json\/wp\/v2\/pages\/8545\/revisions\/10610"}],"wp:attachment":[{"href":"https:\/\/gambling6.com\/tr\/wp-json\/wp\/v2\/media?parent=8545"}],"curies":[{"name":"wp","href":"https:\/\/api.w.org\/{rel}","templated":true}]}}