{"id":8591,"date":"2025-11-07T21:03:13","date_gmt":"2025-11-07T21:03:13","guid":{"rendered":"https:\/\/gambling6.com\/kumarhane\/mobil-olmak-hareket-halinde-kumar-oynamak\/"},"modified":"2025-11-12T09:30:47","modified_gmt":"2025-11-12T09:30:47","slug":"mobil-olmak-hareket-halinde-kumar-oynamak","status":"publish","type":"page","link":"https:\/\/gambling6.com\/tr\/kumarhane\/mobil-olmak-hareket-halinde-kumar-oynamak\/","title":{"rendered":"Mobil Olmak \u2013 Hareket Halinde Kumar Oynamak"},"content":{"rendered":"<h2>Mobil Cihazlarda Online Kumar<\/h2>\n<h3>HTML5 ve Yerel Uygulamalar \u2013 se\u00e7im sizin!<\/h3>\n<p>\u0130yi bir Kumar Rehberi&#8217;ne bakt\u0131\u011f\u0131n\u0131zda, favori se\u00e7eneklerinin keyfini internet \u00fczerinden \u00e7\u0131karmak isteyen oyuncular i\u00e7in bir\u00e7ok harika se\u00e7enek oldu\u011funu g\u00f6rmek kolayd\u0131r. \u00c7e\u015fitli siteler, hemen hemen her kategoride g\u00fcvenli online kumar hizmeti sunar; poker, casino ve spor bahisleri genellikle listenin ba\u015f\u0131nda yer al\u0131r. Bu pazardaki d\u00fczenlemelere ra\u011fmen, ABD&#8217;li oyuncular i\u00e7in de se\u00e7enekler bulundu\u011funu unutmamak \u00f6nemlidir, bu nedenle Amerikal\u0131lar bir iGambling portal\u0131 arac\u0131l\u0131\u011f\u0131yla g\u00fcvenilir bir site bulmakta sorun ya\u015famamal\u0131d\u0131r.<\/p>\n<p><img loading=\"lazy\" decoding=\"async\" class=\" alignright size-full wp-image-400\" style=\"margin: 5px; float: right;\" src=\"http:\/\/gambling6.com\/wp-content\/uploads\/2013\/12\/mobile-gambling-150x150.jpg\" alt=\"mobil kumar uygulamalar\u0131\" width=\"150\" height=\"150\" \/>\u00c7evrimi\u00e7i kumar sekt\u00f6r\u00fc b\u00fcy\u00fcmeye devam ederken, gidi\u015fat mobil oyunlara do\u011fru gidiyor gibi g\u00f6r\u00fcn\u00fcyor. Sekt\u00f6rdeki neredeyse t\u00fcm b\u00fcy\u00fck operat\u00f6rlerin, kullan\u0131c\u0131lar\u0131n\u0131n evde ak\u0131ll\u0131 telefonlar\u0131ndan ald\u0131klar\u0131 hizmetlere eri\u015fmelerini sa\u011flayan bir mobil uygulamas\u0131 var veya \u015fu anda \u00fczerinde \u00e7al\u0131\u015f\u0131yorlar. Intralot&#8217;un bilgi ba\u015fkan\u0131 Dr. Christos Dimitriadis, yak\u0131n zamanda verdi\u011fi bir r\u00f6portajda, mobil kumar\u0131n t\u00fcm Avrupa Birli\u011fi \u00fclkelerinde yasal hale gelece\u011fini s\u00f6yledi.<\/p>\n<p>Bunun ne zaman ger\u00e7ekle\u015fece\u011fini belirtmese de, devletlerin kumar \u00fczerindeki kontrol\u00fc elinde tutmas\u0131 gerekti\u011fi ger\u00e7e\u011fi, mobil kumar\u0131 yasal ve titizlikle d\u00fczenlenmesini zorunlu k\u0131l\u0131yor. Giderek daha fazla oyuncu mobil cihazlardan bahis oynad\u0131k\u00e7a, belirli pazarlardaki hem operat\u00f6rlerin hem de d\u00fczenleyicilerin ideal bir \u00e7\u00f6z\u00fcme ula\u015fmak i\u00e7in birlikte \u00e7al\u0131\u015fmas\u0131 gerekiyor.<\/p>\n<h2>HTML5<\/h2>\n<p>\u00c7evrimi\u00e7i kumar pazar\u0131ndaki baz\u0131 b\u00fcy\u00fck operat\u00f6rler, mobil tekliflerini geli\u015ftirmek i\u00e7in \u00f6nemli ad\u0131mlar att\u0131. 888, d\u00fcnya \u00e7ap\u0131nda, \u00f6zellikle de neredeyse t\u00fcm d\u00fcnyay\u0131 kapsayan ve t\u00fcm b\u00fcy\u00fck spor dallar\u0131na ve \u00e7e\u015fitli liglere bahis imkan\u0131 sunan \u00e7evrimi\u00e7i spor bahisleriyle tan\u0131n\u0131yor. Site ayr\u0131ca casino oyunlar\u0131, poker, bingo ve di\u011fer \u00e7evrimi\u00e7i oyun kategorilerine de sahip ve bu da onu sekt\u00f6rdeki en b\u00fcy\u00fck isimlerden biri yap\u0131yor.<\/p>\n<p><a class=\"thirstylink\" title=\"888 casino en\" href=\"https:\/\/gambling6.com\/go\/888-casino-en\/\" target=\"_blank\" rel=\"nofollow noopener\"><strong>888 Casino&#8217;yu ziyaret etmek i\u00e7in buraya t\u0131klay\u0131n<\/strong><\/a> &#8211; \u00fccretsiz bir oyuncu hesab\u0131 olu\u015fturun, ard\u0131ndan mobil uygulamay\u0131 indirin.<\/p>\n<p>888, yak\u0131n zamanda oyuncular i\u00e7in \u00e7ok daha kullan\u0131\u015fl\u0131 hale getirmek amac\u0131yla mobil platformunu HTML5 s\u00fcr\u00fcm\u00fcne ge\u00e7irdi. Temel olarak, operat\u00f6r\u00fcn ses ve video ak\u0131\u015f\u0131 art\u0131k HTML5 ile desteklenecek ve bu da kullan\u0131c\u0131lar\u0131n Flash eklentisine ihtiya\u00e7 duymadan istedikleri cihazdan aksiyonlar\u0131 takip edebilmelerini sa\u011flayacak. Bu ayn\u0131 zamanda, kullan\u0131c\u0131lar\u0131n ger\u00e7ek zamanl\u0131 veri al\u0131rken bahis oynayabilmeleri sayesinde yeni olas\u0131l\u0131klar\u0131n da kap\u0131s\u0131n\u0131 aral\u0131yor. HTML5 s\u00fcr\u00fcm\u00fc ayr\u0131ca daha iyi bir kullan\u0131c\u0131 deneyimi sunuyor. Cihaz\u0131n ekran boyutunu, sistem \u00f6zelliklerini ve mevcut ba\u011flant\u0131lar\u0131 alg\u0131layabiliyor.<\/p>\n<p>Bu, her \u015feyin sorunsuz \u00e7al\u0131\u015fmas\u0131n\u0131 sa\u011flamak i\u00e7in gerekli \u00f6nlemlerin al\u0131nmas\u0131 anlam\u0131na geliyor; \u00f6rne\u011fin, bant geni\u015fli\u011fini korumak i\u00e7in video kalitesini d\u00fc\u015f\u00fcrmek veya videoyu ba\u015flatmadan \u00f6nce beklemek gibi. Kumar inceleme siteleri, siteleri g\u00fc\u00e7l\u00fc y\u00f6nlerine g\u00f6re farkl\u0131 kategorilere ay\u0131rarak g\u00fcvenilir bir \u00e7evrimi\u00e7i kumarhane bulmay\u0131 \u00e7ok daha kolay hale getiriyor. Baz\u0131 siteler mobil tekliflerine odaklanma e\u011filiminde ve ABD \u00e7evrimi\u00e7i kumarhaneleri her zaman tart\u0131\u015fmak i\u00e7in m\u00fckemmel bir konu.<\/p>\n<h2>Yerel uygulamalar<\/h2>\n<p>Yerel uygulamalar indirilip kurulmay\u0131 gerektiriyor, bu da mevcut \u00e7e\u015fitli mobil i\u015fletim sistemlerini desteklemek i\u00e7in farkl\u0131 s\u00fcr\u00fcmlerin olmas\u0131 gerekti\u011fi anlam\u0131na geliyor. Bunlar \u00e7evrimi\u00e7i kumarhaneler aras\u0131nda olduk\u00e7a yayg\u0131n olsa da, HTML5 kar\u015f\u0131s\u0131nda ger\u00e7ekten de geriliyorlar. Bunun bir\u00e7ok nedeni var; en \u00f6nemlisi, tek bir HTML5 s\u00fcr\u00fcm\u00fcn\u00fcn t\u00fcm mobil cihazlara uyum sa\u011flayabilmesi ve gerekli de\u011fi\u015fiklikleri kendi ba\u015f\u0131na yapabilmesidir. Yukar\u0131da da belirtildi\u011fi gibi, 888&#8217;in yerel uygulamalar\u0131n\u0131 terk etmeyece\u011fini veya HTML4 teknolojisini kullanmay\u0131 b\u0131rakmayaca\u011f\u0131n\u0131 belirtmek \u00f6nemlidir.<\/p>\n<p>Bu, di\u011fer operat\u00f6rler i\u00e7in de m\u00fckemmel bir \u00f6rnektir, \u00e7\u00fcnk\u00fc bir gecede HTML5&#8217;e ge\u00e7mek ve \u00f6nceki se\u00e7eneklerden vazge\u00e7mek, baz\u0131 kullan\u0131c\u0131lar\u0131n art\u0131k tekliflere eri\u015femeyece\u011fi anlam\u0131na gelir. T\u00fcm oyuncular yeni nesil yaz\u0131l\u0131mlar\u0131 m\u00fckemmel bir \u015fekilde \u00e7al\u0131\u015ft\u0131rmak i\u00e7in gereken teknolojiye sahip de\u011fil, bu nedenle bu, daha iyi mobil kumar oynama yolunda iyi bir ad\u0131m olsa da, mevcut m\u00fc\u015fterileri olumsuz etkilememelidir. Yerel uygulamalar, \u00e7e\u015fitli mobil cihazlarda \u00e7evrimi\u00e7i casino oyunlar\u0131n\u0131n keyfini \u00e7\u0131karman\u0131n harika bir yolu olmaya devam ediyor. Ba\u015flama s\u00fcreci genellikle uzun s\u00fcrmez, bu nedenle HTML5 t\u00fcm operat\u00f6rler i\u00e7in bir sonraki b\u00fcy\u00fck ad\u0131m olsa da, \u015fu anda mevcut olan teklifler de olduk\u00e7a harika.<\/p>\n","protected":false},"excerpt":{"rendered":"<p>Mobil Cihazlarda Online Kumar HTML5 ve Yerel Uygulamalar \u2013 se\u00e7im sizin! \u0130yi bir Kumar Rehberi&#8217;ne bakt\u0131\u011f\u0131n\u0131zda, favori se\u00e7eneklerinin keyfini internet \u00fczerinden \u00e7\u0131karmak isteyen oyuncular i\u00e7in bir\u00e7ok harika se\u00e7enek oldu\u011funu g\u00f6rmek kolayd\u0131r. \u00c7e\u015fitli siteler, hemen hemen her kategoride g\u00fcvenli online kumar hizmeti sunar; poker, casino ve spor bahisleri genellikle listenin ba\u015f\u0131nda yer al\u0131r. Bu pazardaki d\u00fczenlemelere [&hellip;]<\/p>\n","protected":false},"author":1,"featured_media":8575,"parent":8336,"menu_order":40,"comment_status":"closed","ping_status":"closed","template":"","meta":{"footnotes":""},"class_list":["post-8591","page","type-page","status-publish","has-post-thumbnail","hentry"],"yoast_head":"<!-- This site is optimized with the Yoast SEO plugin v27.4 - https:\/\/yoast.com\/product\/yoast-seo-wordpress\/ -->\n<title>Mobil Cihazlarda \u00c7evrimi\u00e7i Kumar<\/title>\n<meta name=\"description\" content=\"Mobil kumar giderek daha pop\u00fcler hale geliyor ve uygulamalar daha iyi grafiklere ve daha fazla \u00f6zelli\u011fe sahip oluyor.\" \/>\n<meta name=\"robots\" content=\"index, follow, max-snippet:-1, max-image-preview:large, max-video-preview:-1\" \/>\n<link rel=\"canonical\" href=\"https:\/\/gambling6.com\/tr\/kumarhane\/mobil-olmak-hareket-halinde-kumar-oynamak\/\" \/>\n<meta property=\"og:locale\" content=\"tr_TR\" \/>\n<meta property=\"og:type\" content=\"article\" \/>\n<meta property=\"og:title\" content=\"Mobil Cihazlarda \u00c7evrimi\u00e7i Kumar\" \/>\n<meta property=\"og:description\" content=\"Mobil kumar giderek daha pop\u00fcler hale geliyor ve uygulamalar daha iyi grafiklere ve daha fazla \u00f6zelli\u011fe sahip oluyor.\" \/>\n<meta property=\"og:url\" content=\"https:\/\/gambling6.com\/tr\/kumarhane\/mobil-olmak-hareket-halinde-kumar-oynamak\/\" \/>\n<meta property=\"og:site_name\" content=\"Gambling6\" \/>\n<meta property=\"article:modified_time\" content=\"2025-11-12T09:30:47+00:00\" \/>\n<meta property=\"og:image\" content=\"https:\/\/gambling6.com\/wp-content\/uploads\/2013\/12\/mobile-gambling-150x150.jpg\" \/>\n\t<meta property=\"og:image:width\" content=\"150\" \/>\n\t<meta property=\"og:image:height\" content=\"150\" \/>\n\t<meta property=\"og:image:type\" content=\"image\/jpeg\" \/>\n<meta name=\"twitter:card\" content=\"summary_large_image\" \/>\n<meta name=\"twitter:label1\" content=\"Tahmini okuma s\u00fcresi\" \/>\n\t<meta name=\"twitter:data1\" content=\"4 dakika\" \/>\n<script type=\"application\/ld+json\" class=\"yoast-schema-graph\">{\"@context\":\"https:\\\/\\\/schema.org\",\"@graph\":[{\"@type\":\"WebPage\",\"@id\":\"https:\\\/\\\/gambling6.com\\\/tr\\\/kumarhane\\\/mobil-olmak-hareket-halinde-kumar-oynamak\\\/\",\"url\":\"https:\\\/\\\/gambling6.com\\\/tr\\\/kumarhane\\\/mobil-olmak-hareket-halinde-kumar-oynamak\\\/\",\"name\":\"Mobil Cihazlarda \u00c7evrimi\u00e7i Kumar\",\"isPartOf\":{\"@id\":\"https:\\\/\\\/gambling6.com\\\/tr\\\/#website\"},\"primaryImageOfPage\":{\"@id\":\"https:\\\/\\\/gambling6.com\\\/tr\\\/kumarhane\\\/mobil-olmak-hareket-halinde-kumar-oynamak\\\/#primaryimage\"},\"image\":{\"@id\":\"https:\\\/\\\/gambling6.com\\\/tr\\\/kumarhane\\\/mobil-olmak-hareket-halinde-kumar-oynamak\\\/#primaryimage\"},\"thumbnailUrl\":\"https:\\\/\\\/gambling6.com\\\/wp-content\\\/uploads\\\/2013\\\/12\\\/mobile-gambling-150x150.jpg\",\"datePublished\":\"2025-11-07T21:03:13+00:00\",\"dateModified\":\"2025-11-12T09:30:47+00:00\",\"description\":\"Mobil kumar giderek daha pop\u00fcler hale geliyor ve uygulamalar daha iyi grafiklere ve daha fazla \u00f6zelli\u011fe sahip oluyor.\",\"breadcrumb\":{\"@id\":\"https:\\\/\\\/gambling6.com\\\/tr\\\/kumarhane\\\/mobil-olmak-hareket-halinde-kumar-oynamak\\\/#breadcrumb\"},\"inLanguage\":\"tr\",\"potentialAction\":[{\"@type\":\"ReadAction\",\"target\":[\"https:\\\/\\\/gambling6.com\\\/tr\\\/kumarhane\\\/mobil-olmak-hareket-halinde-kumar-oynamak\\\/\"]}]},{\"@type\":\"ImageObject\",\"inLanguage\":\"tr\",\"@id\":\"https:\\\/\\\/gambling6.com\\\/tr\\\/kumarhane\\\/mobil-olmak-hareket-halinde-kumar-oynamak\\\/#primaryimage\",\"url\":\"https:\\\/\\\/gambling6.com\\\/wp-content\\\/uploads\\\/2013\\\/12\\\/mobile-gambling-150x150.jpg\",\"contentUrl\":\"https:\\\/\\\/gambling6.com\\\/wp-content\\\/uploads\\\/2013\\\/12\\\/mobile-gambling-150x150.jpg\",\"width\":150,\"height\":150,\"caption\":\"online slotmachine\"},{\"@type\":\"BreadcrumbList\",\"@id\":\"https:\\\/\\\/gambling6.com\\\/tr\\\/kumarhane\\\/mobil-olmak-hareket-halinde-kumar-oynamak\\\/#breadcrumb\",\"itemListElement\":[{\"@type\":\"ListItem\",\"position\":1,\"name\":\"Home\",\"item\":\"https:\\\/\\\/gambling6.com\\\/tr\\\/home\\\/\"},{\"@type\":\"ListItem\",\"position\":2,\"name\":\"Kumarhane\",\"item\":\"https:\\\/\\\/gambling6.com\\\/tr\\\/get-started-with-online-gambling\\\/\"},{\"@type\":\"ListItem\",\"position\":3,\"name\":\"Mobil Olmak \u2013 Hareket Halinde Kumar Oynamak\"}]},{\"@type\":\"WebSite\",\"@id\":\"https:\\\/\\\/gambling6.com\\\/tr\\\/#website\",\"url\":\"https:\\\/\\\/gambling6.com\\\/tr\\\/\",\"name\":\"Gambling6\",\"description\":\"\",\"potentialAction\":[{\"@type\":\"SearchAction\",\"target\":{\"@type\":\"EntryPoint\",\"urlTemplate\":\"https:\\\/\\\/gambling6.com\\\/tr\\\/?s={search_term_string}\"},\"query-input\":{\"@type\":\"PropertyValueSpecification\",\"valueRequired\":true,\"valueName\":\"search_term_string\"}}],\"inLanguage\":\"tr\"}]}<\/script>\n<!-- \/ Yoast SEO plugin. -->","yoast_head_json":{"title":"Mobil Cihazlarda \u00c7evrimi\u00e7i Kumar","description":"Mobil kumar giderek daha pop\u00fcler hale geliyor ve uygulamalar daha iyi grafiklere ve daha fazla \u00f6zelli\u011fe sahip oluyor.","robots":{"index":"index","follow":"follow","max-snippet":"max-snippet:-1","max-image-preview":"max-image-preview:large","max-video-preview":"max-video-preview:-1"},"canonical":"https:\/\/gambling6.com\/tr\/kumarhane\/mobil-olmak-hareket-halinde-kumar-oynamak\/","og_locale":"tr_TR","og_type":"article","og_title":"Mobil Cihazlarda \u00c7evrimi\u00e7i Kumar","og_description":"Mobil kumar giderek daha pop\u00fcler hale geliyor ve uygulamalar daha iyi grafiklere ve daha fazla \u00f6zelli\u011fe sahip oluyor.","og_url":"https:\/\/gambling6.com\/tr\/kumarhane\/mobil-olmak-hareket-halinde-kumar-oynamak\/","og_site_name":"Gambling6","article_modified_time":"2025-11-12T09:30:47+00:00","og_image":[{"width":150,"height":150,"url":"https:\/\/gambling6.com\/wp-content\/uploads\/2013\/12\/mobile-gambling-150x150.jpg","type":"image\/jpeg"}],"twitter_card":"summary_large_image","twitter_misc":{"Tahmini okuma s\u00fcresi":"4 dakika"},"schema":{"@context":"https:\/\/schema.org","@graph":[{"@type":"WebPage","@id":"https:\/\/gambling6.com\/tr\/kumarhane\/mobil-olmak-hareket-halinde-kumar-oynamak\/","url":"https:\/\/gambling6.com\/tr\/kumarhane\/mobil-olmak-hareket-halinde-kumar-oynamak\/","name":"Mobil Cihazlarda \u00c7evrimi\u00e7i Kumar","isPartOf":{"@id":"https:\/\/gambling6.com\/tr\/#website"},"primaryImageOfPage":{"@id":"https:\/\/gambling6.com\/tr\/kumarhane\/mobil-olmak-hareket-halinde-kumar-oynamak\/#primaryimage"},"image":{"@id":"https:\/\/gambling6.com\/tr\/kumarhane\/mobil-olmak-hareket-halinde-kumar-oynamak\/#primaryimage"},"thumbnailUrl":"https:\/\/gambling6.com\/wp-content\/uploads\/2013\/12\/mobile-gambling-150x150.jpg","datePublished":"2025-11-07T21:03:13+00:00","dateModified":"2025-11-12T09:30:47+00:00","description":"Mobil kumar giderek daha pop\u00fcler hale geliyor ve uygulamalar daha iyi grafiklere ve daha fazla \u00f6zelli\u011fe sahip oluyor.","breadcrumb":{"@id":"https:\/\/gambling6.com\/tr\/kumarhane\/mobil-olmak-hareket-halinde-kumar-oynamak\/#breadcrumb"},"inLanguage":"tr","potentialAction":[{"@type":"ReadAction","target":["https:\/\/gambling6.com\/tr\/kumarhane\/mobil-olmak-hareket-halinde-kumar-oynamak\/"]}]},{"@type":"ImageObject","inLanguage":"tr","@id":"https:\/\/gambling6.com\/tr\/kumarhane\/mobil-olmak-hareket-halinde-kumar-oynamak\/#primaryimage","url":"https:\/\/gambling6.com\/wp-content\/uploads\/2013\/12\/mobile-gambling-150x150.jpg","contentUrl":"https:\/\/gambling6.com\/wp-content\/uploads\/2013\/12\/mobile-gambling-150x150.jpg","width":150,"height":150,"caption":"online slotmachine"},{"@type":"BreadcrumbList","@id":"https:\/\/gambling6.com\/tr\/kumarhane\/mobil-olmak-hareket-halinde-kumar-oynamak\/#breadcrumb","itemListElement":[{"@type":"ListItem","position":1,"name":"Home","item":"https:\/\/gambling6.com\/tr\/home\/"},{"@type":"ListItem","position":2,"name":"Kumarhane","item":"https:\/\/gambling6.com\/tr\/get-started-with-online-gambling\/"},{"@type":"ListItem","position":3,"name":"Mobil Olmak \u2013 Hareket Halinde Kumar Oynamak"}]},{"@type":"WebSite","@id":"https:\/\/gambling6.com\/tr\/#website","url":"https:\/\/gambling6.com\/tr\/","name":"Gambling6","description":"","potentialAction":[{"@type":"SearchAction","target":{"@type":"EntryPoint","urlTemplate":"https:\/\/gambling6.com\/tr\/?s={search_term_string}"},"query-input":{"@type":"PropertyValueSpecification","valueRequired":true,"valueName":"search_term_string"}}],"inLanguage":"tr"}]}},"_links":{"self":[{"href":"https:\/\/gambling6.com\/tr\/wp-json\/wp\/v2\/pages\/8591","targetHints":{"allow":["GET"]}}],"collection":[{"href":"https:\/\/gambling6.com\/tr\/wp-json\/wp\/v2\/pages"}],"about":[{"href":"https:\/\/gambling6.com\/tr\/wp-json\/wp\/v2\/types\/page"}],"author":[{"embeddable":true,"href":"https:\/\/gambling6.com\/tr\/wp-json\/wp\/v2\/users\/1"}],"replies":[{"embeddable":true,"href":"https:\/\/gambling6.com\/tr\/wp-json\/wp\/v2\/comments?post=8591"}],"version-history":[{"count":1,"href":"https:\/\/gambling6.com\/tr\/wp-json\/wp\/v2\/pages\/8591\/revisions"}],"predecessor-version":[{"id":10471,"href":"https:\/\/gambling6.com\/tr\/wp-json\/wp\/v2\/pages\/8591\/revisions\/10471"}],"up":[{"embeddable":true,"href":"https:\/\/gambling6.com\/tr\/wp-json\/wp\/v2\/pages\/8336"}],"wp:featuredmedia":[{"embeddable":true,"href":"https:\/\/gambling6.com\/tr\/wp-json\/wp\/v2\/media\/8575"}],"wp:attachment":[{"href":"https:\/\/gambling6.com\/tr\/wp-json\/wp\/v2\/media?parent=8591"}],"curies":[{"name":"wp","href":"https:\/\/api.w.org\/{rel}","templated":true}]}}