{"id":8661,"date":"2025-11-07T22:31:08","date_gmt":"2025-11-07T22:31:08","guid":{"rendered":"https:\/\/gambling6.com\/avrupa-poker-sitelerinde-oynamak\/"},"modified":"2025-11-12T11:40:25","modified_gmt":"2025-11-12T11:40:25","slug":"avrupa-poker-sitelerinde-oynamak","status":"publish","type":"page","link":"https:\/\/gambling6.com\/tr\/poker\/avrupa-poker-sitelerinde-oynamak\/","title":{"rendered":"Avrupa Poker Sitelerinde Oynamak"},"content":{"rendered":"<h2>Avrupa Sitelerinde de poker var.<\/h2>\n<p>Son birka\u00e7 y\u0131lda pokerin pop\u00fclaritesi yeni zirvelere ula\u015ft\u0131. Avrupa \u00fclkeleri, \u00e7evrimi\u00e7i poker siteleri i\u00e7in \u00f6nemli bir pazar ve Amerikan H\u00fck\u00fcmeti&#8217;nin \u00e7evrimi\u00e7i kumara y\u00f6nelik bask\u0131s\u0131, i\u015fletmecileri Avrupa pazar\u0131na b\u00fcy\u00fck \u00f6l\u00e7\u00fcde odaklanmaya zorlad\u0131. Canl\u0131 poker Avrupal\u0131lar aras\u0131nda bir tutku olsa da, \u00e7evrimi\u00e7i poker, internet konusunda bilgili oyuncular aras\u0131nda h\u0131zla yayg\u0131nla\u015f\u0131yor. \u0130ngiltere, Avusturya ve Almanya gibi \u00fclkeler uluslararas\u0131 poker turlar\u0131na ve turnuvalar\u0131na bile ev sahipli\u011fi yap\u0131yor.<\/p>\n<p><img loading=\"lazy\" decoding=\"async\" class=\"size-full wp-image-3075 alignright\" src=\"https:\/\/gambling6.com\/wp-content\/uploads\/2022\/04\/poker_bonusode_test_bericht.png\" alt=\"avrupa poker siteleri\" width=\"246\" height=\"200\" \/>Avrupa k\u0131tas\u0131, Avrupa Birli\u011fi (AB) \u00fcyesi bir\u00e7ok \u00fclkeden olu\u015fur. \u00c7evrimi\u00e7i poker, Avrupa Birli\u011fi genelinde olumlu kar\u015f\u0131lanmaktad\u0131r; asl\u0131nda, \u00e7evrimi\u00e7i poker sitelerinin Avrupa pazarlar\u0131nda faaliyet g\u00f6stermesi yasaklanmam\u0131\u015ft\u0131r. Ancak her \u00fcye \u00fclke, \u00e7evrimi\u00e7i kumarla ilgili kendi yasalar\u0131n\u0131 uygulamaktad\u0131r. Bu nedenle, \u00e7evrimi\u00e7i pokerin Avrupa genelindeki yasall\u0131\u011f\u0131n\u0131 a\u00e7\u0131klamak olduk\u00e7a karma\u015f\u0131kt\u0131r. Avrupa Birli\u011fi&#8217;nin t\u00fcm \u00fcye \u00fclkeleri, di\u011fer \u00fcye \u00fclkelerden hizmet kabul etmek zorundad\u0131r, ancak her \u00fclke \u00e7evrimi\u00e7i kumar\u0131n yasall\u0131\u011f\u0131 konusunda karar verme \u00f6zg\u00fcrl\u00fc\u011f\u00fcne sahiptir.<\/p>\n<p>Sonu\u00e7 olarak, baz\u0131 AB \u00fclkeleri \u00e7evrimi\u00e7i kumar\u0131 yasaklam\u0131\u015f, baz\u0131lar\u0131 yasalla\u015ft\u0131rm\u0131\u015f, baz\u0131lar\u0131 ise mu\u011flak bir yakla\u015f\u0131m benimsemi\u015ftir. \u00c7evrimi\u00e7i kumar oynamak sorun te\u015fkil etmese de, Avrupal\u0131 \u200b\u200b\u00e7evrimi\u00e7i poker oyuncular\u0131 dikkatli davranmal\u0131d\u0131r; oynamaya karar vermeden \u00f6nce \u00e7evrimi\u00e7i kumarla ilgili yerel politikalar\u0131 kontrol etmeleri \u00f6nerilir. \u00c7evrimi\u00e7i poker siteleri Avrupa Birli\u011fi taraf\u0131ndan vergilendirilip d\u00fczenlense de, \u00fcye \u00fclkelerin \u00e7evrimi\u00e7i kumarla ilgili yasalar\u0131nda farkl\u0131l\u0131klar bulunmaktad\u0131r.<\/p>\n<h2>Avrupal\u0131 \u200b\u200boyuncular i\u00e7in en iyi \u00e7evrimi\u00e7i poker sitesi<\/h2>\n<p>Avrupal\u0131 \u200b\u200b\u00e7evrimi\u00e7i poker oyuncular\u0131n\u0131n, ABD&#8217;li oyunculara g\u00f6re \u00e7ok daha geni\u015f bir poker sitesi yelpazesi vard\u0131r. Kalabal\u0131ktan s\u0131yr\u0131lan site ise 888 Poker&#8217;d\u0131r.<\/p>\n<p><span style=\"background-color: transparent;\"><strong>888 Poker<\/strong>, Avrupa poker siteleri aras\u0131nda bilinen bir isimdir. \u00dcstelik yeni oyunculara <span style=\"font-size: medium;\"><strong>20\u20ac&#8217;luk \u00fccretsiz bir kasa bile veriyorlar; ger\u00e7ek parayla pokere tamamen risksiz bir ba\u015flang\u0131\u00e7<\/strong><\/span>! Ayr\u0131ca, sonraki para yat\u0131rma i\u015flemlerinizde 300\u20ac&#8217;luk ek bir bonusa hak kazan\u0131rs\u0131n\u0131z. <\/span><a class=\"thirstylink\" title=\"888 poker en\" href=\"https:\/\/gambling6.com\/go\/888-poker-en\/\" target=\"_blank\" rel=\"nofollow noopener\"><strong>888&#8217;e kaydolmak ve 20\u20ac ger\u00e7ek parayla \u00fccretsiz oynamaya ba\u015flamak i\u00e7in buraya t\u0131klay\u0131n.<\/strong><\/a><br \/>\n<a href=\"https:\/\/ic.aff-handler.com\/C\/46138?sr=1073333&amp;anid=\" rel=\"nofollow\"><img loading=\"lazy\" decoding=\"async\" class=\"aligncenter\" src=\"https:\/\/ic.aff-handler.com\/I\/46138?sr=1073333&amp;anid=\" width=\"530\" height=\"68\" \/><\/a><\/p>\n<p>\u00d6rne\u011fin, Birle\u015fik Krall\u0131k vatanda\u015flar\u0131n\u0131n \u00e7evrimi\u00e7i kumar oynamas\u0131na ve ayr\u0131ca yabanc\u0131 kumar sitelerinin \u00fclkede faaliyet g\u00f6stermesine izin vermektedir. Hollanda ise, yaln\u0131zca Hollanda lisans\u0131na sahip \u00e7evrimi\u00e7i poker sitelerinde ikamet edenlerin oynamas\u0131na izin vermektedir. \u00d6te yandan Do\u011fu Avrupa \u00fclkeleri \u00e7evrimi\u00e7i kumar yar\u0131\u015f\u0131na pek girmemi\u015flerdi, ancak son zamanlarda kolay internet eri\u015fimi sayesinde onlar da bu yar\u0131\u015fa kat\u0131ld\u0131. Son zamanlarda, \u00fcye \u00fclkeler genelinde \u00e7evrimi\u00e7i kumar i\u00e7in tek tip bir d\u00fczenleyici sistem talep eden bir \u00f6neri AB&#8217;ye sunuldu. Bu, Avrupa genelinde lisanslama s\u00fcrecinin standartla\u015ft\u0131r\u0131lmas\u0131na ve basitle\u015ftirilmesine yard\u0131mc\u0131 olacakt\u0131r.<\/p>\n<p>Avrupa poker sitelerindeki oyunculara gelince, yaln\u0131zca vergi yasalar\u0131 uygulan\u0131r. Oyuncular, yurtd\u0131\u015f\u0131nda bulunan bir \u00e7evrimi\u00e7i poker sitesine para yat\u0131rd\u0131klar\u0131nda kendi \u00fclkeleri ve AB taraf\u0131ndan vergilendirilirler. Avrupa&#8217;daki farkl\u0131 \u00fclkeler farkl\u0131 diller konu\u015fur. Avrupa poker siteleri genellikle m\u00fc\u015fterilerine yerel dilde hizmet verir. Ancak g\u00fcn\u00fcm\u00fczde baz\u0131 b\u00fcy\u00fck poker siteleri, poker yaz\u0131l\u0131mlar\u0131 birden fazla dili destekledi\u011fi i\u00e7in web sitelerini \u00e7e\u015fitli dillerde sunmaktad\u0131r.<\/p>\n<p>M\u00fc\u015fteri deste\u011fi de \u00e7e\u015fitli dillerde sa\u011flanmaktad\u0131r. \u0130ngilizce&#8217;nin yan\u0131 s\u0131ra, poker sitesi Frans\u0131zca, \u0130spanyolca, Almanca, Felemenk\u00e7e, Danca, \u0130talyanca, Norve\u00e7\u00e7e, Portekizce vb. dillerde de hizmet verebilir. Dillerde oldu\u011fu gibi, Avrupa poker siteleri de farkl\u0131 para birimlerini kabul eder. Ana para birimleri ABD dolar\u0131 veya \u0130ngiliz sterlini olsa da, AB&#8217;de ortak para birimi Euro&#8217;dur. Avrupal\u0131 \u200b\u200bpoker oyuncular\u0131, \u00e7evrimi\u00e7i bir poker sitesine para yat\u0131r\u0131rken Euro veya \u0130ngiliz Sterlini kullanmay\u0131 tercih eder.<\/p>\n<p>Avrupa poker siteleri genellikle \u00e7e\u015fitli Avrupa Birli\u011fi \u00fclkelerinden gelen m\u00fc\u015fterilere uygun \u00e7e\u015fitli para yat\u0131rma ve \u00e7ekme se\u00e7enekleri sunar. \u00c7evrimi\u00e7i poker sitelerindeki standart \u00f6deme y\u00f6ntemleri aras\u0131nda banka kartlar\u0131, kredi kartlar\u0131, e-c\u00fczdanlar, havaleler, banka havaleleri ve e-\u00e7ekler bulunur. \u00c7evrimi\u00e7i bir poker hesab\u0131na para yat\u0131rman\u0131n en kolay ve en pop\u00fcler y\u00f6ntemi kredi kart\u0131d\u0131r. Ancak baz\u0131 kredi kart\u0131 sa\u011flay\u0131c\u0131lar\u0131 \u00e7evrimi\u00e7i kumar i\u015flemlerini onaylamayabilir, bu nedenle bu y\u00f6ntemi se\u00e7meden \u00f6nce kontrol etmeniz en iyisidir.<\/p>\n<p>Bir\u00e7ok poker oyuncusu, \u00e7evrimi\u00e7i poker hesaplar\u0131na e-c\u00fczdanlar kullanarak para yat\u0131rmay\u0131 uygun bulmaktad\u0131r. Oyuncular, herhangi bir e-c\u00fczdan hizmetiyle bir hesap a\u00e7abilir ve hesaba bankalar\u0131 arac\u0131l\u0131\u011f\u0131yla para yat\u0131rabilirler. E-duvarBu hesap, poker hesab\u0131na para yat\u0131rmak i\u00e7in de kullan\u0131labilir. Avrupa \u015firketleri taraf\u0131ndan sunulan pop\u00fcler e-c\u00fczdanlar aras\u0131nda Neteller, Moneybookers ve e-WalletXpress gibi \u015firketler bulunur. Oyuncu, uygunlu\u011funa ba\u011fl\u0131 olarak bir\u00e7ok farkl\u0131 e-c\u00fczdan aras\u0131ndan se\u00e7im yapabilir.<\/p>\n","protected":false},"excerpt":{"rendered":"<p>Avrupa Sitelerinde de poker var. Son birka\u00e7 y\u0131lda pokerin pop\u00fclaritesi yeni zirvelere ula\u015ft\u0131. Avrupa \u00fclkeleri, \u00e7evrimi\u00e7i poker siteleri i\u00e7in \u00f6nemli bir pazar ve Amerikan H\u00fck\u00fcmeti&#8217;nin \u00e7evrimi\u00e7i kumara y\u00f6nelik bask\u0131s\u0131, i\u015fletmecileri Avrupa pazar\u0131na b\u00fcy\u00fck \u00f6l\u00e7\u00fcde odaklanmaya zorlad\u0131. Canl\u0131 poker Avrupal\u0131lar aras\u0131nda bir tutku olsa da, \u00e7evrimi\u00e7i poker, internet konusunda bilgili oyuncular aras\u0131nda h\u0131zla yayg\u0131nla\u015f\u0131yor. \u0130ngiltere, Avusturya [&hellip;]<\/p>\n","protected":false},"author":1,"featured_media":0,"parent":8743,"menu_order":22,"comment_status":"closed","ping_status":"closed","template":"","meta":{"footnotes":""},"class_list":["post-8661","page","type-page","status-publish","hentry"],"yoast_head":"<!-- This site is optimized with the Yoast SEO plugin v27.4 - https:\/\/yoast.com\/product\/yoast-seo-wordpress\/ -->\n<title>En \u0130yi Avrupa Poker Siteleri<\/title>\n<meta name=\"description\" content=\"Avrupal\u0131 \u200b\u200bpoker oyuncular\u0131n\u0131n se\u00e7ebilece\u011fi \u00e7ok say\u0131da site var - i\u015fte en sevdi\u011fimiz AB poker odalar\u0131\" \/>\n<meta name=\"robots\" content=\"index, follow, max-snippet:-1, max-image-preview:large, max-video-preview:-1\" \/>\n<link rel=\"canonical\" href=\"https:\/\/gambling6.com\/tr\/poker\/avrupa-poker-sitelerinde-oynamak\/\" \/>\n<meta property=\"og:locale\" content=\"tr_TR\" \/>\n<meta property=\"og:type\" content=\"article\" \/>\n<meta property=\"og:title\" content=\"En \u0130yi Avrupa Poker Siteleri\" \/>\n<meta property=\"og:description\" content=\"Avrupal\u0131 \u200b\u200bpoker oyuncular\u0131n\u0131n se\u00e7ebilece\u011fi \u00e7ok say\u0131da site var - i\u015fte en sevdi\u011fimiz AB poker odalar\u0131\" \/>\n<meta property=\"og:url\" content=\"https:\/\/gambling6.com\/tr\/poker\/avrupa-poker-sitelerinde-oynamak\/\" \/>\n<meta property=\"og:site_name\" content=\"Gambling6\" \/>\n<meta property=\"article:modified_time\" content=\"2025-11-12T11:40:25+00:00\" \/>\n<meta property=\"og:image\" content=\"https:\/\/gambling6.com\/wp-content\/uploads\/2022\/04\/poker_bonusode_test_bericht.png\" \/>\n\t<meta property=\"og:image:width\" content=\"246\" \/>\n\t<meta property=\"og:image:height\" content=\"200\" \/>\n\t<meta property=\"og:image:type\" content=\"image\/png\" \/>\n<meta name=\"twitter:card\" content=\"summary_large_image\" \/>\n<meta name=\"twitter:label1\" content=\"Tahmini okuma s\u00fcresi\" \/>\n\t<meta name=\"twitter:data1\" content=\"4 dakika\" \/>\n<script type=\"application\/ld+json\" class=\"yoast-schema-graph\">{\"@context\":\"https:\\\/\\\/schema.org\",\"@graph\":[{\"@type\":\"WebPage\",\"@id\":\"https:\\\/\\\/gambling6.com\\\/tr\\\/poker\\\/avrupa-poker-sitelerinde-oynamak\\\/\",\"url\":\"https:\\\/\\\/gambling6.com\\\/tr\\\/poker\\\/avrupa-poker-sitelerinde-oynamak\\\/\",\"name\":\"En \u0130yi Avrupa Poker Siteleri\",\"isPartOf\":{\"@id\":\"https:\\\/\\\/gambling6.com\\\/tr\\\/#website\"},\"primaryImageOfPage\":{\"@id\":\"https:\\\/\\\/gambling6.com\\\/tr\\\/poker\\\/avrupa-poker-sitelerinde-oynamak\\\/#primaryimage\"},\"image\":{\"@id\":\"https:\\\/\\\/gambling6.com\\\/tr\\\/poker\\\/avrupa-poker-sitelerinde-oynamak\\\/#primaryimage\"},\"thumbnailUrl\":\"https:\\\/\\\/gambling6.com\\\/wp-content\\\/uploads\\\/2022\\\/04\\\/poker_bonusode_test_bericht.png\",\"datePublished\":\"2025-11-07T22:31:08+00:00\",\"dateModified\":\"2025-11-12T11:40:25+00:00\",\"description\":\"Avrupal\u0131 \u200b\u200bpoker oyuncular\u0131n\u0131n se\u00e7ebilece\u011fi \u00e7ok say\u0131da site var - i\u015fte en sevdi\u011fimiz AB poker odalar\u0131\",\"breadcrumb\":{\"@id\":\"https:\\\/\\\/gambling6.com\\\/tr\\\/poker\\\/avrupa-poker-sitelerinde-oynamak\\\/#breadcrumb\"},\"inLanguage\":\"tr\",\"potentialAction\":[{\"@type\":\"ReadAction\",\"target\":[\"https:\\\/\\\/gambling6.com\\\/tr\\\/poker\\\/avrupa-poker-sitelerinde-oynamak\\\/\"]}]},{\"@type\":\"ImageObject\",\"inLanguage\":\"tr\",\"@id\":\"https:\\\/\\\/gambling6.com\\\/tr\\\/poker\\\/avrupa-poker-sitelerinde-oynamak\\\/#primaryimage\",\"url\":\"https:\\\/\\\/gambling6.com\\\/wp-content\\\/uploads\\\/2022\\\/04\\\/poker_bonusode_test_bericht.png\",\"contentUrl\":\"https:\\\/\\\/gambling6.com\\\/wp-content\\\/uploads\\\/2022\\\/04\\\/poker_bonusode_test_bericht.png\"},{\"@type\":\"BreadcrumbList\",\"@id\":\"https:\\\/\\\/gambling6.com\\\/tr\\\/poker\\\/avrupa-poker-sitelerinde-oynamak\\\/#breadcrumb\",\"itemListElement\":[{\"@type\":\"ListItem\",\"position\":1,\"name\":\"Home\",\"item\":\"https:\\\/\\\/gambling6.com\\\/tr\\\/home\\\/\"},{\"@type\":\"ListItem\",\"position\":2,\"name\":\"Poker\",\"item\":\"https:\\\/\\\/gambling6.com\\\/tr\\\/poker\\\/\"},{\"@type\":\"ListItem\",\"position\":3,\"name\":\"Avrupa Poker Sitelerinde Oynamak\"}]},{\"@type\":\"WebSite\",\"@id\":\"https:\\\/\\\/gambling6.com\\\/tr\\\/#website\",\"url\":\"https:\\\/\\\/gambling6.com\\\/tr\\\/\",\"name\":\"Gambling6\",\"description\":\"\",\"potentialAction\":[{\"@type\":\"SearchAction\",\"target\":{\"@type\":\"EntryPoint\",\"urlTemplate\":\"https:\\\/\\\/gambling6.com\\\/tr\\\/?s={search_term_string}\"},\"query-input\":{\"@type\":\"PropertyValueSpecification\",\"valueRequired\":true,\"valueName\":\"search_term_string\"}}],\"inLanguage\":\"tr\"}]}<\/script>\n<!-- \/ Yoast SEO plugin. -->","yoast_head_json":{"title":"En \u0130yi Avrupa Poker Siteleri","description":"Avrupal\u0131 \u200b\u200bpoker oyuncular\u0131n\u0131n se\u00e7ebilece\u011fi \u00e7ok say\u0131da site var - i\u015fte en sevdi\u011fimiz AB poker odalar\u0131","robots":{"index":"index","follow":"follow","max-snippet":"max-snippet:-1","max-image-preview":"max-image-preview:large","max-video-preview":"max-video-preview:-1"},"canonical":"https:\/\/gambling6.com\/tr\/poker\/avrupa-poker-sitelerinde-oynamak\/","og_locale":"tr_TR","og_type":"article","og_title":"En \u0130yi Avrupa Poker Siteleri","og_description":"Avrupal\u0131 \u200b\u200bpoker oyuncular\u0131n\u0131n se\u00e7ebilece\u011fi \u00e7ok say\u0131da site var - i\u015fte en sevdi\u011fimiz AB poker odalar\u0131","og_url":"https:\/\/gambling6.com\/tr\/poker\/avrupa-poker-sitelerinde-oynamak\/","og_site_name":"Gambling6","article_modified_time":"2025-11-12T11:40:25+00:00","og_image":[{"width":246,"height":200,"url":"https:\/\/gambling6.com\/wp-content\/uploads\/2022\/04\/poker_bonusode_test_bericht.png","type":"image\/png"}],"twitter_card":"summary_large_image","twitter_misc":{"Tahmini okuma s\u00fcresi":"4 dakika"},"schema":{"@context":"https:\/\/schema.org","@graph":[{"@type":"WebPage","@id":"https:\/\/gambling6.com\/tr\/poker\/avrupa-poker-sitelerinde-oynamak\/","url":"https:\/\/gambling6.com\/tr\/poker\/avrupa-poker-sitelerinde-oynamak\/","name":"En \u0130yi Avrupa Poker Siteleri","isPartOf":{"@id":"https:\/\/gambling6.com\/tr\/#website"},"primaryImageOfPage":{"@id":"https:\/\/gambling6.com\/tr\/poker\/avrupa-poker-sitelerinde-oynamak\/#primaryimage"},"image":{"@id":"https:\/\/gambling6.com\/tr\/poker\/avrupa-poker-sitelerinde-oynamak\/#primaryimage"},"thumbnailUrl":"https:\/\/gambling6.com\/wp-content\/uploads\/2022\/04\/poker_bonusode_test_bericht.png","datePublished":"2025-11-07T22:31:08+00:00","dateModified":"2025-11-12T11:40:25+00:00","description":"Avrupal\u0131 \u200b\u200bpoker oyuncular\u0131n\u0131n se\u00e7ebilece\u011fi \u00e7ok say\u0131da site var - i\u015fte en sevdi\u011fimiz AB poker odalar\u0131","breadcrumb":{"@id":"https:\/\/gambling6.com\/tr\/poker\/avrupa-poker-sitelerinde-oynamak\/#breadcrumb"},"inLanguage":"tr","potentialAction":[{"@type":"ReadAction","target":["https:\/\/gambling6.com\/tr\/poker\/avrupa-poker-sitelerinde-oynamak\/"]}]},{"@type":"ImageObject","inLanguage":"tr","@id":"https:\/\/gambling6.com\/tr\/poker\/avrupa-poker-sitelerinde-oynamak\/#primaryimage","url":"https:\/\/gambling6.com\/wp-content\/uploads\/2022\/04\/poker_bonusode_test_bericht.png","contentUrl":"https:\/\/gambling6.com\/wp-content\/uploads\/2022\/04\/poker_bonusode_test_bericht.png"},{"@type":"BreadcrumbList","@id":"https:\/\/gambling6.com\/tr\/poker\/avrupa-poker-sitelerinde-oynamak\/#breadcrumb","itemListElement":[{"@type":"ListItem","position":1,"name":"Home","item":"https:\/\/gambling6.com\/tr\/home\/"},{"@type":"ListItem","position":2,"name":"Poker","item":"https:\/\/gambling6.com\/tr\/poker\/"},{"@type":"ListItem","position":3,"name":"Avrupa Poker Sitelerinde Oynamak"}]},{"@type":"WebSite","@id":"https:\/\/gambling6.com\/tr\/#website","url":"https:\/\/gambling6.com\/tr\/","name":"Gambling6","description":"","potentialAction":[{"@type":"SearchAction","target":{"@type":"EntryPoint","urlTemplate":"https:\/\/gambling6.com\/tr\/?s={search_term_string}"},"query-input":{"@type":"PropertyValueSpecification","valueRequired":true,"valueName":"search_term_string"}}],"inLanguage":"tr"}]}},"_links":{"self":[{"href":"https:\/\/gambling6.com\/tr\/wp-json\/wp\/v2\/pages\/8661","targetHints":{"allow":["GET"]}}],"collection":[{"href":"https:\/\/gambling6.com\/tr\/wp-json\/wp\/v2\/pages"}],"about":[{"href":"https:\/\/gambling6.com\/tr\/wp-json\/wp\/v2\/types\/page"}],"author":[{"embeddable":true,"href":"https:\/\/gambling6.com\/tr\/wp-json\/wp\/v2\/users\/1"}],"replies":[{"embeddable":true,"href":"https:\/\/gambling6.com\/tr\/wp-json\/wp\/v2\/comments?post=8661"}],"version-history":[{"count":1,"href":"https:\/\/gambling6.com\/tr\/wp-json\/wp\/v2\/pages\/8661\/revisions"}],"predecessor-version":[{"id":8745,"href":"https:\/\/gambling6.com\/tr\/wp-json\/wp\/v2\/pages\/8661\/revisions\/8745"}],"up":[{"embeddable":true,"href":"https:\/\/gambling6.com\/tr\/wp-json\/wp\/v2\/pages\/8743"}],"wp:attachment":[{"href":"https:\/\/gambling6.com\/tr\/wp-json\/wp\/v2\/media?parent=8661"}],"curies":[{"name":"wp","href":"https:\/\/api.w.org\/{rel}","templated":true}]}}