{"id":8726,"date":"2025-11-07T23:18:23","date_gmt":"2025-11-07T23:18:23","guid":{"rendered":"https:\/\/gambling6.com\/kazi-kazan-kartlari\/"},"modified":"2025-11-07T23:18:23","modified_gmt":"2025-11-07T23:18:23","slug":"kazi-kazan-kartlari","status":"publish","type":"page","link":"https:\/\/gambling6.com\/tr\/kazi-kazan-kartlari\/","title":{"rendered":"Kaz\u0131 kazan kartlar\u0131"},"content":{"rendered":"<p>Kaz\u0131 Kazan veya di\u011fer an\u0131nda kazand\u0131ran oyunlar\u0131 oynaman\u0131n heyecan\u0131n\u0131 seviyorsan\u0131z, <strong>online kaz\u0131 kazan oyunlar\u0131 oynamak i\u00e7in web sitesi \u00f6nerimizi seveceksiniz.<\/strong> \u0130nternette kaz\u0131 kazan oynamak i\u00e7in bir\u00e7ok se\u00e7enek mevcut. Bu sitelerin t\u00fcm\u00fc kay\u0131t bonuslar\u0131 ve geni\u015f bir \u00fcr\u00fcn yelpazesi sunuyor. Kaydolabilir, bir \u00f6deme y\u00f6ntemi se\u00e7ebilir, hesab\u0131n\u0131za para yat\u0131rabilir ve dakikalar i\u00e7inde oynamaya ba\u015flayabilirsiniz.<img loading=\"lazy\" decoding=\"async\" class=\" alignright wp-image-511\" style=\"margin: 10px; border: 5px solid #ffffff; float: right;\" src=\"http:\/\/gambling6.com\/wp-content\/uploads\/2013\/12\/best_online_scratchcards.jpg\" alt=\"en iyi \u00e7evrimi\u00e7i kaz\u0131 kazan kartlar\u0131\" width=\"299\" height=\"163\" srcset=\"https:\/\/gambling6.com\/wp-content\/uploads\/2013\/12\/best_online_scratchcards.jpg 446w, https:\/\/gambling6.com\/wp-content\/uploads\/2013\/12\/best_online_scratchcards-300x163.jpg 300w\" sizes=\"auto, (max-width: 299px) 100vw, 299px\" \/><\/p>\n<h2>\u00c7evrimi\u00e7i kaz\u0131 kazan siteleri harika animasyonlar sunar<\/h2>\n<p>Favori piyango sat\u0131c\u0131n\u0131z\u0131n kartlar\u0131yla oynad\u0131\u011f\u0131n\u0131z oyunlar\u0131n aksine, kaz\u0131 kazan kartlar\u0131n\u0131n \u00e7evrimi\u00e7i versiyonlar\u0131 e\u011flenceli bir ortam yaratmak i\u00e7in heyecan verici animasyonlar sunar. Kazanman\u0131n heyecan\u0131 ve kazanan \u00f6\u011felerin ekranda belirdi\u011fini g\u00f6rmenin verdi\u011fi adrenalin, oyuncular\u0131 \u00e7evrimi\u00e7i kaz\u0131 kazan sitelerine geri d\u00f6nd\u00fcren \u015feydir. Bu siteler, gerilimi ve heyecan\u0131 art\u0131rmak i\u00e7in g\u00f6rsel yard\u0131mc\u0131lar eklemi\u015ftir.<\/p>\n<h2>888 Casino An\u0131nda Kazan\u0131lan Kaz\u0131 Kazan kartlar\u0131, Avrupa ve \u0130ngiltere oyuncular\u0131 i\u00e7in tasarlanm\u0131\u015ft\u0131r<\/h2>\n<p>888 Casino, d\u00fcnya \u00e7ap\u0131nda birinci s\u0131n\u0131f bir kumarhane olarak tan\u0131nmakla birlikte, \u00e7evrimi\u00e7i kaz\u0131 kazan kartlar\u0131nda da dikkate al\u0131nmas\u0131 gereken bir g\u00fc\u00e7t\u00fcr. <a class=\"thirstylink\" title=\"888 casino en\" href=\"https:\/\/gambling6.com\/go\/888-casino-en\/\" target=\"_blank\" rel=\"nofollow noopener\">Kaz\u0131 kazan kartlar\u0131 b\u00f6l\u00fcm\u00fcn\u00fc buraya t\u0131klayarak ziyaret edebilirsiniz.<\/a><\/p>\n<p>888 Casino&#8217;nun \u00e7evrimi\u00e7i kaz\u0131 kazan oyunlar\u0131nda tam olarak ne g\u00f6receksiniz? En \u00f6nemlisi, oyuncular sunulan kart say\u0131s\u0131n\u0131 \u00e7ok sevecekler. 40&#8217;tan fazla farkl\u0131 oyun oynayabilir ve kaz\u0131 kazan oynamaktan s\u0131k\u0131l\u0131rsan\u0131z, kademeli jackpotlar ve t\u00fcm oyunculara uygun oyun se\u00e7enekleri sunan y\u00fczlerce \u00e7evrimi\u00e7i slot makinesine h\u0131zl\u0131ca ge\u00e7ebilirsiniz. Bu makinelerin \u00e7o\u011fu, harika \u00f6demelerle ba\u015flayan kuru\u015fluk slotlard\u0131r.<\/p>\n<p>Bu site, geni\u015f bir casino oyunlar\u0131 yelpazesinin yan\u0131 s\u0131ra poker ve spor bahisleri de sunmaktad\u0131r.<\/p>\n<p>888 Casino&#8217;nun heyecan\u0131, sizi s\u00fcrekli geri getiren bir ortam yaratmaktan sorumlu destek ekibi taraf\u0131ndan y\u00f6nlendirilir. Size yeni oyunlar ve kazanman\u0131n yeni yollar\u0131n\u0131 sunmak i\u00e7in s\u00fcrekli yeni yollar hayal ediyorlar ve bu yolculu\u011fun her ad\u0131m\u0131nda sizi g\u00fcncel tutuyorlar.<\/p>\n<p>B\u00fcy\u00fck ikramiyeleri bir\u00e7ok oyunla birle\u015ftirin ve sizi e\u011flendirecek yeni programlar sunmak i\u00e7in gece g\u00fcnd\u00fcz \u00e7al\u0131\u015fan d\u00fcnya standartlar\u0131nda bir ekiple, keyifli bir kaz\u0131 kazan mutlulu\u011funa kavu\u015fun. 888 Casino&#8217;da kaz\u0131 kazan heyecan\u0131na mutlaka kat\u0131l\u0131n.<\/p>\n","protected":false},"excerpt":{"rendered":"<p>Kaz\u0131 Kazan veya di\u011fer an\u0131nda kazand\u0131ran oyunlar\u0131 oynaman\u0131n heyecan\u0131n\u0131 seviyorsan\u0131z, online kaz\u0131 kazan oyunlar\u0131 oynamak i\u00e7in web sitesi \u00f6nerimizi seveceksiniz. \u0130nternette kaz\u0131 kazan oynamak i\u00e7in bir\u00e7ok se\u00e7enek mevcut. Bu sitelerin t\u00fcm\u00fc kay\u0131t bonuslar\u0131 ve geni\u015f bir \u00fcr\u00fcn yelpazesi sunuyor. Kaydolabilir, bir \u00f6deme y\u00f6ntemi se\u00e7ebilir, hesab\u0131n\u0131za para yat\u0131rabilir ve dakikalar i\u00e7inde oynamaya ba\u015flayabilirsiniz. \u00c7evrimi\u00e7i kaz\u0131 kazan [&hellip;]<\/p>\n","protected":false},"author":1,"featured_media":8696,"parent":0,"menu_order":7,"comment_status":"closed","ping_status":"closed","template":"","meta":{"footnotes":""},"class_list":["post-8726","page","type-page","status-publish","has-post-thumbnail","hentry"],"yoast_head":"<!-- This site is optimized with the Yoast SEO plugin v27.4 - https:\/\/yoast.com\/product\/yoast-seo-wordpress\/ -->\n<title>En iyi online kaz\u0131 kazan siteleri hangileridir?<\/title>\n<meta name=\"description\" content=\"\u00c7evrimi\u00e7i kaz\u0131 kazan oyunlar\u0131 i\u00e7in en iyi sitede oynamaya ba\u015flay\u0131n. Geni\u015f \u00f6d\u00fcl yelpazesinde onlarca kaz\u0131 kazan kart\u0131 mevcuttur.\" \/>\n<meta name=\"robots\" content=\"index, follow, max-snippet:-1, max-image-preview:large, max-video-preview:-1\" \/>\n<link rel=\"canonical\" href=\"https:\/\/gambling6.com\/tr\/kazi-kazan-kartlari\/\" \/>\n<meta property=\"og:locale\" content=\"tr_TR\" \/>\n<meta property=\"og:type\" content=\"article\" \/>\n<meta property=\"og:title\" content=\"En iyi online kaz\u0131 kazan siteleri hangileridir?\" \/>\n<meta property=\"og:description\" content=\"\u00c7evrimi\u00e7i kaz\u0131 kazan oyunlar\u0131 i\u00e7in en iyi sitede oynamaya ba\u015flay\u0131n. Geni\u015f \u00f6d\u00fcl yelpazesinde onlarca kaz\u0131 kazan kart\u0131 mevcuttur.\" \/>\n<meta property=\"og:url\" content=\"https:\/\/gambling6.com\/tr\/kazi-kazan-kartlari\/\" \/>\n<meta property=\"og:site_name\" content=\"Gambling6\" \/>\n<meta property=\"og:image\" content=\"https:\/\/gambling6.com\/wp-content\/uploads\/2013\/12\/best_online_scratchcards.jpg\" \/>\n\t<meta property=\"og:image:width\" content=\"446\" \/>\n\t<meta property=\"og:image:height\" content=\"243\" \/>\n\t<meta property=\"og:image:type\" content=\"image\/jpeg\" \/>\n<meta name=\"twitter:card\" content=\"summary_large_image\" \/>\n<meta name=\"twitter:label1\" content=\"Tahmini okuma s\u00fcresi\" \/>\n\t<meta name=\"twitter:data1\" content=\"2 dakika\" \/>\n<script type=\"application\/ld+json\" class=\"yoast-schema-graph\">{\"@context\":\"https:\\\/\\\/schema.org\",\"@graph\":[{\"@type\":\"WebPage\",\"@id\":\"https:\\\/\\\/gambling6.com\\\/tr\\\/kazi-kazan-kartlari\\\/\",\"url\":\"https:\\\/\\\/gambling6.com\\\/tr\\\/kazi-kazan-kartlari\\\/\",\"name\":\"En iyi online kaz\u0131 kazan siteleri hangileridir?\",\"isPartOf\":{\"@id\":\"https:\\\/\\\/gambling6.com\\\/tr\\\/#website\"},\"primaryImageOfPage\":{\"@id\":\"https:\\\/\\\/gambling6.com\\\/tr\\\/kazi-kazan-kartlari\\\/#primaryimage\"},\"image\":{\"@id\":\"https:\\\/\\\/gambling6.com\\\/tr\\\/kazi-kazan-kartlari\\\/#primaryimage\"},\"thumbnailUrl\":\"https:\\\/\\\/gambling6.com\\\/wp-content\\\/uploads\\\/2013\\\/12\\\/best_online_scratchcards.jpg\",\"datePublished\":\"2025-11-07T23:18:23+00:00\",\"description\":\"\u00c7evrimi\u00e7i kaz\u0131 kazan oyunlar\u0131 i\u00e7in en iyi sitede oynamaya ba\u015flay\u0131n. Geni\u015f \u00f6d\u00fcl yelpazesinde onlarca kaz\u0131 kazan kart\u0131 mevcuttur.\",\"breadcrumb\":{\"@id\":\"https:\\\/\\\/gambling6.com\\\/tr\\\/kazi-kazan-kartlari\\\/#breadcrumb\"},\"inLanguage\":\"tr\",\"potentialAction\":[{\"@type\":\"ReadAction\",\"target\":[\"https:\\\/\\\/gambling6.com\\\/tr\\\/kazi-kazan-kartlari\\\/\"]}]},{\"@type\":\"ImageObject\",\"inLanguage\":\"tr\",\"@id\":\"https:\\\/\\\/gambling6.com\\\/tr\\\/kazi-kazan-kartlari\\\/#primaryimage\",\"url\":\"https:\\\/\\\/gambling6.com\\\/wp-content\\\/uploads\\\/2013\\\/12\\\/best_online_scratchcards.jpg\",\"contentUrl\":\"https:\\\/\\\/gambling6.com\\\/wp-content\\\/uploads\\\/2013\\\/12\\\/best_online_scratchcards.jpg\",\"width\":446,\"height\":243},{\"@type\":\"BreadcrumbList\",\"@id\":\"https:\\\/\\\/gambling6.com\\\/tr\\\/kazi-kazan-kartlari\\\/#breadcrumb\",\"itemListElement\":[{\"@type\":\"ListItem\",\"position\":1,\"name\":\"Home\",\"item\":\"https:\\\/\\\/gambling6.com\\\/tr\\\/home\\\/\"},{\"@type\":\"ListItem\",\"position\":2,\"name\":\"Kaz\u0131 kazan kartlar\u0131\"}]},{\"@type\":\"WebSite\",\"@id\":\"https:\\\/\\\/gambling6.com\\\/tr\\\/#website\",\"url\":\"https:\\\/\\\/gambling6.com\\\/tr\\\/\",\"name\":\"Gambling6\",\"description\":\"\",\"potentialAction\":[{\"@type\":\"SearchAction\",\"target\":{\"@type\":\"EntryPoint\",\"urlTemplate\":\"https:\\\/\\\/gambling6.com\\\/tr\\\/?s={search_term_string}\"},\"query-input\":{\"@type\":\"PropertyValueSpecification\",\"valueRequired\":true,\"valueName\":\"search_term_string\"}}],\"inLanguage\":\"tr\"}]}<\/script>\n<!-- \/ Yoast SEO plugin. -->","yoast_head_json":{"title":"En iyi online kaz\u0131 kazan siteleri hangileridir?","description":"\u00c7evrimi\u00e7i kaz\u0131 kazan oyunlar\u0131 i\u00e7in en iyi sitede oynamaya ba\u015flay\u0131n. Geni\u015f \u00f6d\u00fcl yelpazesinde onlarca kaz\u0131 kazan kart\u0131 mevcuttur.","robots":{"index":"index","follow":"follow","max-snippet":"max-snippet:-1","max-image-preview":"max-image-preview:large","max-video-preview":"max-video-preview:-1"},"canonical":"https:\/\/gambling6.com\/tr\/kazi-kazan-kartlari\/","og_locale":"tr_TR","og_type":"article","og_title":"En iyi online kaz\u0131 kazan siteleri hangileridir?","og_description":"\u00c7evrimi\u00e7i kaz\u0131 kazan oyunlar\u0131 i\u00e7in en iyi sitede oynamaya ba\u015flay\u0131n. Geni\u015f \u00f6d\u00fcl yelpazesinde onlarca kaz\u0131 kazan kart\u0131 mevcuttur.","og_url":"https:\/\/gambling6.com\/tr\/kazi-kazan-kartlari\/","og_site_name":"Gambling6","og_image":[{"width":446,"height":243,"url":"https:\/\/gambling6.com\/wp-content\/uploads\/2013\/12\/best_online_scratchcards.jpg","type":"image\/jpeg"}],"twitter_card":"summary_large_image","twitter_misc":{"Tahmini okuma s\u00fcresi":"2 dakika"},"schema":{"@context":"https:\/\/schema.org","@graph":[{"@type":"WebPage","@id":"https:\/\/gambling6.com\/tr\/kazi-kazan-kartlari\/","url":"https:\/\/gambling6.com\/tr\/kazi-kazan-kartlari\/","name":"En iyi online kaz\u0131 kazan siteleri hangileridir?","isPartOf":{"@id":"https:\/\/gambling6.com\/tr\/#website"},"primaryImageOfPage":{"@id":"https:\/\/gambling6.com\/tr\/kazi-kazan-kartlari\/#primaryimage"},"image":{"@id":"https:\/\/gambling6.com\/tr\/kazi-kazan-kartlari\/#primaryimage"},"thumbnailUrl":"https:\/\/gambling6.com\/wp-content\/uploads\/2013\/12\/best_online_scratchcards.jpg","datePublished":"2025-11-07T23:18:23+00:00","description":"\u00c7evrimi\u00e7i kaz\u0131 kazan oyunlar\u0131 i\u00e7in en iyi sitede oynamaya ba\u015flay\u0131n. Geni\u015f \u00f6d\u00fcl yelpazesinde onlarca kaz\u0131 kazan kart\u0131 mevcuttur.","breadcrumb":{"@id":"https:\/\/gambling6.com\/tr\/kazi-kazan-kartlari\/#breadcrumb"},"inLanguage":"tr","potentialAction":[{"@type":"ReadAction","target":["https:\/\/gambling6.com\/tr\/kazi-kazan-kartlari\/"]}]},{"@type":"ImageObject","inLanguage":"tr","@id":"https:\/\/gambling6.com\/tr\/kazi-kazan-kartlari\/#primaryimage","url":"https:\/\/gambling6.com\/wp-content\/uploads\/2013\/12\/best_online_scratchcards.jpg","contentUrl":"https:\/\/gambling6.com\/wp-content\/uploads\/2013\/12\/best_online_scratchcards.jpg","width":446,"height":243},{"@type":"BreadcrumbList","@id":"https:\/\/gambling6.com\/tr\/kazi-kazan-kartlari\/#breadcrumb","itemListElement":[{"@type":"ListItem","position":1,"name":"Home","item":"https:\/\/gambling6.com\/tr\/home\/"},{"@type":"ListItem","position":2,"name":"Kaz\u0131 kazan kartlar\u0131"}]},{"@type":"WebSite","@id":"https:\/\/gambling6.com\/tr\/#website","url":"https:\/\/gambling6.com\/tr\/","name":"Gambling6","description":"","potentialAction":[{"@type":"SearchAction","target":{"@type":"EntryPoint","urlTemplate":"https:\/\/gambling6.com\/tr\/?s={search_term_string}"},"query-input":{"@type":"PropertyValueSpecification","valueRequired":true,"valueName":"search_term_string"}}],"inLanguage":"tr"}]}},"_links":{"self":[{"href":"https:\/\/gambling6.com\/tr\/wp-json\/wp\/v2\/pages\/8726","targetHints":{"allow":["GET"]}}],"collection":[{"href":"https:\/\/gambling6.com\/tr\/wp-json\/wp\/v2\/pages"}],"about":[{"href":"https:\/\/gambling6.com\/tr\/wp-json\/wp\/v2\/types\/page"}],"author":[{"embeddable":true,"href":"https:\/\/gambling6.com\/tr\/wp-json\/wp\/v2\/users\/1"}],"replies":[{"embeddable":true,"href":"https:\/\/gambling6.com\/tr\/wp-json\/wp\/v2\/comments?post=8726"}],"version-history":[{"count":0,"href":"https:\/\/gambling6.com\/tr\/wp-json\/wp\/v2\/pages\/8726\/revisions"}],"wp:featuredmedia":[{"embeddable":true,"href":"https:\/\/gambling6.com\/tr\/wp-json\/wp\/v2\/media\/8696"}],"wp:attachment":[{"href":"https:\/\/gambling6.com\/tr\/wp-json\/wp\/v2\/media?parent=8726"}],"curies":[{"name":"wp","href":"https:\/\/api.w.org\/{rel}","templated":true}]}}