{"id":8743,"date":"2025-11-07T23:36:29","date_gmt":"2025-11-07T23:36:29","guid":{"rendered":"https:\/\/gambling6.com\/poker\/"},"modified":"2025-11-15T08:20:33","modified_gmt":"2025-11-15T08:20:33","slug":"poker","status":"publish","type":"page","link":"https:\/\/gambling6.com\/tr\/poker\/","title":{"rendered":"Poker"},"content":{"rendered":"<h2 style=\"text-align: left;\"><img loading=\"lazy\" decoding=\"async\" class=\" wp-image-3009 alignright\" src=\"https:\/\/gambling6.com\/wp-content\/uploads\/2022\/04\/pokertournament-300x209.jpg\" alt=\"poker oynamaya ba\u015fla\" width=\"266\" height=\"185\" srcset=\"https:\/\/gambling6.com\/wp-content\/uploads\/2022\/04\/pokertournament-300x209.jpg 300w, https:\/\/gambling6.com\/wp-content\/uploads\/2022\/04\/pokertournament.jpg 415w\" sizes=\"auto, (max-width: 266px) 100vw, 266px\" \/>\u00c7evrimi\u00e7i pokere ba\u015flay\u0131n<\/h2>\n<p>\u00c7evrimi\u00e7i poker oynamaya ba\u015flamak istiyorsan\u0131z, bilmeniz gereken birka\u00e7 \u015fey var. Poker bir beceri oyunudur. \u015eans\u0131n hi\u00e7 olmad\u0131\u011f\u0131n\u0131 s\u00f6ylemiyoruz &#8211; asl\u0131nda var &#8211; ama ger\u00e7ek \u015fu ki, para kazanmak istiyorsan\u0131z, kesinlikle bir \u00f6\u011frenme e\u011frisi var.<\/p>\n<h2>\u00c7evrimi\u00e7i poker oynamaya ba\u015flad\u0131\u011f\u0131n\u0131zda 5 alt\u0131n kural<\/h2>\n<ol>\n<li>Poker odan\u0131z\u0131 ak\u0131ll\u0131ca se\u00e7in &#8211; oynayaca\u011f\u0131n\u0131z siteyi se\u00e7meden \u00f6nce incelemelerimizi okuyun<\/li>\n<li>Kurallara ve oyunun kendisine a\u015fina olmak i\u00e7in oyun paras\u0131yla ba\u015flay\u0131n, ard\u0131ndan en d\u00fc\u015f\u00fck ger\u00e7ek para seviyesiyle ba\u015flay\u0131n<\/li>\n<li>Poker stratejisi hakk\u0131nda okumaya bolca zaman ay\u0131r\u0131n. Hangi ba\u015flang\u0131\u00e7 \u200b\u200bellerinin hangi durumda iyi oldu\u011funu ve bunlar\u0131 masada hangi pozisyonda nas\u0131l oynayaca\u011f\u0131n\u0131z\u0131 bilin. &#8220;S\u0131k\u0131 oynamak do\u011fru oland\u0131r&#8221; yeni ba\u015flayanlar i\u00e7in en iyi tavsiyedir ve g\u00f6receli konumunuz kararlar\u0131n\u0131z i\u00e7in \u00e7ok \u00f6nemlidir.<\/li>\n<li>\u0130lk para yat\u0131rman\u0131zda iyi bir bonus teklifinden veya hatta 888 Poker gibi \u00fccretsiz bir para yat\u0131rma teklifinden yararlan\u0131n. Sadece kaydoldu\u011funuzda size 20,00 \u20ac (veya ya\u015fad\u0131\u011f\u0131n\u0131z yere ba\u011fl\u0131 olarak GBP) \u00fccretsiz olarak verecekler! Ve para yat\u0131rd\u0131\u011f\u0131n\u0131zda %100 ve 300,00 \u20ac veya GBP&#8217;ye kadar para yat\u0131rma bonusu almaya devam edersiniz. <a class=\"thirstylink\" title=\"888 poker en\" href=\"https:\/\/gambling6.com\/go\/888-poker-en\/\" target=\"_blank\" rel=\"nofollow noopener\"><span style=\"text-decoration: underline;\"><strong>Gitmek i\u00e7in buraya t\u0131klay\u0131n<\/strong><\/span><span style=\"text-decoration: underline;\"><strong>o<\/strong><\/span><span style=\"text-decoration: underline;\"><strong>8<\/strong><\/span><span style=\"text-decoration: underline;\"><strong>8<\/strong><\/span>88 Poker \u015fimdi.<\/a><\/li>\n<li>Paran\u0131z\u0131 dikkatli y\u00f6netin. Oynad\u0131\u011f\u0131n\u0131z seviye i\u00e7in minimum bahis tutar\u0131n\u0131n en az 100, hatta 200 kat\u0131 kadar paran\u0131z olsun.<\/li>\n<\/ol>\n<p><a href=\"https:\/\/ic.aff-handler.com\/C\/46138?sr=1073333&amp;anid=\" rel=\"nofollow\"><img loading=\"lazy\" decoding=\"async\" class=\"aligncenter\" src=\"https:\/\/ic.aff-handler.com\/I\/46138?sr=1073333&amp;anid=\" width=\"563\" height=\"72\" \/><\/a><\/p>\n<h2>Yeni ba\u015flayanlar i\u00e7in online poker oynayabilece\u011finiz en iyi web siteleri<\/h2>\n<p>Daha \u00f6nce de bahsetti\u011fimiz web sitelerinden biri de 888 Poker. 20\u20ac \u00fccretsiz para promosyonu, para yat\u0131rman\u0131za gerek kalmadan an\u0131nda ger\u00e7ek parayla oynaman\u0131za olanak tan\u0131r. Daha sonra kendi paran\u0131z\u0131 yat\u0131rd\u0131\u011f\u0131n\u0131zda, paran\u0131z\u0131 ikiye katlayacak ba\u015fka bir bonus daha alacaks\u0131n\u0131z. Ancak bu sa\u011flay\u0131c\u0131 ABD&#8217;li oyuncular\u0131 kabul etmiyor.<\/p>\n<h2>ABD&#8217;li poker oyuncular\u0131 i\u00e7in en iyi web siteleri<\/h2>\n<p>ABD&#8217;deki yasal k\u0131s\u0131tlamalar nedeniyle \u00e7ok fazla se\u00e7ene\u011finiz yok. \u00c7o\u011fu operat\u00f6r ABD pazar\u0131ndan \u00e7ekildi ve ABD&#8217;de d\u00fczenlenmi\u015f bir \u00e7evrimi\u00e7i kumar pazar\u0131, en az\u0131ndan \u00e7o\u011fu eyalet i\u00e7in, h\u00e2l\u00e2 gelece\u011fin bir par\u00e7as\u0131.<\/p>\n<p>Bununla birlikte, \u015fu anda en iyi se\u00e7ene\u011finiz BetOnline Poker olacakt\u0131r. <a class=\"thirstylink\" title=\"Betonline poker en\" href=\"https:\/\/gambling6.com\/go\/betonline-poker-en\/\" target=\"_blank\" rel=\"nofollow noopener\">Sitelerini ziyaret etmek i\u00e7in bu ba\u011flant\u0131ya t\u0131klay\u0131n<\/a>; burada pokerin yan\u0131 s\u0131ra her t\u00fcrl\u00fc casino oyununu da oynayabilirsiniz.<\/p>\n","protected":false},"excerpt":{"rendered":"<p>\u00c7evrimi\u00e7i pokere ba\u015flay\u0131n \u00c7evrimi\u00e7i poker oynamaya ba\u015flamak istiyorsan\u0131z, bilmeniz gereken birka\u00e7 \u015fey var. Poker bir beceri oyunudur. \u015eans\u0131n hi\u00e7 olmad\u0131\u011f\u0131n\u0131 s\u00f6ylemiyoruz &#8211; asl\u0131nda var &#8211; ama ger\u00e7ek \u015fu ki, para kazanmak istiyorsan\u0131z, kesinlikle bir \u00f6\u011frenme e\u011frisi var. \u00c7evrimi\u00e7i poker oynamaya ba\u015flad\u0131\u011f\u0131n\u0131zda 5 alt\u0131n kural Poker odan\u0131z\u0131 ak\u0131ll\u0131ca se\u00e7in &#8211; oynayaca\u011f\u0131n\u0131z siteyi se\u00e7meden \u00f6nce incelemelerimizi okuyun [&hellip;]<\/p>\n","protected":false},"author":1,"featured_media":0,"parent":0,"menu_order":5,"comment_status":"closed","ping_status":"closed","template":"","meta":{"footnotes":""},"class_list":["post-8743","page","type-page","status-publish","hentry"],"yoast_head":"<!-- This site is optimized with the Yoast SEO plugin v27.4 - https:\/\/yoast.com\/product\/yoast-seo-wordpress\/ -->\n<title>\u00c7evrimi\u00e7i poker oynamaya ba\u015flamak i\u00e7in en iyi yerler hangileridir?<\/title>\n<meta name=\"description\" content=\"\u00c7evrimi\u00e7i poker i\u00e7in en iyi yerler, ba\u015flamak i\u00e7in 5 alt\u0131n kural\" \/>\n<meta name=\"robots\" content=\"index, follow, max-snippet:-1, max-image-preview:large, max-video-preview:-1\" \/>\n<link rel=\"canonical\" href=\"https:\/\/gambling6.com\/tr\/poker\/\" \/>\n<meta property=\"og:locale\" content=\"tr_TR\" \/>\n<meta property=\"og:type\" content=\"article\" \/>\n<meta property=\"og:title\" content=\"\u00c7evrimi\u00e7i poker oynamaya ba\u015flamak i\u00e7in en iyi yerler hangileridir?\" \/>\n<meta property=\"og:description\" content=\"\u00c7evrimi\u00e7i poker i\u00e7in en iyi yerler, ba\u015flamak i\u00e7in 5 alt\u0131n kural\" \/>\n<meta property=\"og:url\" content=\"https:\/\/gambling6.com\/tr\/poker\/\" \/>\n<meta property=\"og:site_name\" content=\"Gambling6\" \/>\n<meta property=\"article:modified_time\" content=\"2025-11-15T08:20:33+00:00\" \/>\n<meta property=\"og:image\" content=\"https:\/\/gambling6.com\/wp-content\/uploads\/2022\/04\/pokertournament.jpg\" \/>\n\t<meta property=\"og:image:width\" content=\"415\" \/>\n\t<meta property=\"og:image:height\" content=\"289\" \/>\n\t<meta property=\"og:image:type\" content=\"image\/jpeg\" \/>\n<meta name=\"twitter:card\" content=\"summary_large_image\" \/>\n<meta name=\"twitter:label1\" content=\"Tahmini okuma s\u00fcresi\" \/>\n\t<meta name=\"twitter:data1\" content=\"2 dakika\" \/>\n<script type=\"application\/ld+json\" class=\"yoast-schema-graph\">{\"@context\":\"https:\\\/\\\/schema.org\",\"@graph\":[{\"@type\":\"WebPage\",\"@id\":\"https:\\\/\\\/gambling6.com\\\/tr\\\/poker\\\/\",\"url\":\"https:\\\/\\\/gambling6.com\\\/tr\\\/poker\\\/\",\"name\":\"\u00c7evrimi\u00e7i poker oynamaya ba\u015flamak i\u00e7in en iyi yerler hangileridir?\",\"isPartOf\":{\"@id\":\"https:\\\/\\\/gambling6.com\\\/tr\\\/#website\"},\"primaryImageOfPage\":{\"@id\":\"https:\\\/\\\/gambling6.com\\\/tr\\\/poker\\\/#primaryimage\"},\"image\":{\"@id\":\"https:\\\/\\\/gambling6.com\\\/tr\\\/poker\\\/#primaryimage\"},\"thumbnailUrl\":\"https:\\\/\\\/gambling6.com\\\/wp-content\\\/uploads\\\/2022\\\/04\\\/pokertournament-300x209.jpg\",\"datePublished\":\"2025-11-07T23:36:29+00:00\",\"dateModified\":\"2025-11-15T08:20:33+00:00\",\"description\":\"\u00c7evrimi\u00e7i poker i\u00e7in en iyi yerler, ba\u015flamak i\u00e7in 5 alt\u0131n kural\",\"breadcrumb\":{\"@id\":\"https:\\\/\\\/gambling6.com\\\/tr\\\/poker\\\/#breadcrumb\"},\"inLanguage\":\"tr\",\"potentialAction\":[{\"@type\":\"ReadAction\",\"target\":[\"https:\\\/\\\/gambling6.com\\\/tr\\\/poker\\\/\"]}]},{\"@type\":\"ImageObject\",\"inLanguage\":\"tr\",\"@id\":\"https:\\\/\\\/gambling6.com\\\/tr\\\/poker\\\/#primaryimage\",\"url\":\"https:\\\/\\\/gambling6.com\\\/wp-content\\\/uploads\\\/2022\\\/04\\\/pokertournament-300x209.jpg\",\"contentUrl\":\"https:\\\/\\\/gambling6.com\\\/wp-content\\\/uploads\\\/2022\\\/04\\\/pokertournament-300x209.jpg\"},{\"@type\":\"BreadcrumbList\",\"@id\":\"https:\\\/\\\/gambling6.com\\\/tr\\\/poker\\\/#breadcrumb\",\"itemListElement\":[{\"@type\":\"ListItem\",\"position\":1,\"name\":\"Home\",\"item\":\"https:\\\/\\\/gambling6.com\\\/tr\\\/home\\\/\"},{\"@type\":\"ListItem\",\"position\":2,\"name\":\"Poker\"}]},{\"@type\":\"WebSite\",\"@id\":\"https:\\\/\\\/gambling6.com\\\/tr\\\/#website\",\"url\":\"https:\\\/\\\/gambling6.com\\\/tr\\\/\",\"name\":\"Gambling6\",\"description\":\"\",\"potentialAction\":[{\"@type\":\"SearchAction\",\"target\":{\"@type\":\"EntryPoint\",\"urlTemplate\":\"https:\\\/\\\/gambling6.com\\\/tr\\\/?s={search_term_string}\"},\"query-input\":{\"@type\":\"PropertyValueSpecification\",\"valueRequired\":true,\"valueName\":\"search_term_string\"}}],\"inLanguage\":\"tr\"}]}<\/script>\n<!-- \/ Yoast SEO plugin. -->","yoast_head_json":{"title":"\u00c7evrimi\u00e7i poker oynamaya ba\u015flamak i\u00e7in en iyi yerler hangileridir?","description":"\u00c7evrimi\u00e7i poker i\u00e7in en iyi yerler, ba\u015flamak i\u00e7in 5 alt\u0131n kural","robots":{"index":"index","follow":"follow","max-snippet":"max-snippet:-1","max-image-preview":"max-image-preview:large","max-video-preview":"max-video-preview:-1"},"canonical":"https:\/\/gambling6.com\/tr\/poker\/","og_locale":"tr_TR","og_type":"article","og_title":"\u00c7evrimi\u00e7i poker oynamaya ba\u015flamak i\u00e7in en iyi yerler hangileridir?","og_description":"\u00c7evrimi\u00e7i poker i\u00e7in en iyi yerler, ba\u015flamak i\u00e7in 5 alt\u0131n kural","og_url":"https:\/\/gambling6.com\/tr\/poker\/","og_site_name":"Gambling6","article_modified_time":"2025-11-15T08:20:33+00:00","og_image":[{"width":415,"height":289,"url":"https:\/\/gambling6.com\/wp-content\/uploads\/2022\/04\/pokertournament.jpg","type":"image\/jpeg"}],"twitter_card":"summary_large_image","twitter_misc":{"Tahmini okuma s\u00fcresi":"2 dakika"},"schema":{"@context":"https:\/\/schema.org","@graph":[{"@type":"WebPage","@id":"https:\/\/gambling6.com\/tr\/poker\/","url":"https:\/\/gambling6.com\/tr\/poker\/","name":"\u00c7evrimi\u00e7i poker oynamaya ba\u015flamak i\u00e7in en iyi yerler hangileridir?","isPartOf":{"@id":"https:\/\/gambling6.com\/tr\/#website"},"primaryImageOfPage":{"@id":"https:\/\/gambling6.com\/tr\/poker\/#primaryimage"},"image":{"@id":"https:\/\/gambling6.com\/tr\/poker\/#primaryimage"},"thumbnailUrl":"https:\/\/gambling6.com\/wp-content\/uploads\/2022\/04\/pokertournament-300x209.jpg","datePublished":"2025-11-07T23:36:29+00:00","dateModified":"2025-11-15T08:20:33+00:00","description":"\u00c7evrimi\u00e7i poker i\u00e7in en iyi yerler, ba\u015flamak i\u00e7in 5 alt\u0131n kural","breadcrumb":{"@id":"https:\/\/gambling6.com\/tr\/poker\/#breadcrumb"},"inLanguage":"tr","potentialAction":[{"@type":"ReadAction","target":["https:\/\/gambling6.com\/tr\/poker\/"]}]},{"@type":"ImageObject","inLanguage":"tr","@id":"https:\/\/gambling6.com\/tr\/poker\/#primaryimage","url":"https:\/\/gambling6.com\/wp-content\/uploads\/2022\/04\/pokertournament-300x209.jpg","contentUrl":"https:\/\/gambling6.com\/wp-content\/uploads\/2022\/04\/pokertournament-300x209.jpg"},{"@type":"BreadcrumbList","@id":"https:\/\/gambling6.com\/tr\/poker\/#breadcrumb","itemListElement":[{"@type":"ListItem","position":1,"name":"Home","item":"https:\/\/gambling6.com\/tr\/home\/"},{"@type":"ListItem","position":2,"name":"Poker"}]},{"@type":"WebSite","@id":"https:\/\/gambling6.com\/tr\/#website","url":"https:\/\/gambling6.com\/tr\/","name":"Gambling6","description":"","potentialAction":[{"@type":"SearchAction","target":{"@type":"EntryPoint","urlTemplate":"https:\/\/gambling6.com\/tr\/?s={search_term_string}"},"query-input":{"@type":"PropertyValueSpecification","valueRequired":true,"valueName":"search_term_string"}}],"inLanguage":"tr"}]}},"_links":{"self":[{"href":"https:\/\/gambling6.com\/tr\/wp-json\/wp\/v2\/pages\/8743","targetHints":{"allow":["GET"]}}],"collection":[{"href":"https:\/\/gambling6.com\/tr\/wp-json\/wp\/v2\/pages"}],"about":[{"href":"https:\/\/gambling6.com\/tr\/wp-json\/wp\/v2\/types\/page"}],"author":[{"embeddable":true,"href":"https:\/\/gambling6.com\/tr\/wp-json\/wp\/v2\/users\/1"}],"replies":[{"embeddable":true,"href":"https:\/\/gambling6.com\/tr\/wp-json\/wp\/v2\/comments?post=8743"}],"version-history":[{"count":2,"href":"https:\/\/gambling6.com\/tr\/wp-json\/wp\/v2\/pages\/8743\/revisions"}],"predecessor-version":[{"id":10844,"href":"https:\/\/gambling6.com\/tr\/wp-json\/wp\/v2\/pages\/8743\/revisions\/10844"}],"wp:attachment":[{"href":"https:\/\/gambling6.com\/tr\/wp-json\/wp\/v2\/media?parent=8743"}],"curies":[{"name":"wp","href":"https:\/\/api.w.org\/{rel}","templated":true}]}}