{"id":8853,"date":"2025-11-08T08:45:11","date_gmt":"2025-11-08T08:45:11","guid":{"rendered":"https:\/\/gambling6.com\/kumarhane\/cevrimici-kumar-hesabinizi-guvende-tutmak\/"},"modified":"2025-11-15T10:01:53","modified_gmt":"2025-11-15T10:01:53","slug":"cevrimici-kumar-hesabinizi-guvende-tutmak","status":"publish","type":"page","link":"https:\/\/gambling6.com\/tr\/kumarhane\/cevrimici-kumar-hesabinizi-guvende-tutmak\/","title":{"rendered":"\u00c7evrimi\u00e7i Kumar Hesab\u0131n\u0131z\u0131 G\u00fcvende Tutmak"},"content":{"rendered":"<h2>K\u00f6t\u00fc sitelerden uzak durun ve baz\u0131 g\u00fcvenlik \u00f6nlemleri al\u0131n.<\/h2>\n<p>\u00c7evrimi\u00e7i oyun d\u00fcnyas\u0131 \u00f6nemli \u00f6l\u00e7\u00fcde b\u00fcy\u00fcd\u00fc ve bu genellikle oyuncular i\u00e7in iyi bir \u015fey olsa da, baz\u0131 dezavantajlar\u0131 da beraberinde getiriyor. Kumarhanelerin sundu\u011fu \u00e7evrimi\u00e7i g\u00fcvenlik, ger\u00e7ek parayla oynarken tart\u0131\u015fmas\u0131z en \u00f6nemli unsurdur ve kullan\u0131c\u0131lar\u0131n kusursuz finansal i\u015flemler ger\u00e7ekle\u015ftirmesi garanti edilmelidir.<\/p>\n<p>Ne yaz\u0131k ki, g\u00fcn\u00fcm\u00fcz\u00fcn teknolojik olarak geli\u015fmi\u015f d\u00fcnyas\u0131nda, doland\u0131r\u0131c\u0131l\u0131k ve \u00e7evrimi\u00e7i doland\u0131r\u0131c\u0131l\u0131k o kadar yayg\u0131n ki, bunlar\u0131n ba\u015f\u0131n\u0131za gelmeyece\u011fini varsaymak ve bu nedenle bunlar\u0131 \u00f6nlemek i\u00e7in herhangi bir \u00f6nlem almamak m\u00fcmk\u00fcn de\u011fil. Yeni \u00e7evrimi\u00e7i kumarhaneler neredeyse bir gecede ortaya \u00e7\u0131k\u0131yor ve i\u015fleri ba\u015flatmak ve \u00e7ok say\u0131da m\u00fc\u015fteri \u00e7ekmek i\u00e7in b\u00fcy\u00fck bonuslar vaat ediyor.<\/p>\n<p>Bunlara g\u00fcvenip g\u00fcvenemeyece\u011finizi bilmek \u00e7ok \u00f6nemlidir ve \u00f6ncelikle di\u011fer sitelerden daha fazla bilgi edinmeniz \u015fiddetle tavsiye edilir. Kullan\u0131c\u0131lar veya deneyimli oyuncular taraf\u0131ndan yap\u0131lan yorumlar internette \u00e7ok pop\u00fcler hale geliyor, \u00e7\u00fcnk\u00fc daha fazla kumarbaz k\u00f6r\u00fc k\u00f6r\u00fcne oyuna atlaman\u0131n riskini g\u00f6r\u00fcyor ve \u00f6nce biraz g\u00fcvence ar\u0131yor.<\/p>\n<h2>ABD&#8217;de Online Kumar<\/h2>\n<p><img loading=\"lazy\" decoding=\"async\" class=\" wp-image-2415 alignright\" src=\"https:\/\/gambling6.com\/wp-content\/uploads\/2022\/04\/1_play_euromillions_online3-300x200.jpg\" alt=\"kumarhane g\u00fcvenli\u011fi\" width=\"263\" height=\"175\" srcset=\"https:\/\/gambling6.com\/wp-content\/uploads\/2022\/04\/1_play_euromillions_online3-300x200.jpg 300w, https:\/\/gambling6.com\/wp-content\/uploads\/2022\/04\/1_play_euromillions_online3.jpg 320w\" sizes=\"auto, (max-width: 263px) 100vw, 263px\" \/>ABD, heyecan verici bir online kumar pazar\u0131d\u0131r. Online casinolar iki eyalet d\u0131\u015f\u0131nda t\u00fcm eyaletlerde yasaklanm\u0131\u015f olsa da, gri online oyun sekt\u00f6r\u00fc devasad\u0131r; bunun ba\u015fl\u0131ca nedeni, Amerikal\u0131 kumarbazlar\u0131n online casino oyunlar\u0131 oynamak istemesidir. \u00d6nemli say\u0131da potansiyel m\u00fc\u015fteri, ayn\u0131 zamanda bir avu\u00e7tan fazla ABD online casinosu oldu\u011fu anlam\u0131na gelir ve bu da Amerikal\u0131 oyuncular\u0131n ba\u015flamas\u0131n\u0131 \u00e7ok kolayla\u015ft\u0131r\u0131r.<\/p>\n<p>Asl\u0131nda, \u00f6nde gelen siteler \u00f6deme y\u00f6ntemi olarak Amerikan kredi kartlar\u0131n\u0131 bile kabul ediyor ve her \u015fey oyuncular i\u00e7in m\u00fcmk\u00fcn oldu\u011funca kolay olacak \u015fekilde tasarlanm\u0131\u015f. Bu online casinolar ABD taraf\u0131ndan d\u00fczenlenmese de, g\u00fcvenli ve emniyetli bir ortam sa\u011flamalar\u0131n\u0131 garanti eden yurtd\u0131\u015f\u0131 yetki alanlar\u0131ndan lisanslara sahiptirler. Sorun \u015fu ki, ABD pazar\u0131na hizmet veren harika casinolar\u0131n yan\u0131 s\u0131ra, para \u00e7ekme i\u015flemlerinde sorun ya\u015fayan veya oyunlar\u0131nda adil bir \u00f6deme y\u00fczdesi sunmayan bir\u00e7ok \u015f\u00fcpheli site de mevcut.<\/p>\n<p>Bu nedenle, kat\u0131lmak istedi\u011finiz site hakk\u0131nda \u00f6nce birka\u00e7 inceleme okuman\u0131z ve g\u00f6r\u00fcnd\u00fc\u011f\u00fc kadar iyi olup olmad\u0131\u011f\u0131na bakman\u0131z \u00e7ok \u00f6nemli. Bu i\u015flem birka\u00e7 dakikadan fazla s\u00fcrmez ve \u00e7evrimi\u00e7i oyun deneyiminizin olabildi\u011fince iyi olmas\u0131n\u0131 sa\u011flar. Adil oyun s\u00f6z konusu oldu\u011funda, g\u00fcvenilir \u00e7evrimi\u00e7i casinolar, her oyunun tamamen \u015fansa dayal\u0131 olmas\u0131n\u0131 sa\u011flamak i\u00e7in Rastgele Say\u0131 \u00dcreticileri kullan\u0131r. Bir \u00e7evrimi\u00e7i casino, geleneksel casino masalar\u0131n\u0131, krupiyenin canl\u0131 video ak\u0131\u015f\u0131 arac\u0131l\u0131\u011f\u0131yla \u00e7evrimi\u00e7i oyunun avantajlar\u0131yla birle\u015ftirebilir.<\/p>\n<p>ABD&#8217;de ya\u015fayan bir kumarbaz olarak, \u00e7evrimi\u00e7i casino aksiyonu i\u00e7in pazar lideri sa\u011flay\u0131c\u0131 olan BetOnline&#8217;a ba\u011fl\u0131 kalmaktan asla \u00e7ekinmeyin. <a class=\"thirstylink\" title=\"Betonline casino en\" href=\"https:\/\/gambling6.com\/go\/betonline-casino-en\/\" target=\"_blank\" rel=\"nofollow noopener\">Web sitelerini ziyaret etmek i\u00e7in buraya t\u0131klay\u0131n.<\/a> ABD&#8217;de ikamet edenleri kabul eden di\u011fer \u00e7o\u011fu offshore casino i\u015fletmecisinin aksine, g\u00fcvenli\u011finiz orada emin ellerde.<\/p>\n<h2>Dikkat Edilmesi Gereken G\u00fcvenlik \u00d6nlemleri<\/h2>\n<p>Sorumlulu\u011fun \u00f6nemli bir k\u0131sm\u0131n\u0131n oyuncuya ait oldu\u011funu ve doland\u0131r\u0131c\u0131l\u0131klar\u0131 \u00f6nlemek ve paralar\u0131n\u0131 g\u00fcvende tutmak i\u00e7in alabilecekleri belirli \u00f6nlemler oldu\u011funu da belirtmeliyiz.<\/p>\n<p><strong>1. G\u00fcvenli bir parola kullan\u0131n<\/strong><\/p>\n<p>Giderek daha fazla site, kullan\u0131c\u0131lar\u0131 g\u00fcvenli ve tahmin edilmesi zor parolalar kullanmaya te\u015fvik ediyor. Hem b\u00fcy\u00fck hem de k\u00fc\u00e7\u00fck harflerle rakam ve harf kullanmak, parolay\u0131 \u00e7ok daha g\u00fcvenli hale getirir ve ayn\u0131 parolay\u0131 birden fazla hesap i\u00e7in kullanmaman\u0131z \u00f6nerilir.<\/p>\n<p><strong>2. \u0130yi bir antivir\u00fcs program\u0131n\u0131z oldu\u011fundan emin olun. <\/strong><\/p>\n<p>\u00c7o\u011fu oyuncu, iyi bir antivir\u00fcs program\u0131n\u0131n \u00f6nemini unutur. Bu program, internette gezinirken veya yeni bir \u00e7evrimi\u00e7i casino uygulamas\u0131 gibi bir \u015fey indirirken herhangi bir sorunu an\u0131nda tespit edebilir.<\/p>\n<p><strong>3. Sayfan\u0131n g\u00fcvenli oldu\u011fundan her zaman emin olun.<\/strong><\/p>\n<p>Hesap bilgileri gibi ki\u015fisel verileri girerken, sayfan\u0131n g\u00fcvenli oldu\u011fundan emin olun. Bu, taray\u0131c\u0131n\u0131n adres \u00e7ubu\u011funda HTTPS olup olmad\u0131\u011f\u0131n\u0131 ve kapal\u0131 kilidin olup olmad\u0131\u011f\u0131n\u0131 kontrol ederek yap\u0131l\u0131r.<\/p>\n","protected":false},"excerpt":{"rendered":"<p>K\u00f6t\u00fc sitelerden uzak durun ve baz\u0131 g\u00fcvenlik \u00f6nlemleri al\u0131n. \u00c7evrimi\u00e7i oyun d\u00fcnyas\u0131 \u00f6nemli \u00f6l\u00e7\u00fcde b\u00fcy\u00fcd\u00fc ve bu genellikle oyuncular i\u00e7in iyi bir \u015fey olsa da, baz\u0131 dezavantajlar\u0131 da beraberinde getiriyor. Kumarhanelerin sundu\u011fu \u00e7evrimi\u00e7i g\u00fcvenlik, ger\u00e7ek parayla oynarken tart\u0131\u015fmas\u0131z en \u00f6nemli unsurdur ve kullan\u0131c\u0131lar\u0131n kusursuz finansal i\u015flemler ger\u00e7ekle\u015ftirmesi garanti edilmelidir. Ne yaz\u0131k ki, g\u00fcn\u00fcm\u00fcz\u00fcn teknolojik olarak [&hellip;]<\/p>\n","protected":false},"author":1,"featured_media":0,"parent":8336,"menu_order":36,"comment_status":"closed","ping_status":"closed","template":"","meta":{"footnotes":""},"class_list":["post-8853","page","type-page","status-publish","hentry"],"yoast_head":"<!-- This site is optimized with the Yoast SEO plugin v27.4 - https:\/\/yoast.com\/product\/yoast-seo-wordpress\/ -->\n<title>\u00c7evrimi\u00e7i casino hesab\u0131m\u0131 nas\u0131l g\u00fcvende tutabilirim?<\/title>\n<meta name=\"description\" content=\"\u00c7evrimi\u00e7i kumar g\u00fcvenli\u011fi i\u00e7in faydal\u0131 ipu\u00e7lar\u0131: Casino hesab\u0131n\u0131z\u0131n g\u00fcvende oldu\u011fundan emin olun\" \/>\n<meta name=\"robots\" content=\"index, follow, max-snippet:-1, max-image-preview:large, max-video-preview:-1\" \/>\n<link rel=\"canonical\" href=\"https:\/\/gambling6.com\/tr\/kumarhane\/cevrimici-kumar-hesabinizi-guvende-tutmak\/\" \/>\n<meta property=\"og:locale\" content=\"tr_TR\" \/>\n<meta property=\"og:type\" content=\"article\" \/>\n<meta property=\"og:title\" content=\"\u00c7evrimi\u00e7i casino hesab\u0131m\u0131 nas\u0131l g\u00fcvende tutabilirim?\" \/>\n<meta property=\"og:description\" content=\"\u00c7evrimi\u00e7i kumar g\u00fcvenli\u011fi i\u00e7in faydal\u0131 ipu\u00e7lar\u0131: Casino hesab\u0131n\u0131z\u0131n g\u00fcvende oldu\u011fundan emin olun\" \/>\n<meta property=\"og:url\" content=\"https:\/\/gambling6.com\/tr\/kumarhane\/cevrimici-kumar-hesabinizi-guvende-tutmak\/\" \/>\n<meta property=\"og:site_name\" content=\"Gambling6\" \/>\n<meta property=\"article:modified_time\" content=\"2025-11-15T10:01:53+00:00\" \/>\n<meta property=\"og:image\" content=\"https:\/\/gambling6.com\/wp-content\/uploads\/2022\/04\/1_play_euromillions_online3.jpg\" \/>\n\t<meta property=\"og:image:width\" content=\"320\" \/>\n\t<meta property=\"og:image:height\" content=\"213\" \/>\n\t<meta property=\"og:image:type\" content=\"image\/jpeg\" \/>\n<meta name=\"twitter:card\" content=\"summary_large_image\" \/>\n<meta name=\"twitter:label1\" content=\"Tahmini okuma s\u00fcresi\" \/>\n\t<meta name=\"twitter:data1\" content=\"4 dakika\" \/>\n<script type=\"application\/ld+json\" class=\"yoast-schema-graph\">{\"@context\":\"https:\\\/\\\/schema.org\",\"@graph\":[{\"@type\":\"WebPage\",\"@id\":\"https:\\\/\\\/gambling6.com\\\/tr\\\/kumarhane\\\/cevrimici-kumar-hesabinizi-guvende-tutmak\\\/\",\"url\":\"https:\\\/\\\/gambling6.com\\\/tr\\\/kumarhane\\\/cevrimici-kumar-hesabinizi-guvende-tutmak\\\/\",\"name\":\"\u00c7evrimi\u00e7i casino hesab\u0131m\u0131 nas\u0131l g\u00fcvende tutabilirim?\",\"isPartOf\":{\"@id\":\"https:\\\/\\\/gambling6.com\\\/tr\\\/#website\"},\"primaryImageOfPage\":{\"@id\":\"https:\\\/\\\/gambling6.com\\\/tr\\\/kumarhane\\\/cevrimici-kumar-hesabinizi-guvende-tutmak\\\/#primaryimage\"},\"image\":{\"@id\":\"https:\\\/\\\/gambling6.com\\\/tr\\\/kumarhane\\\/cevrimici-kumar-hesabinizi-guvende-tutmak\\\/#primaryimage\"},\"thumbnailUrl\":\"https:\\\/\\\/gambling6.com\\\/wp-content\\\/uploads\\\/2022\\\/04\\\/1_play_euromillions_online3-300x200.jpg\",\"datePublished\":\"2025-11-08T08:45:11+00:00\",\"dateModified\":\"2025-11-15T10:01:53+00:00\",\"description\":\"\u00c7evrimi\u00e7i kumar g\u00fcvenli\u011fi i\u00e7in faydal\u0131 ipu\u00e7lar\u0131: Casino hesab\u0131n\u0131z\u0131n g\u00fcvende oldu\u011fundan emin olun\",\"breadcrumb\":{\"@id\":\"https:\\\/\\\/gambling6.com\\\/tr\\\/kumarhane\\\/cevrimici-kumar-hesabinizi-guvende-tutmak\\\/#breadcrumb\"},\"inLanguage\":\"tr\",\"potentialAction\":[{\"@type\":\"ReadAction\",\"target\":[\"https:\\\/\\\/gambling6.com\\\/tr\\\/kumarhane\\\/cevrimici-kumar-hesabinizi-guvende-tutmak\\\/\"]}]},{\"@type\":\"ImageObject\",\"inLanguage\":\"tr\",\"@id\":\"https:\\\/\\\/gambling6.com\\\/tr\\\/kumarhane\\\/cevrimici-kumar-hesabinizi-guvende-tutmak\\\/#primaryimage\",\"url\":\"https:\\\/\\\/gambling6.com\\\/wp-content\\\/uploads\\\/2022\\\/04\\\/1_play_euromillions_online3-300x200.jpg\",\"contentUrl\":\"https:\\\/\\\/gambling6.com\\\/wp-content\\\/uploads\\\/2022\\\/04\\\/1_play_euromillions_online3-300x200.jpg\"},{\"@type\":\"BreadcrumbList\",\"@id\":\"https:\\\/\\\/gambling6.com\\\/tr\\\/kumarhane\\\/cevrimici-kumar-hesabinizi-guvende-tutmak\\\/#breadcrumb\",\"itemListElement\":[{\"@type\":\"ListItem\",\"position\":1,\"name\":\"Home\",\"item\":\"https:\\\/\\\/gambling6.com\\\/tr\\\/home\\\/\"},{\"@type\":\"ListItem\",\"position\":2,\"name\":\"Kumarhane\",\"item\":\"https:\\\/\\\/gambling6.com\\\/tr\\\/get-started-with-online-gambling\\\/\"},{\"@type\":\"ListItem\",\"position\":3,\"name\":\"\u00c7evrimi\u00e7i Kumar Hesab\u0131n\u0131z\u0131 G\u00fcvende Tutmak\"}]},{\"@type\":\"WebSite\",\"@id\":\"https:\\\/\\\/gambling6.com\\\/tr\\\/#website\",\"url\":\"https:\\\/\\\/gambling6.com\\\/tr\\\/\",\"name\":\"Gambling6\",\"description\":\"\",\"potentialAction\":[{\"@type\":\"SearchAction\",\"target\":{\"@type\":\"EntryPoint\",\"urlTemplate\":\"https:\\\/\\\/gambling6.com\\\/tr\\\/?s={search_term_string}\"},\"query-input\":{\"@type\":\"PropertyValueSpecification\",\"valueRequired\":true,\"valueName\":\"search_term_string\"}}],\"inLanguage\":\"tr\"}]}<\/script>\n<!-- \/ Yoast SEO plugin. -->","yoast_head_json":{"title":"\u00c7evrimi\u00e7i casino hesab\u0131m\u0131 nas\u0131l g\u00fcvende tutabilirim?","description":"\u00c7evrimi\u00e7i kumar g\u00fcvenli\u011fi i\u00e7in faydal\u0131 ipu\u00e7lar\u0131: Casino hesab\u0131n\u0131z\u0131n g\u00fcvende oldu\u011fundan emin olun","robots":{"index":"index","follow":"follow","max-snippet":"max-snippet:-1","max-image-preview":"max-image-preview:large","max-video-preview":"max-video-preview:-1"},"canonical":"https:\/\/gambling6.com\/tr\/kumarhane\/cevrimici-kumar-hesabinizi-guvende-tutmak\/","og_locale":"tr_TR","og_type":"article","og_title":"\u00c7evrimi\u00e7i casino hesab\u0131m\u0131 nas\u0131l g\u00fcvende tutabilirim?","og_description":"\u00c7evrimi\u00e7i kumar g\u00fcvenli\u011fi i\u00e7in faydal\u0131 ipu\u00e7lar\u0131: Casino hesab\u0131n\u0131z\u0131n g\u00fcvende oldu\u011fundan emin olun","og_url":"https:\/\/gambling6.com\/tr\/kumarhane\/cevrimici-kumar-hesabinizi-guvende-tutmak\/","og_site_name":"Gambling6","article_modified_time":"2025-11-15T10:01:53+00:00","og_image":[{"width":320,"height":213,"url":"https:\/\/gambling6.com\/wp-content\/uploads\/2022\/04\/1_play_euromillions_online3.jpg","type":"image\/jpeg"}],"twitter_card":"summary_large_image","twitter_misc":{"Tahmini okuma s\u00fcresi":"4 dakika"},"schema":{"@context":"https:\/\/schema.org","@graph":[{"@type":"WebPage","@id":"https:\/\/gambling6.com\/tr\/kumarhane\/cevrimici-kumar-hesabinizi-guvende-tutmak\/","url":"https:\/\/gambling6.com\/tr\/kumarhane\/cevrimici-kumar-hesabinizi-guvende-tutmak\/","name":"\u00c7evrimi\u00e7i casino hesab\u0131m\u0131 nas\u0131l g\u00fcvende tutabilirim?","isPartOf":{"@id":"https:\/\/gambling6.com\/tr\/#website"},"primaryImageOfPage":{"@id":"https:\/\/gambling6.com\/tr\/kumarhane\/cevrimici-kumar-hesabinizi-guvende-tutmak\/#primaryimage"},"image":{"@id":"https:\/\/gambling6.com\/tr\/kumarhane\/cevrimici-kumar-hesabinizi-guvende-tutmak\/#primaryimage"},"thumbnailUrl":"https:\/\/gambling6.com\/wp-content\/uploads\/2022\/04\/1_play_euromillions_online3-300x200.jpg","datePublished":"2025-11-08T08:45:11+00:00","dateModified":"2025-11-15T10:01:53+00:00","description":"\u00c7evrimi\u00e7i kumar g\u00fcvenli\u011fi i\u00e7in faydal\u0131 ipu\u00e7lar\u0131: Casino hesab\u0131n\u0131z\u0131n g\u00fcvende oldu\u011fundan emin olun","breadcrumb":{"@id":"https:\/\/gambling6.com\/tr\/kumarhane\/cevrimici-kumar-hesabinizi-guvende-tutmak\/#breadcrumb"},"inLanguage":"tr","potentialAction":[{"@type":"ReadAction","target":["https:\/\/gambling6.com\/tr\/kumarhane\/cevrimici-kumar-hesabinizi-guvende-tutmak\/"]}]},{"@type":"ImageObject","inLanguage":"tr","@id":"https:\/\/gambling6.com\/tr\/kumarhane\/cevrimici-kumar-hesabinizi-guvende-tutmak\/#primaryimage","url":"https:\/\/gambling6.com\/wp-content\/uploads\/2022\/04\/1_play_euromillions_online3-300x200.jpg","contentUrl":"https:\/\/gambling6.com\/wp-content\/uploads\/2022\/04\/1_play_euromillions_online3-300x200.jpg"},{"@type":"BreadcrumbList","@id":"https:\/\/gambling6.com\/tr\/kumarhane\/cevrimici-kumar-hesabinizi-guvende-tutmak\/#breadcrumb","itemListElement":[{"@type":"ListItem","position":1,"name":"Home","item":"https:\/\/gambling6.com\/tr\/home\/"},{"@type":"ListItem","position":2,"name":"Kumarhane","item":"https:\/\/gambling6.com\/tr\/get-started-with-online-gambling\/"},{"@type":"ListItem","position":3,"name":"\u00c7evrimi\u00e7i Kumar Hesab\u0131n\u0131z\u0131 G\u00fcvende Tutmak"}]},{"@type":"WebSite","@id":"https:\/\/gambling6.com\/tr\/#website","url":"https:\/\/gambling6.com\/tr\/","name":"Gambling6","description":"","potentialAction":[{"@type":"SearchAction","target":{"@type":"EntryPoint","urlTemplate":"https:\/\/gambling6.com\/tr\/?s={search_term_string}"},"query-input":{"@type":"PropertyValueSpecification","valueRequired":true,"valueName":"search_term_string"}}],"inLanguage":"tr"}]}},"_links":{"self":[{"href":"https:\/\/gambling6.com\/tr\/wp-json\/wp\/v2\/pages\/8853","targetHints":{"allow":["GET"]}}],"collection":[{"href":"https:\/\/gambling6.com\/tr\/wp-json\/wp\/v2\/pages"}],"about":[{"href":"https:\/\/gambling6.com\/tr\/wp-json\/wp\/v2\/types\/page"}],"author":[{"embeddable":true,"href":"https:\/\/gambling6.com\/tr\/wp-json\/wp\/v2\/users\/1"}],"replies":[{"embeddable":true,"href":"https:\/\/gambling6.com\/tr\/wp-json\/wp\/v2\/comments?post=8853"}],"version-history":[{"count":2,"href":"https:\/\/gambling6.com\/tr\/wp-json\/wp\/v2\/pages\/8853\/revisions"}],"predecessor-version":[{"id":10912,"href":"https:\/\/gambling6.com\/tr\/wp-json\/wp\/v2\/pages\/8853\/revisions\/10912"}],"up":[{"embeddable":true,"href":"https:\/\/gambling6.com\/tr\/wp-json\/wp\/v2\/pages\/8336"}],"wp:attachment":[{"href":"https:\/\/gambling6.com\/tr\/wp-json\/wp\/v2\/media?parent=8853"}],"curies":[{"name":"wp","href":"https:\/\/api.w.org\/{rel}","templated":true}]}}