{"id":8904,"date":"2025-11-08T09:46:14","date_gmt":"2025-11-08T09:46:14","guid":{"rendered":"https:\/\/gambling6.com\/kumarhane\/blackjackin-kokeni\/"},"modified":"2025-11-15T09:25:25","modified_gmt":"2025-11-15T09:25:25","slug":"blackjackin-kokeni","status":"publish","type":"page","link":"https:\/\/gambling6.com\/tr\/kumarhane\/blackjackin-kokeni\/","title":{"rendered":"Blackjack&#8217;in K\u00f6keni"},"content":{"rendered":"<h2>Blackjack ilk ne zaman oynand\u0131?<\/h2>\n<p><a href=\"http:\/\/gambling6.com\/wp-content\/uploads\/2013\/12\/history-of-balck-jack.jpg\"><img loading=\"lazy\" decoding=\"async\" class=\"aligncenter size-full wp-image-547 alignright size-full wp-image-183\" style=\"margin: 5px; float: right;\" src=\"http:\/\/gambling6.com\/wp-content\/uploads\/2013\/12\/history-of-balck-jack.jpg\" alt=\"blackjack tarihi\" width=\"243\" height=\"207\" \/><\/a>Kumar tarih\u00e7ileri, Black Jack olarak bildi\u011fimiz oyunun tarihi ve k\u00f6keni konusunda kafa kar\u0131\u015f\u0131kl\u0131\u011f\u0131 ya\u015f\u0131yor. Oyunun tarihi, bug\u00fcn bile bir\u00e7ok ara\u015ft\u0131rmac\u0131 i\u00e7in hararetli bir tart\u0131\u015fma konusudur. Kart oyunlar\u0131n\u0131n tarihine bak\u0131ld\u0131\u011f\u0131nda, oyun ka\u011f\u0131tlar\u0131n\u0131n ilk olarak MS 900 gibi erken bir tarihte \u00c7in, Hindistan ve M\u0131s\u0131r&#8217;da kullan\u0131ld\u0131\u011f\u0131 tespit edilebilir. \u0130lk kart oyunlar\u0131n\u0131n \u00c7in&#8217;de ba\u015flad\u0131\u011f\u0131 s\u00f6ylenir.<\/p>\n<p>Ancak Blackjack oyununu as\u0131l icat edenlerin Frans\u0131zlar oldu\u011fu s\u00f6ylenir. Frans\u0131zlar\u0131n &#8220;chemin de fer&#8221; ve &#8220;Frans\u0131z Ferme&#8221; olarak bilinen kart oyunlar\u0131 vard\u0131. Blackjack&#8217;in asl\u0131nda bu iki Frans\u0131z oyununun bir yan \u00fcr\u00fcn\u00fc oldu\u011funa inan\u0131l\u0131r.<\/p>\n<p>MS 1700 y\u0131l\u0131nda, o zamanki Frans\u0131z kumarhanelerinde &#8220;vingt-et-un&#8221; (yirmi bir) olarak bilinen bir oyun ortaya \u00e7\u0131kt\u0131. 1800&#8217;lerde ayn\u0131 oyun Amerika Birle\u015fik Devletleri&#8217;ne ta\u015f\u0131nd\u0131.<\/p>\n<p>&#8220;vingt-et-un&#8221;, Blackjack&#8217;e olduk\u00e7a benzese de baz\u0131 y\u00f6nlerden farkl\u0131d\u0131r. Bu oyunda ama\u00e7, toplam say\u0131s\u0131 yirmi bir olan kartlarla &#8220;Natural&#8221;a ula\u015fmakt\u0131r. Ayr\u0131ca, kartlar turlar halinde da\u011f\u0131t\u0131l\u0131r ve her tur i\u00e7in bahisler yap\u0131l\u0131rd\u0131. Ayr\u0131ca, yaln\u0131zca da\u011f\u0131t\u0131c\u0131n\u0131n &#8220;\u00e7ift&#8221; yapma yetkisi vard\u0131. Do\u011fal kart al\u0131rsa, di\u011fer t\u00fcm oyuncular ona \u00fc\u00e7 kat\u0131n\u0131 \u00f6demek zorunda kalacakt\u0131.<\/p>\n<p>\u0130lgili ara\u015ft\u0131rmac\u0131lar\u0131n bir di\u011fer iddias\u0131 da, &#8220;Yedi bu\u00e7uk&#8221; olarak bilinen \u0130talyan oyununun da mevcut Blackjack&#8217;e katk\u0131da bulunmu\u015f olabilece\u011fidir. Oyun, resimli kartlar\u0131n yan\u0131 s\u0131ra 8, 9 ve 10 numaral\u0131 kartlarla oynan\u0131rd\u0131. Resimli kartlar ise &#8220;yar\u0131m&#8221; olarak say\u0131l\u0131rd\u0131. Ayr\u0131ca, Karo Papaz\u0131 da joker kart olarak kabul edilirdi. &#8220;B\u00fcst&#8221; kavram\u0131n\u0131n ilk kez ortaya \u00e7\u0131kt\u0131\u011f\u0131 oyunun bu oldu\u011funa inan\u0131l\u0131r. Bu, herhangi bir oyuncunun kartlar\u0131n\u0131n toplam\u0131 yedi bu\u00e7uktan fazlaysa, oyuncunun &#8220;batt\u0131\u011f\u0131&#8221; veya oyundan \u00e7\u0131kt\u0131\u011f\u0131 anlam\u0131na gelir.<\/p>\n<p>\u00dcnl\u00fc \u0130spanyol oyunu &#8220;Bir ve Otuz&#8221; da Black Jack&#8217;e benziyordu. Ancak bu oyunda, toplam yirmi bir yerine otuz birdi ve Black Jack&#8217;teki gibi iki kart yerine \u00fc\u00e7 kartla oynan\u0131yordu.<\/p>\n<p>Blackjack, 1910&#8217;da Amerikan kumarhanelerine girdi\u011finde pek pop\u00fcler de\u011fildi. Kumarhaneler, insanlar\u0131 oyuna \u00e7ekmek i\u00e7in \u00e7e\u015fitli te\u015fvikler ve bonuslar sundular. Kumarhanenin ba\u015flang\u0131\u00e7ta sundu\u011fu bonus \u00f6demesi 10&#8217;a 1&#8217;di. Baz\u0131 kumarhaneler, hem Sinek Valesi&#8217;ni hem de Ma\u00e7a Valesi&#8217;ni 10&#8217;a 1 \u00f6demeyle tan\u0131yarak yeni oyunun cazibesini art\u0131rd\u0131.<\/p>\n<p>Bir di\u011fer ilgin\u00e7 nokta da bu oyunda &#8220;Blackjack&#8221; ad\u0131n\u0131n nas\u0131l kullan\u0131ld\u0131\u011f\u0131d\u0131r. Oyunun Blackjack olarak adland\u0131r\u0131lmas\u0131n\u0131n nedeninin, bonus \u00f6demesini almak i\u00e7in oyuncunun ilk iki kart\u0131n\u0131n Ma\u00e7a Valesi veya Ma\u00e7a As\u0131 olmas\u0131 gerekti\u011fi s\u00f6ylenir.<\/p>\n<p>Art\u0131k Jack&#8217;in kazanan bir el yapmas\u0131 gerekmese de ve As&#8217;l\u0131 herhangi bir on de\u011ferindeki kart kazanan bir el olarak kabul edilse de, Black Jack ad\u0131 bir tane ta\u015f\u0131r.<\/p>\n","protected":false},"excerpt":{"rendered":"<p>Blackjack ilk ne zaman oynand\u0131? Kumar tarih\u00e7ileri, Black Jack olarak bildi\u011fimiz oyunun tarihi ve k\u00f6keni konusunda kafa kar\u0131\u015f\u0131kl\u0131\u011f\u0131 ya\u015f\u0131yor. Oyunun tarihi, bug\u00fcn bile bir\u00e7ok ara\u015ft\u0131rmac\u0131 i\u00e7in hararetli bir tart\u0131\u015fma konusudur. Kart oyunlar\u0131n\u0131n tarihine bak\u0131ld\u0131\u011f\u0131nda, oyun ka\u011f\u0131tlar\u0131n\u0131n ilk olarak MS 900 gibi erken bir tarihte \u00c7in, Hindistan ve M\u0131s\u0131r&#8217;da kullan\u0131ld\u0131\u011f\u0131 tespit edilebilir. \u0130lk kart oyunlar\u0131n\u0131n \u00c7in&#8217;de [&hellip;]<\/p>\n","protected":false},"author":1,"featured_media":8889,"parent":8336,"menu_order":56,"comment_status":"closed","ping_status":"closed","template":"","meta":{"footnotes":""},"class_list":["post-8904","page","type-page","status-publish","has-post-thumbnail","hentry"],"yoast_head":"<!-- This site is optimized with the Yoast SEO plugin v27.4 - https:\/\/yoast.com\/product\/yoast-seo-wordpress\/ -->\n<title>Blackjack kart oyununun k\u00f6keni<\/title>\n<meta name=\"description\" content=\"Pop\u00fcler sokak oyunundan kumarhane e\u011flencesine ve \u00e7evrimi\u00e7i kumarhanelere kadar Black Jack&#039;in tarihini okuyun\" \/>\n<meta name=\"robots\" content=\"index, follow, max-snippet:-1, max-image-preview:large, max-video-preview:-1\" \/>\n<link rel=\"canonical\" href=\"https:\/\/gambling6.com\/tr\/kumarhane\/blackjackin-kokeni\/\" \/>\n<meta property=\"og:locale\" content=\"tr_TR\" \/>\n<meta property=\"og:type\" content=\"article\" \/>\n<meta property=\"og:title\" content=\"Blackjack kart oyununun k\u00f6keni\" \/>\n<meta property=\"og:description\" content=\"Pop\u00fcler sokak oyunundan kumarhane e\u011flencesine ve \u00e7evrimi\u00e7i kumarhanelere kadar Black Jack&#039;in tarihini okuyun\" \/>\n<meta property=\"og:url\" content=\"https:\/\/gambling6.com\/tr\/kumarhane\/blackjackin-kokeni\/\" \/>\n<meta property=\"og:site_name\" content=\"Gambling6\" \/>\n<meta property=\"article:modified_time\" content=\"2025-11-15T09:25:25+00:00\" \/>\n<meta property=\"og:image\" content=\"https:\/\/gambling6.com\/wp-content\/uploads\/2013\/12\/history-of-balck-jack.jpg\" \/>\n\t<meta property=\"og:image:width\" content=\"243\" \/>\n\t<meta property=\"og:image:height\" content=\"207\" \/>\n\t<meta property=\"og:image:type\" content=\"image\/jpeg\" \/>\n<meta name=\"twitter:card\" content=\"summary_large_image\" \/>\n<meta name=\"twitter:label1\" content=\"Tahmini okuma s\u00fcresi\" \/>\n\t<meta name=\"twitter:data1\" content=\"2 dakika\" \/>\n<script type=\"application\/ld+json\" class=\"yoast-schema-graph\">{\"@context\":\"https:\\\/\\\/schema.org\",\"@graph\":[{\"@type\":\"WebPage\",\"@id\":\"https:\\\/\\\/gambling6.com\\\/tr\\\/kumarhane\\\/blackjackin-kokeni\\\/\",\"url\":\"https:\\\/\\\/gambling6.com\\\/tr\\\/kumarhane\\\/blackjackin-kokeni\\\/\",\"name\":\"Blackjack kart oyununun k\u00f6keni\",\"isPartOf\":{\"@id\":\"https:\\\/\\\/gambling6.com\\\/tr\\\/#website\"},\"primaryImageOfPage\":{\"@id\":\"https:\\\/\\\/gambling6.com\\\/tr\\\/kumarhane\\\/blackjackin-kokeni\\\/#primaryimage\"},\"image\":{\"@id\":\"https:\\\/\\\/gambling6.com\\\/tr\\\/kumarhane\\\/blackjackin-kokeni\\\/#primaryimage\"},\"thumbnailUrl\":\"https:\\\/\\\/gambling6.com\\\/wp-content\\\/uploads\\\/2013\\\/12\\\/history-of-balck-jack.jpg\",\"datePublished\":\"2025-11-08T09:46:14+00:00\",\"dateModified\":\"2025-11-15T09:25:25+00:00\",\"description\":\"Pop\u00fcler sokak oyunundan kumarhane e\u011flencesine ve \u00e7evrimi\u00e7i kumarhanelere kadar Black Jack'in tarihini okuyun\",\"breadcrumb\":{\"@id\":\"https:\\\/\\\/gambling6.com\\\/tr\\\/kumarhane\\\/blackjackin-kokeni\\\/#breadcrumb\"},\"inLanguage\":\"tr\",\"potentialAction\":[{\"@type\":\"ReadAction\",\"target\":[\"https:\\\/\\\/gambling6.com\\\/tr\\\/kumarhane\\\/blackjackin-kokeni\\\/\"]}]},{\"@type\":\"ImageObject\",\"inLanguage\":\"tr\",\"@id\":\"https:\\\/\\\/gambling6.com\\\/tr\\\/kumarhane\\\/blackjackin-kokeni\\\/#primaryimage\",\"url\":\"https:\\\/\\\/gambling6.com\\\/wp-content\\\/uploads\\\/2013\\\/12\\\/history-of-balck-jack.jpg\",\"contentUrl\":\"https:\\\/\\\/gambling6.com\\\/wp-content\\\/uploads\\\/2013\\\/12\\\/history-of-balck-jack.jpg\",\"width\":243,\"height\":207,\"caption\":\"blackjack\"},{\"@type\":\"BreadcrumbList\",\"@id\":\"https:\\\/\\\/gambling6.com\\\/tr\\\/kumarhane\\\/blackjackin-kokeni\\\/#breadcrumb\",\"itemListElement\":[{\"@type\":\"ListItem\",\"position\":1,\"name\":\"Home\",\"item\":\"https:\\\/\\\/gambling6.com\\\/tr\\\/home\\\/\"},{\"@type\":\"ListItem\",\"position\":2,\"name\":\"Kumarhane\",\"item\":\"https:\\\/\\\/gambling6.com\\\/tr\\\/get-started-with-online-gambling\\\/\"},{\"@type\":\"ListItem\",\"position\":3,\"name\":\"Blackjack&#8217;in K\u00f6keni\"}]},{\"@type\":\"WebSite\",\"@id\":\"https:\\\/\\\/gambling6.com\\\/tr\\\/#website\",\"url\":\"https:\\\/\\\/gambling6.com\\\/tr\\\/\",\"name\":\"Gambling6\",\"description\":\"\",\"potentialAction\":[{\"@type\":\"SearchAction\",\"target\":{\"@type\":\"EntryPoint\",\"urlTemplate\":\"https:\\\/\\\/gambling6.com\\\/tr\\\/?s={search_term_string}\"},\"query-input\":{\"@type\":\"PropertyValueSpecification\",\"valueRequired\":true,\"valueName\":\"search_term_string\"}}],\"inLanguage\":\"tr\"}]}<\/script>\n<!-- \/ Yoast SEO plugin. -->","yoast_head_json":{"title":"Blackjack kart oyununun k\u00f6keni","description":"Pop\u00fcler sokak oyunundan kumarhane e\u011flencesine ve \u00e7evrimi\u00e7i kumarhanelere kadar Black Jack'in tarihini okuyun","robots":{"index":"index","follow":"follow","max-snippet":"max-snippet:-1","max-image-preview":"max-image-preview:large","max-video-preview":"max-video-preview:-1"},"canonical":"https:\/\/gambling6.com\/tr\/kumarhane\/blackjackin-kokeni\/","og_locale":"tr_TR","og_type":"article","og_title":"Blackjack kart oyununun k\u00f6keni","og_description":"Pop\u00fcler sokak oyunundan kumarhane e\u011flencesine ve \u00e7evrimi\u00e7i kumarhanelere kadar Black Jack'in tarihini okuyun","og_url":"https:\/\/gambling6.com\/tr\/kumarhane\/blackjackin-kokeni\/","og_site_name":"Gambling6","article_modified_time":"2025-11-15T09:25:25+00:00","og_image":[{"width":243,"height":207,"url":"https:\/\/gambling6.com\/wp-content\/uploads\/2013\/12\/history-of-balck-jack.jpg","type":"image\/jpeg"}],"twitter_card":"summary_large_image","twitter_misc":{"Tahmini okuma s\u00fcresi":"2 dakika"},"schema":{"@context":"https:\/\/schema.org","@graph":[{"@type":"WebPage","@id":"https:\/\/gambling6.com\/tr\/kumarhane\/blackjackin-kokeni\/","url":"https:\/\/gambling6.com\/tr\/kumarhane\/blackjackin-kokeni\/","name":"Blackjack kart oyununun k\u00f6keni","isPartOf":{"@id":"https:\/\/gambling6.com\/tr\/#website"},"primaryImageOfPage":{"@id":"https:\/\/gambling6.com\/tr\/kumarhane\/blackjackin-kokeni\/#primaryimage"},"image":{"@id":"https:\/\/gambling6.com\/tr\/kumarhane\/blackjackin-kokeni\/#primaryimage"},"thumbnailUrl":"https:\/\/gambling6.com\/wp-content\/uploads\/2013\/12\/history-of-balck-jack.jpg","datePublished":"2025-11-08T09:46:14+00:00","dateModified":"2025-11-15T09:25:25+00:00","description":"Pop\u00fcler sokak oyunundan kumarhane e\u011flencesine ve \u00e7evrimi\u00e7i kumarhanelere kadar Black Jack'in tarihini okuyun","breadcrumb":{"@id":"https:\/\/gambling6.com\/tr\/kumarhane\/blackjackin-kokeni\/#breadcrumb"},"inLanguage":"tr","potentialAction":[{"@type":"ReadAction","target":["https:\/\/gambling6.com\/tr\/kumarhane\/blackjackin-kokeni\/"]}]},{"@type":"ImageObject","inLanguage":"tr","@id":"https:\/\/gambling6.com\/tr\/kumarhane\/blackjackin-kokeni\/#primaryimage","url":"https:\/\/gambling6.com\/wp-content\/uploads\/2013\/12\/history-of-balck-jack.jpg","contentUrl":"https:\/\/gambling6.com\/wp-content\/uploads\/2013\/12\/history-of-balck-jack.jpg","width":243,"height":207,"caption":"blackjack"},{"@type":"BreadcrumbList","@id":"https:\/\/gambling6.com\/tr\/kumarhane\/blackjackin-kokeni\/#breadcrumb","itemListElement":[{"@type":"ListItem","position":1,"name":"Home","item":"https:\/\/gambling6.com\/tr\/home\/"},{"@type":"ListItem","position":2,"name":"Kumarhane","item":"https:\/\/gambling6.com\/tr\/get-started-with-online-gambling\/"},{"@type":"ListItem","position":3,"name":"Blackjack&#8217;in K\u00f6keni"}]},{"@type":"WebSite","@id":"https:\/\/gambling6.com\/tr\/#website","url":"https:\/\/gambling6.com\/tr\/","name":"Gambling6","description":"","potentialAction":[{"@type":"SearchAction","target":{"@type":"EntryPoint","urlTemplate":"https:\/\/gambling6.com\/tr\/?s={search_term_string}"},"query-input":{"@type":"PropertyValueSpecification","valueRequired":true,"valueName":"search_term_string"}}],"inLanguage":"tr"}]}},"_links":{"self":[{"href":"https:\/\/gambling6.com\/tr\/wp-json\/wp\/v2\/pages\/8904","targetHints":{"allow":["GET"]}}],"collection":[{"href":"https:\/\/gambling6.com\/tr\/wp-json\/wp\/v2\/pages"}],"about":[{"href":"https:\/\/gambling6.com\/tr\/wp-json\/wp\/v2\/types\/page"}],"author":[{"embeddable":true,"href":"https:\/\/gambling6.com\/tr\/wp-json\/wp\/v2\/users\/1"}],"replies":[{"embeddable":true,"href":"https:\/\/gambling6.com\/tr\/wp-json\/wp\/v2\/comments?post=8904"}],"version-history":[{"count":1,"href":"https:\/\/gambling6.com\/tr\/wp-json\/wp\/v2\/pages\/8904\/revisions"}],"predecessor-version":[{"id":10875,"href":"https:\/\/gambling6.com\/tr\/wp-json\/wp\/v2\/pages\/8904\/revisions\/10875"}],"up":[{"embeddable":true,"href":"https:\/\/gambling6.com\/tr\/wp-json\/wp\/v2\/pages\/8336"}],"wp:featuredmedia":[{"embeddable":true,"href":"https:\/\/gambling6.com\/tr\/wp-json\/wp\/v2\/media\/8889"}],"wp:attachment":[{"href":"https:\/\/gambling6.com\/tr\/wp-json\/wp\/v2\/media?parent=8904"}],"curies":[{"name":"wp","href":"https:\/\/api.w.org\/{rel}","templated":true}]}}