{"id":8951,"date":"2025-11-08T11:40:53","date_gmt":"2025-11-08T11:40:53","guid":{"rendered":"https:\/\/gambling6.com\/kumarhane\/cevrimici-slotlar-hakkinda-bilmeniz-gereken-her-sey\/"},"modified":"2025-11-15T09:51:32","modified_gmt":"2025-11-15T09:51:32","slug":"cevrimici-slotlar-hakkinda-bilmeniz-gereken-her-sey","status":"publish","type":"page","link":"https:\/\/gambling6.com\/tr\/kumarhane\/cevrimici-slotlar-hakkinda-bilmeniz-gereken-her-sey\/","title":{"rendered":"\u00c7evrimi\u00e7i Slotlar Hakk\u0131nda Bilmeniz Gereken Her \u015eey"},"content":{"rendered":"<h2>Slot Oynamak &#8211; En Pop\u00fcler \u00c7evrimi\u00e7i Casino Oyunu<\/h2>\n<p>\u00c7evrimi\u00e7i slotlar, casino oyuncular\u0131 aras\u0131nda en pop\u00fcler tercihtir ve bunun bir\u00e7ok nedeni vard\u0131r. Oyunlar ilk bak\u0131\u015fta basit g\u00f6r\u00fcnse de, asl\u0131nda sonu\u00e7lar\u0131n\u0131z\u0131 iyile\u015ftirmenize ve daha iyi bir \u00e7evrimi\u00e7i oyun deneyimi olu\u015fturman\u0131za yard\u0131mc\u0131 olabilecek, bilmeniz gereken birka\u00e7 \u015fey vard\u0131r. Ger\u00e7ek parayla oynanan slotlarla ilgili \u00e7e\u015fitli unsurlar hakk\u0131nda bilgi edinmek i\u00e7in, oyunculara oyunun nas\u0131l \u00e7al\u0131\u015ft\u0131\u011f\u0131n\u0131 ve hangi stratejileri kullanabileceklerini \u00f6\u011fretmeye adanm\u0131\u015f web sitemizi ziyaret edin.<\/p>\n<h2>\u00c7evrimi\u00e7i slotlarla tan\u0131\u015f\u0131n<\/h2>\n<p><img loading=\"lazy\" decoding=\"async\" class=\" alignright size-full wp-image-370\" style=\"margin: 5px; float: right;\" src=\"http:\/\/gambling6.com\/wp-content\/uploads\/2013\/12\/Slots-150x150.jpg\" alt=\"Slotlar--150x150\" width=\"150\" height=\"150\" \/>Slot makineleri, geleneksel kumarhanelerde olduk\u00e7a pop\u00fclerdir ve genellikle y\u00fcksek talebi kar\u015f\u0131lamak i\u00e7in geni\u015f odalar\u0131 doldururlar. Hatta yo\u011fun saatlerde, pop\u00fcler kumarhanelerde bir slot makinesi bulamama olas\u0131l\u0131\u011f\u0131n\u0131z olduk\u00e7a y\u00fcksektir. Oyunun konsepti basittir: 3 veya 5 d\u00f6nen makarada birka\u00e7 sembol bulunur. Oyuncunun bir bahis yapmas\u0131 ve oynamak istedi\u011fi sat\u0131r say\u0131s\u0131n\u0131 se\u00e7mesi gerekir.<\/p>\n<p>Daha sonra makaralar\u0131 d\u00f6nd\u00fcrebilir ve semboller se\u00e7ilen her sat\u0131rda belirli bir kombinasyonda durursa, oyun oranlara ve bahis miktar\u0131na g\u00f6re bir \u00f6d\u00fcl verir. Oyunu bu kadar pop\u00fcler yapan \u015fey, b\u00fcy\u00fck \u00f6d\u00fcller kazanma potansiyeliyle birle\u015fen bu basitli\u011fidir. \u00c7evrimi\u00e7i casinolar y\u0131llar i\u00e7inde giderek daha pop\u00fcler hale geldik\u00e7e, slotlar da oyuncular favori oyunlar\u0131na daha kolay eri\u015fmek i\u00e7in \u00e7evrimi\u00e7i ortama y\u00f6neldik\u00e7e pop\u00fclerli\u011fini korudu.<\/p>\n<p>Ayn\u0131 kurallar ge\u00e7erli, ancak \u00e7evrimi\u00e7i slotlar art\u0131k makaralar d\u00f6nmeyi b\u0131rakt\u0131\u011f\u0131nda hangi sembollerin g\u00f6sterilece\u011fini belirlemek i\u00e7in rastgele say\u0131 \u00fcrete\u00e7leri kullan\u0131yor. Slot oranlar\u0131 teoride ayn\u0131 kalsa da \u00e7o\u011fu oyuncu, kumarhanedeki konumlar\u0131na ba\u011fl\u0131 olarak herhangi bir \u015fekilde ayarlanmad\u0131klar\u0131 i\u00e7in \u00e7evrimi\u00e7i slotlar\u0131n \u00e7ok daha karl\u0131 oldu\u011funu iddia ediyor.<\/p>\n<h2>\u00c7evrimi\u00e7i yeni olanaklar<\/h2>\n<p>\u00c7evrimi\u00e7i slotlar son birka\u00e7 y\u0131lda ger\u00e7ekten pop\u00fclerlik kazand\u0131 ve internet, yaz\u0131l\u0131m geli\u015ftiricilerine oyunu bir \u00fcst seviyeye ta\u015f\u0131ma \u015fans\u0131 verdi. Oyuncular art\u0131k \u00e7ok say\u0131da \u00f6deme hatt\u0131 aras\u0131ndan se\u00e7im yapabiliyor. Her ek hat, kazanan bir kombinasyon yakalama \u015fans\u0131yla ayn\u0131, bu nedenle oyuncu tek bir d\u00f6n\u00fc\u015fte daha fazla \u00f6deme yapma ve daha fazla hat oynama se\u00e7ene\u011fine sahip. \u0130nternet ayr\u0131ca, \u00e7evrimi\u00e7i slotlar\u0131 temalar\u0131na ve tarzlar\u0131na g\u00f6re geni\u015fletmenin en iyi yolunu da sa\u011flad\u0131. Yeni oyunlar olduk\u00e7a s\u0131k yay\u0131nlan\u0131yor ve \u00e7e\u015fitli temalar\u0131 kapsayabiliyor; ancak olas\u0131l\u0131klar yaln\u0131zca hayal g\u00fcc\u00fcyle s\u0131n\u0131rl\u0131. Kara \u015e\u00f6valye ve Gladyat\u00f6r gibi pop\u00fcler filmler, \u00e7evrimi\u00e7i slot oyunlar\u0131na ilham veriyor.<\/p>\n<p>\u00c7ekici temalara ve g\u00f6z al\u0131c\u0131 tasar\u0131ma sahip casino oyunlar\u0131 i\u00e7in en iyi casinolar aras\u0131nda kesinlikle 888 Casino yer al\u0131yor. <a class=\"thirstylink\" title=\"888 casino en\" href=\"https:\/\/gambling6.com\/go\/888-casino-en\/\" target=\"_blank\" rel=\"nofollow noopener\">Denemek isterseniz, bu ba\u011flant\u0131y\u0131 takip edin &#8211; hayal k\u0131r\u0131kl\u0131\u011f\u0131na u\u011framayacaks\u0131n\u0131z.<\/a><\/p>\n<h2>Progresif Slotlar<\/h2>\n<p>Progresif slotlar, fiziksel casinolarda da bulunabilir, ancak \u00e7evrimi\u00e7i ortamda ger\u00e7ekten pop\u00fclerdirler. Buradaki fikir, casinonun birka\u00e7 slot makinesini birbirine ba\u011flamas\u0131d\u0131r, b\u00f6ylece her bahis, herhangi bir anda kazan\u0131labilen standart bir jackpot&#8217;a katk\u0131da bulunabilir. \u00c7evrimi\u00e7i casinolar s\u00f6z konusu oldu\u011funda, bu oyunlar\u0131 birbirine ba\u011flamak \u00e7ok daha kolayd\u0131r ve daha fazla kullan\u0131c\u0131n\u0131n ayn\u0131 oyunu oynamas\u0131na olanak tan\u0131r. Bu, her birka\u00e7 ayda bir milyonlarca dolar kazand\u0131rabilen \u00e7ok pop\u00fcler progresif slotlar\u0131n ortaya \u00e7\u0131kmas\u0131n\u0131 sa\u011flar.<\/p>\n<p>B\u00fcy\u00fck ikramiye, oyuncular taraf\u0131ndan yap\u0131lan her ek bahisle artar ve kazanan kombinasyona ula\u015fana ve t\u00fcm tutar\u0131 kazanana kadar devam eder. \u00d6rne\u011fin, poker temal\u0131 bir \u00e7evrimi\u00e7i slot oyununda, b\u00fcy\u00fck ikramiye Royal Flush&#8217;a ula\u015farak kazan\u0131l\u0131r. Elbette, daha s\u0131k gelen di\u011fer kombinasyonlar i\u00e7in verilen daha k\u00fc\u00e7\u00fck \u00f6d\u00fcller de vard\u0131r, bu nedenle oyuncular sadece b\u00fcy\u00fck ikramiye i\u00e7in bahis oynamazlar. Pop\u00fcler progresif slot oyunlar\u0131, ayn\u0131 yaz\u0131l\u0131m sa\u011flay\u0131c\u0131s\u0131n\u0131 kulland\u0131klar\u0131 s\u00fcrece ayn\u0131 anda birka\u00e7 \u00e7evrimi\u00e7i kumarhanede bulunabilir.<\/p>\n<h2>\u00c7evrimi\u00e7i slotlar i\u00e7in stratejiler<\/h2>\n<p>Slotlar tamamen \u015fansa dayal\u0131 bir oyun olsa da, baz\u0131 faydal\u0131 ipu\u00e7lar\u0131 k\u00e2r\u0131n\u0131z\u0131 art\u0131rman\u0131za yard\u0131mc\u0131 olabilir. Bilmeniz gereken en \u00f6nemli \u015fey, bir d\u00f6n\u00fc\u015f\u00fcn bir \u00f6ncekine ba\u011fl\u0131 olmad\u0131\u011f\u0131d\u0131r; her d\u00f6n\u00fc\u015f\u00fcn oranlar\u0131 ayn\u0131d\u0131r. Bir\u00e7ok oyuncu, yeterince uzun s\u00fcre oynarlarsa sonunda b\u00fcy\u00fck \u00f6d\u00fcl\u00fc kazanacaklar\u0131na inan\u0131r. \u00c7evrimi\u00e7i slotlarda kazanman\u0131n en iyi yolu, b\u00fct\u00e7enizi do\u011fru bir \u015fekilde y\u00f6netmek ve ba\u015flang\u0131\u00e7ta gereksiz risklerden ka\u00e7\u0131nmakt\u0131r. Bu, daha az say\u0131da hat oynaman\u0131z ve &#8220;\u00e7ift ya da hi\u00e7&#8221; \u00f6zelli\u011fi sunan oyunlardan ka\u00e7\u0131nman\u0131z gerekti\u011fi anlam\u0131na gelir. Oyunun nas\u0131l \u00e7al\u0131\u015ft\u0131\u011f\u0131n\u0131 daha iyi \u00f6\u011frenmek i\u00e7in \u00f6ncelikle sanal parayla oynayabilirsiniz.<\/p>\n","protected":false},"excerpt":{"rendered":"<p>Slot Oynamak &#8211; En Pop\u00fcler \u00c7evrimi\u00e7i Casino Oyunu \u00c7evrimi\u00e7i slotlar, casino oyuncular\u0131 aras\u0131nda en pop\u00fcler tercihtir ve bunun bir\u00e7ok nedeni vard\u0131r. Oyunlar ilk bak\u0131\u015fta basit g\u00f6r\u00fcnse de, asl\u0131nda sonu\u00e7lar\u0131n\u0131z\u0131 iyile\u015ftirmenize ve daha iyi bir \u00e7evrimi\u00e7i oyun deneyimi olu\u015fturman\u0131za yard\u0131mc\u0131 olabilecek, bilmeniz gereken birka\u00e7 \u015fey vard\u0131r. Ger\u00e7ek parayla oynanan slotlarla ilgili \u00e7e\u015fitli unsurlar hakk\u0131nda bilgi edinmek [&hellip;]<\/p>\n","protected":false},"author":1,"featured_media":8933,"parent":8336,"menu_order":42,"comment_status":"closed","ping_status":"closed","template":"","meta":{"footnotes":""},"class_list":["post-8951","page","type-page","status-publish","has-post-thumbnail","hentry"],"yoast_head":"<!-- This site is optimized with the Yoast SEO plugin v27.4 - https:\/\/yoast.com\/product\/yoast-seo-wordpress\/ -->\n<title>\u00c7evrimi\u00e7i slot oyunlar\u0131 hakk\u0131nda bilgi<\/title>\n<meta name=\"description\" content=\"\u00c7evrimi\u00e7i slot oyunlar\u0131n\u0131 nas\u0131l oynayaca\u011f\u0131n\u0131z\u0131 \u00f6\u011frenin ve tek bir fare t\u0131klamas\u0131yla milyonlarca dolarl\u0131k a\u015famal\u0131 ikramiyeleri kazan\u0131n.\" \/>\n<meta name=\"robots\" content=\"index, follow, max-snippet:-1, max-image-preview:large, max-video-preview:-1\" \/>\n<link rel=\"canonical\" href=\"https:\/\/gambling6.com\/tr\/kumarhane\/cevrimici-slotlar-hakkinda-bilmeniz-gereken-her-sey\/\" \/>\n<meta property=\"og:locale\" content=\"tr_TR\" \/>\n<meta property=\"og:type\" content=\"article\" \/>\n<meta property=\"og:title\" content=\"\u00c7evrimi\u00e7i slot oyunlar\u0131 hakk\u0131nda bilgi\" \/>\n<meta property=\"og:description\" content=\"\u00c7evrimi\u00e7i slot oyunlar\u0131n\u0131 nas\u0131l oynayaca\u011f\u0131n\u0131z\u0131 \u00f6\u011frenin ve tek bir fare t\u0131klamas\u0131yla milyonlarca dolarl\u0131k a\u015famal\u0131 ikramiyeleri kazan\u0131n.\" \/>\n<meta property=\"og:url\" content=\"https:\/\/gambling6.com\/tr\/kumarhane\/cevrimici-slotlar-hakkinda-bilmeniz-gereken-her-sey\/\" \/>\n<meta property=\"og:site_name\" content=\"Gambling6\" \/>\n<meta property=\"article:modified_time\" content=\"2025-11-15T09:51:32+00:00\" \/>\n<meta property=\"og:image\" content=\"https:\/\/gambling6.com\/wp-content\/uploads\/2013\/12\/Slots-150x150.jpg\" \/>\n\t<meta property=\"og:image:width\" content=\"150\" \/>\n\t<meta property=\"og:image:height\" content=\"150\" \/>\n\t<meta property=\"og:image:type\" content=\"image\/jpeg\" \/>\n<meta name=\"twitter:card\" content=\"summary_large_image\" \/>\n<meta name=\"twitter:label1\" content=\"Tahmini okuma s\u00fcresi\" \/>\n\t<meta name=\"twitter:data1\" content=\"4 dakika\" \/>\n<script type=\"application\/ld+json\" class=\"yoast-schema-graph\">{\"@context\":\"https:\\\/\\\/schema.org\",\"@graph\":[{\"@type\":\"WebPage\",\"@id\":\"https:\\\/\\\/gambling6.com\\\/tr\\\/kumarhane\\\/cevrimici-slotlar-hakkinda-bilmeniz-gereken-her-sey\\\/\",\"url\":\"https:\\\/\\\/gambling6.com\\\/tr\\\/kumarhane\\\/cevrimici-slotlar-hakkinda-bilmeniz-gereken-her-sey\\\/\",\"name\":\"\u00c7evrimi\u00e7i slot oyunlar\u0131 hakk\u0131nda bilgi\",\"isPartOf\":{\"@id\":\"https:\\\/\\\/gambling6.com\\\/tr\\\/#website\"},\"primaryImageOfPage\":{\"@id\":\"https:\\\/\\\/gambling6.com\\\/tr\\\/kumarhane\\\/cevrimici-slotlar-hakkinda-bilmeniz-gereken-her-sey\\\/#primaryimage\"},\"image\":{\"@id\":\"https:\\\/\\\/gambling6.com\\\/tr\\\/kumarhane\\\/cevrimici-slotlar-hakkinda-bilmeniz-gereken-her-sey\\\/#primaryimage\"},\"thumbnailUrl\":\"https:\\\/\\\/gambling6.com\\\/wp-content\\\/uploads\\\/2013\\\/12\\\/Slots-150x150.jpg\",\"datePublished\":\"2025-11-08T11:40:53+00:00\",\"dateModified\":\"2025-11-15T09:51:32+00:00\",\"description\":\"\u00c7evrimi\u00e7i slot oyunlar\u0131n\u0131 nas\u0131l oynayaca\u011f\u0131n\u0131z\u0131 \u00f6\u011frenin ve tek bir fare t\u0131klamas\u0131yla milyonlarca dolarl\u0131k a\u015famal\u0131 ikramiyeleri kazan\u0131n.\",\"breadcrumb\":{\"@id\":\"https:\\\/\\\/gambling6.com\\\/tr\\\/kumarhane\\\/cevrimici-slotlar-hakkinda-bilmeniz-gereken-her-sey\\\/#breadcrumb\"},\"inLanguage\":\"tr\",\"potentialAction\":[{\"@type\":\"ReadAction\",\"target\":[\"https:\\\/\\\/gambling6.com\\\/tr\\\/kumarhane\\\/cevrimici-slotlar-hakkinda-bilmeniz-gereken-her-sey\\\/\"]}]},{\"@type\":\"ImageObject\",\"inLanguage\":\"tr\",\"@id\":\"https:\\\/\\\/gambling6.com\\\/tr\\\/kumarhane\\\/cevrimici-slotlar-hakkinda-bilmeniz-gereken-her-sey\\\/#primaryimage\",\"url\":\"https:\\\/\\\/gambling6.com\\\/wp-content\\\/uploads\\\/2013\\\/12\\\/Slots-150x150.jpg\",\"contentUrl\":\"https:\\\/\\\/gambling6.com\\\/wp-content\\\/uploads\\\/2013\\\/12\\\/Slots-150x150.jpg\",\"width\":150,\"height\":150},{\"@type\":\"BreadcrumbList\",\"@id\":\"https:\\\/\\\/gambling6.com\\\/tr\\\/kumarhane\\\/cevrimici-slotlar-hakkinda-bilmeniz-gereken-her-sey\\\/#breadcrumb\",\"itemListElement\":[{\"@type\":\"ListItem\",\"position\":1,\"name\":\"Home\",\"item\":\"https:\\\/\\\/gambling6.com\\\/tr\\\/home\\\/\"},{\"@type\":\"ListItem\",\"position\":2,\"name\":\"Kumarhane\",\"item\":\"https:\\\/\\\/gambling6.com\\\/tr\\\/get-started-with-online-gambling\\\/\"},{\"@type\":\"ListItem\",\"position\":3,\"name\":\"\u00c7evrimi\u00e7i Slotlar Hakk\u0131nda Bilmeniz Gereken Her \u015eey\"}]},{\"@type\":\"WebSite\",\"@id\":\"https:\\\/\\\/gambling6.com\\\/tr\\\/#website\",\"url\":\"https:\\\/\\\/gambling6.com\\\/tr\\\/\",\"name\":\"Gambling6\",\"description\":\"\",\"potentialAction\":[{\"@type\":\"SearchAction\",\"target\":{\"@type\":\"EntryPoint\",\"urlTemplate\":\"https:\\\/\\\/gambling6.com\\\/tr\\\/?s={search_term_string}\"},\"query-input\":{\"@type\":\"PropertyValueSpecification\",\"valueRequired\":true,\"valueName\":\"search_term_string\"}}],\"inLanguage\":\"tr\"}]}<\/script>\n<!-- \/ Yoast SEO plugin. -->","yoast_head_json":{"title":"\u00c7evrimi\u00e7i slot oyunlar\u0131 hakk\u0131nda bilgi","description":"\u00c7evrimi\u00e7i slot oyunlar\u0131n\u0131 nas\u0131l oynayaca\u011f\u0131n\u0131z\u0131 \u00f6\u011frenin ve tek bir fare t\u0131klamas\u0131yla milyonlarca dolarl\u0131k a\u015famal\u0131 ikramiyeleri kazan\u0131n.","robots":{"index":"index","follow":"follow","max-snippet":"max-snippet:-1","max-image-preview":"max-image-preview:large","max-video-preview":"max-video-preview:-1"},"canonical":"https:\/\/gambling6.com\/tr\/kumarhane\/cevrimici-slotlar-hakkinda-bilmeniz-gereken-her-sey\/","og_locale":"tr_TR","og_type":"article","og_title":"\u00c7evrimi\u00e7i slot oyunlar\u0131 hakk\u0131nda bilgi","og_description":"\u00c7evrimi\u00e7i slot oyunlar\u0131n\u0131 nas\u0131l oynayaca\u011f\u0131n\u0131z\u0131 \u00f6\u011frenin ve tek bir fare t\u0131klamas\u0131yla milyonlarca dolarl\u0131k a\u015famal\u0131 ikramiyeleri kazan\u0131n.","og_url":"https:\/\/gambling6.com\/tr\/kumarhane\/cevrimici-slotlar-hakkinda-bilmeniz-gereken-her-sey\/","og_site_name":"Gambling6","article_modified_time":"2025-11-15T09:51:32+00:00","og_image":[{"width":150,"height":150,"url":"https:\/\/gambling6.com\/wp-content\/uploads\/2013\/12\/Slots-150x150.jpg","type":"image\/jpeg"}],"twitter_card":"summary_large_image","twitter_misc":{"Tahmini okuma s\u00fcresi":"4 dakika"},"schema":{"@context":"https:\/\/schema.org","@graph":[{"@type":"WebPage","@id":"https:\/\/gambling6.com\/tr\/kumarhane\/cevrimici-slotlar-hakkinda-bilmeniz-gereken-her-sey\/","url":"https:\/\/gambling6.com\/tr\/kumarhane\/cevrimici-slotlar-hakkinda-bilmeniz-gereken-her-sey\/","name":"\u00c7evrimi\u00e7i slot oyunlar\u0131 hakk\u0131nda bilgi","isPartOf":{"@id":"https:\/\/gambling6.com\/tr\/#website"},"primaryImageOfPage":{"@id":"https:\/\/gambling6.com\/tr\/kumarhane\/cevrimici-slotlar-hakkinda-bilmeniz-gereken-her-sey\/#primaryimage"},"image":{"@id":"https:\/\/gambling6.com\/tr\/kumarhane\/cevrimici-slotlar-hakkinda-bilmeniz-gereken-her-sey\/#primaryimage"},"thumbnailUrl":"https:\/\/gambling6.com\/wp-content\/uploads\/2013\/12\/Slots-150x150.jpg","datePublished":"2025-11-08T11:40:53+00:00","dateModified":"2025-11-15T09:51:32+00:00","description":"\u00c7evrimi\u00e7i slot oyunlar\u0131n\u0131 nas\u0131l oynayaca\u011f\u0131n\u0131z\u0131 \u00f6\u011frenin ve tek bir fare t\u0131klamas\u0131yla milyonlarca dolarl\u0131k a\u015famal\u0131 ikramiyeleri kazan\u0131n.","breadcrumb":{"@id":"https:\/\/gambling6.com\/tr\/kumarhane\/cevrimici-slotlar-hakkinda-bilmeniz-gereken-her-sey\/#breadcrumb"},"inLanguage":"tr","potentialAction":[{"@type":"ReadAction","target":["https:\/\/gambling6.com\/tr\/kumarhane\/cevrimici-slotlar-hakkinda-bilmeniz-gereken-her-sey\/"]}]},{"@type":"ImageObject","inLanguage":"tr","@id":"https:\/\/gambling6.com\/tr\/kumarhane\/cevrimici-slotlar-hakkinda-bilmeniz-gereken-her-sey\/#primaryimage","url":"https:\/\/gambling6.com\/wp-content\/uploads\/2013\/12\/Slots-150x150.jpg","contentUrl":"https:\/\/gambling6.com\/wp-content\/uploads\/2013\/12\/Slots-150x150.jpg","width":150,"height":150},{"@type":"BreadcrumbList","@id":"https:\/\/gambling6.com\/tr\/kumarhane\/cevrimici-slotlar-hakkinda-bilmeniz-gereken-her-sey\/#breadcrumb","itemListElement":[{"@type":"ListItem","position":1,"name":"Home","item":"https:\/\/gambling6.com\/tr\/home\/"},{"@type":"ListItem","position":2,"name":"Kumarhane","item":"https:\/\/gambling6.com\/tr\/get-started-with-online-gambling\/"},{"@type":"ListItem","position":3,"name":"\u00c7evrimi\u00e7i Slotlar Hakk\u0131nda Bilmeniz Gereken Her \u015eey"}]},{"@type":"WebSite","@id":"https:\/\/gambling6.com\/tr\/#website","url":"https:\/\/gambling6.com\/tr\/","name":"Gambling6","description":"","potentialAction":[{"@type":"SearchAction","target":{"@type":"EntryPoint","urlTemplate":"https:\/\/gambling6.com\/tr\/?s={search_term_string}"},"query-input":{"@type":"PropertyValueSpecification","valueRequired":true,"valueName":"search_term_string"}}],"inLanguage":"tr"}]}},"_links":{"self":[{"href":"https:\/\/gambling6.com\/tr\/wp-json\/wp\/v2\/pages\/8951","targetHints":{"allow":["GET"]}}],"collection":[{"href":"https:\/\/gambling6.com\/tr\/wp-json\/wp\/v2\/pages"}],"about":[{"href":"https:\/\/gambling6.com\/tr\/wp-json\/wp\/v2\/types\/page"}],"author":[{"embeddable":true,"href":"https:\/\/gambling6.com\/tr\/wp-json\/wp\/v2\/users\/1"}],"replies":[{"embeddable":true,"href":"https:\/\/gambling6.com\/tr\/wp-json\/wp\/v2\/comments?post=8951"}],"version-history":[{"count":2,"href":"https:\/\/gambling6.com\/tr\/wp-json\/wp\/v2\/pages\/8951\/revisions"}],"predecessor-version":[{"id":10904,"href":"https:\/\/gambling6.com\/tr\/wp-json\/wp\/v2\/pages\/8951\/revisions\/10904"}],"up":[{"embeddable":true,"href":"https:\/\/gambling6.com\/tr\/wp-json\/wp\/v2\/pages\/8336"}],"wp:featuredmedia":[{"embeddable":true,"href":"https:\/\/gambling6.com\/tr\/wp-json\/wp\/v2\/media\/8933"}],"wp:attachment":[{"href":"https:\/\/gambling6.com\/tr\/wp-json\/wp\/v2\/media?parent=8951"}],"curies":[{"name":"wp","href":"https:\/\/api.w.org\/{rel}","templated":true}]}}