{"id":8975,"date":"2025-11-08T12:23:22","date_gmt":"2025-11-08T12:23:22","guid":{"rendered":"https:\/\/gambling6.com\/kumarhane\/en-kaliteli-slotlari-cevrimici-olarak-nerede-bulabilirsiniz\/"},"modified":"2025-11-08T12:23:22","modified_gmt":"2025-11-08T12:23:22","slug":"en-kaliteli-slotlari-cevrimici-olarak-nerede-bulabilirsiniz","status":"publish","type":"page","link":"https:\/\/gambling6.com\/tr\/kumarhane\/en-kaliteli-slotlari-cevrimici-olarak-nerede-bulabilirsiniz\/","title":{"rendered":"En kaliteli slotlar\u0131 \u00e7evrimi\u00e7i olarak nerede bulabilirsiniz?"},"content":{"rendered":"<h2>Kaliteli \u00e7evrimi\u00e7i slot casinolar\u0131<\/h2>\n<p>\u00c7evrimi\u00e7i casinolar s\u00f6z konusu oldu\u011funda, slotlar genellikle \u00e7e\u015fitlilik, oyuncu say\u0131s\u0131 ve ikramiyeler a\u00e7\u0131s\u0131ndan ilk s\u0131rada yer al\u0131r. Elbette, \u00e7evrimi\u00e7i slot oyunlar\u0131n\u0131n neden bu kadar pop\u00fcler oldu\u011funu anlamak \u00e7ok kolayd\u0131r ve sembollerin tek bir d\u00f6n\u00fc\u015f\u00fcyle \u200b\u200bher oyuncu milyonlarca dolar bile olsa b\u00fcy\u00fck \u00f6d\u00fcller kazanma potansiyeline sahiptir. Hatta slotlar \u00e7evrimi\u00e7i ortamda o kadar pop\u00fclerdir ki, baz\u0131 \u00e7evrimi\u00e7i casinolar yaln\u0131zca bu oyunlar i\u00e7in \u00f6zel bonuslar sunar \u00e7\u00fcnk\u00fc oyuncular yaln\u0131zca \u00e7e\u015fitli slot oyunlar\u0131 oynamak i\u00e7in \u00fcye olurlar ve ba\u015fka hi\u00e7bir \u015feyle ilgilenmezler. \u00c7evrimi\u00e7i slotlarda en iyi strateji daha fazla oynamak oldu\u011fundan, bu bonuslar h\u0131zla i\u015fe yarar. <\/p>\n<h2>Casino Oyunlar\u0131 Yaz\u0131l\u0131m Sa\u011flay\u0131c\u0131lar\u0131<\/h2>\n<p><img loading=\"lazy\" decoding=\"async\" class=\"size-full wp-image-400 alignright\" src=\"https:\/\/gambling6.com\/wp-content\/uploads\/2013\/12\/mobile-gambling-150x150.jpg\" alt=\"online slot makinesi\" width=\"150\" height=\"150\" \/>Her online casino bir yaz\u0131l\u0131m geli\u015ftiricisi taraf\u0131ndan desteklenmektedir ve internetteki en iyi g\u00f6r\u00fcn\u00fcml\u00fc casino oyunlar\u0131ndan baz\u0131lar\u0131n\u0131 sunarak ad\u0131ndan s\u00f6z ettiren bir\u00e7ok \u015firket bulunmaktad\u0131r. Hangi slot yaz\u0131l\u0131m\u0131n\u0131 se\u00e7ece\u011finizi bilmiyorsan\u0131z, ba\u011flant\u0131y\u0131 takip edin; bu sizi sekt\u00f6rdeki en pop\u00fcler iki isme g\u00f6t\u00fcrecektir.<\/p>\n<h2>\u0130nternetteki En \u0130yi Slot Oyunlar\u0131n\u0131 Oynamak<\/h2>\n<p>Grafikler ve \u00f6zellikler yaz\u0131l\u0131ma ba\u011fl\u0131 olarak b\u00fcy\u00fck \u00f6l\u00e7\u00fcde de\u011fi\u015fiklik g\u00f6sterebilir, bu nedenle birka\u00e7 se\u00e7ene\u011fi inceleyip hangisinin en \u00e7ekici oldu\u011funu g\u00f6rmeniz her zaman iyi bir fikirdir. Belirli bir yaz\u0131l\u0131m geli\u015ftiricisinin oyunlar\u0131n\u0131n nas\u0131l g\u00f6r\u00fcnd\u00fc\u011f\u00fcn\u00fc bilmek, yeni bir online casinoya \u00fcye olmak i\u00e7in arama yaparken i\u015finizi \u00e7ok daha kolayla\u015ft\u0131rabilir. Baz\u0131 siteler, s\u00f6z konusu online casino i\u00e7in \u00f6zel olarak tasarlanm\u0131\u015f birka\u00e7 benzersiz oyun sunsa da, ayn\u0131 yaz\u0131l\u0131m sa\u011flay\u0131c\u0131s\u0131 taraf\u0131ndan desteklenen t\u00fcm siteler neredeyse ayn\u0131 oyunlara sahiptir. M\u00fc\u015fterilerinin memnun kalmas\u0131n\u0131 sa\u011flamak i\u00e7in baz\u0131 online casinolar, \u00e7e\u015fitli yaz\u0131l\u0131m sa\u011flay\u0131c\u0131lar\u0131ndan oyunlar sunar ve bu her zaman g\u00fczeldir.<\/p>\n<h3>\u00c7evrimi\u00e7i Slot Oyunlar\u0131<\/h3>\n<p>Farkl\u0131 sa\u011flay\u0131c\u0131lardan slot oyunlar\u0131 sunan \u00e7ok say\u0131da online casino oldu\u011fundan, hangilerinin ger\u00e7ekten en iyi oldu\u011funu bilmek \u00e7ok zor olabilir. Bu, her seferinde harika bir oyun deneyimi garanti eder. Neredeyse her \u015feyi sundu\u011fu i\u00e7in art\u0131k internetteki en iyi slotlara sahip casino olarak kabul edilen bu se\u00e7ene\u011fi inceleyin. Burada listelenen site, daha iyi bir se\u00e7enek \u00e7\u0131karsa de\u011fi\u015febilir, ancak \u015fimdilik slot oyunlar\u0131 oynamak i\u00e7in en iyi site 888 Casino&#8217;dur. 888, geni\u015f bir spor bahisleri b\u00f6l\u00fcm\u00fc, ger\u00e7ek\u00e7i bir poker odas\u0131 ve g\u00f6rkemli bir casino ile online kumar\u0131n liderlerinden biridir.<\/p>\n<p>888 Casino&#8217;yu slot oyunlar\u0131 oynamak i\u00e7in harika bir yer yapan \u015fey, Playtech, IGT, Microgaming ve kendi oyunlar\u0131ndan baz\u0131lar\u0131n\u0131n yer ald\u0131\u011f\u0131 uzun bir se\u00e7enek listesine sahip olmalar\u0131d\u0131r. Yeni bir oyuncunun mevcut t\u00fcm oyunlar\u0131 incelemesi birka\u00e7 g\u00fcn\u00fcn\u00fc al\u0131r ve farkl\u0131 stilleri sayesinde asla s\u0131k\u0131lmaz.<br \/>\n<a href=\"https:\/\/ic.aff-handler.com\/C\/45871?sr=1064399&amp;anid=\" rel=\"nofollow\"><img loading=\"lazy\" decoding=\"async\" class=\"aligncenter\" src=\"https:\/\/ic.aff-handler.com\/I\/45871?sr=1064399&amp;anid=\" width=\"725\" height=\"93\" \/><\/a><\/p>\n<p>Elbette, harika bir \u00e7evrimi\u00e7i casino sadece sundu\u011fu oyunlardan ibaret de\u011fildir; genel olarak sitenin \u00f6nemli say\u0131labilmesi i\u00e7in \u00e7e\u015fitli fakt\u00f6rlerin g\u00fc\u00e7l\u00fc olmas\u0131 gerekir. Belki de en \u00f6nemli \u015fey g\u00fcvenliktir, \u00e7\u00fcnk\u00fc finansal i\u015flemler \u00e7evrimi\u00e7i kumar\u0131n b\u00fcy\u00fck bir par\u00e7as\u0131d\u0131r ve \u00e7evrimi\u00e7i kumarhane her zaman her \u015feyin g\u00fcvenli ve emniyetli olmas\u0131n\u0131 garanti etmelidir.<\/p>\n<p>ABD&#8217;de ikamet ediyorsan\u0131z, ABD yasalar\u0131 888 Casino&#8217;ya kat\u0131lman\u0131z\u0131 engelliyor. ABD&#8217;li kumarbazlar i\u00e7in iyi alternatifler az olsa da, t\u00fcm \u00e7evrimi\u00e7i kumar ihtiya\u00e7lar\u0131n\u0131z i\u00e7in BetOnline Casino&#8217;yu \u00f6nerebiliriz. BetOnlineCasino&#8217;yu ziyaret etmek i\u00e7in a\u015fa\u011f\u0131daki banner&#8217;a t\u0131klay\u0131n &#8211; hayal k\u0131r\u0131kl\u0131\u011f\u0131na u\u011framayacaks\u0131n\u0131z!<\/p>\n<p><a class=\"thirstylink\" title=\"Betonline casino en\" href=\"https:\/\/gambling6.com\/go\/betonline-casino-en\/\" target=\"_blank\" rel=\"nofollow noopener\"><img loading=\"lazy\" decoding=\"async\" class=\" wp-image-7875 aligncenter\" src=\"https:\/\/gambling6.com\/wp-content\/uploads\/2025\/10\/BOL_AQC_banner_468x60_FS1_casino-300x38.gif\" alt=\"BetOnline casino\" width=\"553\" height=\"70\" \/><\/a><\/p>\n<p>Bu nedenle, incelemeleri kontrol edip hangi \u00e7evrimi\u00e7i casinolar\u0131n g\u00fcvenilir oldu\u011funu ve hangilerinin \u00f6deme sorunlar\u0131yla bilindi\u011fini g\u00f6rmek her zaman iyidir. Paradan bahsetti\u011fimiz i\u00e7in, bonuslar ve promosyonlar son birka\u00e7 y\u0131lda \u00e7ok \u00f6nemli hale geldi ve genellikle yeni bir oyuncunun ilk kontrol etti\u011fi \u015feyler bunlard\u0131r. En iyi \u00e7evrimi\u00e7i casinolar\u0131n, yat\u0131r\u0131lan miktara g\u00f6re ho\u015f geldin bonuslar\u0131 sunmas\u0131 olduk\u00e7a yayg\u0131nd\u0131r ve slot bonuslar\u0131, oyunun pop\u00fclerli\u011fi nedeniyle en yayg\u0131n olan\u0131d\u0131r.<\/p>\n","protected":false},"excerpt":{"rendered":"<p>Kaliteli \u00e7evrimi\u00e7i slot casinolar\u0131 \u00c7evrimi\u00e7i casinolar s\u00f6z konusu oldu\u011funda, slotlar genellikle \u00e7e\u015fitlilik, oyuncu say\u0131s\u0131 ve ikramiyeler a\u00e7\u0131s\u0131ndan ilk s\u0131rada yer al\u0131r. Elbette, \u00e7evrimi\u00e7i slot oyunlar\u0131n\u0131n neden bu kadar pop\u00fcler oldu\u011funu anlamak \u00e7ok kolayd\u0131r ve sembollerin tek bir d\u00f6n\u00fc\u015f\u00fcyle \u200b\u200bher oyuncu milyonlarca dolar bile olsa b\u00fcy\u00fck \u00f6d\u00fcller kazanma potansiyeline sahiptir. Hatta slotlar \u00e7evrimi\u00e7i ortamda o kadar [&hellip;]<\/p>\n","protected":false},"author":1,"featured_media":0,"parent":8336,"menu_order":47,"comment_status":"closed","ping_status":"closed","template":"","meta":{"footnotes":""},"class_list":["post-8975","page","type-page","status-publish","hentry"],"yoast_head":"<!-- This site is optimized with the Yoast SEO plugin v27.3 - https:\/\/yoast.com\/product\/yoast-seo-wordpress\/ -->\n<title>En kaliteli \u00e7evrimi\u00e7i slot makineleri<\/title>\n<meta name=\"description\" content=\"\u0130nternetteki En \u0130yi Slot ve Slot Oyunlar\u0131n\u0131 Oynay\u0131n. En kaliteli slot makinelerini burada \u00e7evrimi\u00e7i bulun!\" \/>\n<meta name=\"robots\" content=\"index, follow, max-snippet:-1, max-image-preview:large, max-video-preview:-1\" \/>\n<link rel=\"canonical\" href=\"https:\/\/gambling6.com\/tr\/kumarhane\/en-kaliteli-slotlari-cevrimici-olarak-nerede-bulabilirsiniz\/\" \/>\n<meta property=\"og:locale\" content=\"tr_TR\" \/>\n<meta property=\"og:type\" content=\"article\" \/>\n<meta property=\"og:title\" content=\"En kaliteli \u00e7evrimi\u00e7i slot makineleri\" \/>\n<meta property=\"og:description\" content=\"\u0130nternetteki En \u0130yi Slot ve Slot Oyunlar\u0131n\u0131 Oynay\u0131n. En kaliteli slot makinelerini burada \u00e7evrimi\u00e7i bulun!\" \/>\n<meta property=\"og:url\" content=\"https:\/\/gambling6.com\/tr\/kumarhane\/en-kaliteli-slotlari-cevrimici-olarak-nerede-bulabilirsiniz\/\" \/>\n<meta property=\"og:site_name\" content=\"Gambling6\" \/>\n<meta property=\"og:image\" content=\"https:\/\/gambling6.com\/wp-content\/uploads\/2013\/12\/mobile-gambling-150x150.jpg\" \/>\n\t<meta property=\"og:image:width\" content=\"150\" \/>\n\t<meta property=\"og:image:height\" content=\"150\" \/>\n\t<meta property=\"og:image:type\" content=\"image\/jpeg\" \/>\n<meta name=\"twitter:card\" content=\"summary_large_image\" \/>\n<meta name=\"twitter:label1\" content=\"Tahmini okuma s\u00fcresi\" \/>\n\t<meta name=\"twitter:data1\" content=\"4 dakika\" \/>\n<script type=\"application\/ld+json\" class=\"yoast-schema-graph\">{\"@context\":\"https:\\\/\\\/schema.org\",\"@graph\":[{\"@type\":\"WebPage\",\"@id\":\"https:\\\/\\\/gambling6.com\\\/tr\\\/kumarhane\\\/en-kaliteli-slotlari-cevrimici-olarak-nerede-bulabilirsiniz\\\/\",\"url\":\"https:\\\/\\\/gambling6.com\\\/tr\\\/kumarhane\\\/en-kaliteli-slotlari-cevrimici-olarak-nerede-bulabilirsiniz\\\/\",\"name\":\"En kaliteli \u00e7evrimi\u00e7i slot makineleri\",\"isPartOf\":{\"@id\":\"https:\\\/\\\/gambling6.com\\\/tr\\\/#website\"},\"primaryImageOfPage\":{\"@id\":\"https:\\\/\\\/gambling6.com\\\/tr\\\/kumarhane\\\/en-kaliteli-slotlari-cevrimici-olarak-nerede-bulabilirsiniz\\\/#primaryimage\"},\"image\":{\"@id\":\"https:\\\/\\\/gambling6.com\\\/tr\\\/kumarhane\\\/en-kaliteli-slotlari-cevrimici-olarak-nerede-bulabilirsiniz\\\/#primaryimage\"},\"thumbnailUrl\":\"https:\\\/\\\/gambling6.com\\\/wp-content\\\/uploads\\\/2013\\\/12\\\/mobile-gambling-150x150.jpg\",\"datePublished\":\"2025-11-08T12:23:22+00:00\",\"description\":\"\u0130nternetteki En \u0130yi Slot ve Slot Oyunlar\u0131n\u0131 Oynay\u0131n. En kaliteli slot makinelerini burada \u00e7evrimi\u00e7i bulun!\",\"breadcrumb\":{\"@id\":\"https:\\\/\\\/gambling6.com\\\/tr\\\/kumarhane\\\/en-kaliteli-slotlari-cevrimici-olarak-nerede-bulabilirsiniz\\\/#breadcrumb\"},\"inLanguage\":\"tr\",\"potentialAction\":[{\"@type\":\"ReadAction\",\"target\":[\"https:\\\/\\\/gambling6.com\\\/tr\\\/kumarhane\\\/en-kaliteli-slotlari-cevrimici-olarak-nerede-bulabilirsiniz\\\/\"]}]},{\"@type\":\"ImageObject\",\"inLanguage\":\"tr\",\"@id\":\"https:\\\/\\\/gambling6.com\\\/tr\\\/kumarhane\\\/en-kaliteli-slotlari-cevrimici-olarak-nerede-bulabilirsiniz\\\/#primaryimage\",\"url\":\"https:\\\/\\\/gambling6.com\\\/wp-content\\\/uploads\\\/2013\\\/12\\\/mobile-gambling-150x150.jpg\",\"contentUrl\":\"https:\\\/\\\/gambling6.com\\\/wp-content\\\/uploads\\\/2013\\\/12\\\/mobile-gambling-150x150.jpg\"},{\"@type\":\"BreadcrumbList\",\"@id\":\"https:\\\/\\\/gambling6.com\\\/tr\\\/kumarhane\\\/en-kaliteli-slotlari-cevrimici-olarak-nerede-bulabilirsiniz\\\/#breadcrumb\",\"itemListElement\":[{\"@type\":\"ListItem\",\"position\":1,\"name\":\"Home\",\"item\":\"https:\\\/\\\/gambling6.com\\\/tr\\\/home\\\/\"},{\"@type\":\"ListItem\",\"position\":2,\"name\":\"Kumarhane\",\"item\":\"https:\\\/\\\/gambling6.com\\\/tr\\\/get-started-with-online-gambling\\\/\"},{\"@type\":\"ListItem\",\"position\":3,\"name\":\"En kaliteli slotlar\u0131 \u00e7evrimi\u00e7i olarak nerede bulabilirsiniz?\"}]},{\"@type\":\"WebSite\",\"@id\":\"https:\\\/\\\/gambling6.com\\\/tr\\\/#website\",\"url\":\"https:\\\/\\\/gambling6.com\\\/tr\\\/\",\"name\":\"Gambling6\",\"description\":\"\",\"potentialAction\":[{\"@type\":\"SearchAction\",\"target\":{\"@type\":\"EntryPoint\",\"urlTemplate\":\"https:\\\/\\\/gambling6.com\\\/tr\\\/?s={search_term_string}\"},\"query-input\":{\"@type\":\"PropertyValueSpecification\",\"valueRequired\":true,\"valueName\":\"search_term_string\"}}],\"inLanguage\":\"tr\"}]}<\/script>\n<!-- \/ Yoast SEO plugin. -->","yoast_head_json":{"title":"En kaliteli \u00e7evrimi\u00e7i slot makineleri","description":"\u0130nternetteki En \u0130yi Slot ve Slot Oyunlar\u0131n\u0131 Oynay\u0131n. En kaliteli slot makinelerini burada \u00e7evrimi\u00e7i bulun!","robots":{"index":"index","follow":"follow","max-snippet":"max-snippet:-1","max-image-preview":"max-image-preview:large","max-video-preview":"max-video-preview:-1"},"canonical":"https:\/\/gambling6.com\/tr\/kumarhane\/en-kaliteli-slotlari-cevrimici-olarak-nerede-bulabilirsiniz\/","og_locale":"tr_TR","og_type":"article","og_title":"En kaliteli \u00e7evrimi\u00e7i slot makineleri","og_description":"\u0130nternetteki En \u0130yi Slot ve Slot Oyunlar\u0131n\u0131 Oynay\u0131n. En kaliteli slot makinelerini burada \u00e7evrimi\u00e7i bulun!","og_url":"https:\/\/gambling6.com\/tr\/kumarhane\/en-kaliteli-slotlari-cevrimici-olarak-nerede-bulabilirsiniz\/","og_site_name":"Gambling6","og_image":[{"width":150,"height":150,"url":"https:\/\/gambling6.com\/wp-content\/uploads\/2013\/12\/mobile-gambling-150x150.jpg","type":"image\/jpeg"}],"twitter_card":"summary_large_image","twitter_misc":{"Tahmini okuma s\u00fcresi":"4 dakika"},"schema":{"@context":"https:\/\/schema.org","@graph":[{"@type":"WebPage","@id":"https:\/\/gambling6.com\/tr\/kumarhane\/en-kaliteli-slotlari-cevrimici-olarak-nerede-bulabilirsiniz\/","url":"https:\/\/gambling6.com\/tr\/kumarhane\/en-kaliteli-slotlari-cevrimici-olarak-nerede-bulabilirsiniz\/","name":"En kaliteli \u00e7evrimi\u00e7i slot makineleri","isPartOf":{"@id":"https:\/\/gambling6.com\/tr\/#website"},"primaryImageOfPage":{"@id":"https:\/\/gambling6.com\/tr\/kumarhane\/en-kaliteli-slotlari-cevrimici-olarak-nerede-bulabilirsiniz\/#primaryimage"},"image":{"@id":"https:\/\/gambling6.com\/tr\/kumarhane\/en-kaliteli-slotlari-cevrimici-olarak-nerede-bulabilirsiniz\/#primaryimage"},"thumbnailUrl":"https:\/\/gambling6.com\/wp-content\/uploads\/2013\/12\/mobile-gambling-150x150.jpg","datePublished":"2025-11-08T12:23:22+00:00","description":"\u0130nternetteki En \u0130yi Slot ve Slot Oyunlar\u0131n\u0131 Oynay\u0131n. En kaliteli slot makinelerini burada \u00e7evrimi\u00e7i bulun!","breadcrumb":{"@id":"https:\/\/gambling6.com\/tr\/kumarhane\/en-kaliteli-slotlari-cevrimici-olarak-nerede-bulabilirsiniz\/#breadcrumb"},"inLanguage":"tr","potentialAction":[{"@type":"ReadAction","target":["https:\/\/gambling6.com\/tr\/kumarhane\/en-kaliteli-slotlari-cevrimici-olarak-nerede-bulabilirsiniz\/"]}]},{"@type":"ImageObject","inLanguage":"tr","@id":"https:\/\/gambling6.com\/tr\/kumarhane\/en-kaliteli-slotlari-cevrimici-olarak-nerede-bulabilirsiniz\/#primaryimage","url":"https:\/\/gambling6.com\/wp-content\/uploads\/2013\/12\/mobile-gambling-150x150.jpg","contentUrl":"https:\/\/gambling6.com\/wp-content\/uploads\/2013\/12\/mobile-gambling-150x150.jpg"},{"@type":"BreadcrumbList","@id":"https:\/\/gambling6.com\/tr\/kumarhane\/en-kaliteli-slotlari-cevrimici-olarak-nerede-bulabilirsiniz\/#breadcrumb","itemListElement":[{"@type":"ListItem","position":1,"name":"Home","item":"https:\/\/gambling6.com\/tr\/home\/"},{"@type":"ListItem","position":2,"name":"Kumarhane","item":"https:\/\/gambling6.com\/tr\/get-started-with-online-gambling\/"},{"@type":"ListItem","position":3,"name":"En kaliteli slotlar\u0131 \u00e7evrimi\u00e7i olarak nerede bulabilirsiniz?"}]},{"@type":"WebSite","@id":"https:\/\/gambling6.com\/tr\/#website","url":"https:\/\/gambling6.com\/tr\/","name":"Gambling6","description":"","potentialAction":[{"@type":"SearchAction","target":{"@type":"EntryPoint","urlTemplate":"https:\/\/gambling6.com\/tr\/?s={search_term_string}"},"query-input":{"@type":"PropertyValueSpecification","valueRequired":true,"valueName":"search_term_string"}}],"inLanguage":"tr"}]}},"_links":{"self":[{"href":"https:\/\/gambling6.com\/tr\/wp-json\/wp\/v2\/pages\/8975","targetHints":{"allow":["GET"]}}],"collection":[{"href":"https:\/\/gambling6.com\/tr\/wp-json\/wp\/v2\/pages"}],"about":[{"href":"https:\/\/gambling6.com\/tr\/wp-json\/wp\/v2\/types\/page"}],"author":[{"embeddable":true,"href":"https:\/\/gambling6.com\/tr\/wp-json\/wp\/v2\/users\/1"}],"replies":[{"embeddable":true,"href":"https:\/\/gambling6.com\/tr\/wp-json\/wp\/v2\/comments?post=8975"}],"version-history":[{"count":0,"href":"https:\/\/gambling6.com\/tr\/wp-json\/wp\/v2\/pages\/8975\/revisions"}],"up":[{"embeddable":true,"href":"https:\/\/gambling6.com\/tr\/wp-json\/wp\/v2\/pages\/8336"}],"wp:attachment":[{"href":"https:\/\/gambling6.com\/tr\/wp-json\/wp\/v2\/media?parent=8975"}],"curies":[{"name":"wp","href":"https:\/\/api.w.org\/{rel}","templated":true}]}}