{"id":9017,"date":"2025-11-08T13:14:32","date_gmt":"2025-11-08T13:14:32","guid":{"rendered":"https:\/\/gambling6.com\/kumarhane\/bazi-casino-oyunlari-gercekten-ucretsiz\/"},"modified":"2025-11-12T17:16:15","modified_gmt":"2025-11-12T17:16:15","slug":"bazi-casino-oyunlari-gercekten-ucretsiz","status":"publish","type":"page","link":"https:\/\/gambling6.com\/tr\/kumarhane\/bazi-casino-oyunlari-gercekten-ucretsiz\/","title":{"rendered":"Baz\u0131 Casino Oyunlar\u0131 Ger\u00e7ekten \u00dccretsiz!"},"content":{"rendered":"<h2>Casinolar Neden \u00dccretsiz Oyunlar Sunuyor?<\/h2>\n<p>\u0130nternet teknolojisinin geli\u015fmesiyle birlikte, casino tutkunlar\u0131n\u0131n \u00e7o\u011fu <a href=\"http:\/\/gambling6.com\/wp-content\/uploads\/2013\/12\/img_116.png\"><img loading=\"lazy\" decoding=\"async\" class=\"alignright size-full wp-image-638 alignleft size-full wp-image-238\" style=\"margin: 5px; float: left;\" src=\"http:\/\/gambling6.com\/wp-content\/uploads\/2013\/12\/img_116.png\" alt=\"\u00fccretsiz kumarhane oyunlar\u0131\" width=\"219\" height=\"151\" \/><\/a>evlerinin rahatl\u0131\u011f\u0131nda casino oyunlar\u0131 oynamaya ba\u015flad\u0131. \u00c7evrimi\u00e7i casinolar, ger\u00e7ek casinolara g\u00f6re daha fazla avantaj sunar. \u00c7evrimi\u00e7i oyun oynamak yaln\u0131zca kolayl\u0131k sa\u011flamakla kalmaz, ayn\u0131 zamanda paran\u0131z\u0131 riske atmadan en sevdi\u011finiz oyunlar\u0131 oynaman\u0131za da olanak tan\u0131r. \u00c7evrimi\u00e7i casinolar zorlu bir rekabetle kar\u015f\u0131 kar\u015f\u0131yad\u0131r, bu nedenle yeni oyuncular\u0131 \u00fcye olmaya te\u015fvik etmek i\u00e7in \u00fccretsiz oyunlar sunarlar. Becerilerinizi geli\u015ftirip uzmanla\u015fana kadar bu \u00fccretsiz oyunlar\u0131 oynayabilirsiniz.<\/p>\n<h2>\u00dccretsiz Oyunlar Sunan Casinolar\u0131 Se\u00e7erken Nelere Dikkat Etmelisiniz?<\/h2>\n<p>\u00dccretsiz casino oyunlar\u0131 oynamak i\u00e7in yapman\u0131z gereken en \u00f6nemli \u015fey, \u00e7ok \u00e7e\u015fitli oyunlar\u0131 \u00fccretsiz olarak sunan iyi bir web sitesi aramakt\u0131r. Web sitesinin g\u00fcvenilir ve sayg\u0131n oldu\u011fundan emin olun. \u00c7evrimi\u00e7i oyun maceran\u0131z bir hesap a\u00e7makla ba\u015flar. \u00c7evrimi\u00e7i casinolar, ad\u0131n\u0131z, ya\u015f\u0131n\u0131z, adresiniz ve e-posta adresiniz gibi ki\u015fisel bilgilerinizi vermenizi ister. En iyi casinolar, en sevdi\u011finiz oyunlar\u0131 saatlerce oynayabilece\u011finiz g\u00fcvenli ve rahat bir ortam sunmaya \u00e7al\u0131\u015f\u0131r. Web sitesinde hesab\u0131n\u0131z\u0131 olu\u015fturduktan sonra, e\u011flence modu ve ger\u00e7ek para modu aras\u0131nda se\u00e7im yapabilirsiniz. C\u00fczdan\u0131n\u0131zdan para harcamadan \u00e7e\u015fitli oyunlar\u0131 denemek i\u00e7in e\u011flence veya \u00fccretsiz para modunu se\u00e7ebilirsiniz. <\/p>\n<h2>\u00dccretsiz Oyun Oynaman\u0131n Riski Var m\u0131?<\/h2>\n<p>G\u00fcvenilir bir web sitesi se\u00e7erken dikkatli olursan\u0131z, \u00fccretsiz casino oyunlar\u0131 oynaman\u0131n hi\u00e7bir riski yoktur. Casinolar, oyunun ger\u00e7ek bir oyuncusu olman\u0131z i\u00e7in size keyifli bir oyun deneyimi sunmak ad\u0131na gerekli t\u00fcm ad\u0131mlar\u0131 atar.<\/p>\n<p>Ger\u00e7ek parayla oynarken casino oyunlar\u0131n\u0131 \u00fccretsiz denemek istiyorsan\u0131z, size m\u00fckemmel bir \u00f6nerimiz var. 888 Casino, kendi para yat\u0131rman\u0131za gerek kalmadan oynayabilece\u011finiz 20 \u20ac verir. Daha sonra ek para yat\u0131rmaya karar verirseniz, ilk para yat\u0131rman\u0131zda 1500 \u20ac&#8217;ya kadar ek bir bonus daha al\u0131rs\u0131n\u0131z. <a href=\"https:\/\/ic.aff-handler.com\/C\/45871?sr=1064399&amp;anid=\" rel=\"nofollow\"><img loading=\"lazy\" decoding=\"async\" class=\"aligncenter\" src=\"https:\/\/ic.aff-handler.com\/I\/45871?sr=1064399&amp;anid=\" width=\"594\" height=\"77\" \/><\/a><br \/>\n<strong>Herhangi Bir K\u0131s\u0131tlama Var m\u0131?<\/strong><\/p>\n<p>\u00c7evrimi\u00e7i casinolar genellikle belirli bir s\u00fcre boyunca ve belirli say\u0131da oyun oynaman\u0131za izin verir. \u00dccretsiz oyun oynama konusunda baz\u0131 k\u0131s\u0131tlamalar olabilir. Casinolar, web sitelerindeki t\u00fcm oyunlar\u0131 \u00fccretsiz oynaman\u0131za izin vermeyebilir. \u00c7o\u011fu casino, kazand\u0131\u011f\u0131n\u0131z paray\u0131 \u00e7ekebilmeniz i\u00e7in belirli say\u0131da bahis yapman\u0131z\u0131 gerektirir.<\/p>\n<h2>\u00dccretsiz Casino Oyunlar\u0131 Nerede Bulunur?<\/h2>\n<p>Bir\u00e7ok web sitesi \u00fccretsiz casino oyunlar\u0131 oynaman\u0131za izin verir. \u00dccretsiz oyun oynamak i\u00e7in en iyi yer, herhangi bir yaz\u0131l\u0131m indirmenizi gerektirmeyen bir sitedir. Favori oyununuza t\u0131klayarak an\u0131nda oyun oynaman\u0131z\u0131 sa\u011flar. Sitenin \u00fccretsiz masa oyunlar\u0131, slot oyunlar\u0131, bingo, video poker ve di\u011fer oyunlar gibi geni\u015f bir \u00fccretsiz oyun yelpazesi sunup sunmad\u0131\u011f\u0131n\u0131 kontrol edebilir, b\u00f6ylece s\u0131k\u0131lmazs\u0131n\u0131z.<\/p>\n<p>\u00dccretsiz casino oyunlar\u0131, herhangi bir yeni program\u0131, tekni\u011fi veya stratejiyi test etme ve ger\u00e7ek bir \u00e7evrimi\u00e7i oyun ortam\u0131nda sizin i\u00e7in i\u015fe yaray\u0131p yaramayaca\u011f\u0131n\u0131 do\u011frulama f\u0131rsat\u0131 sunar. Para kaybetmeyece\u011finiz i\u00e7in oynarken herhangi bir bask\u0131 hissetmezsiniz.<\/p>\n","protected":false},"excerpt":{"rendered":"<p>Casinolar Neden \u00dccretsiz Oyunlar Sunuyor? \u0130nternet teknolojisinin geli\u015fmesiyle birlikte, casino tutkunlar\u0131n\u0131n \u00e7o\u011fu evlerinin rahatl\u0131\u011f\u0131nda casino oyunlar\u0131 oynamaya ba\u015flad\u0131. \u00c7evrimi\u00e7i casinolar, ger\u00e7ek casinolara g\u00f6re daha fazla avantaj sunar. \u00c7evrimi\u00e7i oyun oynamak yaln\u0131zca kolayl\u0131k sa\u011flamakla kalmaz, ayn\u0131 zamanda paran\u0131z\u0131 riske atmadan en sevdi\u011finiz oyunlar\u0131 oynaman\u0131za da olanak tan\u0131r. \u00c7evrimi\u00e7i casinolar zorlu bir rekabetle kar\u015f\u0131 kar\u015f\u0131yad\u0131r, bu nedenle [&hellip;]<\/p>\n","protected":false},"author":1,"featured_media":9001,"parent":8336,"menu_order":53,"comment_status":"closed","ping_status":"closed","template":"","meta":{"footnotes":""},"class_list":["post-9017","page","type-page","status-publish","has-post-thumbnail","hentry"],"yoast_head":"<!-- This site is optimized with the Yoast SEO plugin v27.3 - https:\/\/yoast.com\/product\/yoast-seo-wordpress\/ -->\n<title>\u00dccretsiz \u00e7evrimi\u00e7i casino oyunlar\u0131 oynay\u0131n<\/title>\n<meta name=\"description\" content=\"\u00dccretsiz casino oyunlar\u0131 oynamak \u00e7ok e\u011flencelidir. \u00dccretsiz casino oyunlar\u0131 hakk\u0131nda baz\u0131 \u00f6nemli noktalar\u0131 bilmek size yard\u0131mc\u0131 olacakt\u0131r.\" \/>\n<meta name=\"robots\" content=\"index, follow, max-snippet:-1, max-image-preview:large, max-video-preview:-1\" \/>\n<link rel=\"canonical\" href=\"https:\/\/gambling6.com\/tr\/kumarhane\/bazi-casino-oyunlari-gercekten-ucretsiz\/\" \/>\n<meta property=\"og:locale\" content=\"tr_TR\" \/>\n<meta property=\"og:type\" content=\"article\" \/>\n<meta property=\"og:title\" content=\"\u00dccretsiz \u00e7evrimi\u00e7i casino oyunlar\u0131 oynay\u0131n\" \/>\n<meta property=\"og:description\" content=\"\u00dccretsiz casino oyunlar\u0131 oynamak \u00e7ok e\u011flencelidir. \u00dccretsiz casino oyunlar\u0131 hakk\u0131nda baz\u0131 \u00f6nemli noktalar\u0131 bilmek size yard\u0131mc\u0131 olacakt\u0131r.\" \/>\n<meta property=\"og:url\" content=\"https:\/\/gambling6.com\/tr\/kumarhane\/bazi-casino-oyunlari-gercekten-ucretsiz\/\" \/>\n<meta property=\"og:site_name\" content=\"Gambling6\" \/>\n<meta property=\"article:modified_time\" content=\"2025-11-12T17:16:15+00:00\" \/>\n<meta property=\"og:image\" content=\"https:\/\/gambling6.com\/wp-content\/uploads\/2013\/12\/img_116.png\" \/>\n\t<meta property=\"og:image:width\" content=\"270\" \/>\n\t<meta property=\"og:image:height\" content=\"186\" \/>\n\t<meta property=\"og:image:type\" content=\"image\/png\" \/>\n<meta name=\"twitter:card\" content=\"summary_large_image\" \/>\n<meta name=\"twitter:label1\" content=\"Tahmini okuma s\u00fcresi\" \/>\n\t<meta name=\"twitter:data1\" content=\"3 dakika\" \/>\n<script type=\"application\/ld+json\" class=\"yoast-schema-graph\">{\"@context\":\"https:\\\/\\\/schema.org\",\"@graph\":[{\"@type\":\"WebPage\",\"@id\":\"https:\\\/\\\/gambling6.com\\\/tr\\\/kumarhane\\\/bazi-casino-oyunlari-gercekten-ucretsiz\\\/\",\"url\":\"https:\\\/\\\/gambling6.com\\\/tr\\\/kumarhane\\\/bazi-casino-oyunlari-gercekten-ucretsiz\\\/\",\"name\":\"\u00dccretsiz \u00e7evrimi\u00e7i casino oyunlar\u0131 oynay\u0131n\",\"isPartOf\":{\"@id\":\"https:\\\/\\\/gambling6.com\\\/tr\\\/#website\"},\"primaryImageOfPage\":{\"@id\":\"https:\\\/\\\/gambling6.com\\\/tr\\\/kumarhane\\\/bazi-casino-oyunlari-gercekten-ucretsiz\\\/#primaryimage\"},\"image\":{\"@id\":\"https:\\\/\\\/gambling6.com\\\/tr\\\/kumarhane\\\/bazi-casino-oyunlari-gercekten-ucretsiz\\\/#primaryimage\"},\"thumbnailUrl\":\"https:\\\/\\\/gambling6.com\\\/wp-content\\\/uploads\\\/2013\\\/12\\\/img_116.png\",\"datePublished\":\"2025-11-08T13:14:32+00:00\",\"dateModified\":\"2025-11-12T17:16:15+00:00\",\"description\":\"\u00dccretsiz casino oyunlar\u0131 oynamak \u00e7ok e\u011flencelidir. \u00dccretsiz casino oyunlar\u0131 hakk\u0131nda baz\u0131 \u00f6nemli noktalar\u0131 bilmek size yard\u0131mc\u0131 olacakt\u0131r.\",\"breadcrumb\":{\"@id\":\"https:\\\/\\\/gambling6.com\\\/tr\\\/kumarhane\\\/bazi-casino-oyunlari-gercekten-ucretsiz\\\/#breadcrumb\"},\"inLanguage\":\"tr\",\"potentialAction\":[{\"@type\":\"ReadAction\",\"target\":[\"https:\\\/\\\/gambling6.com\\\/tr\\\/kumarhane\\\/bazi-casino-oyunlari-gercekten-ucretsiz\\\/\"]}]},{\"@type\":\"ImageObject\",\"inLanguage\":\"tr\",\"@id\":\"https:\\\/\\\/gambling6.com\\\/tr\\\/kumarhane\\\/bazi-casino-oyunlari-gercekten-ucretsiz\\\/#primaryimage\",\"url\":\"https:\\\/\\\/gambling6.com\\\/wp-content\\\/uploads\\\/2013\\\/12\\\/img_116.png\",\"contentUrl\":\"https:\\\/\\\/gambling6.com\\\/wp-content\\\/uploads\\\/2013\\\/12\\\/img_116.png\",\"width\":270,\"height\":186},{\"@type\":\"BreadcrumbList\",\"@id\":\"https:\\\/\\\/gambling6.com\\\/tr\\\/kumarhane\\\/bazi-casino-oyunlari-gercekten-ucretsiz\\\/#breadcrumb\",\"itemListElement\":[{\"@type\":\"ListItem\",\"position\":1,\"name\":\"Home\",\"item\":\"https:\\\/\\\/gambling6.com\\\/tr\\\/home\\\/\"},{\"@type\":\"ListItem\",\"position\":2,\"name\":\"Kumarhane\",\"item\":\"https:\\\/\\\/gambling6.com\\\/tr\\\/get-started-with-online-gambling\\\/\"},{\"@type\":\"ListItem\",\"position\":3,\"name\":\"Baz\u0131 Casino Oyunlar\u0131 Ger\u00e7ekten \u00dccretsiz!\"}]},{\"@type\":\"WebSite\",\"@id\":\"https:\\\/\\\/gambling6.com\\\/tr\\\/#website\",\"url\":\"https:\\\/\\\/gambling6.com\\\/tr\\\/\",\"name\":\"Gambling6\",\"description\":\"\",\"potentialAction\":[{\"@type\":\"SearchAction\",\"target\":{\"@type\":\"EntryPoint\",\"urlTemplate\":\"https:\\\/\\\/gambling6.com\\\/tr\\\/?s={search_term_string}\"},\"query-input\":{\"@type\":\"PropertyValueSpecification\",\"valueRequired\":true,\"valueName\":\"search_term_string\"}}],\"inLanguage\":\"tr\"}]}<\/script>\n<!-- \/ Yoast SEO plugin. -->","yoast_head_json":{"title":"\u00dccretsiz \u00e7evrimi\u00e7i casino oyunlar\u0131 oynay\u0131n","description":"\u00dccretsiz casino oyunlar\u0131 oynamak \u00e7ok e\u011flencelidir. \u00dccretsiz casino oyunlar\u0131 hakk\u0131nda baz\u0131 \u00f6nemli noktalar\u0131 bilmek size yard\u0131mc\u0131 olacakt\u0131r.","robots":{"index":"index","follow":"follow","max-snippet":"max-snippet:-1","max-image-preview":"max-image-preview:large","max-video-preview":"max-video-preview:-1"},"canonical":"https:\/\/gambling6.com\/tr\/kumarhane\/bazi-casino-oyunlari-gercekten-ucretsiz\/","og_locale":"tr_TR","og_type":"article","og_title":"\u00dccretsiz \u00e7evrimi\u00e7i casino oyunlar\u0131 oynay\u0131n","og_description":"\u00dccretsiz casino oyunlar\u0131 oynamak \u00e7ok e\u011flencelidir. \u00dccretsiz casino oyunlar\u0131 hakk\u0131nda baz\u0131 \u00f6nemli noktalar\u0131 bilmek size yard\u0131mc\u0131 olacakt\u0131r.","og_url":"https:\/\/gambling6.com\/tr\/kumarhane\/bazi-casino-oyunlari-gercekten-ucretsiz\/","og_site_name":"Gambling6","article_modified_time":"2025-11-12T17:16:15+00:00","og_image":[{"width":270,"height":186,"url":"https:\/\/gambling6.com\/wp-content\/uploads\/2013\/12\/img_116.png","type":"image\/png"}],"twitter_card":"summary_large_image","twitter_misc":{"Tahmini okuma s\u00fcresi":"3 dakika"},"schema":{"@context":"https:\/\/schema.org","@graph":[{"@type":"WebPage","@id":"https:\/\/gambling6.com\/tr\/kumarhane\/bazi-casino-oyunlari-gercekten-ucretsiz\/","url":"https:\/\/gambling6.com\/tr\/kumarhane\/bazi-casino-oyunlari-gercekten-ucretsiz\/","name":"\u00dccretsiz \u00e7evrimi\u00e7i casino oyunlar\u0131 oynay\u0131n","isPartOf":{"@id":"https:\/\/gambling6.com\/tr\/#website"},"primaryImageOfPage":{"@id":"https:\/\/gambling6.com\/tr\/kumarhane\/bazi-casino-oyunlari-gercekten-ucretsiz\/#primaryimage"},"image":{"@id":"https:\/\/gambling6.com\/tr\/kumarhane\/bazi-casino-oyunlari-gercekten-ucretsiz\/#primaryimage"},"thumbnailUrl":"https:\/\/gambling6.com\/wp-content\/uploads\/2013\/12\/img_116.png","datePublished":"2025-11-08T13:14:32+00:00","dateModified":"2025-11-12T17:16:15+00:00","description":"\u00dccretsiz casino oyunlar\u0131 oynamak \u00e7ok e\u011flencelidir. \u00dccretsiz casino oyunlar\u0131 hakk\u0131nda baz\u0131 \u00f6nemli noktalar\u0131 bilmek size yard\u0131mc\u0131 olacakt\u0131r.","breadcrumb":{"@id":"https:\/\/gambling6.com\/tr\/kumarhane\/bazi-casino-oyunlari-gercekten-ucretsiz\/#breadcrumb"},"inLanguage":"tr","potentialAction":[{"@type":"ReadAction","target":["https:\/\/gambling6.com\/tr\/kumarhane\/bazi-casino-oyunlari-gercekten-ucretsiz\/"]}]},{"@type":"ImageObject","inLanguage":"tr","@id":"https:\/\/gambling6.com\/tr\/kumarhane\/bazi-casino-oyunlari-gercekten-ucretsiz\/#primaryimage","url":"https:\/\/gambling6.com\/wp-content\/uploads\/2013\/12\/img_116.png","contentUrl":"https:\/\/gambling6.com\/wp-content\/uploads\/2013\/12\/img_116.png","width":270,"height":186},{"@type":"BreadcrumbList","@id":"https:\/\/gambling6.com\/tr\/kumarhane\/bazi-casino-oyunlari-gercekten-ucretsiz\/#breadcrumb","itemListElement":[{"@type":"ListItem","position":1,"name":"Home","item":"https:\/\/gambling6.com\/tr\/home\/"},{"@type":"ListItem","position":2,"name":"Kumarhane","item":"https:\/\/gambling6.com\/tr\/get-started-with-online-gambling\/"},{"@type":"ListItem","position":3,"name":"Baz\u0131 Casino Oyunlar\u0131 Ger\u00e7ekten \u00dccretsiz!"}]},{"@type":"WebSite","@id":"https:\/\/gambling6.com\/tr\/#website","url":"https:\/\/gambling6.com\/tr\/","name":"Gambling6","description":"","potentialAction":[{"@type":"SearchAction","target":{"@type":"EntryPoint","urlTemplate":"https:\/\/gambling6.com\/tr\/?s={search_term_string}"},"query-input":{"@type":"PropertyValueSpecification","valueRequired":true,"valueName":"search_term_string"}}],"inLanguage":"tr"}]}},"_links":{"self":[{"href":"https:\/\/gambling6.com\/tr\/wp-json\/wp\/v2\/pages\/9017","targetHints":{"allow":["GET"]}}],"collection":[{"href":"https:\/\/gambling6.com\/tr\/wp-json\/wp\/v2\/pages"}],"about":[{"href":"https:\/\/gambling6.com\/tr\/wp-json\/wp\/v2\/types\/page"}],"author":[{"embeddable":true,"href":"https:\/\/gambling6.com\/tr\/wp-json\/wp\/v2\/users\/1"}],"replies":[{"embeddable":true,"href":"https:\/\/gambling6.com\/tr\/wp-json\/wp\/v2\/comments?post=9017"}],"version-history":[{"count":1,"href":"https:\/\/gambling6.com\/tr\/wp-json\/wp\/v2\/pages\/9017\/revisions"}],"predecessor-version":[{"id":10704,"href":"https:\/\/gambling6.com\/tr\/wp-json\/wp\/v2\/pages\/9017\/revisions\/10704"}],"up":[{"embeddable":true,"href":"https:\/\/gambling6.com\/tr\/wp-json\/wp\/v2\/pages\/8336"}],"wp:featuredmedia":[{"embeddable":true,"href":"https:\/\/gambling6.com\/tr\/wp-json\/wp\/v2\/media\/9001"}],"wp:attachment":[{"href":"https:\/\/gambling6.com\/tr\/wp-json\/wp\/v2\/media?parent=9017"}],"curies":[{"name":"wp","href":"https:\/\/api.w.org\/{rel}","templated":true}]}}