{"id":9060,"date":"2025-11-08T14:06:49","date_gmt":"2025-11-08T14:06:49","guid":{"rendered":"https:\/\/gambling6.com\/kumarhane\/cevrimici-nakit-kumarhaneler-kucuk-yazilari-anlamak\/"},"modified":"2025-11-15T09:17:29","modified_gmt":"2025-11-15T09:17:29","slug":"cevrimici-nakit-kumarhaneler-kucuk-yazilari-anlamak","status":"publish","type":"page","link":"https:\/\/gambling6.com\/tr\/kumarhane\/cevrimici-nakit-kumarhaneler-kucuk-yazilari-anlamak\/","title":{"rendered":"\u00c7evrimi\u00e7i Nakit Kumarhaneler: K\u00fc\u00e7\u00fck Yaz\u0131lar\u0131 Anlamak"},"content":{"rendered":"<h2>\u00c7evrimi\u00e7i Casinolar\u0131n \u015eartlar ve Ko\u015fullar\u0131n\u0131 Kontrol Etme<\/h2>\n<p><img loading=\"lazy\" decoding=\"async\" class=\"alignright size-full wp-image-62 alignleft size-full wp-image-64\" style=\"margin: 5px; float: left;\" title=\"casino fine print\" src=\"http:\/\/gambling6.com\/wp-content\/uploads\/2013\/12\/casino-fine-print.jpg\" alt=\"casino fine print terms conditions\" width=\"168\" height=\"147\" \/><span style=\"box-sizing: border-box; margin: 0px; padding: 0px;\">Bir \u00e7evrimi\u00e7i nakit casinoya kaydoldu\u011funuzda, uyman\u0131z gereken \u00e7evrimi\u00e7i casinonun \u015fartlar\u0131n\u0131 ve ko\u015fullar\u0131n\u0131 i\u00e7eren kullan\u0131c\u0131 s\u00f6zle\u015fmesini kabul etmeniz gerekir.<\/span> Bu ko\u015fullar\u0131n baz\u0131lar\u0131 casinonun bankac\u0131l\u0131k i\u015flemleriyle ilgiliyken, di\u011ferleri bahis, oyunlar ve bonuslarla ilgili olabilir.<\/p>\n<p>Bu h\u00fck\u00fcm ve ko\u015fullar\u0131 kabul etmeden \u00f6nce bunlar\u0131n etkisini iyice anlamak ve kavramak \u00f6nemlidir. Casinoya ve casinodan para transferi, oyuncuyu etkileyen belki de en kritik i\u015flevdir. Bu nedenle, casinonun \u015fartlar\u0131n\u0131 kabul etti\u011finizde tam olarak neye bula\u015ft\u0131\u011f\u0131n\u0131z\u0131n fark\u0131nda olman\u0131z \u00f6nemlidir. Bu makalede, bu ko\u015fullar\u0131n neleri i\u00e7erdi\u011fini a\u00e7\u0131klamak i\u00e7in yasal dili basitle\u015ftirmeyi ama\u00e7l\u0131yoruz. Oyuncu, kullan\u0131c\u0131 s\u00f6zle\u015fmesini kabul etti\u011finde belirli y\u00fck\u00fcml\u00fcl\u00fckleri kabul etmek zorundad\u0131r. Ayr\u0131ca belirli garantileri de sa\u011flamal\u0131d\u0131r.<\/p>\n<p>Genel olarak, baz\u0131 online casinolar\u0131n, oyuncular i\u00e7in \u00e7ok olumsuz sonu\u00e7lar do\u011furabilecek k\u00fc\u00e7\u00fck puntolarla yaz\u0131lm\u0131\u015f paragraflar i\u00e7erdi\u011fi s\u00f6ylenebilir. Bu paragraflar, kimsenin k\u00fc\u00e7\u00fck puntolarla yaz\u0131lm\u0131\u015f t\u00fcm paragraflar\u0131 okumayaca\u011f\u0131 ger\u00e7e\u011fine dayan\u0131r. Bu nedenle, d\u00fczenlemelere tabi, iyi bir \u00fcne sahip ve dolay\u0131s\u0131yla adil h\u00fck\u00fcm ve ko\u015fullara sahip casinolar\u0131 tercih etmenizi \u00f6neririz.<\/p>\n<p>BetOnline Casino bu casinolardan biridir. K\u00fc\u00e7\u00fck puntolar\u0131yla yaz\u0131lm\u0131\u015f metinler hi\u00e7bir s\u00fcrpriz i\u00e7ermez. Son ABD d\u00fczenlemeleri nedeniyle, para yat\u0131rma ve \u00e7ekme i\u015flemlerinin art\u0131k eskisi kadar kolay olmad\u0131\u011f\u0131n\u0131 yans\u0131t\u0131rlar. Ancak bu ko\u015fullar alt\u0131nda, \u015fartlar\u0131 hala adildir.<\/p>\n<p><a class=\"thirstylink\" title=\"Betonline casino en\" href=\"https:\/\/gambling6.com\/go\/betonline-casino-en\/\" target=\"_blank\" rel=\"nofollow noopener\"><img loading=\"lazy\" decoding=\"async\" class=\" wp-image-7875 aligncenter\" src=\"https:\/\/gambling6.com\/wp-content\/uploads\/2025\/10\/BOL_AQC_banner_468x60_FS1_casino-300x38.gif\" alt=\"BetOnline kumarhanesi\" width=\"498\" height=\"63\" \/><\/a><\/p>\n<h2>Kumarhanenin k\u00fc\u00e7\u00fck yaz\u0131lar\u0131 genellikle oyuncunun yapmas\u0131n\u0131 gerektirir<\/h2>\n<p>Kumarhane ayr\u0131ca, bahis i\u00e7in kullan\u0131lan fonlar\u0131n yasal sahibi oldu\u011funa dair oyuncudan onay bekler. Ba\u015fka bir deyi\u015fle, hesab\u0131na para yat\u0131rmak i\u00e7in kendisine ait olmayan bir kredi kart\u0131 kullanamaz. Ayr\u0131ca, herhangi bir para \u00e7ekme i\u015flemi yap\u0131lmadan \u00f6nce kredi kart\u0131 do\u011frulanacakt\u0131r. Benzer \u015fekilde, kendi ad\u0131na olmayan di\u011fer \u00f6deme se\u00e7eneklerini kullanamaz.<\/p>\n<p>Bankac\u0131l\u0131k i\u015flemleri veya bahislerle ilgili olsun, s\u00f6zle\u015fmenin ihlali \u00f6ncelikle oyuncunun hesab\u0131n\u0131 etkileyecektir. Hesap ask\u0131ya al\u0131n\u0131rsa, nakit casino itiraz edilen paray\u0131 bloke edebilir; \u00e7o\u011fu durumda, herhangi bir ayr\u0131m yapmadan bonuslar, para yat\u0131rma i\u015flemleri ve iadeler dahil olmak \u00fczere t\u00fcm paray\u0131 bloke eder. Bu, kabul etti\u011finiz \u015fartlara uygundur.<\/p>\n<p>Oyuncunun casinoya borcu varsa, casino, tahsilat acenteleri de dahil olmak \u00fczere borcu tahsil etmek i\u00e7in her t\u00fcrl\u00fc \u00e7abay\u0131 g\u00f6sterebilir. Baz\u0131 online casinolar\u0131n hareketsiz hesaplar konusunda kat\u0131 politikalar\u0131 vard\u0131r. Arkada\u015flar\u0131mdan biri bunu zor yoldan \u00f6\u011frendi. Bir online casinoya kaydolmu\u015f ve orada bir s\u00fcre oynayarak hat\u0131r\u0131 say\u0131l\u0131r bir miktar kazanm\u0131\u015ft\u0131. K\u0131sa bir s\u00fcre sonra ilkine geri d\u00f6nmeyi planlayarak ba\u015fka bir casinoya ge\u00e7ti. Hesab\u0131n\u0131 bir sonraki kontrol etti\u011finde bakiye bulamad\u0131. M\u00fc\u015fteri hizmetleriyle ileti\u015fime ge\u00e7ti\u011finde, casinoda 6 aydan uzun s\u00fcredir oynamad\u0131\u011f\u0131 i\u00e7in paras\u0131n\u0131n silindi\u011fi s\u00f6ylendi. Bu elbette biraz al\u0131\u015f\u0131lmad\u0131k bir durum ve ba\u015f\u0131n\u0131za gelse bile, m\u00fc\u015fteri hizmetlerine k\u0131sa bir e-posta g\u00f6ndererek sorunu \u00e7\u00f6zebilirsiniz.<\/p>\n<p>Dikkat Edilmesi Gerekenler<\/p>\n<p>Yine de, \u00e7evrimi\u00e7i casinonuzda oynamay\u0131 b\u0131rakmaya karar verirseniz, ara ne kadar k\u0131sa olursa olsun, casino nakit hesab\u0131n\u0131zdaki t\u00fcm paray\u0131 \u00e7ekti\u011finizden emin olun. Para \u00e7ekme i\u015flemlerinde herhangi bir \u00fccret al\u0131n\u0131p al\u0131nmayaca\u011f\u0131n\u0131 kontrol edin. Para \u00e7ekme i\u015flemleri i\u00e7in sabit bir \u00fccret varsa, birden fazla para \u00e7ekmek yerine t\u00fcm paran\u0131z\u0131 tek seferde \u00e7ekmeyi tercih edebilirsiniz. K\u0131sa bir s\u00fcre sonra tekrar para yat\u0131rmay\u0131 planl\u0131yorsan\u0131z para \u00e7ekmeyin; \u00e7ekerseniz para kaybedersiniz. <strong>Size sunulan farkl\u0131 para i\u015fleme se\u00e7eneklerini kar\u015f\u0131la\u015ft\u0131r\u0131n; baz\u0131lar\u0131 daha d\u00fc\u015f\u00fck, baz\u0131lar\u0131 ise daha y\u00fcksek \u00fccretlere sahiptir!<\/strong><\/p>\n<p>Bonuslar ve casino promosyon teklifleriyle ilgili ba\u015fka \u015fartlar ve ko\u015fullar da vard\u0131r. Genellikle bunlar, casino bonusunu etkinle\u015ftirmek i\u00e7in gereken uygunluk ko\u015fullar\u0131 ve \u00e7evrim \u015fartlar\u0131d\u0131r. Casino bonus tekliflerini kabul etmeden \u00f6nce bu \u015fartlar\u0131 okuyup anlamak iyi bir uygulamad\u0131r. Benzer \u015fekilde, herhangi bir \u00e7evrimi\u00e7i kumarhaneye kaydolmadan \u00f6nce, oyuncular daha sonra gereksiz sorunlarla kar\u015f\u0131la\u015fmamak i\u00e7in \u015fartlar ve ko\u015fullar\u0131 okumal\u0131, k\u00fc\u00e7\u00fck yaz\u0131lar\u0131 ve ger\u00e7ek parayla oynanan kumarhanelerle ilgili SSS b\u00f6l\u00fcm\u00fcn\u00fc anlamal\u0131d\u0131r. Genellikle \u00e7evrimi\u00e7i kumarhanelerde son kullan\u0131c\u0131 s\u00f6zle\u015fmelerine ayr\u0131lm\u0131\u015f bir sayfa bulunur ve siz de\u0130lk yapman\u0131z gereken \u015fey, kumarhaneye kat\u0131lmaya karar vermeden \u00f6nce bunlar\u0131 dikkatlice okumakt\u0131r.<\/p>\n","protected":false},"excerpt":{"rendered":"<p>\u00c7evrimi\u00e7i Casinolar\u0131n \u015eartlar ve Ko\u015fullar\u0131n\u0131 Kontrol Etme Bir \u00e7evrimi\u00e7i nakit casinoya kaydoldu\u011funuzda, uyman\u0131z gereken \u00e7evrimi\u00e7i casinonun \u015fartlar\u0131n\u0131 ve ko\u015fullar\u0131n\u0131 i\u00e7eren kullan\u0131c\u0131 s\u00f6zle\u015fmesini kabul etmeniz gerekir. Bu ko\u015fullar\u0131n baz\u0131lar\u0131 casinonun bankac\u0131l\u0131k i\u015flemleriyle ilgiliyken, di\u011ferleri bahis, oyunlar ve bonuslarla ilgili olabilir. Bu h\u00fck\u00fcm ve ko\u015fullar\u0131 kabul etmeden \u00f6nce bunlar\u0131n etkisini iyice anlamak ve kavramak \u00f6nemlidir. Casinoya ve [&hellip;]<\/p>\n","protected":false},"author":1,"featured_media":9044,"parent":8336,"menu_order":68,"comment_status":"closed","ping_status":"closed","template":"","meta":{"footnotes":""},"class_list":["post-9060","page","type-page","status-publish","has-post-thumbnail","hentry"],"yoast_head":"<!-- This site is optimized with the Yoast SEO plugin v27.3 - https:\/\/yoast.com\/product\/yoast-seo-wordpress\/ -->\n<title>Casino h\u00fck\u00fcm ve ko\u015fullar\u0131nda nelere dikkat etmelisiniz?<\/title>\n<meta name=\"description\" content=\"\u00c7evrimi\u00e7i kumarhanelerin \u015eartlar ve Ko\u015fullar\u0131 k\u00fc\u00e7\u00fck puntolarla - ne beklemeli ve ne beklememelisiniz\" \/>\n<meta name=\"robots\" content=\"index, follow, max-snippet:-1, max-image-preview:large, max-video-preview:-1\" \/>\n<link rel=\"canonical\" href=\"https:\/\/gambling6.com\/tr\/kumarhane\/cevrimici-nakit-kumarhaneler-kucuk-yazilari-anlamak\/\" \/>\n<meta property=\"og:locale\" content=\"tr_TR\" \/>\n<meta property=\"og:type\" content=\"article\" \/>\n<meta property=\"og:title\" content=\"Casino h\u00fck\u00fcm ve ko\u015fullar\u0131nda nelere dikkat etmelisiniz?\" \/>\n<meta property=\"og:description\" content=\"\u00c7evrimi\u00e7i kumarhanelerin \u015eartlar ve Ko\u015fullar\u0131 k\u00fc\u00e7\u00fck puntolarla - ne beklemeli ve ne beklememelisiniz\" \/>\n<meta property=\"og:url\" content=\"https:\/\/gambling6.com\/tr\/kumarhane\/cevrimici-nakit-kumarhaneler-kucuk-yazilari-anlamak\/\" \/>\n<meta property=\"og:site_name\" content=\"Gambling6\" \/>\n<meta property=\"article:modified_time\" content=\"2025-11-15T09:17:29+00:00\" \/>\n<meta property=\"og:image\" content=\"https:\/\/gambling6.com\/wp-content\/uploads\/2013\/12\/casino-fine-print.jpg\" \/>\n\t<meta property=\"og:image:width\" content=\"200\" \/>\n\t<meta property=\"og:image:height\" content=\"175\" \/>\n\t<meta property=\"og:image:type\" content=\"image\/jpeg\" \/>\n<meta name=\"twitter:card\" content=\"summary_large_image\" \/>\n<meta name=\"twitter:label1\" content=\"Tahmini okuma s\u00fcresi\" \/>\n\t<meta name=\"twitter:data1\" content=\"4 dakika\" \/>\n<script type=\"application\/ld+json\" class=\"yoast-schema-graph\">{\"@context\":\"https:\\\/\\\/schema.org\",\"@graph\":[{\"@type\":\"WebPage\",\"@id\":\"https:\\\/\\\/gambling6.com\\\/tr\\\/kumarhane\\\/cevrimici-nakit-kumarhaneler-kucuk-yazilari-anlamak\\\/\",\"url\":\"https:\\\/\\\/gambling6.com\\\/tr\\\/kumarhane\\\/cevrimici-nakit-kumarhaneler-kucuk-yazilari-anlamak\\\/\",\"name\":\"Casino h\u00fck\u00fcm ve ko\u015fullar\u0131nda nelere dikkat etmelisiniz?\",\"isPartOf\":{\"@id\":\"https:\\\/\\\/gambling6.com\\\/tr\\\/#website\"},\"primaryImageOfPage\":{\"@id\":\"https:\\\/\\\/gambling6.com\\\/tr\\\/kumarhane\\\/cevrimici-nakit-kumarhaneler-kucuk-yazilari-anlamak\\\/#primaryimage\"},\"image\":{\"@id\":\"https:\\\/\\\/gambling6.com\\\/tr\\\/kumarhane\\\/cevrimici-nakit-kumarhaneler-kucuk-yazilari-anlamak\\\/#primaryimage\"},\"thumbnailUrl\":\"https:\\\/\\\/gambling6.com\\\/wp-content\\\/uploads\\\/2013\\\/12\\\/casino-fine-print.jpg\",\"datePublished\":\"2025-11-08T14:06:49+00:00\",\"dateModified\":\"2025-11-15T09:17:29+00:00\",\"description\":\"\u00c7evrimi\u00e7i kumarhanelerin \u015eartlar ve Ko\u015fullar\u0131 k\u00fc\u00e7\u00fck puntolarla - ne beklemeli ve ne beklememelisiniz\",\"breadcrumb\":{\"@id\":\"https:\\\/\\\/gambling6.com\\\/tr\\\/kumarhane\\\/cevrimici-nakit-kumarhaneler-kucuk-yazilari-anlamak\\\/#breadcrumb\"},\"inLanguage\":\"tr\",\"potentialAction\":[{\"@type\":\"ReadAction\",\"target\":[\"https:\\\/\\\/gambling6.com\\\/tr\\\/kumarhane\\\/cevrimici-nakit-kumarhaneler-kucuk-yazilari-anlamak\\\/\"]}]},{\"@type\":\"ImageObject\",\"inLanguage\":\"tr\",\"@id\":\"https:\\\/\\\/gambling6.com\\\/tr\\\/kumarhane\\\/cevrimici-nakit-kumarhaneler-kucuk-yazilari-anlamak\\\/#primaryimage\",\"url\":\"https:\\\/\\\/gambling6.com\\\/wp-content\\\/uploads\\\/2013\\\/12\\\/casino-fine-print.jpg\",\"contentUrl\":\"https:\\\/\\\/gambling6.com\\\/wp-content\\\/uploads\\\/2013\\\/12\\\/casino-fine-print.jpg\",\"width\":200,\"height\":175,\"caption\":\"casino fine print\"},{\"@type\":\"BreadcrumbList\",\"@id\":\"https:\\\/\\\/gambling6.com\\\/tr\\\/kumarhane\\\/cevrimici-nakit-kumarhaneler-kucuk-yazilari-anlamak\\\/#breadcrumb\",\"itemListElement\":[{\"@type\":\"ListItem\",\"position\":1,\"name\":\"Home\",\"item\":\"https:\\\/\\\/gambling6.com\\\/tr\\\/home\\\/\"},{\"@type\":\"ListItem\",\"position\":2,\"name\":\"Kumarhane\",\"item\":\"https:\\\/\\\/gambling6.com\\\/tr\\\/get-started-with-online-gambling\\\/\"},{\"@type\":\"ListItem\",\"position\":3,\"name\":\"\u00c7evrimi\u00e7i Nakit Kumarhaneler: K\u00fc\u00e7\u00fck Yaz\u0131lar\u0131 Anlamak\"}]},{\"@type\":\"WebSite\",\"@id\":\"https:\\\/\\\/gambling6.com\\\/tr\\\/#website\",\"url\":\"https:\\\/\\\/gambling6.com\\\/tr\\\/\",\"name\":\"Gambling6\",\"description\":\"\",\"potentialAction\":[{\"@type\":\"SearchAction\",\"target\":{\"@type\":\"EntryPoint\",\"urlTemplate\":\"https:\\\/\\\/gambling6.com\\\/tr\\\/?s={search_term_string}\"},\"query-input\":{\"@type\":\"PropertyValueSpecification\",\"valueRequired\":true,\"valueName\":\"search_term_string\"}}],\"inLanguage\":\"tr\"}]}<\/script>\n<!-- \/ Yoast SEO plugin. -->","yoast_head_json":{"title":"Casino h\u00fck\u00fcm ve ko\u015fullar\u0131nda nelere dikkat etmelisiniz?","description":"\u00c7evrimi\u00e7i kumarhanelerin \u015eartlar ve Ko\u015fullar\u0131 k\u00fc\u00e7\u00fck puntolarla - ne beklemeli ve ne beklememelisiniz","robots":{"index":"index","follow":"follow","max-snippet":"max-snippet:-1","max-image-preview":"max-image-preview:large","max-video-preview":"max-video-preview:-1"},"canonical":"https:\/\/gambling6.com\/tr\/kumarhane\/cevrimici-nakit-kumarhaneler-kucuk-yazilari-anlamak\/","og_locale":"tr_TR","og_type":"article","og_title":"Casino h\u00fck\u00fcm ve ko\u015fullar\u0131nda nelere dikkat etmelisiniz?","og_description":"\u00c7evrimi\u00e7i kumarhanelerin \u015eartlar ve Ko\u015fullar\u0131 k\u00fc\u00e7\u00fck puntolarla - ne beklemeli ve ne beklememelisiniz","og_url":"https:\/\/gambling6.com\/tr\/kumarhane\/cevrimici-nakit-kumarhaneler-kucuk-yazilari-anlamak\/","og_site_name":"Gambling6","article_modified_time":"2025-11-15T09:17:29+00:00","og_image":[{"width":200,"height":175,"url":"https:\/\/gambling6.com\/wp-content\/uploads\/2013\/12\/casino-fine-print.jpg","type":"image\/jpeg"}],"twitter_card":"summary_large_image","twitter_misc":{"Tahmini okuma s\u00fcresi":"4 dakika"},"schema":{"@context":"https:\/\/schema.org","@graph":[{"@type":"WebPage","@id":"https:\/\/gambling6.com\/tr\/kumarhane\/cevrimici-nakit-kumarhaneler-kucuk-yazilari-anlamak\/","url":"https:\/\/gambling6.com\/tr\/kumarhane\/cevrimici-nakit-kumarhaneler-kucuk-yazilari-anlamak\/","name":"Casino h\u00fck\u00fcm ve ko\u015fullar\u0131nda nelere dikkat etmelisiniz?","isPartOf":{"@id":"https:\/\/gambling6.com\/tr\/#website"},"primaryImageOfPage":{"@id":"https:\/\/gambling6.com\/tr\/kumarhane\/cevrimici-nakit-kumarhaneler-kucuk-yazilari-anlamak\/#primaryimage"},"image":{"@id":"https:\/\/gambling6.com\/tr\/kumarhane\/cevrimici-nakit-kumarhaneler-kucuk-yazilari-anlamak\/#primaryimage"},"thumbnailUrl":"https:\/\/gambling6.com\/wp-content\/uploads\/2013\/12\/casino-fine-print.jpg","datePublished":"2025-11-08T14:06:49+00:00","dateModified":"2025-11-15T09:17:29+00:00","description":"\u00c7evrimi\u00e7i kumarhanelerin \u015eartlar ve Ko\u015fullar\u0131 k\u00fc\u00e7\u00fck puntolarla - ne beklemeli ve ne beklememelisiniz","breadcrumb":{"@id":"https:\/\/gambling6.com\/tr\/kumarhane\/cevrimici-nakit-kumarhaneler-kucuk-yazilari-anlamak\/#breadcrumb"},"inLanguage":"tr","potentialAction":[{"@type":"ReadAction","target":["https:\/\/gambling6.com\/tr\/kumarhane\/cevrimici-nakit-kumarhaneler-kucuk-yazilari-anlamak\/"]}]},{"@type":"ImageObject","inLanguage":"tr","@id":"https:\/\/gambling6.com\/tr\/kumarhane\/cevrimici-nakit-kumarhaneler-kucuk-yazilari-anlamak\/#primaryimage","url":"https:\/\/gambling6.com\/wp-content\/uploads\/2013\/12\/casino-fine-print.jpg","contentUrl":"https:\/\/gambling6.com\/wp-content\/uploads\/2013\/12\/casino-fine-print.jpg","width":200,"height":175,"caption":"casino fine print"},{"@type":"BreadcrumbList","@id":"https:\/\/gambling6.com\/tr\/kumarhane\/cevrimici-nakit-kumarhaneler-kucuk-yazilari-anlamak\/#breadcrumb","itemListElement":[{"@type":"ListItem","position":1,"name":"Home","item":"https:\/\/gambling6.com\/tr\/home\/"},{"@type":"ListItem","position":2,"name":"Kumarhane","item":"https:\/\/gambling6.com\/tr\/get-started-with-online-gambling\/"},{"@type":"ListItem","position":3,"name":"\u00c7evrimi\u00e7i Nakit Kumarhaneler: K\u00fc\u00e7\u00fck Yaz\u0131lar\u0131 Anlamak"}]},{"@type":"WebSite","@id":"https:\/\/gambling6.com\/tr\/#website","url":"https:\/\/gambling6.com\/tr\/","name":"Gambling6","description":"","potentialAction":[{"@type":"SearchAction","target":{"@type":"EntryPoint","urlTemplate":"https:\/\/gambling6.com\/tr\/?s={search_term_string}"},"query-input":{"@type":"PropertyValueSpecification","valueRequired":true,"valueName":"search_term_string"}}],"inLanguage":"tr"}]}},"_links":{"self":[{"href":"https:\/\/gambling6.com\/tr\/wp-json\/wp\/v2\/pages\/9060","targetHints":{"allow":["GET"]}}],"collection":[{"href":"https:\/\/gambling6.com\/tr\/wp-json\/wp\/v2\/pages"}],"about":[{"href":"https:\/\/gambling6.com\/tr\/wp-json\/wp\/v2\/types\/page"}],"author":[{"embeddable":true,"href":"https:\/\/gambling6.com\/tr\/wp-json\/wp\/v2\/users\/1"}],"replies":[{"embeddable":true,"href":"https:\/\/gambling6.com\/tr\/wp-json\/wp\/v2\/comments?post=9060"}],"version-history":[{"count":1,"href":"https:\/\/gambling6.com\/tr\/wp-json\/wp\/v2\/pages\/9060\/revisions"}],"predecessor-version":[{"id":10868,"href":"https:\/\/gambling6.com\/tr\/wp-json\/wp\/v2\/pages\/9060\/revisions\/10868"}],"up":[{"embeddable":true,"href":"https:\/\/gambling6.com\/tr\/wp-json\/wp\/v2\/pages\/8336"}],"wp:featuredmedia":[{"embeddable":true,"href":"https:\/\/gambling6.com\/tr\/wp-json\/wp\/v2\/media\/9044"}],"wp:attachment":[{"href":"https:\/\/gambling6.com\/tr\/wp-json\/wp\/v2\/media?parent=9060"}],"curies":[{"name":"wp","href":"https:\/\/api.w.org\/{rel}","templated":true}]}}