{"id":9125,"date":"2025-11-10T09:44:30","date_gmt":"2025-11-10T09:44:30","guid":{"rendered":"https:\/\/gambling6.com\/spor-bahis-ipuclari-cevrimici-bahis-rehberiniz\/"},"modified":"2025-11-12T19:21:45","modified_gmt":"2025-11-12T19:21:45","slug":"spor-bahis-ipuclari-cevrimici-bahis-rehberiniz","status":"publish","type":"page","link":"https:\/\/gambling6.com\/tr\/spor-bahisleri\/spor-bahis-ipuclari-cevrimici-bahis-rehberiniz\/","title":{"rendered":"Spor Bahis \u0130pu\u00e7lar\u0131 &#8211; \u00c7evrimi\u00e7i Bahis Rehberiniz"},"content":{"rendered":"<h2>\u00c7evrimi\u00e7i bahis d\u00fcnyas\u0131na dair eksiksiz bir rehber!<\/h2>\n<p>Kumar, insanl\u0131\u011f\u0131n do\u011fu\u015fundan beri do\u011fam\u0131zda var olmu\u015ftur. \u0130nternetin geli\u015fiyle birlikte, kumar sitelerinin ortaya \u00e7\u0131kmas\u0131 da do\u011fald\u0131. Ortaya \u00e7\u0131kt\u0131klar\u0131nda ise muazzam bir ba\u015far\u0131 yakalad\u0131lar ve \u00e7evrimi\u00e7i kumar art\u0131k d\u00fcnyan\u0131n en pop\u00fcler aktivitelerinden biri haline geldi.<\/p>\n<p>Diyelim ki bir \u00e7evrimi\u00e7i kumar oyunu oynamaya ba\u015flamak istiyorsunuz. Bu durumda, b\u00fcy\u00fck \u00e7evrimi\u00e7i kumar sitelerinden herhangi birinde hesap a\u00e7man\u0131n yaln\u0131zca birka\u00e7 dakikan\u0131z\u0131 alaca\u011f\u0131n\u0131 ve ard\u0131ndan \u00e7evrimi\u00e7i casino oyunlar\u0131ndan \u00e7evrimi\u00e7i pokere, hatta spor veya finans sitelerine bahis yapmaya kadar istedi\u011finiz her \u015feyi oynayabilece\u011finizi bilmelisiniz.<\/p>\n<p><img loading=\"lazy\" decoding=\"async\" class=\"size-medium wp-image-3057 alignright\" src=\"https:\/\/gambling6.com\/wp-content\/uploads\/2022\/04\/soccermoney-300x200.jpg\" alt=\"online bahis rehberi\" width=\"300\" height=\"200\" srcset=\"https:\/\/gambling6.com\/wp-content\/uploads\/2022\/04\/soccermoney-300x200.jpg 300w, https:\/\/gambling6.com\/wp-content\/uploads\/2022\/04\/soccermoney.jpg 424w\" sizes=\"auto, (max-width: 300px) 100vw, 300px\" \/>\u00c7evrimi\u00e7i bahislerden bahsetmi\u015fken, yeni bir oyun oynamay\u0131 \u00f6\u011frenmenizi gerektirmeyen bir \u00e7evrimi\u00e7i kumar sitesine kat\u0131lmak istiyorsan\u0131z (ki bu, \u00e7evrimi\u00e7i pokerden \u00e7evrimi\u00e7i casino oyunlar\u0131na kadar her \u015feyde ge\u00e7erlidir), \u00e7evrimi\u00e7i bahisin m\u00fckemmel bir \u00e7\u00f6z\u00fcm oldu\u011funu bilmelisiniz. Kurallar\u0131 zaten biliyorsunuz; tek yapman\u0131z gereken profesyonel bir sporun oyununun sonucunu do\u011fru tahmin etmek, hepsi bu. Do\u011fru tahmin ederseniz, para kazan\u0131rs\u0131n\u0131z. Yanl\u0131\u015f tahmin ederseniz, tekrar deneyebilirsiniz.<\/p>\n<p>Diyelim ki \u015fimdiye kadar \u00e7evrimi\u00e7i bahisle tan\u0131\u015fmad\u0131n\u0131z. Sekt\u00f6r, spor dallar\u0131 veya kat\u0131lmak istedi\u011finiz \u00e7evrimi\u00e7i kumar siteleri hakk\u0131nda hi\u00e7bir \u015fey bilmeden oynamaya ba\u015flaman\u0131z aptall\u0131k olur. \u0130\u015fte bu y\u00fczden, tek amac\u0131 sizi m\u00fcmk\u00fcn oldu\u011funca fazla bilgi sunarak en sevdi\u011finiz \u00e7evrimi\u00e7i kumar aktivitelerine yak\u0131nla\u015ft\u0131rmak olan siteler mevcut.<\/p>\n<p><strong>BetOnline<\/strong>, d\u00fcnyan\u0131n en iyi \u00e7evrimi\u00e7i bahis sitelerinden biridir. Yar\u0131\u015f bahislerinden spor bahislerine ve finansal bahislere kadar her \u015fey burada ayr\u0131nt\u0131l\u0131 olarak sunuluyor ve ilginizi \u00e7eken b\u00f6l\u00fcmde birka\u00e7 dakika ge\u00e7irerek yeni ba\u015flayanlar\u0131n bilmesi gereken her \u015feyi \u00f6\u011frenebilirsiniz.<\/p>\n<p><a class=\"thirstylink\" title=\"Betonline sports en\" href=\"https:\/\/gambling6.com\/go\/betonline-sports-en\/\" target=\"_blank\" rel=\"nofollow noopener\">Bu ba\u011flant\u0131y\u0131 takip ederek favori spor bahis sitemiz Betonline&#8217;da d\u00fcnyan\u0131n d\u00f6rt bir yan\u0131ndan milyonlarca spor bahis hayran\u0131na kat\u0131l\u0131n.<\/a><\/p>\n<p>\u00d6rne\u011fin, yar\u0131\u015flara bahis oynamaya ba\u015flamak istiyorsan\u0131z, k\u00f6pek yar\u0131\u015flar\u0131ndan as\u0131rl\u0131k at yar\u0131\u015flar\u0131na ve hatta NASCAR veya Formula 1 gibi daha yeni sporlara kadar \u00e7evrimi\u00e7i yar\u0131\u015flar hakk\u0131nda her \u015feyi bulabilece\u011finiz Yar\u0131\u015f Bahisleri b\u00f6l\u00fcm\u00fcne g\u00f6z atmal\u0131s\u0131n\u0131z. BetOnline, bu spor t\u00fcrlerinin her biri hakk\u0131nda bilmek isteyebilece\u011finiz her \u015feyi size sunmak i\u00e7in burada.<\/p>\n<p>Sonu\u00e7 olarak, spor bahislerine ba\u015flamak istiyorsan\u0131z, piyasadaki en iyi online kumar sitelerinden biri olan BetOnline&#8217;\u0131 denemelisiniz. Sizi bu sekt\u00f6r hakk\u0131nda hi\u00e7bir \u015fey bilmezken, bu sekt\u00f6rden tonla para kazanmaya y\u00f6nlendirecekler!<\/p>\n","protected":false},"excerpt":{"rendered":"<p>\u00c7evrimi\u00e7i bahis d\u00fcnyas\u0131na dair eksiksiz bir rehber! Kumar, insanl\u0131\u011f\u0131n do\u011fu\u015fundan beri do\u011fam\u0131zda var olmu\u015ftur. \u0130nternetin geli\u015fiyle birlikte, kumar sitelerinin ortaya \u00e7\u0131kmas\u0131 da do\u011fald\u0131. Ortaya \u00e7\u0131kt\u0131klar\u0131nda ise muazzam bir ba\u015far\u0131 yakalad\u0131lar ve \u00e7evrimi\u00e7i kumar art\u0131k d\u00fcnyan\u0131n en pop\u00fcler aktivitelerinden biri haline geldi. Diyelim ki bir \u00e7evrimi\u00e7i kumar oyunu oynamaya ba\u015flamak istiyorsunuz. Bu durumda, b\u00fcy\u00fck \u00e7evrimi\u00e7i kumar [&hellip;]<\/p>\n","protected":false},"author":1,"featured_media":0,"parent":9259,"menu_order":14,"comment_status":"closed","ping_status":"closed","template":"","meta":{"footnotes":""},"class_list":["post-9125","page","type-page","status-publish","hentry"],"yoast_head":"<!-- This site is optimized with the Yoast SEO plugin v27.4 - https:\/\/yoast.com\/product\/yoast-seo-wordpress\/ -->\n<title>\u00c7evrimi\u00e7i Spor Bahisleri \u0130\u00e7in Rehber ve \u0130pu\u00e7lar\u0131<\/title>\n<meta name=\"description\" content=\"Bug\u00fcn \u00e7evrimi\u00e7i bahis oynamaya ba\u015flay\u0131n. T\u00fcm bahis se\u00e7eneklerinin yan\u0131 s\u0131ra \u00e7evrimi\u00e7i poker ve casino se\u00e7enekleri i\u00e7in BetOnline&#039;\u0131 ziyaret edin, hepsi tek bir web sitesinde.\" \/>\n<meta name=\"robots\" content=\"index, follow, max-snippet:-1, max-image-preview:large, max-video-preview:-1\" \/>\n<link rel=\"canonical\" href=\"https:\/\/gambling6.com\/tr\/spor-bahisleri\/spor-bahis-ipuclari-cevrimici-bahis-rehberiniz\/\" \/>\n<meta property=\"og:locale\" content=\"tr_TR\" \/>\n<meta property=\"og:type\" content=\"article\" \/>\n<meta property=\"og:title\" content=\"\u00c7evrimi\u00e7i Spor Bahisleri \u0130\u00e7in Rehber ve \u0130pu\u00e7lar\u0131\" \/>\n<meta property=\"og:description\" content=\"Bug\u00fcn \u00e7evrimi\u00e7i bahis oynamaya ba\u015flay\u0131n. T\u00fcm bahis se\u00e7eneklerinin yan\u0131 s\u0131ra \u00e7evrimi\u00e7i poker ve casino se\u00e7enekleri i\u00e7in BetOnline&#039;\u0131 ziyaret edin, hepsi tek bir web sitesinde.\" \/>\n<meta property=\"og:url\" content=\"https:\/\/gambling6.com\/tr\/spor-bahisleri\/spor-bahis-ipuclari-cevrimici-bahis-rehberiniz\/\" \/>\n<meta property=\"og:site_name\" content=\"Gambling6\" \/>\n<meta property=\"article:modified_time\" content=\"2025-11-12T19:21:45+00:00\" \/>\n<meta property=\"og:image\" content=\"https:\/\/gambling6.com\/wp-content\/uploads\/2022\/04\/soccermoney.jpg\" \/>\n\t<meta property=\"og:image:width\" content=\"424\" \/>\n\t<meta property=\"og:image:height\" content=\"283\" \/>\n\t<meta property=\"og:image:type\" content=\"image\/jpeg\" \/>\n<meta name=\"twitter:card\" content=\"summary_large_image\" \/>\n<meta name=\"twitter:label1\" content=\"Tahmini okuma s\u00fcresi\" \/>\n\t<meta name=\"twitter:data1\" content=\"2 dakika\" \/>\n<script type=\"application\/ld+json\" class=\"yoast-schema-graph\">{\"@context\":\"https:\\\/\\\/schema.org\",\"@graph\":[{\"@type\":\"WebPage\",\"@id\":\"https:\\\/\\\/gambling6.com\\\/tr\\\/spor-bahisleri\\\/spor-bahis-ipuclari-cevrimici-bahis-rehberiniz\\\/\",\"url\":\"https:\\\/\\\/gambling6.com\\\/tr\\\/spor-bahisleri\\\/spor-bahis-ipuclari-cevrimici-bahis-rehberiniz\\\/\",\"name\":\"\u00c7evrimi\u00e7i Spor Bahisleri \u0130\u00e7in Rehber ve \u0130pu\u00e7lar\u0131\",\"isPartOf\":{\"@id\":\"https:\\\/\\\/gambling6.com\\\/tr\\\/#website\"},\"primaryImageOfPage\":{\"@id\":\"https:\\\/\\\/gambling6.com\\\/tr\\\/spor-bahisleri\\\/spor-bahis-ipuclari-cevrimici-bahis-rehberiniz\\\/#primaryimage\"},\"image\":{\"@id\":\"https:\\\/\\\/gambling6.com\\\/tr\\\/spor-bahisleri\\\/spor-bahis-ipuclari-cevrimici-bahis-rehberiniz\\\/#primaryimage\"},\"thumbnailUrl\":\"https:\\\/\\\/gambling6.com\\\/wp-content\\\/uploads\\\/2022\\\/04\\\/soccermoney-300x200.jpg\",\"datePublished\":\"2025-11-10T09:44:30+00:00\",\"dateModified\":\"2025-11-12T19:21:45+00:00\",\"description\":\"Bug\u00fcn \u00e7evrimi\u00e7i bahis oynamaya ba\u015flay\u0131n. T\u00fcm bahis se\u00e7eneklerinin yan\u0131 s\u0131ra \u00e7evrimi\u00e7i poker ve casino se\u00e7enekleri i\u00e7in BetOnline'\u0131 ziyaret edin, hepsi tek bir web sitesinde.\",\"breadcrumb\":{\"@id\":\"https:\\\/\\\/gambling6.com\\\/tr\\\/spor-bahisleri\\\/spor-bahis-ipuclari-cevrimici-bahis-rehberiniz\\\/#breadcrumb\"},\"inLanguage\":\"tr\",\"potentialAction\":[{\"@type\":\"ReadAction\",\"target\":[\"https:\\\/\\\/gambling6.com\\\/tr\\\/spor-bahisleri\\\/spor-bahis-ipuclari-cevrimici-bahis-rehberiniz\\\/\"]}]},{\"@type\":\"ImageObject\",\"inLanguage\":\"tr\",\"@id\":\"https:\\\/\\\/gambling6.com\\\/tr\\\/spor-bahisleri\\\/spor-bahis-ipuclari-cevrimici-bahis-rehberiniz\\\/#primaryimage\",\"url\":\"https:\\\/\\\/gambling6.com\\\/wp-content\\\/uploads\\\/2022\\\/04\\\/soccermoney-300x200.jpg\",\"contentUrl\":\"https:\\\/\\\/gambling6.com\\\/wp-content\\\/uploads\\\/2022\\\/04\\\/soccermoney-300x200.jpg\"},{\"@type\":\"BreadcrumbList\",\"@id\":\"https:\\\/\\\/gambling6.com\\\/tr\\\/spor-bahisleri\\\/spor-bahis-ipuclari-cevrimici-bahis-rehberiniz\\\/#breadcrumb\",\"itemListElement\":[{\"@type\":\"ListItem\",\"position\":1,\"name\":\"Home\",\"item\":\"https:\\\/\\\/gambling6.com\\\/tr\\\/home\\\/\"},{\"@type\":\"ListItem\",\"position\":2,\"name\":\"Spor bahisleri\",\"item\":\"https:\\\/\\\/gambling6.com\\\/tr\\\/introduction-to-online-sportsbetting\\\/\"},{\"@type\":\"ListItem\",\"position\":3,\"name\":\"Spor Bahis \u0130pu\u00e7lar\u0131 &#8211; \u00c7evrimi\u00e7i Bahis Rehberiniz\"}]},{\"@type\":\"WebSite\",\"@id\":\"https:\\\/\\\/gambling6.com\\\/tr\\\/#website\",\"url\":\"https:\\\/\\\/gambling6.com\\\/tr\\\/\",\"name\":\"Gambling6\",\"description\":\"\",\"potentialAction\":[{\"@type\":\"SearchAction\",\"target\":{\"@type\":\"EntryPoint\",\"urlTemplate\":\"https:\\\/\\\/gambling6.com\\\/tr\\\/?s={search_term_string}\"},\"query-input\":{\"@type\":\"PropertyValueSpecification\",\"valueRequired\":true,\"valueName\":\"search_term_string\"}}],\"inLanguage\":\"tr\"}]}<\/script>\n<!-- \/ Yoast SEO plugin. -->","yoast_head_json":{"title":"\u00c7evrimi\u00e7i Spor Bahisleri \u0130\u00e7in Rehber ve \u0130pu\u00e7lar\u0131","description":"Bug\u00fcn \u00e7evrimi\u00e7i bahis oynamaya ba\u015flay\u0131n. T\u00fcm bahis se\u00e7eneklerinin yan\u0131 s\u0131ra \u00e7evrimi\u00e7i poker ve casino se\u00e7enekleri i\u00e7in BetOnline'\u0131 ziyaret edin, hepsi tek bir web sitesinde.","robots":{"index":"index","follow":"follow","max-snippet":"max-snippet:-1","max-image-preview":"max-image-preview:large","max-video-preview":"max-video-preview:-1"},"canonical":"https:\/\/gambling6.com\/tr\/spor-bahisleri\/spor-bahis-ipuclari-cevrimici-bahis-rehberiniz\/","og_locale":"tr_TR","og_type":"article","og_title":"\u00c7evrimi\u00e7i Spor Bahisleri \u0130\u00e7in Rehber ve \u0130pu\u00e7lar\u0131","og_description":"Bug\u00fcn \u00e7evrimi\u00e7i bahis oynamaya ba\u015flay\u0131n. T\u00fcm bahis se\u00e7eneklerinin yan\u0131 s\u0131ra \u00e7evrimi\u00e7i poker ve casino se\u00e7enekleri i\u00e7in BetOnline'\u0131 ziyaret edin, hepsi tek bir web sitesinde.","og_url":"https:\/\/gambling6.com\/tr\/spor-bahisleri\/spor-bahis-ipuclari-cevrimici-bahis-rehberiniz\/","og_site_name":"Gambling6","article_modified_time":"2025-11-12T19:21:45+00:00","og_image":[{"width":424,"height":283,"url":"https:\/\/gambling6.com\/wp-content\/uploads\/2022\/04\/soccermoney.jpg","type":"image\/jpeg"}],"twitter_card":"summary_large_image","twitter_misc":{"Tahmini okuma s\u00fcresi":"2 dakika"},"schema":{"@context":"https:\/\/schema.org","@graph":[{"@type":"WebPage","@id":"https:\/\/gambling6.com\/tr\/spor-bahisleri\/spor-bahis-ipuclari-cevrimici-bahis-rehberiniz\/","url":"https:\/\/gambling6.com\/tr\/spor-bahisleri\/spor-bahis-ipuclari-cevrimici-bahis-rehberiniz\/","name":"\u00c7evrimi\u00e7i Spor Bahisleri \u0130\u00e7in Rehber ve \u0130pu\u00e7lar\u0131","isPartOf":{"@id":"https:\/\/gambling6.com\/tr\/#website"},"primaryImageOfPage":{"@id":"https:\/\/gambling6.com\/tr\/spor-bahisleri\/spor-bahis-ipuclari-cevrimici-bahis-rehberiniz\/#primaryimage"},"image":{"@id":"https:\/\/gambling6.com\/tr\/spor-bahisleri\/spor-bahis-ipuclari-cevrimici-bahis-rehberiniz\/#primaryimage"},"thumbnailUrl":"https:\/\/gambling6.com\/wp-content\/uploads\/2022\/04\/soccermoney-300x200.jpg","datePublished":"2025-11-10T09:44:30+00:00","dateModified":"2025-11-12T19:21:45+00:00","description":"Bug\u00fcn \u00e7evrimi\u00e7i bahis oynamaya ba\u015flay\u0131n. T\u00fcm bahis se\u00e7eneklerinin yan\u0131 s\u0131ra \u00e7evrimi\u00e7i poker ve casino se\u00e7enekleri i\u00e7in BetOnline'\u0131 ziyaret edin, hepsi tek bir web sitesinde.","breadcrumb":{"@id":"https:\/\/gambling6.com\/tr\/spor-bahisleri\/spor-bahis-ipuclari-cevrimici-bahis-rehberiniz\/#breadcrumb"},"inLanguage":"tr","potentialAction":[{"@type":"ReadAction","target":["https:\/\/gambling6.com\/tr\/spor-bahisleri\/spor-bahis-ipuclari-cevrimici-bahis-rehberiniz\/"]}]},{"@type":"ImageObject","inLanguage":"tr","@id":"https:\/\/gambling6.com\/tr\/spor-bahisleri\/spor-bahis-ipuclari-cevrimici-bahis-rehberiniz\/#primaryimage","url":"https:\/\/gambling6.com\/wp-content\/uploads\/2022\/04\/soccermoney-300x200.jpg","contentUrl":"https:\/\/gambling6.com\/wp-content\/uploads\/2022\/04\/soccermoney-300x200.jpg"},{"@type":"BreadcrumbList","@id":"https:\/\/gambling6.com\/tr\/spor-bahisleri\/spor-bahis-ipuclari-cevrimici-bahis-rehberiniz\/#breadcrumb","itemListElement":[{"@type":"ListItem","position":1,"name":"Home","item":"https:\/\/gambling6.com\/tr\/home\/"},{"@type":"ListItem","position":2,"name":"Spor bahisleri","item":"https:\/\/gambling6.com\/tr\/introduction-to-online-sportsbetting\/"},{"@type":"ListItem","position":3,"name":"Spor Bahis \u0130pu\u00e7lar\u0131 &#8211; \u00c7evrimi\u00e7i Bahis Rehberiniz"}]},{"@type":"WebSite","@id":"https:\/\/gambling6.com\/tr\/#website","url":"https:\/\/gambling6.com\/tr\/","name":"Gambling6","description":"","potentialAction":[{"@type":"SearchAction","target":{"@type":"EntryPoint","urlTemplate":"https:\/\/gambling6.com\/tr\/?s={search_term_string}"},"query-input":{"@type":"PropertyValueSpecification","valueRequired":true,"valueName":"search_term_string"}}],"inLanguage":"tr"}]}},"_links":{"self":[{"href":"https:\/\/gambling6.com\/tr\/wp-json\/wp\/v2\/pages\/9125","targetHints":{"allow":["GET"]}}],"collection":[{"href":"https:\/\/gambling6.com\/tr\/wp-json\/wp\/v2\/pages"}],"about":[{"href":"https:\/\/gambling6.com\/tr\/wp-json\/wp\/v2\/types\/page"}],"author":[{"embeddable":true,"href":"https:\/\/gambling6.com\/tr\/wp-json\/wp\/v2\/users\/1"}],"replies":[{"embeddable":true,"href":"https:\/\/gambling6.com\/tr\/wp-json\/wp\/v2\/comments?post=9125"}],"version-history":[{"count":2,"href":"https:\/\/gambling6.com\/tr\/wp-json\/wp\/v2\/pages\/9125\/revisions"}],"predecessor-version":[{"id":10554,"href":"https:\/\/gambling6.com\/tr\/wp-json\/wp\/v2\/pages\/9125\/revisions\/10554"}],"up":[{"embeddable":true,"href":"https:\/\/gambling6.com\/tr\/wp-json\/wp\/v2\/pages\/9259"}],"wp:attachment":[{"href":"https:\/\/gambling6.com\/tr\/wp-json\/wp\/v2\/media?parent=9125"}],"curies":[{"name":"wp","href":"https:\/\/api.w.org\/{rel}","templated":true}]}}