{"id":9191,"date":"2025-11-10T11:13:59","date_gmt":"2025-11-10T11:13:59","guid":{"rendered":"https:\/\/gambling6.com\/powerball-piyangosu-icin-cevrimici-bilet-alin\/"},"modified":"2025-11-15T08:51:41","modified_gmt":"2025-11-15T08:51:41","slug":"powerball-piyangosu-icin-cevrimici-bilet-alin","status":"publish","type":"page","link":"https:\/\/gambling6.com\/tr\/powerball-piyangosu-icin-cevrimici-bilet-alin\/","title":{"rendered":"Powerball Piyangosu i\u00e7in \u00c7evrimi\u00e7i Bilet Al\u0131n"},"content":{"rendered":"<h2>\u00c7evrimi\u00e7i Powerball Piyangosu oynay\u0131n.<\/h2>\n<p>Powerball piyangosu, inan\u0131lmaz ikramiyeleriyle d\u00fcnya \u00e7ap\u0131nda \u00fcnl\u00fcd\u00fcr. 100 milyon dolar\u0131 a\u015fan ikramiyelerle d\u00fczenli olarak kar\u015f\u0131la\u015fabilirsiniz. <strong>Powerball piyangosu i\u00e7in \u00e7evrimi\u00e7i biletler alabilece\u011finiz i\u00e7in ikramiyedeki art\u0131\u015flar katlanarak artar.<\/strong> Powerball&#8217;u evinizin rahatl\u0131\u011f\u0131nda, yaln\u0131zca bilgisayar\u0131n\u0131z ve internet ba\u011flant\u0131n\u0131zla \u00e7evrimi\u00e7i oynamak \u00e7ok kolayd\u0131r.<\/p>\n<h2>\u00c7evrimi\u00e7i Powerball Biletleri, 1-2-3 kadar kolay<\/h2>\n<p>Powerball piyangosunu \u00e7evrimi\u00e7i oynamak i\u00e7in i\u015f orta\u011f\u0131m\u0131z <a class=\"thirstylink\" title=\"Redfoxlotto\" href=\"https:\/\/gambling6.com\/go\/redfoxlotto\/\" target=\"_blank\" rel=\"nofollow noopener\">RedFoxLotto&#8217;ya (ziyaret etmek i\u00e7in t\u0131klay\u0131n)<\/a> gitmeniz ve bir hesap olu\u015fturman\u0131z gerekir. Hesap a\u00e7mak kolayd\u0131r ve dakikalar i\u00e7inde Powerball piyangosuna kat\u0131labilirsiniz. Bir sonraki ad\u0131m, be\u015f ana say\u0131y\u0131 se\u00e7mek i\u00e7in formu kullanaca\u011f\u0131n\u0131z bilet b\u00f6l\u00fcm\u00fcne gitmektir.<\/p>\n<p>\u0130\u015finiz bitti\u011finde, bir Powerball bonus numaras\u0131 se\u00e7eceksiniz. <strong>B\u00fcy\u00fck ikramiyeyi kazanmak i\u00e7in, be\u015f ana say\u0131y\u0131 ve Powerball&#8217;u \u00e7ekilen toplarla e\u015fle\u015ftirmeniz gerekir.<\/strong> Endi\u015felenmeyin, bunlar\u0131 e\u015fle\u015ftiremezseniz, di\u011fer yedi \u00f6d\u00fcl kademesinden birini talep etme \u015fans\u0131n\u0131z olabilir.<\/p>\n<h2>Powerball online bilet sat\u0131\u015flar\u0131 f\u0131rlad\u0131<\/h2>\n<p><img loading=\"lazy\" decoding=\"async\" class=\"size-medium wp-image-1533 alignright\" src=\"https:\/\/gambling6.com\/wp-content\/uploads\/2022\/04\/2_ticket_powerball_au2-1-163x300.jpg\" alt=\"Powerball bileti\" width=\"163\" height=\"300\" srcset=\"https:\/\/gambling6.com\/wp-content\/uploads\/2022\/04\/2_ticket_powerball_au2-1-163x300.jpg 163w, https:\/\/gambling6.com\/wp-content\/uploads\/2022\/04\/2_ticket_powerball_au2-1.jpg 250w\" sizes=\"auto, (max-width: 163px) 100vw, 163px\" \/>Son iki y\u0131lda, Powerball USA bilet sat\u0131\u015flar\u0131 \u00e7ok h\u0131zl\u0131 bir \u015fekilde artt\u0131 ve bu d\u00f6nemde bir \u00f6nceki y\u0131la g\u00f6re iki kat\u0131na \u00e7\u0131kt\u0131. <strong>B\u00fcy\u00fck ikramiyelerin b\u00fcy\u00fckl\u00fc\u011f\u00fc ve biletlerin online olarak kolayca sat\u0131n al\u0131nabilmesi, b\u00fcy\u00fcmenin bu kadar b\u00fcy\u00fck olmas\u0131n\u0131n arkas\u0131ndaki itici g\u00fc\u00e7 oldu.<\/strong> Ge\u00e7mi\u015f, gelecekteki sat\u0131\u015flar\u0131n bir g\u00f6stergesi ise, \u00f6n\u00fcm\u00fczdeki y\u0131llarda b\u00fcy\u00fck ikramiyelerin boyutlar\u0131nda artan bir b\u00fcy\u00fcme g\u00f6rmeyi bekleyebiliriz.<\/p>\n<h2>D\u00fcnya \u00e7ap\u0131nda piyango oyunu b\u00fcy\u00fcyor.<\/h2>\n<p>Loto ikramiyesi rekorunu elinde tutan Mega Millions d\u0131\u015f\u0131nda, ge\u00e7ti\u011fimiz y\u0131l \u00e7evrimi\u00e7i oynanan \u00e7o\u011fu piyangoda rekor ikramiyeler g\u00f6rd\u00fck. Bu rekor seviyedeki ikramiyelerin yak\u0131n zamanda d\u00fc\u015fece\u011fine dair hi\u00e7bir g\u00f6sterge yok. Hatta, ikramiye haberleri y\u00fcksek seviyelere ula\u015ft\u0131\u011f\u0131nda insanlar bilgisayarlar\u0131na ak\u0131n ettik\u00e7e rekorlar\u0131n tekrar tekrar alt\u00fcst olmas\u0131n\u0131 bekleyebiliriz.<\/p>\n<h2>Powerball kazanan numaralar\u0131n\u0131 \u00e7evrimi\u00e7i kontrol edin.<\/h2>\n<p>Bilet sat\u0131n al\u0131yorsan\u0131z, sonu\u00e7lar\u0131 \u00e7evrimi\u00e7i bir veritaban\u0131 arac\u0131 kullanarak kontrol etmek i\u00e7in zaman ay\u0131rd\u0131\u011f\u0131n\u0131zdan emin olun. Her y\u0131l bir\u00e7ok \u00f6d\u00fcl talep edilmiyor \u00e7\u00fcnk\u00fc insanlar ya\u015famad\u0131klar\u0131 bir b\u00f6lgede veya bilet sat\u0131n almad\u0131klar\u0131 bir i\u015fletmede ikramiye kazan\u0131ld\u0131\u011f\u0131n\u0131 duyduklar\u0131nda, biletlerini at\u0131yor ve di\u011fer ikramiye seviyelerinde kazan\u0131p kazanmad\u0131klar\u0131n\u0131 kontrol etmek i\u00e7in takip etmiyorlar.<\/p>\n<p>L\u00fctfen paray\u0131 \u00e7\u00f6pe atma veya c\u00fczdan\u0131n\u0131zda g\u00f6r\u00fcnmez bir \u015fekilde b\u0131rakma hatas\u0131na d\u00fc\u015fmeyin. Kazand\u0131\u011f\u0131n\u0131z t\u00fcm paray\u0131 hak ediyorsunuz. Bug\u00fcn \u00e7evrimi\u00e7i Powerball piyangosu oynay\u0131n ve d\u00fcnyan\u0131n bir sonraki multimilyoneri siz olun.<\/p>\n<table style=\"width: 500px;\" border=\"1\" cellspacing=\"5\" cellpadding=\"5\" align=\"center\">\n<tbody>\n<tr>\n<td colspan=\"3\" align=\"center\">2013&#8217;\u00fcn En \u0130yi On B\u00fcy\u00fck \u0130kramiyesi<\/td>\n<\/tr>\n<tr>\n<td>\u00c7ekili\u015f<\/td>\n<td align=\"center\">Tarih<\/td>\n<td align=\"center\">B\u00fcy\u00fck \u0130kramiye (USD)<\/td>\n<\/tr>\n<tr>\n<td>Powerball &#8211; ABD<\/td>\n<td align=\"center\">18 May\u0131s 2013<\/td>\n<td align=\"right\">590.500.000 ABD Dolar\u0131<\/td>\n<\/tr>\n<tr>\n<td>Powerball &#8211; ABD<\/td>\n<td align=\"center\">7 A\u011fustos 2013<\/td>\n<td align=\"right\">448.400.000 ABD Dolar\u0131<\/td>\n<\/tr>\n<tr>\n<td>Powerball &#8211; ABD<\/td>\n<td align=\"center\">18 Eyl\u00fcl 2013<\/td>\n<td align=\"right\">399.400.000 ABD Dolar\u0131<\/td>\n<\/tr>\n<tr>\n<td>Powerball &#8211; ABD<\/td>\n<td align=\"center\">23 Mart 2013<\/td>\n<td align=\"right\">338.300.000 ABD Dolar\u0131<\/td>\n<\/tr>\n<tr>\n<td>Powerball &#8211; ABD<\/td>\n<td align=\"center\">6 \u015eubat 2013<\/td>\n<td align=\"right\">217.000.000 ABD Dolar\u0131<\/td>\n<\/tr>\n<tr>\n<td>Powerball &#8211; ABD<\/td>\n<td align=\"center\">23 Ekim 2013<\/td>\n<td align=\"right\">213.400.000 ABD Dolar\u0131<\/td>\n<\/tr>\n<tr>\n<td>Powerball &#8211; ABD<\/td>\n<td align=\"center\">22 Haziran 2013<\/td>\n<td align=\"right\">131.500.000 ABD Dolar\u0131<\/td>\n<\/tr>\n<tr>\n<td>Powerball &#8211; ABD<\/td>\n<td align=\"center\">16 Kas\u0131m 2013<\/td>\n<td align=\"right\">130.300.000 ABD Dolar\u0131<\/td>\n<\/tr>\n<tr>\n<td>Powerball &#8211; ABD<\/td>\n<td align=\"center\">11 Aral\u0131k 2013<\/td>\n<td align=\"right\">122.900.000 ABD Dolar\u0131<\/td>\n<\/tr>\n<tr>\n<td>Powerball &#8211; ABD<\/td>\n<td align=\"center\">25 Aral\u0131k 2013<\/td>\n<td align=\"right\">74.000.000 ABD Dolar\u0131<\/td>\n<\/tr>\n<\/tbody>\n<\/table>\n<p>&nbsp;<\/p>\n<table style=\"width: 500px;\" border=\"1\" cellspacing=\"5\" cellpadding=\"5\" align=\"center\">\n<tbody>\n<tr>\n<td colspan=\"3\" align=\"center\">Powerball Loto &#8211; ABD \u00d6d\u00fcl Kademeleri<\/td>\n<\/tr>\n<tr>\n<td>\u00d6d\u00fcl<\/td>\n<td align=\"center\">Ma\u00e7lar<\/td>\n<td align=\"center\">Oran<\/td>\n<\/tr>\n<tr>\n<td>1. (B\u00fcy\u00fck \u0130kramiye)<\/td>\n<td align=\"center\">5 + 1<\/td>\n<td align=\"right\">175.223.510 : 1<\/td>\n<\/tr>\n<tr>\n<td>2.<\/td>\n<td align=\"center\">5<\/td>\n<td align=\"right\">5.153.633 : 1<\/td>\n<\/tr>\n<tr>\n<td>3.<\/td>\n<td align=\"center\">4 + 1<\/td>\n<td align=\"right\">648.976 : 1<\/td>\n<\/tr>\n<tr>\n<td>4.<\/td>\n<td align=\"center\">4<\/td>\n<td align=\"right\">19.087 : 1<\/td>\n<\/tr>\n<tr>\n<td>5.<\/td>\n<td align=\"center\">3 + 1<\/td>\n<td align=\"right\">12.245 : 1<\/td>\n<\/tr>\n<tr>\n<td>6.<\/td>\n<td align=\"center\">3<\/td>\n<td align=\"right\">360 : 1<\/td>\n<\/tr>\n<tr>\n<td>7.<\/td>\n<td align=\"center\">2 + 1<\/td>\n<td align=\"right\">706 : 1<\/td>\n<\/tr>\n<tr>\n<td>8.<\/td>\n<td align=\"center\">1 + 1<\/td>\n<td align=\"right\">111 : 1<\/td>\n<\/tr>\n<tr>\n<td>9.<\/td>\n<td align=\"center\">0 + 1<\/td>\n<td align=\"right\">55 : 1<\/td>\n<\/tr>\n<\/tbody>\n<\/table>\n","protected":false},"excerpt":{"rendered":"<p>\u00c7evrimi\u00e7i Powerball Piyangosu oynay\u0131n. Powerball piyangosu, inan\u0131lmaz ikramiyeleriyle d\u00fcnya \u00e7ap\u0131nda \u00fcnl\u00fcd\u00fcr. 100 milyon dolar\u0131 a\u015fan ikramiyelerle d\u00fczenli olarak kar\u015f\u0131la\u015fabilirsiniz. Powerball piyangosu i\u00e7in \u00e7evrimi\u00e7i biletler alabilece\u011finiz i\u00e7in ikramiyedeki art\u0131\u015flar katlanarak artar. Powerball&#8217;u evinizin rahatl\u0131\u011f\u0131nda, yaln\u0131zca bilgisayar\u0131n\u0131z ve internet ba\u011flant\u0131n\u0131zla \u00e7evrimi\u00e7i oynamak \u00e7ok kolayd\u0131r. \u00c7evrimi\u00e7i Powerball Biletleri, 1-2-3 kadar kolay Powerball piyangosunu \u00e7evrimi\u00e7i oynamak i\u00e7in i\u015f orta\u011f\u0131m\u0131z [&hellip;]<\/p>\n","protected":false},"author":1,"featured_media":0,"parent":0,"menu_order":4,"comment_status":"closed","ping_status":"closed","template":"","meta":{"footnotes":""},"class_list":["post-9191","page","type-page","status-publish","hentry"],"yoast_head":"<!-- This site is optimized with the Yoast SEO plugin v27.5 - https:\/\/yoast.com\/product\/yoast-seo-wordpress\/ -->\n<title>Powerball Piyangosu i\u00e7in \u00e7evrimi\u00e7i bilet sat\u0131n al\u0131n<\/title>\n<meta name=\"description\" content=\"Powerball piyangosu ABD i\u00e7in biletlerinizi bug\u00fcn \u00e7evrimi\u00e7i al\u0131n.\" \/>\n<meta name=\"robots\" content=\"index, follow, max-snippet:-1, max-image-preview:large, max-video-preview:-1\" \/>\n<link rel=\"canonical\" href=\"https:\/\/gambling6.com\/tr\/powerball-piyangosu-icin-cevrimici-bilet-alin\/\" \/>\n<meta property=\"og:locale\" content=\"tr_TR\" \/>\n<meta property=\"og:type\" content=\"article\" \/>\n<meta property=\"og:title\" content=\"Powerball Piyangosu i\u00e7in \u00e7evrimi\u00e7i bilet sat\u0131n al\u0131n\" \/>\n<meta property=\"og:description\" content=\"Powerball piyangosu ABD i\u00e7in biletlerinizi bug\u00fcn \u00e7evrimi\u00e7i al\u0131n.\" \/>\n<meta property=\"og:url\" content=\"https:\/\/gambling6.com\/tr\/powerball-piyangosu-icin-cevrimici-bilet-alin\/\" \/>\n<meta property=\"og:site_name\" content=\"Gambling6\" \/>\n<meta property=\"article:modified_time\" content=\"2025-11-15T08:51:41+00:00\" \/>\n<meta property=\"og:image\" content=\"https:\/\/gambling6.com\/wp-content\/uploads\/2022\/04\/2_ticket_powerball_au2-1.jpg\" \/>\n\t<meta property=\"og:image:width\" content=\"250\" \/>\n\t<meta property=\"og:image:height\" content=\"460\" \/>\n\t<meta property=\"og:image:type\" content=\"image\/jpeg\" \/>\n<meta name=\"twitter:card\" content=\"summary_large_image\" \/>\n<meta name=\"twitter:label1\" content=\"Tahmini okuma s\u00fcresi\" \/>\n\t<meta name=\"twitter:data1\" content=\"3 dakika\" \/>\n<script type=\"application\/ld+json\" class=\"yoast-schema-graph\">{\"@context\":\"https:\\\/\\\/schema.org\",\"@graph\":[{\"@type\":\"WebPage\",\"@id\":\"https:\\\/\\\/gambling6.com\\\/tr\\\/powerball-piyangosu-icin-cevrimici-bilet-alin\\\/\",\"url\":\"https:\\\/\\\/gambling6.com\\\/tr\\\/powerball-piyangosu-icin-cevrimici-bilet-alin\\\/\",\"name\":\"Powerball Piyangosu i\u00e7in \u00e7evrimi\u00e7i bilet sat\u0131n al\u0131n\",\"isPartOf\":{\"@id\":\"https:\\\/\\\/gambling6.com\\\/tr\\\/#website\"},\"primaryImageOfPage\":{\"@id\":\"https:\\\/\\\/gambling6.com\\\/tr\\\/powerball-piyangosu-icin-cevrimici-bilet-alin\\\/#primaryimage\"},\"image\":{\"@id\":\"https:\\\/\\\/gambling6.com\\\/tr\\\/powerball-piyangosu-icin-cevrimici-bilet-alin\\\/#primaryimage\"},\"thumbnailUrl\":\"https:\\\/\\\/gambling6.com\\\/wp-content\\\/uploads\\\/2022\\\/04\\\/2_ticket_powerball_au2-1-163x300.jpg\",\"datePublished\":\"2025-11-10T11:13:59+00:00\",\"dateModified\":\"2025-11-15T08:51:41+00:00\",\"description\":\"Powerball piyangosu ABD i\u00e7in biletlerinizi bug\u00fcn \u00e7evrimi\u00e7i al\u0131n.\",\"breadcrumb\":{\"@id\":\"https:\\\/\\\/gambling6.com\\\/tr\\\/powerball-piyangosu-icin-cevrimici-bilet-alin\\\/#breadcrumb\"},\"inLanguage\":\"tr\",\"potentialAction\":[{\"@type\":\"ReadAction\",\"target\":[\"https:\\\/\\\/gambling6.com\\\/tr\\\/powerball-piyangosu-icin-cevrimici-bilet-alin\\\/\"]}]},{\"@type\":\"ImageObject\",\"inLanguage\":\"tr\",\"@id\":\"https:\\\/\\\/gambling6.com\\\/tr\\\/powerball-piyangosu-icin-cevrimici-bilet-alin\\\/#primaryimage\",\"url\":\"https:\\\/\\\/gambling6.com\\\/wp-content\\\/uploads\\\/2022\\\/04\\\/2_ticket_powerball_au2-1-163x300.jpg\",\"contentUrl\":\"https:\\\/\\\/gambling6.com\\\/wp-content\\\/uploads\\\/2022\\\/04\\\/2_ticket_powerball_au2-1-163x300.jpg\"},{\"@type\":\"BreadcrumbList\",\"@id\":\"https:\\\/\\\/gambling6.com\\\/tr\\\/powerball-piyangosu-icin-cevrimici-bilet-alin\\\/#breadcrumb\",\"itemListElement\":[{\"@type\":\"ListItem\",\"position\":1,\"name\":\"Home\",\"item\":\"https:\\\/\\\/gambling6.com\\\/tr\\\/home\\\/\"},{\"@type\":\"ListItem\",\"position\":2,\"name\":\"Powerball Piyangosu i\u00e7in \u00c7evrimi\u00e7i Bilet Al\u0131n\"}]},{\"@type\":\"WebSite\",\"@id\":\"https:\\\/\\\/gambling6.com\\\/tr\\\/#website\",\"url\":\"https:\\\/\\\/gambling6.com\\\/tr\\\/\",\"name\":\"Gambling6\",\"description\":\"\",\"potentialAction\":[{\"@type\":\"SearchAction\",\"target\":{\"@type\":\"EntryPoint\",\"urlTemplate\":\"https:\\\/\\\/gambling6.com\\\/tr\\\/?s={search_term_string}\"},\"query-input\":{\"@type\":\"PropertyValueSpecification\",\"valueRequired\":true,\"valueName\":\"search_term_string\"}}],\"inLanguage\":\"tr\"}]}<\/script>\n<!-- \/ Yoast SEO plugin. -->","yoast_head_json":{"title":"Powerball Piyangosu i\u00e7in \u00e7evrimi\u00e7i bilet sat\u0131n al\u0131n","description":"Powerball piyangosu ABD i\u00e7in biletlerinizi bug\u00fcn \u00e7evrimi\u00e7i al\u0131n.","robots":{"index":"index","follow":"follow","max-snippet":"max-snippet:-1","max-image-preview":"max-image-preview:large","max-video-preview":"max-video-preview:-1"},"canonical":"https:\/\/gambling6.com\/tr\/powerball-piyangosu-icin-cevrimici-bilet-alin\/","og_locale":"tr_TR","og_type":"article","og_title":"Powerball Piyangosu i\u00e7in \u00e7evrimi\u00e7i bilet sat\u0131n al\u0131n","og_description":"Powerball piyangosu ABD i\u00e7in biletlerinizi bug\u00fcn \u00e7evrimi\u00e7i al\u0131n.","og_url":"https:\/\/gambling6.com\/tr\/powerball-piyangosu-icin-cevrimici-bilet-alin\/","og_site_name":"Gambling6","article_modified_time":"2025-11-15T08:51:41+00:00","og_image":[{"width":250,"height":460,"url":"https:\/\/gambling6.com\/wp-content\/uploads\/2022\/04\/2_ticket_powerball_au2-1.jpg","type":"image\/jpeg"}],"twitter_card":"summary_large_image","twitter_misc":{"Tahmini okuma s\u00fcresi":"3 dakika"},"schema":{"@context":"https:\/\/schema.org","@graph":[{"@type":"WebPage","@id":"https:\/\/gambling6.com\/tr\/powerball-piyangosu-icin-cevrimici-bilet-alin\/","url":"https:\/\/gambling6.com\/tr\/powerball-piyangosu-icin-cevrimici-bilet-alin\/","name":"Powerball Piyangosu i\u00e7in \u00e7evrimi\u00e7i bilet sat\u0131n al\u0131n","isPartOf":{"@id":"https:\/\/gambling6.com\/tr\/#website"},"primaryImageOfPage":{"@id":"https:\/\/gambling6.com\/tr\/powerball-piyangosu-icin-cevrimici-bilet-alin\/#primaryimage"},"image":{"@id":"https:\/\/gambling6.com\/tr\/powerball-piyangosu-icin-cevrimici-bilet-alin\/#primaryimage"},"thumbnailUrl":"https:\/\/gambling6.com\/wp-content\/uploads\/2022\/04\/2_ticket_powerball_au2-1-163x300.jpg","datePublished":"2025-11-10T11:13:59+00:00","dateModified":"2025-11-15T08:51:41+00:00","description":"Powerball piyangosu ABD i\u00e7in biletlerinizi bug\u00fcn \u00e7evrimi\u00e7i al\u0131n.","breadcrumb":{"@id":"https:\/\/gambling6.com\/tr\/powerball-piyangosu-icin-cevrimici-bilet-alin\/#breadcrumb"},"inLanguage":"tr","potentialAction":[{"@type":"ReadAction","target":["https:\/\/gambling6.com\/tr\/powerball-piyangosu-icin-cevrimici-bilet-alin\/"]}]},{"@type":"ImageObject","inLanguage":"tr","@id":"https:\/\/gambling6.com\/tr\/powerball-piyangosu-icin-cevrimici-bilet-alin\/#primaryimage","url":"https:\/\/gambling6.com\/wp-content\/uploads\/2022\/04\/2_ticket_powerball_au2-1-163x300.jpg","contentUrl":"https:\/\/gambling6.com\/wp-content\/uploads\/2022\/04\/2_ticket_powerball_au2-1-163x300.jpg"},{"@type":"BreadcrumbList","@id":"https:\/\/gambling6.com\/tr\/powerball-piyangosu-icin-cevrimici-bilet-alin\/#breadcrumb","itemListElement":[{"@type":"ListItem","position":1,"name":"Home","item":"https:\/\/gambling6.com\/tr\/home\/"},{"@type":"ListItem","position":2,"name":"Powerball Piyangosu i\u00e7in \u00c7evrimi\u00e7i Bilet Al\u0131n"}]},{"@type":"WebSite","@id":"https:\/\/gambling6.com\/tr\/#website","url":"https:\/\/gambling6.com\/tr\/","name":"Gambling6","description":"","potentialAction":[{"@type":"SearchAction","target":{"@type":"EntryPoint","urlTemplate":"https:\/\/gambling6.com\/tr\/?s={search_term_string}"},"query-input":{"@type":"PropertyValueSpecification","valueRequired":true,"valueName":"search_term_string"}}],"inLanguage":"tr"}]}},"_links":{"self":[{"href":"https:\/\/gambling6.com\/tr\/wp-json\/wp\/v2\/pages\/9191","targetHints":{"allow":["GET"]}}],"collection":[{"href":"https:\/\/gambling6.com\/tr\/wp-json\/wp\/v2\/pages"}],"about":[{"href":"https:\/\/gambling6.com\/tr\/wp-json\/wp\/v2\/types\/page"}],"author":[{"embeddable":true,"href":"https:\/\/gambling6.com\/tr\/wp-json\/wp\/v2\/users\/1"}],"replies":[{"embeddable":true,"href":"https:\/\/gambling6.com\/tr\/wp-json\/wp\/v2\/comments?post=9191"}],"version-history":[{"count":2,"href":"https:\/\/gambling6.com\/tr\/wp-json\/wp\/v2\/pages\/9191\/revisions"}],"predecessor-version":[{"id":10851,"href":"https:\/\/gambling6.com\/tr\/wp-json\/wp\/v2\/pages\/9191\/revisions\/10851"}],"wp:attachment":[{"href":"https:\/\/gambling6.com\/tr\/wp-json\/wp\/v2\/media?parent=9191"}],"curies":[{"name":"wp","href":"https:\/\/api.w.org\/{rel}","templated":true}]}}