{"id":9259,"date":"2025-11-10T12:44:02","date_gmt":"2025-11-10T12:44:02","guid":{"rendered":"https:\/\/gambling6.com\/spor-bahisleri\/"},"modified":"2025-11-12T10:44:57","modified_gmt":"2025-11-12T10:44:57","slug":"spor-bahisleri","status":"publish","type":"page","link":"https:\/\/gambling6.com\/tr\/spor-bahisleri\/","title":{"rendered":"Spor bahisleri"},"content":{"rendered":"<h2>Spor Bahislerinin Temelleri<\/h2>\n<p>Spor bahisleri, tan\u0131mlay\u0131c\u0131 kelimelerin bir araya getirilmesiyle ortaya \u00e7\u0131kan bir terim olup, profesyonel ve amat\u00f6r spor sonu\u00e7lar\u0131n\u0131 tahmin etme ve sonuca bahis koyma prati\u011fidir. <strong>Sportsbet, ki\u015finin spor bahislerine kat\u0131labilece\u011fi bir yeri tan\u0131mlamak i\u00e7in kullan\u0131lan bir terimdir.<\/strong> Genel olarak, ABD&#8217;de bu uygulama yasal de\u011fildir. Esasen, Amerika&#8217;daki elli eyaletten yaln\u0131zca d\u00f6rd\u00fcnde spor bahisleri ve spor bahislerinin %100 yasal oldu\u011fu bilinmektedir. Ard\u0131ndan internet geldi.<\/p>\n<h2>Milyonlarca ki\u015fi her g\u00fcn spor bahislerine kat\u0131l\u0131yor<\/h2>\n<p>Her g\u00fcn milyonlarca insan, bulabildikleri herhangi bir spora bahis oynamak i\u00e7in binlerce web sitesine ak\u0131n ediyor. Ancak, <strong>\u00e7evrimi\u00e7i spor bahislerine bu giri\u015f, bunun sadece spread&#8217;i bilmek ve kazanmak istedi\u011finiz tak\u0131ma bahis oynamaktan<\/strong> daha fazlas\u0131 oldu\u011funu g\u00f6sterecektir. Bir ma\u00e7a bahis oynamak, onu izlemenizi daha ilgi \u00e7ekici hale getirmekle kalmaz, ayn\u0131 zamanda do\u011fru yap\u0131l\u0131rsa spor bahisleri sanat\u0131 size b\u00fcy\u00fck miktarda para kazand\u0131rabilir. Spor bahislerinde deneyimi olmayan biri i\u00e7in bu yeni bir giri\u015fimse ve aksiyon ba\u015flad\u0131ktan sonra y\u00f6n\u00fcn\u00fcz\u00fc kaybetmek istemiyorsan\u0131z, spor bahislerinin temellerini ve prensiplerini bilmeniz gerekir.<\/p>\n<h2>\u00c7evrimi\u00e7i spor bahisleri terminolojisi<\/h2>\n<p>\u00d6ncelikle, spor bahislerinde kullan\u0131lan baz\u0131 terminolojilere a\u015fina olman\u0131z gerekir. &#8220;<a href=\"http:\/\/en.wikipedia.org\/wiki\/Handicapping\" target=\"_blank\" rel=\"noopener\">Handikap<\/a>&#8220;, tan\u0131taca\u011f\u0131m ilk terimdir; bir tak\u0131ma veya ki\u015fiye, rakibinin oyun seviyesiyle e\u015fit olma \u015fans\u0131n\u0131 art\u0131rmak i\u00e7in di\u011ferinin vuru\u015flar\u0131ndan, gollerinden, touchdown&#8217;lar\u0131ndan veya basit\u00e7e say\u0131lar\u0131ndan birini uzatarak di\u011ferine kar\u015f\u0131 avantaj sa\u011flamak anlam\u0131na gelir. Diyelim ki Michael Jordan ile bire bir basketbol oynayaca\u011f\u0131m ve ilk 21 say\u0131ya ula\u015fan kazanacak. 18 say\u0131l\u0131k bir avantaj elde edebilirim, bu da onun 18 say\u0131l\u0131k handikap\u0131 oldu\u011fu anlam\u0131na gelir. Kazanmak i\u00e7in onun 3 say\u0131 atmadan \u00f6nce 21 say\u0131 atmas\u0131 gerekir. Handikap veya &#8220;puan farklar\u0131&#8221; olarak da adland\u0131r\u0131labilecek bir\u00e7ok \u00f6rnek vard\u0131r. Bu prensibi anlamak, \u00e7evrimi\u00e7i spor bahislerinde iyi bahisleri anlaman\u0131n anahtarlar\u0131ndan biridir.<\/p>\n<h2>\u00c7evrimi\u00e7i spor bahis sitenizi tan\u0131y\u0131n<\/h2>\n<p><strong>\u0130ster \u00e7evrimi\u00e7i ister canl\u0131 olsun, spor bahisleri genellikle &#8220;spor bahis sitesi&#8221; ad\u0131 verilen bir yerde yap\u0131l\u0131r.<\/strong> &#8220;Bah\u00e7e&#8221;, bahis kabul eden bir kurulu\u015ftur ve Bahis\u00e7i, genellikle belirli bir kurulu\u015f i\u00e7in farklar\u0131 belirleyen ki\u015fidir. &#8220;E\u015fit para&#8221; (1:1 oranl\u0131 bahis) yerine &#8220;fark&#8221;\u0131 belirleme s\u00fcreci \u00e7ok karma\u015f\u0131k olabilir ve bir spor bahis sitesinden di\u011ferine farkl\u0131l\u0131k g\u00f6sterebilir.<\/p>\n<h2>Betonline Spor Bahisleri &#8211; ABD&#8217;li sporseverleri kabul ediyor<\/h2>\n<p>Spor bahislerine haz\u0131r oldu\u011funuzda, bahislerinizi oynayabilmek i\u00e7in sayg\u0131n bir online casino veya spor bahis sitesi bulman\u0131z gerekir.<a class=\"thirstylink\" title=\"Betonline casino en\" href=\"https:\/\/gambling6.com\/go\/betonline-casino-en\/\" target=\"_blank\" rel=\"nofollow noopener\"> Betonline spor bahislerine g\u00f6z atabilirsiniz<\/a>; inan\u0131lmaz g\u00fcvenlikleriyle tan\u0131nan tan\u0131nm\u0131\u015f bir online casinodur. Bir\u00e7ok farkl\u0131 para yat\u0131rma ve \u00e7ekme y\u00f6ntemi sunarlar ve ki\u015fisel ihtiya\u00e7lar\u0131n\u0131za uygun bir \u00e7\u00f6z\u00fcm bulabilirsiniz.<\/p>\n<p>Bir di\u011fer harika alternatif ise 888 Casino&#8217;dur &#8211; spor bahisleri b\u00f6l\u00fcm\u00fc piyasadaki en iyilerden biridir. Bunun yan\u0131 s\u0131ra, harika bir poker odas\u0131, en iyi casino oyunlar\u0131 ve hatta Bingo ve kaz\u0131 kazan kartlar\u0131 gibi se\u00e7enekler de sunarlar.<\/p>\n<p>888&#8217;in tek dezavantaj\u0131, Amerika Birle\u015fik Devletleri&#8217;nden m\u00fc\u015fteri kabul etmemeleridir. Ancak ba\u015fka bir \u00fclkede ikamet ediyorsan\u0131z, <a class=\"thirstylink\" title=\"888 casino en\" href=\"https:\/\/gambling6.com\/go\/888-casino-en\/\" target=\"_blank\" rel=\"nofollow noopener\">888 Casino web sitesini mutlaka ziyaret etmelisiniz &#8211; sadece bu ba\u011flant\u0131y\u0131 takip edin.<\/a><\/p>\n<p>Sular\u0131 test edin, ancak \u00e7evrimi\u00e7i spor bahisleri hakk\u0131nda \u00f6\u011frenece\u011finiz \u00e7ok \u015fey var. Oranlar ve belirli etkinliklerin sonu\u00e7lar\u0131na katk\u0131da bulunan fakt\u00f6rler hakk\u0131nda bilgi edinebilmeniz i\u00e7in bu siteyi g\u00fcncellemeye devam edece\u011fiz. <strong>Spor bahisleri konusunda uzman olmak istiyorsan\u0131z<\/strong>, do\u011fru yerdesiniz. Arkan\u0131za yaslan\u0131n, rahatlay\u0131n ve \u00e7evrimi\u00e7i spor bahislerinin keyfini \u00e7\u0131karmay\u0131 d\u00f6rt g\u00f6zle bekleyin.<\/p>\n","protected":false},"excerpt":{"rendered":"<p>Spor Bahislerinin Temelleri Spor bahisleri, tan\u0131mlay\u0131c\u0131 kelimelerin bir araya getirilmesiyle ortaya \u00e7\u0131kan bir terim olup, profesyonel ve amat\u00f6r spor sonu\u00e7lar\u0131n\u0131 tahmin etme ve sonuca bahis koyma prati\u011fidir. Sportsbet, ki\u015finin spor bahislerine kat\u0131labilece\u011fi bir yeri tan\u0131mlamak i\u00e7in kullan\u0131lan bir terimdir. Genel olarak, ABD&#8217;de bu uygulama yasal de\u011fildir. Esasen, Amerika&#8217;daki elli eyaletten yaln\u0131zca d\u00f6rd\u00fcnde spor bahisleri ve [&hellip;]<\/p>\n","protected":false},"author":1,"featured_media":0,"parent":0,"menu_order":4,"comment_status":"closed","ping_status":"closed","template":"","meta":{"footnotes":""},"class_list":["post-9259","page","type-page","status-publish","hentry"],"yoast_head":"<!-- This site is optimized with the Yoast SEO plugin v27.3 - https:\/\/yoast.com\/product\/yoast-seo-wordpress\/ -->\n<title>\u00c7evrimi\u00e7i spor bahislerine giri\u015f<\/title>\n<meta name=\"description\" content=\"tan\u0131t\u0131ld\u0131, giri\u015f, terminoloji, \u00e7evrimi\u00e7i, spor bahisleri\" \/>\n<meta name=\"robots\" content=\"index, follow, max-snippet:-1, max-image-preview:large, max-video-preview:-1\" \/>\n<link rel=\"canonical\" href=\"https:\/\/gambling6.com\/tr\/spor-bahisleri\/\" \/>\n<meta property=\"og:locale\" content=\"tr_TR\" \/>\n<meta property=\"og:type\" content=\"article\" \/>\n<meta property=\"og:title\" content=\"\u00c7evrimi\u00e7i spor bahislerine giri\u015f\" \/>\n<meta property=\"og:description\" content=\"tan\u0131t\u0131ld\u0131, giri\u015f, terminoloji, \u00e7evrimi\u00e7i, spor bahisleri\" \/>\n<meta property=\"og:url\" content=\"https:\/\/gambling6.com\/tr\/spor-bahisleri\/\" \/>\n<meta property=\"og:site_name\" content=\"Gambling6\" \/>\n<meta property=\"article:modified_time\" content=\"2025-11-12T10:44:57+00:00\" \/>\n<meta name=\"twitter:card\" content=\"summary_large_image\" \/>\n<meta name=\"twitter:label1\" content=\"Tahmini okuma s\u00fcresi\" \/>\n\t<meta name=\"twitter:data1\" content=\"3 dakika\" \/>\n<script type=\"application\/ld+json\" class=\"yoast-schema-graph\">{\"@context\":\"https:\\\/\\\/schema.org\",\"@graph\":[{\"@type\":\"WebPage\",\"@id\":\"https:\\\/\\\/gambling6.com\\\/tr\\\/spor-bahisleri\\\/\",\"url\":\"https:\\\/\\\/gambling6.com\\\/tr\\\/spor-bahisleri\\\/\",\"name\":\"\u00c7evrimi\u00e7i spor bahislerine giri\u015f\",\"isPartOf\":{\"@id\":\"https:\\\/\\\/gambling6.com\\\/tr\\\/#website\"},\"datePublished\":\"2025-11-10T12:44:02+00:00\",\"dateModified\":\"2025-11-12T10:44:57+00:00\",\"description\":\"tan\u0131t\u0131ld\u0131, giri\u015f, terminoloji, \u00e7evrimi\u00e7i, spor bahisleri\",\"breadcrumb\":{\"@id\":\"https:\\\/\\\/gambling6.com\\\/tr\\\/spor-bahisleri\\\/#breadcrumb\"},\"inLanguage\":\"tr\",\"potentialAction\":[{\"@type\":\"ReadAction\",\"target\":[\"https:\\\/\\\/gambling6.com\\\/tr\\\/spor-bahisleri\\\/\"]}]},{\"@type\":\"BreadcrumbList\",\"@id\":\"https:\\\/\\\/gambling6.com\\\/tr\\\/spor-bahisleri\\\/#breadcrumb\",\"itemListElement\":[{\"@type\":\"ListItem\",\"position\":1,\"name\":\"Home\",\"item\":\"https:\\\/\\\/gambling6.com\\\/tr\\\/home\\\/\"},{\"@type\":\"ListItem\",\"position\":2,\"name\":\"Spor bahisleri\"}]},{\"@type\":\"WebSite\",\"@id\":\"https:\\\/\\\/gambling6.com\\\/tr\\\/#website\",\"url\":\"https:\\\/\\\/gambling6.com\\\/tr\\\/\",\"name\":\"Gambling6\",\"description\":\"\",\"potentialAction\":[{\"@type\":\"SearchAction\",\"target\":{\"@type\":\"EntryPoint\",\"urlTemplate\":\"https:\\\/\\\/gambling6.com\\\/tr\\\/?s={search_term_string}\"},\"query-input\":{\"@type\":\"PropertyValueSpecification\",\"valueRequired\":true,\"valueName\":\"search_term_string\"}}],\"inLanguage\":\"tr\"}]}<\/script>\n<!-- \/ Yoast SEO plugin. -->","yoast_head_json":{"title":"\u00c7evrimi\u00e7i spor bahislerine giri\u015f","description":"tan\u0131t\u0131ld\u0131, giri\u015f, terminoloji, \u00e7evrimi\u00e7i, spor bahisleri","robots":{"index":"index","follow":"follow","max-snippet":"max-snippet:-1","max-image-preview":"max-image-preview:large","max-video-preview":"max-video-preview:-1"},"canonical":"https:\/\/gambling6.com\/tr\/spor-bahisleri\/","og_locale":"tr_TR","og_type":"article","og_title":"\u00c7evrimi\u00e7i spor bahislerine giri\u015f","og_description":"tan\u0131t\u0131ld\u0131, giri\u015f, terminoloji, \u00e7evrimi\u00e7i, spor bahisleri","og_url":"https:\/\/gambling6.com\/tr\/spor-bahisleri\/","og_site_name":"Gambling6","article_modified_time":"2025-11-12T10:44:57+00:00","twitter_card":"summary_large_image","twitter_misc":{"Tahmini okuma s\u00fcresi":"3 dakika"},"schema":{"@context":"https:\/\/schema.org","@graph":[{"@type":"WebPage","@id":"https:\/\/gambling6.com\/tr\/spor-bahisleri\/","url":"https:\/\/gambling6.com\/tr\/spor-bahisleri\/","name":"\u00c7evrimi\u00e7i spor bahislerine giri\u015f","isPartOf":{"@id":"https:\/\/gambling6.com\/tr\/#website"},"datePublished":"2025-11-10T12:44:02+00:00","dateModified":"2025-11-12T10:44:57+00:00","description":"tan\u0131t\u0131ld\u0131, giri\u015f, terminoloji, \u00e7evrimi\u00e7i, spor bahisleri","breadcrumb":{"@id":"https:\/\/gambling6.com\/tr\/spor-bahisleri\/#breadcrumb"},"inLanguage":"tr","potentialAction":[{"@type":"ReadAction","target":["https:\/\/gambling6.com\/tr\/spor-bahisleri\/"]}]},{"@type":"BreadcrumbList","@id":"https:\/\/gambling6.com\/tr\/spor-bahisleri\/#breadcrumb","itemListElement":[{"@type":"ListItem","position":1,"name":"Home","item":"https:\/\/gambling6.com\/tr\/home\/"},{"@type":"ListItem","position":2,"name":"Spor bahisleri"}]},{"@type":"WebSite","@id":"https:\/\/gambling6.com\/tr\/#website","url":"https:\/\/gambling6.com\/tr\/","name":"Gambling6","description":"","potentialAction":[{"@type":"SearchAction","target":{"@type":"EntryPoint","urlTemplate":"https:\/\/gambling6.com\/tr\/?s={search_term_string}"},"query-input":{"@type":"PropertyValueSpecification","valueRequired":true,"valueName":"search_term_string"}}],"inLanguage":"tr"}]}},"_links":{"self":[{"href":"https:\/\/gambling6.com\/tr\/wp-json\/wp\/v2\/pages\/9259","targetHints":{"allow":["GET"]}}],"collection":[{"href":"https:\/\/gambling6.com\/tr\/wp-json\/wp\/v2\/pages"}],"about":[{"href":"https:\/\/gambling6.com\/tr\/wp-json\/wp\/v2\/types\/page"}],"author":[{"embeddable":true,"href":"https:\/\/gambling6.com\/tr\/wp-json\/wp\/v2\/users\/1"}],"replies":[{"embeddable":true,"href":"https:\/\/gambling6.com\/tr\/wp-json\/wp\/v2\/comments?post=9259"}],"version-history":[{"count":1,"href":"https:\/\/gambling6.com\/tr\/wp-json\/wp\/v2\/pages\/9259\/revisions"}],"predecessor-version":[{"id":10542,"href":"https:\/\/gambling6.com\/tr\/wp-json\/wp\/v2\/pages\/9259\/revisions\/10542"}],"wp:attachment":[{"href":"https:\/\/gambling6.com\/tr\/wp-json\/wp\/v2\/media?parent=9259"}],"curies":[{"name":"wp","href":"https:\/\/api.w.org\/{rel}","templated":true}]}}