{"id":9327,"date":"2025-11-10T20:20:42","date_gmt":"2025-11-10T20:20:42","guid":{"rendered":"https:\/\/gambling6.com\/piyango\/"},"modified":"2025-11-15T11:44:36","modified_gmt":"2025-11-15T11:44:36","slug":"piyango","status":"publish","type":"page","link":"https:\/\/gambling6.com\/tr\/piyango\/","title":{"rendered":"Piyango"},"content":{"rendered":"<h2>Loto Uluslararas\u0131 ve \u00c7evrimi\u00e7i Hale Geliyor.<\/h2>\n<p>Harika bir e\u011flence bi\u00e7imi olarak kabul edilse de, uluslararas\u0131 piyango bileti sat\u0131n almak da b\u00fcy\u00fck bir i\u015f haline geldi. Genel olarak kumar, k\u0131smen pokerin medyada g\u00f6rd\u00fc\u011f\u00fc m\u00fckemmel ilgi sayesinde patlama ya\u015fad\u0131 ve ek ba\u015far\u0131 internete atfedildi. <strong>Uluslararas\u0131 piyangolarda oynamak ve biletleri \u00e7evrimi\u00e7i sat\u0131n almak, ikramiye b\u00fcy\u00fcmesini h\u0131zland\u0131rd\u0131<\/strong> ve bir\u00e7ok ki\u015fi art\u0131k RedFoxLotto oynamay\u0131 gelir planlar\u0131n\u0131n bir par\u00e7as\u0131 haline getiriyor.<\/p>\n<h2>\u0130nternet, piyango bileti sat\u0131n almay\u0131 kolayla\u015ft\u0131r\u0131yor.<\/h2>\n<p>\u0130nternet hayat\u0131m\u0131z\u0131 bir\u00e7ok y\u00f6nden de\u011fi\u015ftirdi; d\u00fcnyay\u0131 kesinlikle \u00e7ok daha k\u00fc\u00e7\u00fck bir yer haline getirdi. D\u00fcnya \u00e7ap\u0131nda bir\u00e7ok \u00fclkede her g\u00fcn y\u00fczlerce piyango oynan\u0131yor. Daha b\u00fcy\u00fck ikramiyeli olanlar da dahil olmak \u00fczere \u00e7o\u011fu ulusal \u00e7ekili\u015f, uluslararas\u0131 piyango bileti sat\u0131n alan ki\u015filere sunuldu. <strong>Amerika Birle\u015fik Devletleri&#8217;ndeki Mega Millions ve hem ABD hem de Avustralya&#8217;daki Powerball gibi b\u00fcy\u00fck d\u00fcnya \u00e7ap\u0131ndaki piyangolar, i\u015f orta\u011f\u0131m\u0131z RedFoxLotto arac\u0131l\u0131\u011f\u0131yla \u00e7evrimi\u00e7i bilet sat\u0131n al\u0131m\u0131na olanak tan\u0131r.<\/strong><img loading=\"lazy\" decoding=\"async\" class=\" alignright size-full wp-image-437\" style=\"margin: 10px; border: 5px none #ffffff; float: right;\" src=\"http:\/\/gambling6.com\/wp-content\/uploads\/2013\/12\/International-Community-150x150.jpg\" alt=\"Uluslararas\u0131 piyangolar \u00e7evrimi\u00e7i\" width=\"150\" height=\"150\" \/><\/p>\n<h2>7\/24 Piyango Bileti Sat\u0131n Al\u0131n<\/h2>\n<p>G\u00fcn\u00fcm\u00fcz teknolojik d\u00fcnyas\u0131nda, bir\u00e7ok uluslararas\u0131 piyango i\u00e7in haftan\u0131n 365 g\u00fcn\u00fc, g\u00fcn\u00fcn 24 saati bilet sat\u0131n alabiliyoruz. \u0130nternet sayesinde bu biletleri piyango bayilerine gitmeden veya s\u0131ra beklemeden sat\u0131n alabiliyoruz. Numaralar\u0131n\u0131z\u0131 se\u00e7mek i\u00e7in zaman ay\u0131rabilir ve bunu yapmak i\u00e7in size sunulan farkl\u0131 ara\u00e7lar\u0131 kullanabiliriz. Uluslararas\u0131 piyangolar\u0131 oynaman\u0131n kolayl\u0131\u011f\u0131, ikramiyeleri ve \u00e7ok a\u015famal\u0131 \u00f6d\u00fclleri rekor seviyelere \u00e7\u0131kard\u0131. \u00d6d\u00fcl seviyeleri, bir\u00e7ok ki\u015fiyi RedFoxLotto&#8217;yu \u00e7evrimi\u00e7i oynayarak bir i\u015f kurmaya y\u00f6neltti.<\/p>\n<h2>\u00c7evrimi\u00e7i piyango bileti sat\u0131n almak g\u00fcvenlidir.<\/h2>\n<p>Orta\u011f\u0131m\u0131z RedFoxLotto ile uluslararas\u0131 piyangolar i\u00e7in bilet sat\u0131n almak g\u00fcvenli ve kolayd\u0131r. \u0130lk olarak bir hesap a\u00e7man\u0131z gerekecektir. Hesab\u0131n\u0131z\u0131 a\u00e7arken sizden ki\u015fisel bilgilerinizi vermeniz istenecektir. B\u00fcy\u00fck ikramiyeyi kazand\u0131\u011f\u0131n\u0131zda kimli\u011finizi do\u011frulayabilmek i\u00e7in hesab\u0131n\u0131za g\u00fcncel ve do\u011fru bilgiler girdi\u011finizden emin olun. Girdi\u011finiz ve g\u00f6nderdi\u011finiz bilgiler 256 bit \u015fifreleme ile korunur ve g\u00fcvenli bar\u0131nd\u0131rma hizmeti, bilgilerin gizli tutulmas\u0131n\u0131 ve yaln\u0131zca web sitesinde belirtilen ama\u00e7lar i\u00e7in kullan\u0131lmas\u0131n\u0131 sa\u011flar.<\/p>\n<h2>RedFoxLotto&#8217;yu kazanmak i\u00e7in \u00e7evrimi\u00e7i bankac\u0131l\u0131k y\u00f6ntemleri<\/h2>\n<p>Bilet sat\u0131n almak i\u00e7in Visa, MasterCard ve Visa banka kart\u0131 gibi kartlar\u0131 kullanabilirsiniz. Banka havaleleri ve kripto para \u00f6demeleri gibi \u00e7e\u015fitli \u00f6deme y\u00f6ntemleri mevcuttur. Ancak \u00f6nemli bir kazan\u00e7 elde ederseniz, kazanc\u0131n\u0131z\u0131n hesab\u0131n\u0131za aktar\u0131labilmesi i\u00e7in bir banka hesab\u0131 sa\u011flaman\u0131z gerekecektir. G\u00fcvenli ortam, uluslararas\u0131 piyangolarda oynamak ve kazan\u00e7lar\u0131n\u0131z\u0131 almak i\u00e7in m\u00fckemmel bir se\u00e7imdir.<\/p>\n<h2>\u00c7evrimi\u00e7i piyango bileti sat\u0131n alman\u0131n avantajlar\u0131 vard\u0131r.<\/h2>\n<p>\u00c7evrimi\u00e7i piyango bileti sat\u0131n alman\u0131n bir di\u011fer avantaj\u0131 da, \u00e7o\u011fu b\u00fcy\u00fck uluslararas\u0131 \u00e7ekili\u015fin say\u0131lar\u0131n\u0131 analiz etmenize yard\u0131mc\u0131 olacak bir\u00e7ok arac\u0131n mevcut olmas\u0131d\u0131r. \u00c7evrimi\u00e7i piyango ara\u00e7lar\u0131, d\u00fcnya \u00e7ap\u0131ndaki piyangolar\u0131n en s\u0131k g\u00f6r\u00fclen, en az g\u00f6r\u00fclen ve \u00e7ekili\u015f ge\u00e7mi\u015fini g\u00f6r\u00fcnt\u00fclemenizi sa\u011flar. Bu bilgiler, bilet sat\u0131n al\u0131rken size avantaj sa\u011flar ve banka hesab\u0131n\u0131z\u0131 \u00e7ok kademeli kazan\u00e7larla g\u00fc\u00e7lendirebilir.<\/p>\n<p>RedFoxLotto oynamak e\u011flenceli ve kazan\u00e7l\u0131 olabilir. Bug\u00fcn uluslararas\u0131 piyangolarda oynamaya ba\u015flay\u0131n. <a class=\"thirstylink\" title=\"Redfoxlotto\" href=\"https:\/\/gambling6.com\/go\/redfoxlotto\/\" target=\"_blank\" rel=\"nofollow noopener\">Uluslararas\u0131 piyango biletlerinizi \u00e7evrimi\u00e7i sat\u0131n almak i\u00e7in i\u015f orta\u011f\u0131m\u0131z RedFoxLotto&#8217;yu ziyaret edin.<\/a><\/p>\n<h2>Uluslararas\u0131 bir piyangoda oynamak i\u00e7in ikametgah sahibi olman\u0131z gerekiyor mu?<\/h2>\n<p>Basit cevap: hay\u0131r, gerekmiyor! \u0130nternette veya gazetenizde milyonlarca dolarl\u0131k ikramiye kazanan ki\u015filerle ilgili makaleler okuduysan\u0131z, &#8220;Neden bu piyangolardan birini deneyemiyorum?&#8221; diye d\u00fc\u015f\u00fcnm\u00fc\u015f olabilirsiniz. Art\u0131k b\u00fcy\u00fck ikramiye \u00e7ekili\u015finin yap\u0131ld\u0131\u011f\u0131 \u00fclkede ikamet etmemeniz sorun de\u011fil.<\/p>\n<p>D\u00fcnyan\u0131n her yerinden herkesin \u00e7evrimi\u00e7i olarak eri\u015febildi\u011fi bu biletler sayesinde, kazanmak istedi\u011finiz herhangi bir piyango b\u00fcy\u00fck ikramiyesi i\u00e7in \u00e7evrimi\u00e7i bir piyango bileti sat\u0131n alabilirsiniz. Bu web sitesi, piyasadaki en \u00f6nemli uluslararas\u0131 ikramiyeler i\u00e7in \u00e7evrimi\u00e7i bir piyango bileti sat\u0131n alman\u0131za yard\u0131mc\u0131 olur. Ve i\u015flem \u00e7ok basit. Yukar\u0131daki ba\u011flant\u0131ya t\u0131klay\u0131n ve bir piyango se\u00e7in. Favori numaralar\u0131n\u0131z\u0131 kendiniz se\u00e7ebilece\u011finiz veya bilgisayar\u0131n sizin i\u00e7in rastgele numaralar se\u00e7mesine izin verebilece\u011finiz bir sayfaya y\u00f6nlendirileceksiniz.<\/p>\n<p>Ard\u0131ndan, size en uygun \u00f6deme se\u00e7ene\u011fiyle \u00e7evrimi\u00e7i \u00f6deme yap\u0131n. Bu \u00f6deme y\u00f6ntemleri aras\u0131nda Skrill gibi pop\u00fcler ve g\u00fcvenli e-c\u00fczdan \u00e7\u00f6z\u00fcmleri ve hatta kripto para birimi bulunur. Elbette, en pop\u00fcler se\u00e7ene\u011fi de se\u00e7ebilirsiniz: kredi kart\u0131yla \u00f6deme.<\/p>\n<p><strong>Sonra ne olacak? \u00c7evrimi\u00e7i piyango biletimi nas\u0131l alabilirim?<\/strong> Bir kurye hizmeti gibi \u00e7al\u0131\u015f\u0131r; \u00e7evrimi\u00e7i piyango biletinizAd\u0131n\u0131za sat\u0131n al\u0131n\u0131p taran\u0131p hesab\u0131n\u0131za y\u00fcklenecektir.<\/p>\n<p>Tek yapman\u0131z gereken arkan\u0131za yaslan\u0131p \u00e7ekili\u015fi beklemek, numaralar\u0131n\u0131z\u0131 kontrol etmek ve ne kadar kazand\u0131\u011f\u0131n\u0131z\u0131 g\u00f6rmek. 2.000 \u20ac&#8217;nun alt\u0131nda bir miktar kazan\u0131rsan\u0131z, para m\u00fc\u015fteri hesab\u0131n\u0131za yat\u0131r\u0131lacakt\u0131r. Daha y\u00fcksek miktarlar i\u00e7in, RedFoxLotto kurallar\u0131 gere\u011fi web sitesinde bulunan bir talep formunu doldurman\u0131z gerekmektedir. Form sizin ad\u0131n\u0131za ilgili piyango komisyonuna iletilir ve siz fark\u0131na varmadan posta yoluyla size bir \u00e7ek g\u00f6nderilir! <a class=\"thirstylink\" title=\"Redfoxlotto\" href=\"https:\/\/gambling6.com\/go\/redfoxlotto\/\" target=\"_blank\" rel=\"nofollow noopener\">RedFoxLotto&#8217;dan bug\u00fcn piyango bileti sat\u0131n al\u0131n!<\/a><\/p>\n<p>&nbsp;<\/p>\n","protected":false},"excerpt":{"rendered":"<p>Loto Uluslararas\u0131 ve \u00c7evrimi\u00e7i Hale Geliyor. Harika bir e\u011flence bi\u00e7imi olarak kabul edilse de, uluslararas\u0131 piyango bileti sat\u0131n almak da b\u00fcy\u00fck bir i\u015f haline geldi. Genel olarak kumar, k\u0131smen pokerin medyada g\u00f6rd\u00fc\u011f\u00fc m\u00fckemmel ilgi sayesinde patlama ya\u015fad\u0131 ve ek ba\u015far\u0131 internete atfedildi. Uluslararas\u0131 piyangolarda oynamak ve biletleri \u00e7evrimi\u00e7i sat\u0131n almak, ikramiye b\u00fcy\u00fcmesini h\u0131zland\u0131rd\u0131 ve bir\u00e7ok [&hellip;]<\/p>\n","protected":false},"author":1,"featured_media":9296,"parent":0,"menu_order":8,"comment_status":"closed","ping_status":"closed","template":"","meta":{"footnotes":""},"class_list":["post-9327","page","type-page","status-publish","has-post-thumbnail","hentry"],"yoast_head":"<!-- This site is optimized with the Yoast SEO plugin v27.6 - https:\/\/yoast.com\/product\/yoast-seo-wordpress\/ -->\n<title>Uluslararas\u0131 Loto Biletlerini \u00e7evrimi\u00e7i sat\u0131n alma<\/title>\n<meta name=\"description\" content=\"Uluslararas\u0131 piyangolar i\u00e7in online bilet sat\u0131n almak kolayd\u0131r. Nerede ya\u015f\u0131yor olursan\u0131z olun, d\u00fcnyan\u0131n en iyi piyangolar\u0131ndan herhangi birine kat\u0131l\u0131n.\" \/>\n<meta name=\"robots\" content=\"index, follow, max-snippet:-1, max-image-preview:large, max-video-preview:-1\" \/>\n<link rel=\"canonical\" href=\"https:\/\/gambling6.com\/tr\/piyango\/\" \/>\n<meta property=\"og:locale\" content=\"tr_TR\" \/>\n<meta property=\"og:type\" content=\"article\" \/>\n<meta property=\"og:title\" content=\"Uluslararas\u0131 Loto Biletlerini \u00e7evrimi\u00e7i sat\u0131n alma\" \/>\n<meta property=\"og:description\" content=\"Uluslararas\u0131 piyangolar i\u00e7in online bilet sat\u0131n almak kolayd\u0131r. Nerede ya\u015f\u0131yor olursan\u0131z olun, d\u00fcnyan\u0131n en iyi piyangolar\u0131ndan herhangi birine kat\u0131l\u0131n.\" \/>\n<meta property=\"og:url\" content=\"https:\/\/gambling6.com\/tr\/piyango\/\" \/>\n<meta property=\"og:site_name\" content=\"Gambling6\" \/>\n<meta property=\"article:modified_time\" content=\"2025-11-15T11:44:36+00:00\" \/>\n<meta property=\"og:image\" content=\"https:\/\/gambling6.com\/wp-content\/uploads\/2013\/12\/International-Community-150x150.jpg\" \/>\n\t<meta property=\"og:image:width\" content=\"150\" \/>\n\t<meta property=\"og:image:height\" content=\"150\" \/>\n\t<meta property=\"og:image:type\" content=\"image\/jpeg\" \/>\n<meta name=\"twitter:card\" content=\"summary_large_image\" \/>\n<meta name=\"twitter:label1\" content=\"Tahmini okuma s\u00fcresi\" \/>\n\t<meta name=\"twitter:data1\" content=\"5 dakika\" \/>\n<script type=\"application\/ld+json\" class=\"yoast-schema-graph\">{\"@context\":\"https:\\\/\\\/schema.org\",\"@graph\":[{\"@type\":\"WebPage\",\"@id\":\"https:\\\/\\\/gambling6.com\\\/tr\\\/piyango\\\/\",\"url\":\"https:\\\/\\\/gambling6.com\\\/tr\\\/piyango\\\/\",\"name\":\"Uluslararas\u0131 Loto Biletlerini \u00e7evrimi\u00e7i sat\u0131n alma\",\"isPartOf\":{\"@id\":\"https:\\\/\\\/gambling6.com\\\/tr\\\/#website\"},\"primaryImageOfPage\":{\"@id\":\"https:\\\/\\\/gambling6.com\\\/tr\\\/piyango\\\/#primaryimage\"},\"image\":{\"@id\":\"https:\\\/\\\/gambling6.com\\\/tr\\\/piyango\\\/#primaryimage\"},\"thumbnailUrl\":\"https:\\\/\\\/gambling6.com\\\/wp-content\\\/uploads\\\/2013\\\/12\\\/International-Community-150x150.jpg\",\"datePublished\":\"2025-11-10T20:20:42+00:00\",\"dateModified\":\"2025-11-15T11:44:36+00:00\",\"description\":\"Uluslararas\u0131 piyangolar i\u00e7in online bilet sat\u0131n almak kolayd\u0131r. Nerede ya\u015f\u0131yor olursan\u0131z olun, d\u00fcnyan\u0131n en iyi piyangolar\u0131ndan herhangi birine kat\u0131l\u0131n.\",\"breadcrumb\":{\"@id\":\"https:\\\/\\\/gambling6.com\\\/tr\\\/piyango\\\/#breadcrumb\"},\"inLanguage\":\"tr\",\"potentialAction\":[{\"@type\":\"ReadAction\",\"target\":[\"https:\\\/\\\/gambling6.com\\\/tr\\\/piyango\\\/\"]}]},{\"@type\":\"ImageObject\",\"inLanguage\":\"tr\",\"@id\":\"https:\\\/\\\/gambling6.com\\\/tr\\\/piyango\\\/#primaryimage\",\"url\":\"https:\\\/\\\/gambling6.com\\\/wp-content\\\/uploads\\\/2013\\\/12\\\/International-Community-150x150.jpg\",\"contentUrl\":\"https:\\\/\\\/gambling6.com\\\/wp-content\\\/uploads\\\/2013\\\/12\\\/International-Community-150x150.jpg\",\"width\":150,\"height\":150},{\"@type\":\"BreadcrumbList\",\"@id\":\"https:\\\/\\\/gambling6.com\\\/tr\\\/piyango\\\/#breadcrumb\",\"itemListElement\":[{\"@type\":\"ListItem\",\"position\":1,\"name\":\"Home\",\"item\":\"https:\\\/\\\/gambling6.com\\\/tr\\\/home\\\/\"},{\"@type\":\"ListItem\",\"position\":2,\"name\":\"Piyango\"}]},{\"@type\":\"WebSite\",\"@id\":\"https:\\\/\\\/gambling6.com\\\/tr\\\/#website\",\"url\":\"https:\\\/\\\/gambling6.com\\\/tr\\\/\",\"name\":\"Gambling6\",\"description\":\"\",\"potentialAction\":[{\"@type\":\"SearchAction\",\"target\":{\"@type\":\"EntryPoint\",\"urlTemplate\":\"https:\\\/\\\/gambling6.com\\\/tr\\\/?s={search_term_string}\"},\"query-input\":{\"@type\":\"PropertyValueSpecification\",\"valueRequired\":true,\"valueName\":\"search_term_string\"}}],\"inLanguage\":\"tr\"}]}<\/script>\n<!-- \/ Yoast SEO plugin. -->","yoast_head_json":{"title":"Uluslararas\u0131 Loto Biletlerini \u00e7evrimi\u00e7i sat\u0131n alma","description":"Uluslararas\u0131 piyangolar i\u00e7in online bilet sat\u0131n almak kolayd\u0131r. Nerede ya\u015f\u0131yor olursan\u0131z olun, d\u00fcnyan\u0131n en iyi piyangolar\u0131ndan herhangi birine kat\u0131l\u0131n.","robots":{"index":"index","follow":"follow","max-snippet":"max-snippet:-1","max-image-preview":"max-image-preview:large","max-video-preview":"max-video-preview:-1"},"canonical":"https:\/\/gambling6.com\/tr\/piyango\/","og_locale":"tr_TR","og_type":"article","og_title":"Uluslararas\u0131 Loto Biletlerini \u00e7evrimi\u00e7i sat\u0131n alma","og_description":"Uluslararas\u0131 piyangolar i\u00e7in online bilet sat\u0131n almak kolayd\u0131r. Nerede ya\u015f\u0131yor olursan\u0131z olun, d\u00fcnyan\u0131n en iyi piyangolar\u0131ndan herhangi birine kat\u0131l\u0131n.","og_url":"https:\/\/gambling6.com\/tr\/piyango\/","og_site_name":"Gambling6","article_modified_time":"2025-11-15T11:44:36+00:00","og_image":[{"width":150,"height":150,"url":"https:\/\/gambling6.com\/wp-content\/uploads\/2013\/12\/International-Community-150x150.jpg","type":"image\/jpeg"}],"twitter_card":"summary_large_image","twitter_misc":{"Tahmini okuma s\u00fcresi":"5 dakika"},"schema":{"@context":"https:\/\/schema.org","@graph":[{"@type":"WebPage","@id":"https:\/\/gambling6.com\/tr\/piyango\/","url":"https:\/\/gambling6.com\/tr\/piyango\/","name":"Uluslararas\u0131 Loto Biletlerini \u00e7evrimi\u00e7i sat\u0131n alma","isPartOf":{"@id":"https:\/\/gambling6.com\/tr\/#website"},"primaryImageOfPage":{"@id":"https:\/\/gambling6.com\/tr\/piyango\/#primaryimage"},"image":{"@id":"https:\/\/gambling6.com\/tr\/piyango\/#primaryimage"},"thumbnailUrl":"https:\/\/gambling6.com\/wp-content\/uploads\/2013\/12\/International-Community-150x150.jpg","datePublished":"2025-11-10T20:20:42+00:00","dateModified":"2025-11-15T11:44:36+00:00","description":"Uluslararas\u0131 piyangolar i\u00e7in online bilet sat\u0131n almak kolayd\u0131r. Nerede ya\u015f\u0131yor olursan\u0131z olun, d\u00fcnyan\u0131n en iyi piyangolar\u0131ndan herhangi birine kat\u0131l\u0131n.","breadcrumb":{"@id":"https:\/\/gambling6.com\/tr\/piyango\/#breadcrumb"},"inLanguage":"tr","potentialAction":[{"@type":"ReadAction","target":["https:\/\/gambling6.com\/tr\/piyango\/"]}]},{"@type":"ImageObject","inLanguage":"tr","@id":"https:\/\/gambling6.com\/tr\/piyango\/#primaryimage","url":"https:\/\/gambling6.com\/wp-content\/uploads\/2013\/12\/International-Community-150x150.jpg","contentUrl":"https:\/\/gambling6.com\/wp-content\/uploads\/2013\/12\/International-Community-150x150.jpg","width":150,"height":150},{"@type":"BreadcrumbList","@id":"https:\/\/gambling6.com\/tr\/piyango\/#breadcrumb","itemListElement":[{"@type":"ListItem","position":1,"name":"Home","item":"https:\/\/gambling6.com\/tr\/home\/"},{"@type":"ListItem","position":2,"name":"Piyango"}]},{"@type":"WebSite","@id":"https:\/\/gambling6.com\/tr\/#website","url":"https:\/\/gambling6.com\/tr\/","name":"Gambling6","description":"","potentialAction":[{"@type":"SearchAction","target":{"@type":"EntryPoint","urlTemplate":"https:\/\/gambling6.com\/tr\/?s={search_term_string}"},"query-input":{"@type":"PropertyValueSpecification","valueRequired":true,"valueName":"search_term_string"}}],"inLanguage":"tr"}]}},"_links":{"self":[{"href":"https:\/\/gambling6.com\/tr\/wp-json\/wp\/v2\/pages\/9327","targetHints":{"allow":["GET"]}}],"collection":[{"href":"https:\/\/gambling6.com\/tr\/wp-json\/wp\/v2\/pages"}],"about":[{"href":"https:\/\/gambling6.com\/tr\/wp-json\/wp\/v2\/types\/page"}],"author":[{"embeddable":true,"href":"https:\/\/gambling6.com\/tr\/wp-json\/wp\/v2\/users\/1"}],"replies":[{"embeddable":true,"href":"https:\/\/gambling6.com\/tr\/wp-json\/wp\/v2\/comments?post=9327"}],"version-history":[{"count":2,"href":"https:\/\/gambling6.com\/tr\/wp-json\/wp\/v2\/pages\/9327\/revisions"}],"predecessor-version":[{"id":10957,"href":"https:\/\/gambling6.com\/tr\/wp-json\/wp\/v2\/pages\/9327\/revisions\/10957"}],"wp:featuredmedia":[{"embeddable":true,"href":"https:\/\/gambling6.com\/tr\/wp-json\/wp\/v2\/media\/9296"}],"wp:attachment":[{"href":"https:\/\/gambling6.com\/tr\/wp-json\/wp\/v2\/media?parent=9327"}],"curies":[{"name":"wp","href":"https:\/\/api.w.org\/{rel}","templated":true}]}}