{"id":9372,"date":"2025-11-10T21:08:58","date_gmt":"2025-11-10T21:08:58","guid":{"rendered":"https:\/\/gambling6.com\/piyango\/mega-millions-piyangosu-icin-cevrimici-bilet-alin\/"},"modified":"2025-11-15T10:30:17","modified_gmt":"2025-11-15T10:30:17","slug":"mega-millions-piyangosu-icin-cevrimici-bilet-alin","status":"publish","type":"page","link":"https:\/\/gambling6.com\/tr\/piyango\/mega-millions-piyangosu-icin-cevrimici-bilet-alin\/","title":{"rendered":"Mega Millions Piyangosu i\u00e7in \u00c7evrimi\u00e7i Bilet Al\u0131n"},"content":{"rendered":"<h2>D\u00fcnyan\u0131n her yerinden Mega Millions Piyango biletleri<\/h2>\n<p>Hem Kuzey Amerika&#8217;da hem de d\u00fcnya genelinde inan\u0131lmaz say\u0131da insan her g\u00fcn piyango bileti sat\u0131n al\u0131yor. Piyango kat\u0131l\u0131mc\u0131lar\u0131n\u0131n \u00e7o\u011fu, b\u00fcy\u00fck ikramiyeyi kazanma \u015fanslar\u0131n\u0131n \u00e7ok d\u00fc\u015f\u00fck oldu\u011funun fark\u0131nda. <strong>Ancak, Mega Millions piyangosu i\u00e7in \u00e7evrimi\u00e7i bilet sat\u0131n alma olana\u011f\u0131na sahip olan insanlar, her g\u00fcn bilgisayarlar\u0131n\u0131n ba\u015f\u0131na ko\u015fuyor,<\/strong> orta\u011f\u0131m\u0131z RedFoxLotto.com&#8217;a giri\u015f yap\u0131yor ve devasa ABD merkezli Mega Millions piyangosu i\u00e7in bilet sat\u0131n al\u0131yor.<img loading=\"lazy\" decoding=\"async\" class=\" alignright wp-image-544\" style=\"margin: 10px; border: 5px solid #ffffff; float: right;\" src=\"http:\/\/gambling6.com\/wp-content\/uploads\/2013\/12\/get-mega-millions-tickets-online.png\" alt=\"Megamillions biletlerinizi \u00e7evrimi\u00e7i al\u0131n\" width=\"297\" height=\"163\" srcset=\"https:\/\/gambling6.com\/wp-content\/uploads\/2013\/12\/get-mega-millions-tickets-online.png 388w, https:\/\/gambling6.com\/wp-content\/uploads\/2013\/12\/get-mega-millions-tickets-online-300x165.png 300w\" sizes=\"auto, (max-width: 297px) 100vw, 297px\" \/><\/p>\n<h2>Kazanmak i\u00e7in online biletlerinizi alman\u0131z gerekir.<\/h2>\n<p>Bir\u00e7ok ki\u015fi hi\u00e7 kazanma \u015fans\u0131 olmamas\u0131ndansa k\u00fc\u00e7\u00fck bir kazanma \u015fans\u0131na sahip olmay\u0131 tercih eder. Atas\u00f6z\u00fcnde de dendi\u011fi gibi: &#8220;Biletsiz kazanamazs\u0131n&#8221;. Bu ifade bir\u00e7ok ki\u015finin akl\u0131nda yer eder ve her g\u00fcn kar\u015f\u0131lar\u0131na \u00e7\u0131kan piyango g\u00f6rselleriyle, biletlerini online sat\u0131n alma olas\u0131l\u0131klar\u0131 olduk\u00e7a y\u00fcksektir. \u0130nternet, uluslararas\u0131 alanda insanlar\u0131n her piyango \u00e7ekili\u015fi i\u00e7in bilet sat\u0131n almas\u0131na olanak sa\u011flad\u0131. Mega Millions d\u00fcnya \u00e7ap\u0131nda en b\u00fcy\u00fck \u00e7ekili\u015flerden biri oldu\u011fundan, insanlar\u0131n online bilet sat\u0131n almak i\u00e7in ak\u0131n etmesi gayet mant\u0131kl\u0131.<\/p>\n<p>Biletinizi almak i\u00e7in, d\u00fcnyan\u0131n d\u00f6rt bir yan\u0131ndan en b\u00fcy\u00fck ikramiyeler i\u00e7in piyango bileti sat\u0131n alabilece\u011finiz m\u00fckemmel bir piyango bileti haber hizmeti olan <a class=\"thirstylink\" title=\"Redfoxlotto\" href=\"https:\/\/gambling6.com\/go\/redfoxlotto\/\" target=\"_blank\" rel=\"nofollow noopener\">RedFoxLotto.com&#8217;u ziyaret etmek i\u00e7in buraya t\u0131klay\u0131n<\/a>.<\/p>\n<h2>\u00c7evrimi\u00e7i al\u0131c\u0131lar\u0131 hayatlar\u0131n\u0131 de\u011fi\u015ftirecek f\u0131rsatlar bekliyor.<\/h2>\n<p>\u0130nsanlar\u0131n hayatlar\u0131n\u0131 de\u011fi\u015ftirmek i\u00e7in Mega Millions piyangosu i\u00e7in \u00e7evrimi\u00e7i bilet sat\u0131n ald\u0131klar\u0131n\u0131 belirtmek \u00f6nemlidir. Pensilvanya, Tunkhannock&#8217;ta bir \u00e7iftin b\u00fcy\u00fck \u00f6d\u00fcl\u00fc kazand\u0131\u011f\u0131n\u0131 duyduklar\u0131nda hayal k\u0131r\u0131kl\u0131\u011f\u0131na u\u011frarlar ve biletlerini kontrol bile etmezler.<\/p>\n<h2>\u00c7evrimi\u00e7i Mega Millions ve Powerball biletleri en pop\u00fcler olanlard\u0131r.<\/h2>\n<p>ABD&#8217;deki iki piyango, yani Mega Millions ve Powerball, d\u00fcnya \u00e7ap\u0131nda en \u00e7ok ikramiye kazand\u0131ran piyangolard\u0131r. Bu iki devin online bilet sat\u0131\u015flar\u0131n\u0131n her hafta yeni zirvelere ula\u015fmas\u0131 \u015fa\u015f\u0131rt\u0131c\u0131 de\u011fil. Mega Millions i\u00e7in online bilet almak, ikramiyeleri d\u00fczenli olarak ola\u011fan\u00fcst\u00fc seviyelere ta\u015f\u0131d\u0131.<\/p>\n<h2>2013&#8217;teki inan\u0131lmaz Mega Millions ikramiyeleri rekora yakla\u015ft\u0131<\/h2>\n<table style=\"width: 500px;\" border=\"1\" cellspacing=\"5\" cellpadding=\"5\" align=\"center\">\n<tbody>\n<tr>\n<td colspan=\"3\" align=\"center\">2013&#8217;\u00fcn En \u0130yi Be\u015f B\u00fcy\u00fck \u0130kramiyesi<\/td>\n<\/tr>\n<tr>\n<td>\u00c7ekili\u015f<\/td>\n<td align=\"center\">Tarih<\/td>\n<td align=\"center\">B\u00fcy\u00fck \u0130kramiye (USD)<\/td>\n<\/tr>\n<tr>\n<td>Mega Millions &#8211; ABD<\/td>\n<td align=\"center\">17 Aral\u0131k 2013<\/td>\n<td align=\"right\">636.000.000 ABD Dolar\u0131<\/td>\n<\/tr>\n<tr>\n<td>Mega Millions &#8211; ABD<\/td>\n<td align=\"center\">17 May\u0131s 2013<\/td>\n<td align=\"right\">190.000.000 ABD Dolar\u0131<\/td>\n<\/tr>\n<tr>\n<td>Mega Millions &#8211; ABD<\/td>\n<td align=\"center\">1 Ekim 2013<\/td>\n<td align=\"right\">189.000.000 ABD Dolar\u0131<\/td>\n<\/tr>\n<tr>\n<td>Mega Millions &#8211; ABD<\/td>\n<td align=\"center\">25 Ocak 2013<\/td>\n<td align=\"right\">89.000.000 ABD Dolar\u0131<\/td>\n<\/tr>\n<tr>\n<td>Mega Millions &#8211; ABD<\/td>\n<td align=\"center\">5 Temmuz 2013<\/td>\n<td align=\"right\">79.000.000 ABD Dolar\u0131<\/td>\n<\/tr>\n<\/tbody>\n<\/table>\n<h2>\u00a0Mega Millions online bilet sahiplerine bir\u00e7ok \u00f6d\u00fcl<\/h2>\n<table style=\"width: 500px;\" border=\"1\" cellspacing=\"5\" cellpadding=\"5\" align=\"center\">\n<tbody>\n<tr>\n<td colspan=\"3\" align=\"center\">Mega Millions Piyangosu \u00d6d\u00fcl Kademeleri<\/td>\n<\/tr>\n<tr>\n<td>\u00d6d\u00fcl<\/td>\n<td align=\"center\">Ma\u00e7lar<\/td>\n<td align=\"center\">Oran<\/td>\n<\/tr>\n<tr>\n<td>1. (B\u00fcy\u00fck \u0130kramiye)<\/td>\n<td align=\"center\">5 + 1<\/td>\n<td align=\"right\">175.711.538 : 1<\/td>\n<\/tr>\n<tr>\n<td>2.<\/td>\n<td align=\"center\">5<\/td>\n<td align=\"right\">3.904.701 : 1<\/td>\n<\/tr>\n<tr>\n<td>3.<\/td>\n<td align=\"center\">4 + 1<\/td>\n<td align=\"right\">689.065 : 1<\/td>\n<\/tr>\n<tr>\n<td>4.<\/td>\n<td align=\"center\">4<\/td>\n<td align=\"right\">15.313 : 1<\/td>\n<\/tr>\n<tr>\n<td>5.<\/td>\n<td align=\"center\">3 + 1<\/td>\n<td align=\"right\">13.781 : 1<\/td>\n<\/tr>\n<tr>\n<td>6.<\/td>\n<td align=\"center\">2 + 1<\/td>\n<td align=\"right\">844 : 1<\/td>\n<\/tr>\n<tr>\n<td>7.<\/td>\n<td align=\"center\">3<\/td>\n<td align=\"right\">360 : 1<\/td>\n<\/tr>\n<tr>\n<td>8.<\/td>\n<td align=\"center\">1 + 1<\/td>\n<td align=\"right\">141 : 1<\/td>\n<\/tr>\n<tr>\n<td>9.<\/td>\n<td align=\"center\">0 + 1<\/td>\n<td align=\"right\">75 : 1<\/td>\n<\/tr>\n<\/tbody>\n<\/table>\n<p style=\"text-align: center;\"><strong>\u00c7evrimi\u00e7i biletlerinizle bug\u00fcn Mega Millions oynay\u0131n ve hayallerinizi ger\u00e7ekle\u015ftirin!<\/strong><\/p>\n","protected":false},"excerpt":{"rendered":"<p>D\u00fcnyan\u0131n her yerinden Mega Millions Piyango biletleri Hem Kuzey Amerika&#8217;da hem de d\u00fcnya genelinde inan\u0131lmaz say\u0131da insan her g\u00fcn piyango bileti sat\u0131n al\u0131yor. Piyango kat\u0131l\u0131mc\u0131lar\u0131n\u0131n \u00e7o\u011fu, b\u00fcy\u00fck ikramiyeyi kazanma \u015fanslar\u0131n\u0131n \u00e7ok d\u00fc\u015f\u00fck oldu\u011funun fark\u0131nda. Ancak, Mega Millions piyangosu i\u00e7in \u00e7evrimi\u00e7i bilet sat\u0131n alma olana\u011f\u0131na sahip olan insanlar, her g\u00fcn bilgisayarlar\u0131n\u0131n ba\u015f\u0131na ko\u015fuyor, orta\u011f\u0131m\u0131z RedFoxLotto.com&#8217;a giri\u015f [&hellip;]<\/p>\n","protected":false},"author":1,"featured_media":9355,"parent":9327,"menu_order":13,"comment_status":"closed","ping_status":"closed","template":"","meta":{"footnotes":""},"class_list":["post-9372","page","type-page","status-publish","has-post-thumbnail","hentry"],"yoast_head":"<!-- This site is optimized with the Yoast SEO plugin v27.4 - https:\/\/yoast.com\/product\/yoast-seo-wordpress\/ -->\n<title>Mega Millions Piyango biletlerini \u00e7evrimi\u00e7i sat\u0131n al\u0131n<\/title>\n<meta name=\"description\" content=\"Mega Millions Piyangosu i\u00e7in online bilet alarak b\u00fcy\u00fck ikramiyeyi kazan\u0131n.\" \/>\n<meta name=\"robots\" content=\"index, follow, max-snippet:-1, max-image-preview:large, max-video-preview:-1\" \/>\n<link rel=\"canonical\" href=\"https:\/\/gambling6.com\/tr\/piyango\/mega-millions-piyangosu-icin-cevrimici-bilet-alin\/\" \/>\n<meta property=\"og:locale\" content=\"tr_TR\" \/>\n<meta property=\"og:type\" content=\"article\" \/>\n<meta property=\"og:title\" content=\"Mega Millions Piyango biletlerini \u00e7evrimi\u00e7i sat\u0131n al\u0131n\" \/>\n<meta property=\"og:description\" content=\"Mega Millions Piyangosu i\u00e7in online bilet alarak b\u00fcy\u00fck ikramiyeyi kazan\u0131n.\" \/>\n<meta property=\"og:url\" content=\"https:\/\/gambling6.com\/tr\/piyango\/mega-millions-piyangosu-icin-cevrimici-bilet-alin\/\" \/>\n<meta property=\"og:site_name\" content=\"Gambling6\" \/>\n<meta property=\"article:modified_time\" content=\"2025-11-15T10:30:17+00:00\" \/>\n<meta property=\"og:image\" content=\"https:\/\/gambling6.com\/wp-content\/uploads\/2013\/12\/get-mega-millions-tickets-online.png\" \/>\n\t<meta property=\"og:image:width\" content=\"388\" \/>\n\t<meta property=\"og:image:height\" content=\"213\" \/>\n\t<meta property=\"og:image:type\" content=\"image\/png\" \/>\n<meta name=\"twitter:card\" content=\"summary_large_image\" \/>\n<meta name=\"twitter:label1\" content=\"Tahmini okuma s\u00fcresi\" \/>\n\t<meta name=\"twitter:data1\" content=\"2 dakika\" \/>\n<script type=\"application\/ld+json\" class=\"yoast-schema-graph\">{\"@context\":\"https:\\\/\\\/schema.org\",\"@graph\":[{\"@type\":\"WebPage\",\"@id\":\"https:\\\/\\\/gambling6.com\\\/tr\\\/piyango\\\/mega-millions-piyangosu-icin-cevrimici-bilet-alin\\\/\",\"url\":\"https:\\\/\\\/gambling6.com\\\/tr\\\/piyango\\\/mega-millions-piyangosu-icin-cevrimici-bilet-alin\\\/\",\"name\":\"Mega Millions Piyango biletlerini \u00e7evrimi\u00e7i sat\u0131n al\u0131n\",\"isPartOf\":{\"@id\":\"https:\\\/\\\/gambling6.com\\\/tr\\\/#website\"},\"primaryImageOfPage\":{\"@id\":\"https:\\\/\\\/gambling6.com\\\/tr\\\/piyango\\\/mega-millions-piyangosu-icin-cevrimici-bilet-alin\\\/#primaryimage\"},\"image\":{\"@id\":\"https:\\\/\\\/gambling6.com\\\/tr\\\/piyango\\\/mega-millions-piyangosu-icin-cevrimici-bilet-alin\\\/#primaryimage\"},\"thumbnailUrl\":\"https:\\\/\\\/gambling6.com\\\/wp-content\\\/uploads\\\/2013\\\/12\\\/get-mega-millions-tickets-online.png\",\"datePublished\":\"2025-11-10T21:08:58+00:00\",\"dateModified\":\"2025-11-15T10:30:17+00:00\",\"description\":\"Mega Millions Piyangosu i\u00e7in online bilet alarak b\u00fcy\u00fck ikramiyeyi kazan\u0131n.\",\"breadcrumb\":{\"@id\":\"https:\\\/\\\/gambling6.com\\\/tr\\\/piyango\\\/mega-millions-piyangosu-icin-cevrimici-bilet-alin\\\/#breadcrumb\"},\"inLanguage\":\"tr\",\"potentialAction\":[{\"@type\":\"ReadAction\",\"target\":[\"https:\\\/\\\/gambling6.com\\\/tr\\\/piyango\\\/mega-millions-piyangosu-icin-cevrimici-bilet-alin\\\/\"]}]},{\"@type\":\"ImageObject\",\"inLanguage\":\"tr\",\"@id\":\"https:\\\/\\\/gambling6.com\\\/tr\\\/piyango\\\/mega-millions-piyangosu-icin-cevrimici-bilet-alin\\\/#primaryimage\",\"url\":\"https:\\\/\\\/gambling6.com\\\/wp-content\\\/uploads\\\/2013\\\/12\\\/get-mega-millions-tickets-online.png\",\"contentUrl\":\"https:\\\/\\\/gambling6.com\\\/wp-content\\\/uploads\\\/2013\\\/12\\\/get-mega-millions-tickets-online.png\",\"width\":388,\"height\":213},{\"@type\":\"BreadcrumbList\",\"@id\":\"https:\\\/\\\/gambling6.com\\\/tr\\\/piyango\\\/mega-millions-piyangosu-icin-cevrimici-bilet-alin\\\/#breadcrumb\",\"itemListElement\":[{\"@type\":\"ListItem\",\"position\":1,\"name\":\"Home\",\"item\":\"https:\\\/\\\/gambling6.com\\\/tr\\\/home\\\/\"},{\"@type\":\"ListItem\",\"position\":2,\"name\":\"Piyango\",\"item\":\"https:\\\/\\\/gambling6.com\\\/tr\\\/piyango\\\/\"},{\"@type\":\"ListItem\",\"position\":3,\"name\":\"Mega Millions Piyangosu i\u00e7in \u00c7evrimi\u00e7i Bilet Al\u0131n\"}]},{\"@type\":\"WebSite\",\"@id\":\"https:\\\/\\\/gambling6.com\\\/tr\\\/#website\",\"url\":\"https:\\\/\\\/gambling6.com\\\/tr\\\/\",\"name\":\"Gambling6\",\"description\":\"\",\"potentialAction\":[{\"@type\":\"SearchAction\",\"target\":{\"@type\":\"EntryPoint\",\"urlTemplate\":\"https:\\\/\\\/gambling6.com\\\/tr\\\/?s={search_term_string}\"},\"query-input\":{\"@type\":\"PropertyValueSpecification\",\"valueRequired\":true,\"valueName\":\"search_term_string\"}}],\"inLanguage\":\"tr\"}]}<\/script>\n<!-- \/ Yoast SEO plugin. -->","yoast_head_json":{"title":"Mega Millions Piyango biletlerini \u00e7evrimi\u00e7i sat\u0131n al\u0131n","description":"Mega Millions Piyangosu i\u00e7in online bilet alarak b\u00fcy\u00fck ikramiyeyi kazan\u0131n.","robots":{"index":"index","follow":"follow","max-snippet":"max-snippet:-1","max-image-preview":"max-image-preview:large","max-video-preview":"max-video-preview:-1"},"canonical":"https:\/\/gambling6.com\/tr\/piyango\/mega-millions-piyangosu-icin-cevrimici-bilet-alin\/","og_locale":"tr_TR","og_type":"article","og_title":"Mega Millions Piyango biletlerini \u00e7evrimi\u00e7i sat\u0131n al\u0131n","og_description":"Mega Millions Piyangosu i\u00e7in online bilet alarak b\u00fcy\u00fck ikramiyeyi kazan\u0131n.","og_url":"https:\/\/gambling6.com\/tr\/piyango\/mega-millions-piyangosu-icin-cevrimici-bilet-alin\/","og_site_name":"Gambling6","article_modified_time":"2025-11-15T10:30:17+00:00","og_image":[{"width":388,"height":213,"url":"https:\/\/gambling6.com\/wp-content\/uploads\/2013\/12\/get-mega-millions-tickets-online.png","type":"image\/png"}],"twitter_card":"summary_large_image","twitter_misc":{"Tahmini okuma s\u00fcresi":"2 dakika"},"schema":{"@context":"https:\/\/schema.org","@graph":[{"@type":"WebPage","@id":"https:\/\/gambling6.com\/tr\/piyango\/mega-millions-piyangosu-icin-cevrimici-bilet-alin\/","url":"https:\/\/gambling6.com\/tr\/piyango\/mega-millions-piyangosu-icin-cevrimici-bilet-alin\/","name":"Mega Millions Piyango biletlerini \u00e7evrimi\u00e7i sat\u0131n al\u0131n","isPartOf":{"@id":"https:\/\/gambling6.com\/tr\/#website"},"primaryImageOfPage":{"@id":"https:\/\/gambling6.com\/tr\/piyango\/mega-millions-piyangosu-icin-cevrimici-bilet-alin\/#primaryimage"},"image":{"@id":"https:\/\/gambling6.com\/tr\/piyango\/mega-millions-piyangosu-icin-cevrimici-bilet-alin\/#primaryimage"},"thumbnailUrl":"https:\/\/gambling6.com\/wp-content\/uploads\/2013\/12\/get-mega-millions-tickets-online.png","datePublished":"2025-11-10T21:08:58+00:00","dateModified":"2025-11-15T10:30:17+00:00","description":"Mega Millions Piyangosu i\u00e7in online bilet alarak b\u00fcy\u00fck ikramiyeyi kazan\u0131n.","breadcrumb":{"@id":"https:\/\/gambling6.com\/tr\/piyango\/mega-millions-piyangosu-icin-cevrimici-bilet-alin\/#breadcrumb"},"inLanguage":"tr","potentialAction":[{"@type":"ReadAction","target":["https:\/\/gambling6.com\/tr\/piyango\/mega-millions-piyangosu-icin-cevrimici-bilet-alin\/"]}]},{"@type":"ImageObject","inLanguage":"tr","@id":"https:\/\/gambling6.com\/tr\/piyango\/mega-millions-piyangosu-icin-cevrimici-bilet-alin\/#primaryimage","url":"https:\/\/gambling6.com\/wp-content\/uploads\/2013\/12\/get-mega-millions-tickets-online.png","contentUrl":"https:\/\/gambling6.com\/wp-content\/uploads\/2013\/12\/get-mega-millions-tickets-online.png","width":388,"height":213},{"@type":"BreadcrumbList","@id":"https:\/\/gambling6.com\/tr\/piyango\/mega-millions-piyangosu-icin-cevrimici-bilet-alin\/#breadcrumb","itemListElement":[{"@type":"ListItem","position":1,"name":"Home","item":"https:\/\/gambling6.com\/tr\/home\/"},{"@type":"ListItem","position":2,"name":"Piyango","item":"https:\/\/gambling6.com\/tr\/piyango\/"},{"@type":"ListItem","position":3,"name":"Mega Millions Piyangosu i\u00e7in \u00c7evrimi\u00e7i Bilet Al\u0131n"}]},{"@type":"WebSite","@id":"https:\/\/gambling6.com\/tr\/#website","url":"https:\/\/gambling6.com\/tr\/","name":"Gambling6","description":"","potentialAction":[{"@type":"SearchAction","target":{"@type":"EntryPoint","urlTemplate":"https:\/\/gambling6.com\/tr\/?s={search_term_string}"},"query-input":{"@type":"PropertyValueSpecification","valueRequired":true,"valueName":"search_term_string"}}],"inLanguage":"tr"}]}},"_links":{"self":[{"href":"https:\/\/gambling6.com\/tr\/wp-json\/wp\/v2\/pages\/9372","targetHints":{"allow":["GET"]}}],"collection":[{"href":"https:\/\/gambling6.com\/tr\/wp-json\/wp\/v2\/pages"}],"about":[{"href":"https:\/\/gambling6.com\/tr\/wp-json\/wp\/v2\/types\/page"}],"author":[{"embeddable":true,"href":"https:\/\/gambling6.com\/tr\/wp-json\/wp\/v2\/users\/1"}],"replies":[{"embeddable":true,"href":"https:\/\/gambling6.com\/tr\/wp-json\/wp\/v2\/comments?post=9372"}],"version-history":[{"count":1,"href":"https:\/\/gambling6.com\/tr\/wp-json\/wp\/v2\/pages\/9372\/revisions"}],"predecessor-version":[{"id":10927,"href":"https:\/\/gambling6.com\/tr\/wp-json\/wp\/v2\/pages\/9372\/revisions\/10927"}],"up":[{"embeddable":true,"href":"https:\/\/gambling6.com\/tr\/wp-json\/wp\/v2\/pages\/9327"}],"wp:featuredmedia":[{"embeddable":true,"href":"https:\/\/gambling6.com\/tr\/wp-json\/wp\/v2\/media\/9355"}],"wp:attachment":[{"href":"https:\/\/gambling6.com\/tr\/wp-json\/wp\/v2\/media?parent=9372"}],"curies":[{"name":"wp","href":"https:\/\/api.w.org\/{rel}","templated":true}]}}