{"id":9415,"date":"2025-11-11T02:10:37","date_gmt":"2025-11-11T02:10:37","guid":{"rendered":"https:\/\/gambling6.com\/piyango\/avrupa-disindan-euromillions-piyangosu-icin-online-biletleri-nasil-satin-alabilirim\/"},"modified":"2025-11-12T18:47:23","modified_gmt":"2025-11-12T18:47:23","slug":"avrupa-disindan-euromillions-piyangosu-icin-online-biletleri-nasil-satin-alabilirim","status":"publish","type":"page","link":"https:\/\/gambling6.com\/tr\/piyango\/avrupa-disindan-euromillions-piyangosu-icin-online-biletleri-nasil-satin-alabilirim\/","title":{"rendered":"Avrupa d\u0131\u015f\u0131ndan Euromillions Piyangosu i\u00e7in Online Biletleri nas\u0131l sat\u0131n alabilirim?"},"content":{"rendered":"<h2>Euro Millions<\/h2>\n<p>185 milyon avronun s\u00f6z konusu oldu\u011fu ve normal <span style=\"box-sizing: border-box; margin: 0px; padding: 0px;\">100 milyon avronun \u00fczerinde kazanma \u015fans\u0131n\u0131n bulundu\u011fu bir ortamda, insanlar EuroMillions piyangosu i\u00e7in online bilet almak i\u00e7in bilgisayarlar\u0131n\u0131n ba\u015f\u0131na ko\u015fuyor.<\/strong><\/span><strong>EuroMillions, Avrupa genelinde 9 \u00fclkede oynan\u0131yor ve ge\u00e7en y\u0131l 2,5 milyar dolar\u0131n \u00fczerinde \u00f6d\u00fcl da\u011f\u0131tt\u0131. Siz de bu b\u00fcy\u00fck ikramiyeyi kazanma \u015fans\u0131n\u0131 yakalamak istemez misiniz? Tek yapman\u0131z gereken i\u015f orta\u011f\u0131m\u0131z RedFoxLotto&#8217;yu ziyaret edip online biletlerinizi almak. RedFoxLotto oynamak hi\u00e7 bu kadar kolay olmam\u0131\u015ft\u0131.<\/p>\n<p><strong>EuroMillions piyangosu i\u00e7in haftada iki kez online bilet sat\u0131n alabilir<\/strong> ve b\u00f6ylece 13 farkl\u0131 \u00f6d\u00fcl seviyesine kadar kazanma \u015fans\u0131na sahip olabilirsiniz.<\/strong> \u00c7evrimi\u00e7i bilet sat\u0131n almak i\u00e7in 1&#8217;den 50&#8217;ye kadar 5 ana say\u0131 se\u00e7in. \u0130kinci olarak, ayr\u0131 bir makineden \u00e7ekilen 1 ile 11 aras\u0131nda iki \u015fansl\u0131 y\u0131ld\u0131z say\u0131s\u0131 daha var. Birincilik ikramiyesini kazanmak i\u00e7in yedi say\u0131n\u0131n tamam\u0131n\u0131 e\u015fle\u015ftirmeniz gerekiyor.<\/p>\n<h2>Euromillions piyangosunu neden \u00e7evrimi\u00e7i oynamal\u0131s\u0131n\u0131z?<\/h2>\n<p><img loading=\"lazy\" decoding=\"async\" class=\" wp-image-1437 alignright\" src=\"https:\/\/gambling6.com\/wp-content\/uploads\/2022\/04\/2_ticket_euromillions-112x300.jpg\" alt=\"EuroMillions-lott\" width=\"99\" height=\"265\" srcset=\"https:\/\/gambling6.com\/wp-content\/uploads\/2022\/04\/2_ticket_euromillions-112x300.jpg 112w, https:\/\/gambling6.com\/wp-content\/uploads\/2022\/04\/2_ticket_euromillions.jpg 200w\" sizes=\"auto, (max-width: 99px) 100vw, 99px\" \/>Avrupa&#8217;daki piyango \u00e7\u0131lg\u0131nl\u0131\u011f\u0131 salg\u0131n seviyelere ula\u015fabiliyor ve ula\u015fm\u0131\u015ft\u0131r da. Bu nedenle, insanlar her hafta d\u00fcnyan\u0131n en b\u00fcy\u00fck \u00fc\u00e7 ikramiyesinden birine sahip Avrupa&#8217;n\u0131n en b\u00fcy\u00fck piyangosunu oynamak i\u00e7in s\u0131raya giriyor. Euromillions piyangosu 2004 y\u0131l\u0131nda ba\u015flam\u0131\u015f olup Bel\u00e7ika, Fransa, \u0130rlanda, Avusturya, L\u00fcksemburg, \u0130spanya, Portekiz, \u0130svi\u00e7re ve Birle\u015fik Krall\u0131k&#8217;ta oynanmaktad\u0131r. \u0130sko\u00e7 bir \u00e7ift, Temmuz 2011&#8217;de 185 milyon avroluk b\u00fcy\u00fck ikramiyeyi kazanarak tarihin en b\u00fcy\u00fck ikramiyesini kazanm\u0131\u015ft\u0131r.<\/p>\n<p>Yukar\u0131da belirtilen \u00fclkelerdeki t\u00fcm Avrupal\u0131 \u200b\u200boyunculara ek olarak, her hafta milyonlarca ki\u015fi \u00e7evrimi\u00e7i bilet sat\u0131n almaktad\u0131r. Euromillions piyangosu i\u00e7in \u00e7evrimi\u00e7i biletlerinizi almak \u00e7ok basit: i\u015f orta\u011f\u0131m\u0131z RedFoxLotto&#8217;yu ziyaret edin. EuroMillions piyangosundaki birincilik ikramiyesini kazanma olas\u0131l\u0131\u011f\u0131 116.531.800&#8217;de 1&#8217;dir. Ancak, di\u011fer 13 \u00f6d\u00fcl seviyesinden birine kat\u0131lmak i\u00e7in genel \u015fans\u0131n\u0131z 13&#8217;te 1&#8217;dir.<\/p>\n<p>Bir kez daha, Euromillions piyangosunu, d\u00fcnya \u00e7ap\u0131nda oynanmas\u0131 en heyecan verici piyangolardan biri olarak bulacaks\u0131n\u0131z. <span style=\"box-sizing: border-box; margin: 0px; padding: 0px;\">Bu ba\u011flant\u0131y\u0131 takip ederek bug\u00fcn <a href=\"https:\/\/gambling6.com\/go\/redfoxlotto-tr\/\" target=\"_blank\" rel=\"noopener\">RedFoxLotto&#8217;yu ziyaret edin<\/a>, bir hesap a\u00e7\u0131n ve bu devasa Avrupa piyangosunu oynamaya ba\u015flay\u0131n.<\/span> Bunu yapt\u0131\u011f\u0131n\u0131za memnun kalaca\u011f\u0131n\u0131zdan eminiz. EuroMillions ve d\u00fcnya \u00e7ap\u0131ndaki di\u011fer pop\u00fcler piyangolar i\u00e7in \u00e7evrimi\u00e7i bilet almak kolayd\u0131r.<\/p>\n<table style=\"width: 500px;\" border=\"1\" cellspacing=\"5\" cellpadding=\"5\" align=\"center\">\n<tbody>\n<tr>\n<td colspan=\"3\" align=\"center\">2013&#8217;\u00fcn En \u0130yi Be\u015f B\u00fcy\u00fck \u0130kramiyesi<\/td>\n<\/tr>\n<tr>\n<td>\u00c7ekili\u015f<\/td>\n<td align=\"center\">Tarih<\/td>\n<td align=\"center\">B\u00fcy\u00fck \u0130kramiye (USD)<\/td>\n<\/tr>\n<tr>\n<td>Euro Millions &#8211; Avrupa<\/td>\n<td align=\"center\">25 Haz 2013<\/td>\n<td align=\"right\">260.129.094 Dolar<\/td>\n<\/tr>\n<tr>\n<td>Euro Millions &#8211; Avrupa<\/td>\n<td align=\"center\">15 Kas 2013<\/td>\n<td align=\"right\">137.000.000 ABD Dolar\u0131<\/td>\n<\/tr>\n<tr>\n<td>Euro Milyonlar &#8211; Avrupa<\/td>\n<td align=\"center\">28 May\u0131s 2013<\/td>\n<td align=\"right\">132.676.542 ABD Dolar\u0131<\/td>\n<\/tr>\n<tr>\n<td>Euro Milyonlar &#8211; Avrupa<\/td>\n<td align=\"center\">25 Haziran 2013<\/td>\n<td align=\"right\">131.636.203 ABD Dolar\u0131<\/td>\n<\/tr>\n<tr>\n<td>Euro Milyonlar &#8211; Avrupa<\/td>\n<td align=\"center\">23 A\u011fustos 2013<\/td>\n<td align=\"right\">131.628.767 ABD Dolar\u0131<\/td>\n<\/tr>\n<\/tbody>\n<\/table>\n<p>&nbsp;<\/p>\n<table style=\"width: 500px;\" border=\"1\" cellspacing=\"5\" cellpadding=\"5\" align=\"center\">\n<tbody>\n<tr>\n<td colspan=\"3\" align=\"center\">Euro Millions \u00d6d\u00fcl Kademelerinin<\/td>\n<\/tr>\n<tr>\n<td>\u00d6d\u00fcl<\/td>\n<td align=\"center\">Ma\u00e7lar<\/td>\n<td align=\"center\">Oran<\/td>\n<\/tr>\n<tr>\n<td>1. (B\u00fcy\u00fck \u0130kramiye)<\/td>\n<td align=\"center\">5 + 2<\/td>\n<td align=\"right\">116.531.800 : 1<\/td>\n<\/tr>\n<tr>\n<td>2.<\/td>\n<td align=\"center\">5 + 1<\/td>\n<td align=\"right\">6.473.989 : 1<\/td>\n<\/tr>\n<tr>\n<td>3.<\/td>\n<td align=\"center\">5<\/td>\n<td align=\"right\">3.236.994: 1<\/td>\n<\/tr>\n<tr>\n<td>4.<\/td>\n<td align=\"center\">4 + 2<\/td>\n<td align=\"right\">517.919: 1<\/td>\n<\/tr>\n<tr>\n<td>5.<\/td>\n<td align=\"center\">4 + 1<\/td>\n<td align=\"right\">28.773: 1<\/td>\n<\/tr>\n<tr>\n<td>6.<\/td>\n<td align=\"center\">4<\/td>\n<td align=\"right\">14.387: 1<\/td>\n<\/tr>\n<tr>\n<td>7.<\/td>\n<td align=\"center\">3 + 2<\/td>\n<td align=\"right\">11.771 : 1<\/td>\n<\/tr>\n<tr>\n<td>8.<\/td>\n<td align=\"center\">2 + 2<\/td>\n<td align=\"right\">821 : 1<\/td>\n<\/tr>\n<tr>\n<td>9.<\/td>\n<td align=\"center\">3 + 1<\/td>\n<td align=\"right\">654 : 1<\/td>\n<\/tr>\n<tr>\n<td>10.<\/td>\n<td align=\"center\">3<\/td>\n<td align=\"right\">327 : 1<\/td>\n<\/tr>\n<tr>\n<td>11.<\/td>\n<td align=\"center\">1 + 2<\/td>\n<td align=\"right\">156 : 1<\/td>\n<\/tr>\n<tr>\n<td>12.<\/td>\n<td align=\"center\">2 + 1<\/td>\n<td align=\"right\">46 : 1<\/td>\n<\/tr>\n<tr>\n<td>13.<\/td>\n<td align=\"center\">2<\/td>\n<td align=\"right\">23 : 1<\/td>\n<\/tr>\n<\/tbody>\n<\/table>\n","protected":false},"excerpt":{"rendered":"<p>Euro Millions 185 milyon avronun s\u00f6z konusu oldu\u011fu ve normal 100 milyon avronun \u00fczerinde kazanma \u015fans\u0131n\u0131n bulundu\u011fu bir ortamda, insanlar EuroMillions piyangosu i\u00e7in online bilet almak i\u00e7in bilgisayarlar\u0131n\u0131n ba\u015f\u0131na ko\u015fuyor.EuroMillions, Avrupa genelinde 9 \u00fclkede oynan\u0131yor ve ge\u00e7en y\u0131l 2,5 milyar dolar\u0131n \u00fczerinde \u00f6d\u00fcl da\u011f\u0131tt\u0131. Siz de bu b\u00fcy\u00fck ikramiyeyi kazanma \u015fans\u0131n\u0131 yakalamak istemez misiniz? Tek [&hellip;]<\/p>\n","protected":false},"author":1,"featured_media":0,"parent":9327,"menu_order":2,"comment_status":"closed","ping_status":"closed","template":"","meta":{"footnotes":""},"class_list":["post-9415","page","type-page","status-publish","hentry"],"yoast_head":"<!-- This site is optimized with the Yoast SEO plugin v27.4 - https:\/\/yoast.com\/product\/yoast-seo-wordpress\/ -->\n<title>Euromillions Piyangosu i\u00e7in Online Bilet Sat\u0131n Al\u0131n<\/title>\n<meta name=\"description\" content=\"Avrupa&#039;n\u0131n en b\u00fcy\u00fck lotosu Euromillions ve Euromillions UK i\u00e7in online biletlerinizi RedFoxLotto.com gibi g\u00fcvenilir bir sa\u011flay\u0131c\u0131dan ald\u0131\u011f\u0131n\u0131zdan emin olun.\" \/>\n<meta name=\"robots\" content=\"index, follow, max-snippet:-1, max-image-preview:large, max-video-preview:-1\" \/>\n<link rel=\"canonical\" href=\"https:\/\/gambling6.com\/tr\/piyango\/avrupa-disindan-euromillions-piyangosu-icin-online-biletleri-nasil-satin-alabilirim\/\" \/>\n<meta property=\"og:locale\" content=\"tr_TR\" \/>\n<meta property=\"og:type\" content=\"article\" \/>\n<meta property=\"og:title\" content=\"Euromillions Piyangosu i\u00e7in Online Bilet Sat\u0131n Al\u0131n\" \/>\n<meta property=\"og:description\" content=\"Avrupa&#039;n\u0131n en b\u00fcy\u00fck lotosu Euromillions ve Euromillions UK i\u00e7in online biletlerinizi RedFoxLotto.com gibi g\u00fcvenilir bir sa\u011flay\u0131c\u0131dan ald\u0131\u011f\u0131n\u0131zdan emin olun.\" \/>\n<meta property=\"og:url\" content=\"https:\/\/gambling6.com\/tr\/piyango\/avrupa-disindan-euromillions-piyangosu-icin-online-biletleri-nasil-satin-alabilirim\/\" \/>\n<meta property=\"og:site_name\" content=\"Gambling6\" \/>\n<meta property=\"article:modified_time\" content=\"2025-11-12T18:47:23+00:00\" \/>\n<meta property=\"og:image\" content=\"https:\/\/gambling6.com\/wp-content\/uploads\/2022\/04\/2_ticket_euromillions.jpg\" \/>\n\t<meta property=\"og:image:width\" content=\"200\" \/>\n\t<meta property=\"og:image:height\" content=\"534\" \/>\n\t<meta property=\"og:image:type\" content=\"image\/jpeg\" \/>\n<meta name=\"twitter:card\" content=\"summary_large_image\" \/>\n<meta name=\"twitter:label1\" content=\"Tahmini okuma s\u00fcresi\" \/>\n\t<meta name=\"twitter:data1\" content=\"2 dakika\" \/>\n<script type=\"application\/ld+json\" class=\"yoast-schema-graph\">{\"@context\":\"https:\\\/\\\/schema.org\",\"@graph\":[{\"@type\":\"WebPage\",\"@id\":\"https:\\\/\\\/gambling6.com\\\/tr\\\/piyango\\\/avrupa-disindan-euromillions-piyangosu-icin-online-biletleri-nasil-satin-alabilirim\\\/\",\"url\":\"https:\\\/\\\/gambling6.com\\\/tr\\\/piyango\\\/avrupa-disindan-euromillions-piyangosu-icin-online-biletleri-nasil-satin-alabilirim\\\/\",\"name\":\"Euromillions Piyangosu i\u00e7in Online Bilet Sat\u0131n Al\u0131n\",\"isPartOf\":{\"@id\":\"https:\\\/\\\/gambling6.com\\\/tr\\\/#website\"},\"primaryImageOfPage\":{\"@id\":\"https:\\\/\\\/gambling6.com\\\/tr\\\/piyango\\\/avrupa-disindan-euromillions-piyangosu-icin-online-biletleri-nasil-satin-alabilirim\\\/#primaryimage\"},\"image\":{\"@id\":\"https:\\\/\\\/gambling6.com\\\/tr\\\/piyango\\\/avrupa-disindan-euromillions-piyangosu-icin-online-biletleri-nasil-satin-alabilirim\\\/#primaryimage\"},\"thumbnailUrl\":\"https:\\\/\\\/gambling6.com\\\/wp-content\\\/uploads\\\/2022\\\/04\\\/2_ticket_euromillions-112x300.jpg\",\"datePublished\":\"2025-11-11T02:10:37+00:00\",\"dateModified\":\"2025-11-12T18:47:23+00:00\",\"description\":\"Avrupa'n\u0131n en b\u00fcy\u00fck lotosu Euromillions ve Euromillions UK i\u00e7in online biletlerinizi RedFoxLotto.com gibi g\u00fcvenilir bir sa\u011flay\u0131c\u0131dan ald\u0131\u011f\u0131n\u0131zdan emin olun.\",\"breadcrumb\":{\"@id\":\"https:\\\/\\\/gambling6.com\\\/tr\\\/piyango\\\/avrupa-disindan-euromillions-piyangosu-icin-online-biletleri-nasil-satin-alabilirim\\\/#breadcrumb\"},\"inLanguage\":\"tr\",\"potentialAction\":[{\"@type\":\"ReadAction\",\"target\":[\"https:\\\/\\\/gambling6.com\\\/tr\\\/piyango\\\/avrupa-disindan-euromillions-piyangosu-icin-online-biletleri-nasil-satin-alabilirim\\\/\"]}]},{\"@type\":\"ImageObject\",\"inLanguage\":\"tr\",\"@id\":\"https:\\\/\\\/gambling6.com\\\/tr\\\/piyango\\\/avrupa-disindan-euromillions-piyangosu-icin-online-biletleri-nasil-satin-alabilirim\\\/#primaryimage\",\"url\":\"https:\\\/\\\/gambling6.com\\\/wp-content\\\/uploads\\\/2022\\\/04\\\/2_ticket_euromillions-112x300.jpg\",\"contentUrl\":\"https:\\\/\\\/gambling6.com\\\/wp-content\\\/uploads\\\/2022\\\/04\\\/2_ticket_euromillions-112x300.jpg\"},{\"@type\":\"BreadcrumbList\",\"@id\":\"https:\\\/\\\/gambling6.com\\\/tr\\\/piyango\\\/avrupa-disindan-euromillions-piyangosu-icin-online-biletleri-nasil-satin-alabilirim\\\/#breadcrumb\",\"itemListElement\":[{\"@type\":\"ListItem\",\"position\":1,\"name\":\"Home\",\"item\":\"https:\\\/\\\/gambling6.com\\\/tr\\\/home\\\/\"},{\"@type\":\"ListItem\",\"position\":2,\"name\":\"Piyango\",\"item\":\"https:\\\/\\\/gambling6.com\\\/tr\\\/piyango\\\/\"},{\"@type\":\"ListItem\",\"position\":3,\"name\":\"Avrupa d\u0131\u015f\u0131ndan Euromillions Piyangosu i\u00e7in Online Biletleri nas\u0131l sat\u0131n alabilirim?\"}]},{\"@type\":\"WebSite\",\"@id\":\"https:\\\/\\\/gambling6.com\\\/tr\\\/#website\",\"url\":\"https:\\\/\\\/gambling6.com\\\/tr\\\/\",\"name\":\"Gambling6\",\"description\":\"\",\"potentialAction\":[{\"@type\":\"SearchAction\",\"target\":{\"@type\":\"EntryPoint\",\"urlTemplate\":\"https:\\\/\\\/gambling6.com\\\/tr\\\/?s={search_term_string}\"},\"query-input\":{\"@type\":\"PropertyValueSpecification\",\"valueRequired\":true,\"valueName\":\"search_term_string\"}}],\"inLanguage\":\"tr\"}]}<\/script>\n<!-- \/ Yoast SEO plugin. -->","yoast_head_json":{"title":"Euromillions Piyangosu i\u00e7in Online Bilet Sat\u0131n Al\u0131n","description":"Avrupa'n\u0131n en b\u00fcy\u00fck lotosu Euromillions ve Euromillions UK i\u00e7in online biletlerinizi RedFoxLotto.com gibi g\u00fcvenilir bir sa\u011flay\u0131c\u0131dan ald\u0131\u011f\u0131n\u0131zdan emin olun.","robots":{"index":"index","follow":"follow","max-snippet":"max-snippet:-1","max-image-preview":"max-image-preview:large","max-video-preview":"max-video-preview:-1"},"canonical":"https:\/\/gambling6.com\/tr\/piyango\/avrupa-disindan-euromillions-piyangosu-icin-online-biletleri-nasil-satin-alabilirim\/","og_locale":"tr_TR","og_type":"article","og_title":"Euromillions Piyangosu i\u00e7in Online Bilet Sat\u0131n Al\u0131n","og_description":"Avrupa'n\u0131n en b\u00fcy\u00fck lotosu Euromillions ve Euromillions UK i\u00e7in online biletlerinizi RedFoxLotto.com gibi g\u00fcvenilir bir sa\u011flay\u0131c\u0131dan ald\u0131\u011f\u0131n\u0131zdan emin olun.","og_url":"https:\/\/gambling6.com\/tr\/piyango\/avrupa-disindan-euromillions-piyangosu-icin-online-biletleri-nasil-satin-alabilirim\/","og_site_name":"Gambling6","article_modified_time":"2025-11-12T18:47:23+00:00","og_image":[{"width":200,"height":534,"url":"https:\/\/gambling6.com\/wp-content\/uploads\/2022\/04\/2_ticket_euromillions.jpg","type":"image\/jpeg"}],"twitter_card":"summary_large_image","twitter_misc":{"Tahmini okuma s\u00fcresi":"2 dakika"},"schema":{"@context":"https:\/\/schema.org","@graph":[{"@type":"WebPage","@id":"https:\/\/gambling6.com\/tr\/piyango\/avrupa-disindan-euromillions-piyangosu-icin-online-biletleri-nasil-satin-alabilirim\/","url":"https:\/\/gambling6.com\/tr\/piyango\/avrupa-disindan-euromillions-piyangosu-icin-online-biletleri-nasil-satin-alabilirim\/","name":"Euromillions Piyangosu i\u00e7in Online Bilet Sat\u0131n Al\u0131n","isPartOf":{"@id":"https:\/\/gambling6.com\/tr\/#website"},"primaryImageOfPage":{"@id":"https:\/\/gambling6.com\/tr\/piyango\/avrupa-disindan-euromillions-piyangosu-icin-online-biletleri-nasil-satin-alabilirim\/#primaryimage"},"image":{"@id":"https:\/\/gambling6.com\/tr\/piyango\/avrupa-disindan-euromillions-piyangosu-icin-online-biletleri-nasil-satin-alabilirim\/#primaryimage"},"thumbnailUrl":"https:\/\/gambling6.com\/wp-content\/uploads\/2022\/04\/2_ticket_euromillions-112x300.jpg","datePublished":"2025-11-11T02:10:37+00:00","dateModified":"2025-11-12T18:47:23+00:00","description":"Avrupa'n\u0131n en b\u00fcy\u00fck lotosu Euromillions ve Euromillions UK i\u00e7in online biletlerinizi RedFoxLotto.com gibi g\u00fcvenilir bir sa\u011flay\u0131c\u0131dan ald\u0131\u011f\u0131n\u0131zdan emin olun.","breadcrumb":{"@id":"https:\/\/gambling6.com\/tr\/piyango\/avrupa-disindan-euromillions-piyangosu-icin-online-biletleri-nasil-satin-alabilirim\/#breadcrumb"},"inLanguage":"tr","potentialAction":[{"@type":"ReadAction","target":["https:\/\/gambling6.com\/tr\/piyango\/avrupa-disindan-euromillions-piyangosu-icin-online-biletleri-nasil-satin-alabilirim\/"]}]},{"@type":"ImageObject","inLanguage":"tr","@id":"https:\/\/gambling6.com\/tr\/piyango\/avrupa-disindan-euromillions-piyangosu-icin-online-biletleri-nasil-satin-alabilirim\/#primaryimage","url":"https:\/\/gambling6.com\/wp-content\/uploads\/2022\/04\/2_ticket_euromillions-112x300.jpg","contentUrl":"https:\/\/gambling6.com\/wp-content\/uploads\/2022\/04\/2_ticket_euromillions-112x300.jpg"},{"@type":"BreadcrumbList","@id":"https:\/\/gambling6.com\/tr\/piyango\/avrupa-disindan-euromillions-piyangosu-icin-online-biletleri-nasil-satin-alabilirim\/#breadcrumb","itemListElement":[{"@type":"ListItem","position":1,"name":"Home","item":"https:\/\/gambling6.com\/tr\/home\/"},{"@type":"ListItem","position":2,"name":"Piyango","item":"https:\/\/gambling6.com\/tr\/piyango\/"},{"@type":"ListItem","position":3,"name":"Avrupa d\u0131\u015f\u0131ndan Euromillions Piyangosu i\u00e7in Online Biletleri nas\u0131l sat\u0131n alabilirim?"}]},{"@type":"WebSite","@id":"https:\/\/gambling6.com\/tr\/#website","url":"https:\/\/gambling6.com\/tr\/","name":"Gambling6","description":"","potentialAction":[{"@type":"SearchAction","target":{"@type":"EntryPoint","urlTemplate":"https:\/\/gambling6.com\/tr\/?s={search_term_string}"},"query-input":{"@type":"PropertyValueSpecification","valueRequired":true,"valueName":"search_term_string"}}],"inLanguage":"tr"}]}},"_links":{"self":[{"href":"https:\/\/gambling6.com\/tr\/wp-json\/wp\/v2\/pages\/9415","targetHints":{"allow":["GET"]}}],"collection":[{"href":"https:\/\/gambling6.com\/tr\/wp-json\/wp\/v2\/pages"}],"about":[{"href":"https:\/\/gambling6.com\/tr\/wp-json\/wp\/v2\/types\/page"}],"author":[{"embeddable":true,"href":"https:\/\/gambling6.com\/tr\/wp-json\/wp\/v2\/users\/1"}],"replies":[{"embeddable":true,"href":"https:\/\/gambling6.com\/tr\/wp-json\/wp\/v2\/comments?post=9415"}],"version-history":[{"count":1,"href":"https:\/\/gambling6.com\/tr\/wp-json\/wp\/v2\/pages\/9415\/revisions"}],"predecessor-version":[{"id":10768,"href":"https:\/\/gambling6.com\/tr\/wp-json\/wp\/v2\/pages\/9415\/revisions\/10768"}],"up":[{"embeddable":true,"href":"https:\/\/gambling6.com\/tr\/wp-json\/wp\/v2\/pages\/9327"}],"wp:attachment":[{"href":"https:\/\/gambling6.com\/tr\/wp-json\/wp\/v2\/media?parent=9415"}],"curies":[{"name":"wp","href":"https:\/\/api.w.org\/{rel}","templated":true}]}}