{"id":9439,"date":"2025-11-11T02:58:00","date_gmt":"2025-11-11T02:58:00","guid":{"rendered":"https:\/\/gambling6.com\/piyango\/new-york-piyangosu-icin-cevrimici-bilet-alin\/"},"modified":"2025-11-11T02:58:00","modified_gmt":"2025-11-11T02:58:00","slug":"new-york-piyangosu-icin-cevrimici-bilet-alin","status":"publish","type":"page","link":"https:\/\/gambling6.com\/tr\/piyango\/new-york-piyangosu-icin-cevrimici-bilet-alin\/","title":{"rendered":"New York Piyangosu i\u00e7in \u00c7evrimi\u00e7i Bilet Al\u0131n"},"content":{"rendered":"<h2>New York Lotosu \u00e7evrimi\u00e7i<\/h2>\n<p>3 milyon dolardan ba\u015flayan ikramiyelerle New York Lotosu, \u00e7ekili\u015f g\u00fcn\u00fc geldi\u011finde \u015fehrin kendisi kadar b\u00fcy\u00fck hale geliyor. Bilginiz olsun, minimum ikramiye \u00e7o\u011fu lotodan \u00e7ok daha y\u00fcksek, bu y\u00fczden karar verirken New York Lotosu i\u00e7in \u00e7evrimi\u00e7i bilet almay\u0131 d\u00fc\u015f\u00fcn\u00fcn<\/strong>.<\/p>\n<p>\u0130kramiye kazan\u0131lmazsa, genellikle 10 haneye kadar \u00e7\u0131kan devreden ikramiyeler bekleyebilirsiniz. Asl\u0131nda, New York Lotosu&#8217;nun rekor ikramiyesi 58 milyon dolard\u0131r. <strong>Biletlerinizi \u00e7evrimi\u00e7i olarak alma olana\u011f\u0131yla, bir sonraki rekor ikramiyeye kat\u0131labilirsiniz.<\/strong><\/p>\n<h2>New York Lotosu haftada iki kez \u00e7ekiliyor.<\/h2>\n<p>New York&#8217;ta haftada iki kez d\u00fczenlenen \u00e7ekili\u015fte ikramiye her zaman milyonlarca dolard\u0131r. D\u00fcnyan\u0131n en b\u00fcy\u00fck \u015fehirlerinden birinin, d\u00fcnyan\u0131n en b\u00fcy\u00fcklerinden biri olarak ba\u015flayan bir ikramiyeli piyangosuna sahip olmas\u0131 olduk\u00e7a mant\u0131kl\u0131. Her hafta milyonlarca New Yorklu, hayatlar\u0131n\u0131 de\u011fi\u015ftirecek bu piyango i\u00e7in bilet almak \u00fczere s\u0131raya giriyor. <b>Biletleri \u00e7evrimi\u00e7i sat\u0131n alabiliyorsan\u0131z, s\u0131raya girmenize gerek yok.<\/b><\/p>\n<p>ABD&#8217;nin en eski piyangolar\u0131ndan biri olan ve 1967 y\u0131l\u0131nda kurulan New York Piyangosu, d\u00fcnya \u00e7ap\u0131nda hay\u0131r kurumlar\u0131 i\u00e7in yakla\u015f\u0131k 40 milyar dolar toplad\u0131. 2004 y\u0131l\u0131nda, tek bir bilet sahibi 58 milyon dolar kazand\u0131 ve bu, o d\u00f6nemde ABD tarihindeki en b\u00fcy\u00fck piyango kazan\u00e7lar\u0131ndan biriydi.<\/p>\n<p>New York Piyangosu&#8217;nu oynamak kolayd\u0131r. Bu 6\/59 tarz\u0131 Loto&#8217;da, 1&#8217;den 59&#8217;a kadar alt\u0131 say\u0131 ve bonus say\u0131y\u0131 se\u00e7meniz gerekir.<strong>B\u00fcy\u00fck ikramiyeyi kazanmak i\u00e7in alt\u0131 ana say\u0131y\u0131 tutturman\u0131z gerekir ve \u015fans\u0131n\u0131z yakla\u015f\u0131k 45 milyonda 1&#8217;dir.<\/strong> Be\u015f, d\u00f6rt veya \u00fc\u00e7 say\u0131y\u0131 tutturarak, her hafta \u00c7ar\u015famba ve Cumartesi g\u00fcnleri her \u00e7ekili\u015fte mevcut olan be\u015f ikincil \u00f6d\u00fclden birine kat\u0131labilirsiniz.<\/p>\n<p>New York Piyangosu herkesin oynamak istedi\u011fi bir oyundur ve art\u0131k <span style=\"box-sizing: border-box; margin: 0px; padding: 0px;\">bu ba\u011flant\u0131y\u0131 kullanarak <a href=\"https:\/\/gambling6.com\/go\/redfoxlotto-tr\/\" target=\"_blank\" rel=\"noopener\">orta\u011f\u0131m\u0131z RedFoxLotto arac\u0131l\u0131\u011f\u0131yla \u00e7evrimi\u00e7i biletlerinizi alabilirsiniz<\/a><\/span><a class=\"thirstylink\" title=\"RedFoxLotto tr\" href=\"https:\/\/gambling6.com\/go\/redfoxlotto-tr\/\" target=\"_blank\" rel=\"nofollow noopener\">.<\/a><\/p>\n<table style=\"width: 500px;\" border=\"1\" cellspacing=\"5\" cellpadding=\"5\" align=\"center\">\n<tbody>\n<tr>\n<td colspan=\"3\" align=\"center\">2013&#8217;\u00fcn En \u0130yi Be\u015f B\u00fcy\u00fck \u0130kramiyesi<\/td>\n<\/tr>\n<tr>\n<td>\u00c7ekili\u015f<\/td>\n<td align=\"center\">Tarih<\/td>\n<td align=\"center\">B\u00fcy\u00fck \u0130kramiye (USD)<\/td>\n<\/tr>\n<tr>\n<td>New York Lotto &#8211; ABD<\/td>\n<td align=\"center\">10 Nisan 2013<\/td>\n<td align=\"right\">26.500.000 ABD Dolar\u0131<\/td>\n<\/tr>\n<tr>\n<td>New York Lotto &#8211; ABD<\/td>\n<td align=\"center\">29 Haziran 2013<\/td>\n<td align=\"right\">10.700.000 $<\/td>\n<\/tr>\n<tr>\n<td>New York Lotto &#8211; ABD<\/td>\n<td align=\"center\">4 Eyl\u00fcl 2013<\/td>\n<td align=\"right\">7.100.000 $<\/td>\n<\/tr>\n<tr>\n<td>New York Lotto &#8211; ABD<\/td>\n<td align=\"center\">6 Kas\u0131m 2013<\/td>\n<td align=\"right\">6.200.000 $<\/td>\n<\/tr>\n<tr>\n<td>New York Lotto &#8211; ABD<\/td>\n<td align=\"center\">23 Kas\u0131m 2013<\/td>\n<td align=\"right\">3.200.000 $<\/td>\n<\/tr>\n<\/tbody>\n<\/table>\n<p>&nbsp;<\/p>\n<table style=\"width: 500px;\" border=\"1\" cellspacing=\"5\" cellpadding=\"5\" align=\"center\">\n<tbody>\n<tr>\n<td colspan=\"3\" align=\"center\">New York Lotto &#8211; ABD \u00d6d\u00fcl Kademeleri<\/td>\n<\/tr>\n<tr>\n<td>\u00d6d\u00fcl<\/td>\n<td align=\"center\">Ma\u00e7lar<\/td>\n<td align=\"center\">Oran<\/td>\n<\/tr>\n<tr>\n<td>1. (B\u00fcy\u00fck \u0130kramiye)<\/td>\n<td align=\"center\">6<\/td>\n<td align=\"right\">45.057.474: 1<\/td>\n<\/tr>\n<tr>\n<td>2.<\/td>\n<td align=\"center\">5 + 1<\/td>\n<td align=\"right\">7.509.579: 1<\/td>\n<\/tr>\n<tr>\n<td>3.<\/td>\n<td align=\"center\">5<\/td>\n<td align=\"right\">141.690: 1<\/td>\n<\/tr>\n<tr>\n<td>4.<\/td>\n<td align=\"center\">4<\/td>\n<td align=\"right\">2.180: 1<\/td>\n<\/tr>\n<tr>\n<td>5.<\/td>\n<td align=\"center\">3<\/td>\n<td align=\"right\">96: 1<\/td>\n<\/tr>\n<\/tbody>\n<\/table>\n","protected":false},"excerpt":{"rendered":"<p>New York Lotosu \u00e7evrimi\u00e7i 3 milyon dolardan ba\u015flayan ikramiyelerle New York Lotosu, \u00e7ekili\u015f g\u00fcn\u00fc geldi\u011finde \u015fehrin kendisi kadar b\u00fcy\u00fck hale geliyor. Bilginiz olsun, minimum ikramiye \u00e7o\u011fu lotodan \u00e7ok daha y\u00fcksek, bu y\u00fczden karar verirken New York Lotosu i\u00e7in \u00e7evrimi\u00e7i bilet almay\u0131 d\u00fc\u015f\u00fcn\u00fcn. \u0130kramiye kazan\u0131lmazsa, genellikle 10 haneye kadar \u00e7\u0131kan devreden ikramiyeler bekleyebilirsiniz. Asl\u0131nda, New York [&hellip;]<\/p>\n","protected":false},"author":1,"featured_media":0,"parent":9327,"menu_order":12,"comment_status":"closed","ping_status":"closed","template":"","meta":{"footnotes":""},"class_list":["post-9439","page","type-page","status-publish","hentry"],"yoast_head":"<!-- This site is optimized with the Yoast SEO plugin v27.6 - https:\/\/yoast.com\/product\/yoast-seo-wordpress\/ -->\n<title>New York Piyangosu i\u00e7in \u00e7evrimi\u00e7i bilet sat\u0131n al\u0131n<\/title>\n<meta name=\"description\" content=\"New York Lotto i\u00e7in biletlerinizi internetten alarak an\u0131nda milyoner olun.\" \/>\n<meta name=\"robots\" content=\"index, follow, max-snippet:-1, max-image-preview:large, max-video-preview:-1\" \/>\n<link rel=\"canonical\" href=\"https:\/\/gambling6.com\/tr\/piyango\/new-york-piyangosu-icin-cevrimici-bilet-alin\/\" \/>\n<meta property=\"og:locale\" content=\"tr_TR\" \/>\n<meta property=\"og:type\" content=\"article\" \/>\n<meta property=\"og:title\" content=\"New York Piyangosu i\u00e7in \u00e7evrimi\u00e7i bilet sat\u0131n al\u0131n\" \/>\n<meta property=\"og:description\" content=\"New York Lotto i\u00e7in biletlerinizi internetten alarak an\u0131nda milyoner olun.\" \/>\n<meta property=\"og:url\" content=\"https:\/\/gambling6.com\/tr\/piyango\/new-york-piyangosu-icin-cevrimici-bilet-alin\/\" \/>\n<meta property=\"og:site_name\" content=\"Gambling6\" \/>\n<meta name=\"twitter:card\" content=\"summary_large_image\" \/>\n<meta name=\"twitter:label1\" content=\"Tahmini okuma s\u00fcresi\" \/>\n\t<meta name=\"twitter:data1\" content=\"2 dakika\" \/>\n<script type=\"application\/ld+json\" class=\"yoast-schema-graph\">{\"@context\":\"https:\\\/\\\/schema.org\",\"@graph\":[{\"@type\":\"WebPage\",\"@id\":\"https:\\\/\\\/gambling6.com\\\/tr\\\/piyango\\\/new-york-piyangosu-icin-cevrimici-bilet-alin\\\/\",\"url\":\"https:\\\/\\\/gambling6.com\\\/tr\\\/piyango\\\/new-york-piyangosu-icin-cevrimici-bilet-alin\\\/\",\"name\":\"New York Piyangosu i\u00e7in \u00e7evrimi\u00e7i bilet sat\u0131n al\u0131n\",\"isPartOf\":{\"@id\":\"https:\\\/\\\/gambling6.com\\\/tr\\\/#website\"},\"datePublished\":\"2025-11-11T02:58:00+00:00\",\"description\":\"New York Lotto i\u00e7in biletlerinizi internetten alarak an\u0131nda milyoner olun.\",\"breadcrumb\":{\"@id\":\"https:\\\/\\\/gambling6.com\\\/tr\\\/piyango\\\/new-york-piyangosu-icin-cevrimici-bilet-alin\\\/#breadcrumb\"},\"inLanguage\":\"tr\",\"potentialAction\":[{\"@type\":\"ReadAction\",\"target\":[\"https:\\\/\\\/gambling6.com\\\/tr\\\/piyango\\\/new-york-piyangosu-icin-cevrimici-bilet-alin\\\/\"]}]},{\"@type\":\"BreadcrumbList\",\"@id\":\"https:\\\/\\\/gambling6.com\\\/tr\\\/piyango\\\/new-york-piyangosu-icin-cevrimici-bilet-alin\\\/#breadcrumb\",\"itemListElement\":[{\"@type\":\"ListItem\",\"position\":1,\"name\":\"Home\",\"item\":\"https:\\\/\\\/gambling6.com\\\/tr\\\/home\\\/\"},{\"@type\":\"ListItem\",\"position\":2,\"name\":\"Piyango\",\"item\":\"https:\\\/\\\/gambling6.com\\\/tr\\\/piyango\\\/\"},{\"@type\":\"ListItem\",\"position\":3,\"name\":\"New York Piyangosu i\u00e7in \u00c7evrimi\u00e7i Bilet Al\u0131n\"}]},{\"@type\":\"WebSite\",\"@id\":\"https:\\\/\\\/gambling6.com\\\/tr\\\/#website\",\"url\":\"https:\\\/\\\/gambling6.com\\\/tr\\\/\",\"name\":\"Gambling6\",\"description\":\"\",\"potentialAction\":[{\"@type\":\"SearchAction\",\"target\":{\"@type\":\"EntryPoint\",\"urlTemplate\":\"https:\\\/\\\/gambling6.com\\\/tr\\\/?s={search_term_string}\"},\"query-input\":{\"@type\":\"PropertyValueSpecification\",\"valueRequired\":true,\"valueName\":\"search_term_string\"}}],\"inLanguage\":\"tr\"}]}<\/script>\n<!-- \/ Yoast SEO plugin. -->","yoast_head_json":{"title":"New York Piyangosu i\u00e7in \u00e7evrimi\u00e7i bilet sat\u0131n al\u0131n","description":"New York Lotto i\u00e7in biletlerinizi internetten alarak an\u0131nda milyoner olun.","robots":{"index":"index","follow":"follow","max-snippet":"max-snippet:-1","max-image-preview":"max-image-preview:large","max-video-preview":"max-video-preview:-1"},"canonical":"https:\/\/gambling6.com\/tr\/piyango\/new-york-piyangosu-icin-cevrimici-bilet-alin\/","og_locale":"tr_TR","og_type":"article","og_title":"New York Piyangosu i\u00e7in \u00e7evrimi\u00e7i bilet sat\u0131n al\u0131n","og_description":"New York Lotto i\u00e7in biletlerinizi internetten alarak an\u0131nda milyoner olun.","og_url":"https:\/\/gambling6.com\/tr\/piyango\/new-york-piyangosu-icin-cevrimici-bilet-alin\/","og_site_name":"Gambling6","twitter_card":"summary_large_image","twitter_misc":{"Tahmini okuma s\u00fcresi":"2 dakika"},"schema":{"@context":"https:\/\/schema.org","@graph":[{"@type":"WebPage","@id":"https:\/\/gambling6.com\/tr\/piyango\/new-york-piyangosu-icin-cevrimici-bilet-alin\/","url":"https:\/\/gambling6.com\/tr\/piyango\/new-york-piyangosu-icin-cevrimici-bilet-alin\/","name":"New York Piyangosu i\u00e7in \u00e7evrimi\u00e7i bilet sat\u0131n al\u0131n","isPartOf":{"@id":"https:\/\/gambling6.com\/tr\/#website"},"datePublished":"2025-11-11T02:58:00+00:00","description":"New York Lotto i\u00e7in biletlerinizi internetten alarak an\u0131nda milyoner olun.","breadcrumb":{"@id":"https:\/\/gambling6.com\/tr\/piyango\/new-york-piyangosu-icin-cevrimici-bilet-alin\/#breadcrumb"},"inLanguage":"tr","potentialAction":[{"@type":"ReadAction","target":["https:\/\/gambling6.com\/tr\/piyango\/new-york-piyangosu-icin-cevrimici-bilet-alin\/"]}]},{"@type":"BreadcrumbList","@id":"https:\/\/gambling6.com\/tr\/piyango\/new-york-piyangosu-icin-cevrimici-bilet-alin\/#breadcrumb","itemListElement":[{"@type":"ListItem","position":1,"name":"Home","item":"https:\/\/gambling6.com\/tr\/home\/"},{"@type":"ListItem","position":2,"name":"Piyango","item":"https:\/\/gambling6.com\/tr\/piyango\/"},{"@type":"ListItem","position":3,"name":"New York Piyangosu i\u00e7in \u00c7evrimi\u00e7i Bilet Al\u0131n"}]},{"@type":"WebSite","@id":"https:\/\/gambling6.com\/tr\/#website","url":"https:\/\/gambling6.com\/tr\/","name":"Gambling6","description":"","potentialAction":[{"@type":"SearchAction","target":{"@type":"EntryPoint","urlTemplate":"https:\/\/gambling6.com\/tr\/?s={search_term_string}"},"query-input":{"@type":"PropertyValueSpecification","valueRequired":true,"valueName":"search_term_string"}}],"inLanguage":"tr"}]}},"_links":{"self":[{"href":"https:\/\/gambling6.com\/tr\/wp-json\/wp\/v2\/pages\/9439","targetHints":{"allow":["GET"]}}],"collection":[{"href":"https:\/\/gambling6.com\/tr\/wp-json\/wp\/v2\/pages"}],"about":[{"href":"https:\/\/gambling6.com\/tr\/wp-json\/wp\/v2\/types\/page"}],"author":[{"embeddable":true,"href":"https:\/\/gambling6.com\/tr\/wp-json\/wp\/v2\/users\/1"}],"replies":[{"embeddable":true,"href":"https:\/\/gambling6.com\/tr\/wp-json\/wp\/v2\/comments?post=9439"}],"version-history":[{"count":0,"href":"https:\/\/gambling6.com\/tr\/wp-json\/wp\/v2\/pages\/9439\/revisions"}],"up":[{"embeddable":true,"href":"https:\/\/gambling6.com\/tr\/wp-json\/wp\/v2\/pages\/9327"}],"wp:attachment":[{"href":"https:\/\/gambling6.com\/tr\/wp-json\/wp\/v2\/media?parent=9439"}],"curies":[{"name":"wp","href":"https:\/\/api.w.org\/{rel}","templated":true}]}}