{"id":9505,"date":"2025-11-11T04:01:56","date_gmt":"2025-11-11T04:01:56","guid":{"rendered":"https:\/\/gambling6.com\/piyango\/kanada-6-49-lotoya-katilin\/"},"modified":"2025-11-12T12:23:31","modified_gmt":"2025-11-12T12:23:31","slug":"kanada-6-49-lotoya-katilin","status":"publish","type":"page","link":"https:\/\/gambling6.com\/tr\/piyango\/kanada-6-49-lotoya-katilin\/","title":{"rendered":"Kanada 6\/49 Loto&#8217;ya kat\u0131l\u0131n"},"content":{"rendered":"<h2>Kanada Lotosu 6\/49<\/h2>\n<p>Kanada&#8217;da 1982&#8217;den beri k\u0131\u015f\u0131n iki \u015fey garantiydi. G\u00fcvenebilece\u011finiz ilk \u015fey, CBC&#8217;de Kanada&#8217;da Hokey Gecesi&#8217;ni izleyebilmekti. Tahmin edebildi\u011finiz ikinci \u015fey ise, Loto 6\/49 oynayan birinin Milyoner olaca\u011f\u0131yd\u0131. Bug\u00fcn bile Cumartesi gecesi \u00e7ekili\u015fine g\u00fcvenebilirsiniz. <strong>Bug\u00fcn\u00fcn en b\u00fcy\u00fck fark\u0131, Kanada Lotto 6\/49 \u00e7ekili\u015fi i\u00e7in \u00e7evrimi\u00e7i bilet sat\u0131n alabilmenizdir.<\/strong> <a class=\"thirstylink\" title=\"Redfoxlotto\" href=\"https:\/\/gambling6.com\/go\/redfoxlotto\/\" target=\"_blank\" rel=\"nofollow noopener\">Orta\u011f\u0131m\u0131z RedFoxLotto.com&#8217;dan bug\u00fcn \u00e7evrimi\u00e7i olarak bilet sat\u0131n almak i\u00e7in zaman ay\u0131r\u0131n.<\/a><img loading=\"lazy\" decoding=\"async\" class=\" alignright size-full wp-image-562\" style=\"margin: 10px; border: 5px solid #ffffff; float: right;\" src=\"http:\/\/gambling6.com\/wp-content\/uploads\/2013\/12\/get-online-649-lotto-tickets.png\" alt=\"Lotto 6\/49 Kanada\" width=\"300\" height=\"190\" \/><\/p>\n<p>Kanada Lotto 6\/49&#8217;da birincilik \u00f6d\u00fcl\u00fcn\u00fc kazanma olas\u0131l\u0131\u011f\u0131 13.983.816:1&#8217;dir. Genel olarak \u00f6d\u00fcl kazanma \u015fans\u0131 yakla\u015f\u0131k 32&#8217;de birdir. \u00c7evrimi\u00e7i bilet almak i\u00e7in \u00f6nce 1&#8217;den 49&#8217;a kadar alt\u0131 ana top se\u00e7in. <strong>B\u00fcy\u00fck ikramiyeyi kazanmak i\u00e7in, \u00e7ekilen alt\u0131 say\u0131n\u0131n hepsini do\u011fru tahmin etmeniz gerekir<\/strong>. \u0130kincilik \u00f6d\u00fcl\u00fcn\u00fc kazanmak i\u00e7in, be\u015f ana say\u0131y\u0131 ve bonus say\u0131s\u0131n\u0131 do\u011fru tahmin etmeniz gerekir. \u00c7ekili\u015fler, Kanada&#8217;da Cumartesi ve \u00c7ar\u015famba ak\u015famlar\u0131 Do\u011fu Saati ile yakla\u015f\u0131k 19:10&#8217;da yap\u0131l\u0131r. Alt\u0131 \u00f6d\u00fcl kademesi vard\u0131r ve kimse ikramiyeyi kazanamazsa, ikramiye bir sonraki oyuna aktar\u0131l\u0131r ve sonunda biri kazan\u0131r.<\/p>\n<h2>Lotto 6\/49 i\u00e7in \u00e7evrimi\u00e7i biletlerle b\u00fcy\u00fck ikramiyeler i\u00e7in oynay\u0131n<\/h2>\n<table style=\"width: 500px;\" border=\"1\" cellspacing=\"5\" cellpadding=\"5\" align=\"center\">\n<tbody>\n<tr>\n<td colspan=\"3\" align=\"center\">2013&#8217;\u00fcn En \u0130yi Be\u015f B\u00fcy\u00fck \u0130kramiyesi<\/td>\n<\/tr>\n<tr>\n<td>\u00c7ekili\u015f<\/td>\n<td align=\"center\">Tarih<\/td>\n<td align=\"center\">B\u00fcy\u00fck \u0130kramiye (USD)<\/td>\n<\/tr>\n<tr>\n<td>Loto 6\/49 &#8211; Kanada<\/td>\n<td align=\"center\">13 Nisan 2013<\/td>\n<td align=\"right\">58.974.913 $<\/td>\n<\/tr>\n<tr>\n<td>Loto 6\/49 &#8211; Kanada<\/td>\n<td align=\"center\">12 Ekim 2013<\/td>\n<td align=\"right\">37.200.000 $<\/td>\n<\/tr>\n<tr>\n<td>Loto 6\/49 &#8211; Kanada<\/td>\n<td align=\"center\">30-Ekim-13<\/td>\n<td align=\"right\">18.807.390 $<\/td>\n<\/tr>\n<tr>\n<td>Loto 6\/49 &#8211; Kanada<\/td>\n<td align=\"center\">6-Tem-13<\/td>\n<td align=\"right\">18.351.756 $<\/td>\n<\/tr>\n<tr>\n<td>Loto 6\/49 &#8211; Kanada<\/td>\n<td align=\"center\">4-Ara-13<\/td>\n<td align=\"right\">17.670.000$<\/td>\n<\/tr>\n<\/tbody>\n<\/table>\n<h2>\u00c7evrimi\u00e7i loto biletleriyle kazanabilece\u011finiz bir\u00e7ok \u00f6d\u00fcl seviyesi<\/h2>\n<p>Yedi farkl\u0131 \u00f6d\u00fcl seviyesiyle kazanma olana\u011f\u0131, Lotto 6\/49 i\u00e7in \u00e7evrimi\u00e7i bilet sat\u0131n ald\u0131\u011f\u0131n\u0131zda para kazanman\u0131z i\u00e7in bir d\u00fcnya olas\u0131l\u0131k sunar. Asl\u0131nda bir\u00e7ok ki\u015fi, \u00f6d\u00fcl kazanabilece\u011finiz t\u00fcm ek seviyeleri unutur. Bilet sat\u0131n ald\u0131ktan sonra, bir \u015fey kazan\u0131p kazanmad\u0131\u011f\u0131n\u0131z\u0131 kontrol etmeniz \u00f6nemlidir.<\/p>\n<p>Bir\u00e7ok ki\u015finin her hafta bilet sat\u0131n ald\u0131\u011f\u0131 ve ba\u015fka birinin kendilerinden farkl\u0131 bir yerden bilet sat\u0131n al\u0131p b\u00fcy\u00fck ikramiyeyi kazand\u0131\u011f\u0131n\u0131 duyduktan sonra bir \u015fey kazan\u0131p kazanmad\u0131klar\u0131n\u0131 kontrol etmedi\u011fi bir ger\u00e7ektir. <b>Lotto 6\/49 biletlerini \u00e7evrimi\u00e7i sat\u0131n almak ne kadar kolaysa, biletlerinizi \u00e7evrimi\u00e7i kontrol etmek de bir o kadar kolayd\u0131r.<\/b> D\u00fcnya \u00e7ap\u0131ndaki b\u00fcy\u00fck piyangolar i\u00e7in \u00e7e\u015fitli veritabanlar\u0131nda arama yapman\u0131za yard\u0131mc\u0131 olacak bir\u00e7ok ara\u00e7 mevcuttur.<\/p>\n<table style=\"geni\u015flik: 500px;\" border=\"1\" cellspacing=\"5\" cellpadding=\"5\" align=\"center\">\n<tbody>\n<tr>\n<td colspan=\"3\" align=\"center\">Lotto 6\/49 &#8211; Kanada \u00d6d\u00fcl Kademeleri<\/td>\n<\/tr>\n<tr>\n<td>\u00d6d\u00fcl<\/td>\n<td align=\"center\">Ma\u00e7lar<\/td>\n<td align=\"center\">Oran<\/td>\n<\/tr>\n<tr>\n<td>1. (B\u00fcy\u00fck \u0130kramiye)<\/td>\n<td align=\"center\">6<\/td>\n<td align=\"right\">13.983.816: 1<\/td>\n<\/tr>\n<tr>\n<td>2.<\/td>\n<td align=\"center\">5 + 1<\/td>\n<td align=\"right\">2.330.636: 1<\/td>\n<\/tr>\n<tr>\n<td>3.<\/td>\n<td align=\"center\">5<\/td>\n<td align=\"right\">55.492: 1<\/td>\n<\/tr>\n<tr>\n<td>4.<\/td>\n<td align=\"center\">4<\/td>\n<td align=\"right\">1.033: 1<\/td>\n<\/tr>\n<tr>\n<td>5.<\/td>\n<td align=\"center\">3<\/td>\n<td align=\"right\">57: 1<\/td>\n<\/tr>\n<tr>\n<td>6.<\/td>\n<td align=\"center\">2 + 1<\/td>\n<td align=\"right\">81: 1<\/td>\n<\/tr>\n<tr>\n<td>7.<\/td>\n<td align=\"center\">2<\/td>\n<td align=\"right\">8: 1<\/td>\n<\/tr>\n<\/tbody>\n<\/table>\n<p style=\"text-align: center;\"><strong>Kanada&#8217;n\u0131n 6\/49 lotosunu \u00e7evrimi\u00e7i oynay\u0131n ve milyoner olman\u0131n getirdi\u011fi \u00f6zg\u00fcrl\u00fc\u011f\u00fcn tad\u0131n\u0131 \u00e7\u0131kar\u0131n!<\/strong><\/p>\n","protected":false},"excerpt":{"rendered":"<p>Kanada Lotosu 6\/49 Kanada&#8217;da 1982&#8217;den beri k\u0131\u015f\u0131n iki \u015fey garantiydi. G\u00fcvenebilece\u011finiz ilk \u015fey, CBC&#8217;de Kanada&#8217;da Hokey Gecesi&#8217;ni izleyebilmekti. Tahmin edebildi\u011finiz ikinci \u015fey ise, Loto 6\/49 oynayan birinin Milyoner olaca\u011f\u0131yd\u0131. Bug\u00fcn bile Cumartesi gecesi \u00e7ekili\u015fine g\u00fcvenebilirsiniz. Bug\u00fcn\u00fcn en b\u00fcy\u00fck fark\u0131, Kanada Lotto 6\/49 \u00e7ekili\u015fi i\u00e7in \u00e7evrimi\u00e7i bilet sat\u0131n alabilmenizdir. Orta\u011f\u0131m\u0131z RedFoxLotto.com&#8217;dan bug\u00fcn \u00e7evrimi\u00e7i olarak bilet sat\u0131n [&hellip;]<\/p>\n","protected":false},"author":1,"featured_media":9488,"parent":9327,"menu_order":5,"comment_status":"closed","ping_status":"closed","template":"","meta":{"footnotes":""},"class_list":["post-9505","page","type-page","status-publish","has-post-thumbnail","hentry"],"yoast_head":"<!-- This site is optimized with the Yoast SEO plugin v27.4 - https:\/\/yoast.com\/product\/yoast-seo-wordpress\/ -->\n<title>Kanada 6\/49 Piyangosu i\u00e7in \u00c7evrimi\u00e7i Bilet Al\u0131n<\/title>\n<meta name=\"description\" content=\"Kanada&#039;da Lotto 6\/49 i\u00e7in online bilet almak art\u0131k \u00e7ok kolay.\" \/>\n<meta name=\"robots\" content=\"index, follow, max-snippet:-1, max-image-preview:large, max-video-preview:-1\" \/>\n<link rel=\"canonical\" href=\"https:\/\/gambling6.com\/tr\/piyango\/kanada-6-49-lotoya-katilin\/\" \/>\n<meta property=\"og:locale\" content=\"tr_TR\" \/>\n<meta property=\"og:type\" content=\"article\" \/>\n<meta property=\"og:title\" content=\"Kanada 6\/49 Piyangosu i\u00e7in \u00c7evrimi\u00e7i Bilet Al\u0131n\" \/>\n<meta property=\"og:description\" content=\"Kanada&#039;da Lotto 6\/49 i\u00e7in online bilet almak art\u0131k \u00e7ok kolay.\" \/>\n<meta property=\"og:url\" content=\"https:\/\/gambling6.com\/tr\/piyango\/kanada-6-49-lotoya-katilin\/\" \/>\n<meta property=\"og:site_name\" content=\"Gambling6\" \/>\n<meta property=\"article:modified_time\" content=\"2025-11-12T12:23:31+00:00\" \/>\n<meta property=\"og:image\" content=\"https:\/\/gambling6.com\/wp-content\/uploads\/2013\/12\/get-online-649-lotto-tickets.png\" \/>\n\t<meta property=\"og:image:width\" content=\"300\" \/>\n\t<meta property=\"og:image:height\" content=\"190\" \/>\n\t<meta property=\"og:image:type\" content=\"image\/png\" \/>\n<meta name=\"twitter:card\" content=\"summary_large_image\" \/>\n<meta name=\"twitter:label1\" content=\"Tahmini okuma s\u00fcresi\" \/>\n\t<meta name=\"twitter:data1\" content=\"2 dakika\" \/>\n<script type=\"application\/ld+json\" class=\"yoast-schema-graph\">{\"@context\":\"https:\\\/\\\/schema.org\",\"@graph\":[{\"@type\":\"WebPage\",\"@id\":\"https:\\\/\\\/gambling6.com\\\/tr\\\/piyango\\\/kanada-6-49-lotoya-katilin\\\/\",\"url\":\"https:\\\/\\\/gambling6.com\\\/tr\\\/piyango\\\/kanada-6-49-lotoya-katilin\\\/\",\"name\":\"Kanada 6\\\/49 Piyangosu i\u00e7in \u00c7evrimi\u00e7i Bilet Al\u0131n\",\"isPartOf\":{\"@id\":\"https:\\\/\\\/gambling6.com\\\/tr\\\/#website\"},\"primaryImageOfPage\":{\"@id\":\"https:\\\/\\\/gambling6.com\\\/tr\\\/piyango\\\/kanada-6-49-lotoya-katilin\\\/#primaryimage\"},\"image\":{\"@id\":\"https:\\\/\\\/gambling6.com\\\/tr\\\/piyango\\\/kanada-6-49-lotoya-katilin\\\/#primaryimage\"},\"thumbnailUrl\":\"https:\\\/\\\/gambling6.com\\\/wp-content\\\/uploads\\\/2013\\\/12\\\/get-online-649-lotto-tickets.png\",\"datePublished\":\"2025-11-11T04:01:56+00:00\",\"dateModified\":\"2025-11-12T12:23:31+00:00\",\"description\":\"Kanada'da Lotto 6\\\/49 i\u00e7in online bilet almak art\u0131k \u00e7ok kolay.\",\"breadcrumb\":{\"@id\":\"https:\\\/\\\/gambling6.com\\\/tr\\\/piyango\\\/kanada-6-49-lotoya-katilin\\\/#breadcrumb\"},\"inLanguage\":\"tr\",\"potentialAction\":[{\"@type\":\"ReadAction\",\"target\":[\"https:\\\/\\\/gambling6.com\\\/tr\\\/piyango\\\/kanada-6-49-lotoya-katilin\\\/\"]}]},{\"@type\":\"ImageObject\",\"inLanguage\":\"tr\",\"@id\":\"https:\\\/\\\/gambling6.com\\\/tr\\\/piyango\\\/kanada-6-49-lotoya-katilin\\\/#primaryimage\",\"url\":\"https:\\\/\\\/gambling6.com\\\/wp-content\\\/uploads\\\/2013\\\/12\\\/get-online-649-lotto-tickets.png\",\"contentUrl\":\"https:\\\/\\\/gambling6.com\\\/wp-content\\\/uploads\\\/2013\\\/12\\\/get-online-649-lotto-tickets.png\",\"width\":300,\"height\":190},{\"@type\":\"BreadcrumbList\",\"@id\":\"https:\\\/\\\/gambling6.com\\\/tr\\\/piyango\\\/kanada-6-49-lotoya-katilin\\\/#breadcrumb\",\"itemListElement\":[{\"@type\":\"ListItem\",\"position\":1,\"name\":\"Home\",\"item\":\"https:\\\/\\\/gambling6.com\\\/tr\\\/home\\\/\"},{\"@type\":\"ListItem\",\"position\":2,\"name\":\"Piyango\",\"item\":\"https:\\\/\\\/gambling6.com\\\/tr\\\/piyango\\\/\"},{\"@type\":\"ListItem\",\"position\":3,\"name\":\"Kanada 6\\\/49 Loto&#8217;ya kat\u0131l\u0131n\"}]},{\"@type\":\"WebSite\",\"@id\":\"https:\\\/\\\/gambling6.com\\\/tr\\\/#website\",\"url\":\"https:\\\/\\\/gambling6.com\\\/tr\\\/\",\"name\":\"Gambling6\",\"description\":\"\",\"potentialAction\":[{\"@type\":\"SearchAction\",\"target\":{\"@type\":\"EntryPoint\",\"urlTemplate\":\"https:\\\/\\\/gambling6.com\\\/tr\\\/?s={search_term_string}\"},\"query-input\":{\"@type\":\"PropertyValueSpecification\",\"valueRequired\":true,\"valueName\":\"search_term_string\"}}],\"inLanguage\":\"tr\"}]}<\/script>\n<!-- \/ Yoast SEO plugin. -->","yoast_head_json":{"title":"Kanada 6\/49 Piyangosu i\u00e7in \u00c7evrimi\u00e7i Bilet Al\u0131n","description":"Kanada'da Lotto 6\/49 i\u00e7in online bilet almak art\u0131k \u00e7ok kolay.","robots":{"index":"index","follow":"follow","max-snippet":"max-snippet:-1","max-image-preview":"max-image-preview:large","max-video-preview":"max-video-preview:-1"},"canonical":"https:\/\/gambling6.com\/tr\/piyango\/kanada-6-49-lotoya-katilin\/","og_locale":"tr_TR","og_type":"article","og_title":"Kanada 6\/49 Piyangosu i\u00e7in \u00c7evrimi\u00e7i Bilet Al\u0131n","og_description":"Kanada'da Lotto 6\/49 i\u00e7in online bilet almak art\u0131k \u00e7ok kolay.","og_url":"https:\/\/gambling6.com\/tr\/piyango\/kanada-6-49-lotoya-katilin\/","og_site_name":"Gambling6","article_modified_time":"2025-11-12T12:23:31+00:00","og_image":[{"width":300,"height":190,"url":"https:\/\/gambling6.com\/wp-content\/uploads\/2013\/12\/get-online-649-lotto-tickets.png","type":"image\/png"}],"twitter_card":"summary_large_image","twitter_misc":{"Tahmini okuma s\u00fcresi":"2 dakika"},"schema":{"@context":"https:\/\/schema.org","@graph":[{"@type":"WebPage","@id":"https:\/\/gambling6.com\/tr\/piyango\/kanada-6-49-lotoya-katilin\/","url":"https:\/\/gambling6.com\/tr\/piyango\/kanada-6-49-lotoya-katilin\/","name":"Kanada 6\/49 Piyangosu i\u00e7in \u00c7evrimi\u00e7i Bilet Al\u0131n","isPartOf":{"@id":"https:\/\/gambling6.com\/tr\/#website"},"primaryImageOfPage":{"@id":"https:\/\/gambling6.com\/tr\/piyango\/kanada-6-49-lotoya-katilin\/#primaryimage"},"image":{"@id":"https:\/\/gambling6.com\/tr\/piyango\/kanada-6-49-lotoya-katilin\/#primaryimage"},"thumbnailUrl":"https:\/\/gambling6.com\/wp-content\/uploads\/2013\/12\/get-online-649-lotto-tickets.png","datePublished":"2025-11-11T04:01:56+00:00","dateModified":"2025-11-12T12:23:31+00:00","description":"Kanada'da Lotto 6\/49 i\u00e7in online bilet almak art\u0131k \u00e7ok kolay.","breadcrumb":{"@id":"https:\/\/gambling6.com\/tr\/piyango\/kanada-6-49-lotoya-katilin\/#breadcrumb"},"inLanguage":"tr","potentialAction":[{"@type":"ReadAction","target":["https:\/\/gambling6.com\/tr\/piyango\/kanada-6-49-lotoya-katilin\/"]}]},{"@type":"ImageObject","inLanguage":"tr","@id":"https:\/\/gambling6.com\/tr\/piyango\/kanada-6-49-lotoya-katilin\/#primaryimage","url":"https:\/\/gambling6.com\/wp-content\/uploads\/2013\/12\/get-online-649-lotto-tickets.png","contentUrl":"https:\/\/gambling6.com\/wp-content\/uploads\/2013\/12\/get-online-649-lotto-tickets.png","width":300,"height":190},{"@type":"BreadcrumbList","@id":"https:\/\/gambling6.com\/tr\/piyango\/kanada-6-49-lotoya-katilin\/#breadcrumb","itemListElement":[{"@type":"ListItem","position":1,"name":"Home","item":"https:\/\/gambling6.com\/tr\/home\/"},{"@type":"ListItem","position":2,"name":"Piyango","item":"https:\/\/gambling6.com\/tr\/piyango\/"},{"@type":"ListItem","position":3,"name":"Kanada 6\/49 Loto&#8217;ya kat\u0131l\u0131n"}]},{"@type":"WebSite","@id":"https:\/\/gambling6.com\/tr\/#website","url":"https:\/\/gambling6.com\/tr\/","name":"Gambling6","description":"","potentialAction":[{"@type":"SearchAction","target":{"@type":"EntryPoint","urlTemplate":"https:\/\/gambling6.com\/tr\/?s={search_term_string}"},"query-input":{"@type":"PropertyValueSpecification","valueRequired":true,"valueName":"search_term_string"}}],"inLanguage":"tr"}]}},"_links":{"self":[{"href":"https:\/\/gambling6.com\/tr\/wp-json\/wp\/v2\/pages\/9505","targetHints":{"allow":["GET"]}}],"collection":[{"href":"https:\/\/gambling6.com\/tr\/wp-json\/wp\/v2\/pages"}],"about":[{"href":"https:\/\/gambling6.com\/tr\/wp-json\/wp\/v2\/types\/page"}],"author":[{"embeddable":true,"href":"https:\/\/gambling6.com\/tr\/wp-json\/wp\/v2\/users\/1"}],"replies":[{"embeddable":true,"href":"https:\/\/gambling6.com\/tr\/wp-json\/wp\/v2\/comments?post=9505"}],"version-history":[{"count":1,"href":"https:\/\/gambling6.com\/tr\/wp-json\/wp\/v2\/pages\/9505\/revisions"}],"predecessor-version":[{"id":10640,"href":"https:\/\/gambling6.com\/tr\/wp-json\/wp\/v2\/pages\/9505\/revisions\/10640"}],"up":[{"embeddable":true,"href":"https:\/\/gambling6.com\/tr\/wp-json\/wp\/v2\/pages\/9327"}],"wp:featuredmedia":[{"embeddable":true,"href":"https:\/\/gambling6.com\/tr\/wp-json\/wp\/v2\/media\/9488"}],"wp:attachment":[{"href":"https:\/\/gambling6.com\/tr\/wp-json\/wp\/v2\/media?parent=9505"}],"curies":[{"name":"wp","href":"https:\/\/api.w.org\/{rel}","templated":true}]}}