{"id":9622,"date":"2025-11-11T08:10:00","date_gmt":"2025-11-11T08:10:00","guid":{"rendered":"https:\/\/gambling6.com\/piyango\/florida-piyangosu-icin-cevrimici-bilet-satin-alin\/"},"modified":"2025-11-11T08:10:00","modified_gmt":"2025-11-11T08:10:00","slug":"florida-piyangosu-icin-cevrimici-bilet-satin-alin","status":"publish","type":"page","link":"https:\/\/gambling6.com\/tr\/piyango\/florida-piyangosu-icin-cevrimici-bilet-satin-alin\/","title":{"rendered":"Florida Piyangosu i\u00e7in \u00c7evrimi\u00e7i Bilet Sat\u0131n Al\u0131n"},"content":{"rendered":"<h2>Florida Loto<\/h2>\n<p>S\u0131cak eyalet, s\u0131cak piyango! Florida&#8217;dakiler, piyangolar\u0131n\u0131n her \u00c7ar\u015famba ve Cumartesi mutlaka yap\u0131lmas\u0131 gereken bir \u015fey oldu\u011fu konusunda kesinlikle hemfikir olacakt\u0131r. 2 milyon dolardan ba\u015flayan ve genellikle 10 milyon ve \u00fczerini bulan ikramiyeleriyle Florida Piyangosu, kar merakl\u0131lar\u0131 ve \u00e7evrimi\u00e7i piyango tutkunlar\u0131 aras\u0131nda inan\u0131lmaz derecede pop\u00fcler hale geldi. <strong>Florida Piyangosu i\u00e7in biletlerinizi \u00e7evrimi\u00e7i olarak almak, Florida&#8217;ya gidip sat\u0131n almaktan daha kolay.<\/strong><\/p>\n<p>B\u00fcy\u00fck ikramiyeyi kazanma olas\u0131l\u0131\u011f\u0131 22.957.480&#8217;de 1 olsa da,<strong>d\u00f6rt kademedeki \u00f6d\u00fcllerden birini kazanma \u015fans\u0131n\u0131z 67&#8217;de 1&#8217;den fazlad\u0131r<\/strong>. Sadece d\u00f6rt \u00f6d\u00fcl kademesi oldu\u011fu i\u00e7in, nakit miktarlar\u0131 di\u011fer \u00e7o\u011fu piyangodan daha y\u00fcksektir. Yine de b\u00fcy\u00fck ikramiyeyi kazanmak imkans\u0131z de\u011fil. Rekor b\u00fcy\u00fck ikramiye 106 milyon dolar\u0131n biraz \u00fczerindeydi; bu, kazan\u0131ld\u0131\u011f\u0131 d\u00f6nemde Amerikan tarihinin en b\u00fcy\u00fck ikramiyelerinden biriydi. <\/p>\n<h2>Florida Lotosu E\u011fitime Destek Oluyor<\/h2>\n<p>1988 y\u0131l\u0131nda, Florida eyaletinde e\u011fitime fon sa\u011flamak amac\u0131yla Florida Lotosu kuruldu. Bu ama\u00e7 i\u00e7in b\u00fcy\u00fck miktarda para topland\u0131 ve \u00e7evrimi\u00e7i sat\u0131\u015flar\u0131n da eklenmesiyle Florida Lotosu&#8217;nun ikramiyeleri h\u0131zla artt\u0131. Bu durum, 1990 y\u0131l\u0131ndaki 106 milyon dolarl\u0131k rekor ikramiyeden de anla\u015f\u0131l\u0131yor. <strong>Bu rekor ikramiye, biletlerindeki numaralara sahip alt\u0131 farkl\u0131 kazanan taraf\u0131ndan kazan\u0131ld\u0131.<\/strong><\/p>\n<p>Bu piyangoyu oynamak i\u00e7in 1 ile 53 aras\u0131nda alt\u0131 numara se\u00e7meniz gerekiyor. \u0130kramiyeyi kazanmak i\u00e7in alt\u0131 numaran\u0131n hepsini de tutturman\u0131z yeterli. \u0130kramiye kazan\u0131lmazsa, bir sonraki \u00e7ekili\u015fe devredilir. \u00c7evrimi\u00e7i bilet sahibi olarak, size b\u00fcy\u00fck paralar kazand\u0131rabilecek d\u00f6rt farkl\u0131 ikramiye seviyesinden yararlanma \u015fans\u0131n\u0131z var.<\/p>\n<p>Belki de Florida&#8217;n\u0131n s\u0131cak iklimine dayanam\u0131yorsunuzdur. Yine de, <a class=\"thirstylink\" title=\"TheLotter en\" href=\"https:\/\/gambling6.com\/go\/thelotter-en\/\" target=\"_blank\" rel=\"nofollow noopener\"><strong>orta\u011f\u0131m\u0131z TheLotter&#8217;\u0131 ziyaret ederek Florida Lotto i\u00e7in \u00e7evrimi\u00e7i bilet alman\u0131n avantajlar\u0131ndan yararlanabilirsiniz<\/strong>.<\/a><\/p>\n<p>&nbsp;<\/p>\n<table style=\"width: 500px;\" border=\"1\" cellspacing=\"5\" cellpadding=\"5\" align=\"center\">\n<tbody>\n<tr>\n<td colspan=\"3\" align=\"center\">2013&#8217;\u00fcn En B\u00fcy\u00fck B\u00fcy\u00fck \u0130kramiyeleri<\/td>\n<\/tr>\n<tr>\n<td>\u00c7ekili\u015f<\/td>\n<td align=\"center\">Tarih<\/td>\n<td align=\"center\">B\u00fcy\u00fck \u0130kramiye (USD)<\/td>\n<\/tr>\n<tr>\n<td>Florida Lotto &#8211; ABD<\/td>\n<td align=\"center\">24 A\u011fustos 2013<\/td>\n<td align=\"right\">58.000.000 ABD Dolar\u0131<\/td>\n<\/tr>\n<tr>\n<td>Florida Lotto &#8211; ABD<\/td>\n<td align=\"center\">18 Aral\u0131k 2013<\/td>\n<td align=\"right\">46.000.000 Dolar<\/td>\n<\/tr>\n<\/tbody>\n<\/table>\n<p>&nbsp;<\/p>\n<table style=\"width: 500px;\" border=\"1\" cellspacing=\"5\" cellpadding=\"5\" align=\"center\">\n<tbody>\n<tr>\n<td colspan=\"3\" align=\"center\">Florida Loto &#8211; ABD \u00d6d\u00fcl Kademeleri<\/td>\n<\/tr>\n<tr>\n<td>\u00d6d\u00fcl<\/td>\n<td align=\"center\">Ma\u00e7lar<\/td>\n<td align=\"center\">Oran<\/td>\n<\/tr>\n<tr>\n<td>1. (B\u00fcy\u00fck \u0130kramiye)<\/td>\n<td align=\"center\">6<\/td>\n<td align=\"right\">22.957.480: 1<\/td>\n<\/tr>\n<tr>\n<td>2.<\/td>\n<td align=\"center\">5<\/td>\n<td align=\"right\">81.410: 1<\/td>\n<\/tr>\n<tr>\n<td>3.<\/td>\n<td align=\"center\">4<\/td>\n<td align=\"right\">1.416: 1<\/td>\n<\/tr>\n<tr>\n<td>4.<\/td>\n<td align=\"center\">3<\/td>\n<td align=\"right\">71: 1<\/td>\n<\/tr>\n<\/tbody>\n<\/table>\n","protected":false},"excerpt":{"rendered":"<p>Florida Loto S\u0131cak eyalet, s\u0131cak piyango! Florida&#8217;dakiler, piyangolar\u0131n\u0131n her \u00c7ar\u015famba ve Cumartesi mutlaka yap\u0131lmas\u0131 gereken bir \u015fey oldu\u011fu konusunda kesinlikle hemfikir olacakt\u0131r. 2 milyon dolardan ba\u015flayan ve genellikle 10 milyon ve \u00fczerini bulan ikramiyeleriyle Florida Piyangosu, kar merakl\u0131lar\u0131 ve \u00e7evrimi\u00e7i piyango tutkunlar\u0131 aras\u0131nda inan\u0131lmaz derecede pop\u00fcler hale geldi. Florida Piyangosu i\u00e7in biletlerinizi \u00e7evrimi\u00e7i olarak almak, [&hellip;]<\/p>\n","protected":false},"author":1,"featured_media":0,"parent":9327,"menu_order":11,"comment_status":"closed","ping_status":"closed","template":"","meta":{"footnotes":""},"class_list":["post-9622","page","type-page","status-publish","hentry"],"yoast_head":"<!-- This site is optimized with the Yoast SEO plugin v27.4 - https:\/\/yoast.com\/product\/yoast-seo-wordpress\/ -->\n<title>Get Online Tickets for Florida Lottery<\/title>\n<meta name=\"description\" content=\"Florida Lotto&#039;ya kat\u0131l\u0131n ve biletlerinizi internetten alarak s\u0131ca\u011fa yenilin.\" \/>\n<meta name=\"robots\" content=\"index, follow, max-snippet:-1, max-image-preview:large, max-video-preview:-1\" \/>\n<link rel=\"canonical\" href=\"https:\/\/gambling6.com\/tr\/piyango\/florida-piyangosu-icin-cevrimici-bilet-satin-alin\/\" \/>\n<meta property=\"og:locale\" content=\"tr_TR\" \/>\n<meta property=\"og:type\" content=\"article\" \/>\n<meta property=\"og:title\" content=\"Get Online Tickets for Florida Lottery\" \/>\n<meta property=\"og:description\" content=\"Florida Lotto&#039;ya kat\u0131l\u0131n ve biletlerinizi internetten alarak s\u0131ca\u011fa yenilin.\" \/>\n<meta property=\"og:url\" content=\"https:\/\/gambling6.com\/tr\/piyango\/florida-piyangosu-icin-cevrimici-bilet-satin-alin\/\" \/>\n<meta property=\"og:site_name\" content=\"Gambling6\" \/>\n<meta name=\"twitter:card\" content=\"summary_large_image\" \/>\n<meta name=\"twitter:label1\" content=\"Tahmini okuma s\u00fcresi\" \/>\n\t<meta name=\"twitter:data1\" content=\"2 dakika\" \/>\n<script type=\"application\/ld+json\" class=\"yoast-schema-graph\">{\"@context\":\"https:\\\/\\\/schema.org\",\"@graph\":[{\"@type\":\"WebPage\",\"@id\":\"https:\\\/\\\/gambling6.com\\\/tr\\\/piyango\\\/florida-piyangosu-icin-cevrimici-bilet-satin-alin\\\/\",\"url\":\"https:\\\/\\\/gambling6.com\\\/tr\\\/piyango\\\/florida-piyangosu-icin-cevrimici-bilet-satin-alin\\\/\",\"name\":\"Get Online Tickets for Florida Lottery\",\"isPartOf\":{\"@id\":\"https:\\\/\\\/gambling6.com\\\/tr\\\/#website\"},\"datePublished\":\"2025-11-11T08:10:00+00:00\",\"description\":\"Florida Lotto'ya kat\u0131l\u0131n ve biletlerinizi internetten alarak s\u0131ca\u011fa yenilin.\",\"breadcrumb\":{\"@id\":\"https:\\\/\\\/gambling6.com\\\/tr\\\/piyango\\\/florida-piyangosu-icin-cevrimici-bilet-satin-alin\\\/#breadcrumb\"},\"inLanguage\":\"tr\",\"potentialAction\":[{\"@type\":\"ReadAction\",\"target\":[\"https:\\\/\\\/gambling6.com\\\/tr\\\/piyango\\\/florida-piyangosu-icin-cevrimici-bilet-satin-alin\\\/\"]}]},{\"@type\":\"BreadcrumbList\",\"@id\":\"https:\\\/\\\/gambling6.com\\\/tr\\\/piyango\\\/florida-piyangosu-icin-cevrimici-bilet-satin-alin\\\/#breadcrumb\",\"itemListElement\":[{\"@type\":\"ListItem\",\"position\":1,\"name\":\"Home\",\"item\":\"https:\\\/\\\/gambling6.com\\\/tr\\\/home\\\/\"},{\"@type\":\"ListItem\",\"position\":2,\"name\":\"Piyango\",\"item\":\"https:\\\/\\\/gambling6.com\\\/tr\\\/piyango\\\/\"},{\"@type\":\"ListItem\",\"position\":3,\"name\":\"Florida Piyangosu i\u00e7in \u00c7evrimi\u00e7i Bilet Sat\u0131n Al\u0131n\"}]},{\"@type\":\"WebSite\",\"@id\":\"https:\\\/\\\/gambling6.com\\\/tr\\\/#website\",\"url\":\"https:\\\/\\\/gambling6.com\\\/tr\\\/\",\"name\":\"Gambling6\",\"description\":\"\",\"potentialAction\":[{\"@type\":\"SearchAction\",\"target\":{\"@type\":\"EntryPoint\",\"urlTemplate\":\"https:\\\/\\\/gambling6.com\\\/tr\\\/?s={search_term_string}\"},\"query-input\":{\"@type\":\"PropertyValueSpecification\",\"valueRequired\":true,\"valueName\":\"search_term_string\"}}],\"inLanguage\":\"tr\"}]}<\/script>\n<!-- \/ Yoast SEO plugin. -->","yoast_head_json":{"title":"Get Online Tickets for Florida Lottery","description":"Florida Lotto'ya kat\u0131l\u0131n ve biletlerinizi internetten alarak s\u0131ca\u011fa yenilin.","robots":{"index":"index","follow":"follow","max-snippet":"max-snippet:-1","max-image-preview":"max-image-preview:large","max-video-preview":"max-video-preview:-1"},"canonical":"https:\/\/gambling6.com\/tr\/piyango\/florida-piyangosu-icin-cevrimici-bilet-satin-alin\/","og_locale":"tr_TR","og_type":"article","og_title":"Get Online Tickets for Florida Lottery","og_description":"Florida Lotto'ya kat\u0131l\u0131n ve biletlerinizi internetten alarak s\u0131ca\u011fa yenilin.","og_url":"https:\/\/gambling6.com\/tr\/piyango\/florida-piyangosu-icin-cevrimici-bilet-satin-alin\/","og_site_name":"Gambling6","twitter_card":"summary_large_image","twitter_misc":{"Tahmini okuma s\u00fcresi":"2 dakika"},"schema":{"@context":"https:\/\/schema.org","@graph":[{"@type":"WebPage","@id":"https:\/\/gambling6.com\/tr\/piyango\/florida-piyangosu-icin-cevrimici-bilet-satin-alin\/","url":"https:\/\/gambling6.com\/tr\/piyango\/florida-piyangosu-icin-cevrimici-bilet-satin-alin\/","name":"Get Online Tickets for Florida Lottery","isPartOf":{"@id":"https:\/\/gambling6.com\/tr\/#website"},"datePublished":"2025-11-11T08:10:00+00:00","description":"Florida Lotto'ya kat\u0131l\u0131n ve biletlerinizi internetten alarak s\u0131ca\u011fa yenilin.","breadcrumb":{"@id":"https:\/\/gambling6.com\/tr\/piyango\/florida-piyangosu-icin-cevrimici-bilet-satin-alin\/#breadcrumb"},"inLanguage":"tr","potentialAction":[{"@type":"ReadAction","target":["https:\/\/gambling6.com\/tr\/piyango\/florida-piyangosu-icin-cevrimici-bilet-satin-alin\/"]}]},{"@type":"BreadcrumbList","@id":"https:\/\/gambling6.com\/tr\/piyango\/florida-piyangosu-icin-cevrimici-bilet-satin-alin\/#breadcrumb","itemListElement":[{"@type":"ListItem","position":1,"name":"Home","item":"https:\/\/gambling6.com\/tr\/home\/"},{"@type":"ListItem","position":2,"name":"Piyango","item":"https:\/\/gambling6.com\/tr\/piyango\/"},{"@type":"ListItem","position":3,"name":"Florida Piyangosu i\u00e7in \u00c7evrimi\u00e7i Bilet Sat\u0131n Al\u0131n"}]},{"@type":"WebSite","@id":"https:\/\/gambling6.com\/tr\/#website","url":"https:\/\/gambling6.com\/tr\/","name":"Gambling6","description":"","potentialAction":[{"@type":"SearchAction","target":{"@type":"EntryPoint","urlTemplate":"https:\/\/gambling6.com\/tr\/?s={search_term_string}"},"query-input":{"@type":"PropertyValueSpecification","valueRequired":true,"valueName":"search_term_string"}}],"inLanguage":"tr"}]}},"_links":{"self":[{"href":"https:\/\/gambling6.com\/tr\/wp-json\/wp\/v2\/pages\/9622","targetHints":{"allow":["GET"]}}],"collection":[{"href":"https:\/\/gambling6.com\/tr\/wp-json\/wp\/v2\/pages"}],"about":[{"href":"https:\/\/gambling6.com\/tr\/wp-json\/wp\/v2\/types\/page"}],"author":[{"embeddable":true,"href":"https:\/\/gambling6.com\/tr\/wp-json\/wp\/v2\/users\/1"}],"replies":[{"embeddable":true,"href":"https:\/\/gambling6.com\/tr\/wp-json\/wp\/v2\/comments?post=9622"}],"version-history":[{"count":0,"href":"https:\/\/gambling6.com\/tr\/wp-json\/wp\/v2\/pages\/9622\/revisions"}],"up":[{"embeddable":true,"href":"https:\/\/gambling6.com\/tr\/wp-json\/wp\/v2\/pages\/9327"}],"wp:attachment":[{"href":"https:\/\/gambling6.com\/tr\/wp-json\/wp\/v2\/media?parent=9622"}],"curies":[{"name":"wp","href":"https:\/\/api.w.org\/{rel}","templated":true}]}}