{"id":9640,"date":"2025-11-11T08:51:31","date_gmt":"2025-11-11T08:51:31","guid":{"rendered":"https:\/\/gambling6.com\/piyango\/eurojackpot-piyangosu-icin-cevrimici-bilet-alin\/"},"modified":"2025-11-11T08:51:31","modified_gmt":"2025-11-11T08:51:31","slug":"eurojackpot-piyangosu-icin-cevrimici-bilet-alin","status":"publish","type":"page","link":"https:\/\/gambling6.com\/tr\/piyango\/eurojackpot-piyangosu-icin-cevrimici-bilet-alin\/","title":{"rendered":"Eurojackpot Piyangosu i\u00e7in \u00c7evrimi\u00e7i Bilet Al\u0131n"},"content":{"rendered":"<h2>Eurojackpot Piyangosu<\/h2>\n<p>Eurojackpot biletlerini internetten sat\u0131n alabilir ve bir gecede milyoner olabilirsiniz. \u0130nternet, art\u0131k bir\u00e7ok Avrupa piyangosu gibi Eurojackpot&#8217;u da internetten oynamay\u0131 m\u00fcmk\u00fcn k\u0131ld\u0131. Bunu, evinizde vakit ge\u00e7irdi\u011finiz rahat koltu\u011funuzdan online bilet sat\u0131n alarak yapabilirsiniz. Art\u0131k bakkala veya piyango b\u00fcfelerine ko\u015fman\u0131za gerek yok, Eurojackpot biletlerinizi online al\u0131n.<img loading=\"lazy\" decoding=\"async\" class=\"alignright wp-image-552 \" style=\"margin: 10px; border: 5px solid #ffffff; float: right;\" src=\"https:\/\/gambling6.com\/wp-content\/uploads\/2013\/12\/play-euro-jackpot-online.jpg\" alt=\"online eurojackpot bileti sat\u0131n al\" width=\"240\" height=\"218\" \/><\/p>\n<p>B\u00fcy\u00fck ikramiyelerden yararlanmak isteyen milyonlarca ki\u015fiden biri olmak istiyorsan\u0131z, tek yapman\u0131z gereken yedi numaran\u0131z\u0131 \u00e7evrimi\u00e7i olarak se\u00e7mek ve bir\u00e7ok kullan\u0131\u015fl\u0131 \u00f6deme y\u00f6nteminden birini kullanarak para \u00e7ekmek. Online piyango bileti sat\u0131n almak hi\u00e7 bu kadar kolay olmam\u0131\u015ft\u0131. Avrupa&#8217;n\u0131n d\u00f6rt bir yan\u0131nda, bir\u00e7ok b\u00fcy\u00fck ikramiyeli piyango i\u00e7in online bilet sat\u0131n alabilirsiniz.<\/p>\n<h2>Herhangi bir \u00fclkeden online Eurojackpot bileti sat\u0131n al\u0131n<\/h2>\n<p>\u0130nternetten bilet sat\u0131n al\u0131rken s\u0131n\u0131r diye bir \u015fey yoktur. \u0130ster K\u00fcba&#8217;da ister \u00c7in&#8217;de olun, i\u015f orta\u011f\u0131m\u0131z RedFoxLotto ile internet \u00fczerinden h\u0131zl\u0131, kolay ve g\u00fcvenli bir ortamda bilet sat\u0131n alabilirsiniz. <a class=\"thirstylink\" title=\"RedFoxLotto en\" href=\"https:\/\/gambling6.com\/go\/redfoxlotto-en\/\" target=\"_blank\" rel=\"nofollow noopener\">Buradan kaydolun, hesab\u0131n\u0131za giri\u015f yap\u0131n<\/a>, numaralar\u0131n\u0131z\u0131 se\u00e7in, \u00f6deme yap\u0131n ve biletinizi \u00e7ekili\u015f sonu\u00e7lar\u0131yla kar\u015f\u0131la\u015ft\u0131rmak i\u00e7in bekleyin.<\/p>\n<p>RedFoxLotto, ABD&#8217;de bulunan loto hayranlar\u0131n\u0131 kabul etmemektedir; bunun yerine, ABD&#8217;li oyuncular uluslararas\u0131 piyango biletleri i\u00e7in bir di\u011fer se\u00e7enek olan TheLotter&#8217;\u0131 denemelidir.<br \/>\n<a href=\"https:\/\/smarturl.it\/theBig_Play?tl_affid=8190&amp;tl_bannerid=6cc3afab\" target=\"_self\" rel=\"noopener\"><img loading=\"lazy\" decoding=\"async\" class=\"aligncenter\" title=\"\" src=\"\/\/www.thelotter-affiliates.com\/accounts\/default1\/banners\/6cc3afab.gif\" alt=\"\" width=\"468\" height=\"60\" \/><\/a><\/p>\n<h2>Eurojackpot online biletlerinizle b\u00fcy\u00fck \u00f6d\u00fcller<\/h2>\n<table style=\"width: 500px;\" border=\"1\" cellspacing=\"5\" cellpadding=\"5\" align=\"center\">\n<tbody>\n<tr>\n<td colspan=\"3\" align=\"center\">2013&#8217;\u00fcn En \u0130yi Be\u015f B\u00fcy\u00fck \u0130kramiyesi<\/td>\n<\/tr>\n<tr>\n<td>\u00c7ekili\u015f<\/td>\n<td align=\"center\">Tarih<\/td>\n<td align=\"center\">B\u00fcy\u00fck \u0130kramiye (USD)<\/td>\n<\/tr>\n<tr>\n<td>Euro B\u00fcy\u00fck \u0130kramiye &#8211; Avrupa<\/td>\n<td align=\"center\">12 Nis 2013<\/td>\n<td align=\"right\">63.128.694 ABD Dolar\u0131<\/td>\n<\/tr>\n<tr>\n<td>Euro B\u00fcy\u00fck \u0130kramiye &#8211; Avrupa<\/td>\n<td align=\"center\">19 Tem 2013<\/td>\n<td align=\"right\">56.886.414 ABD Dolar\u0131<\/td>\n<\/tr>\n<tr>\n<td>Euro Jackpot &#8211; Avrupa<\/td>\n<td align=\"center\">25 Ocak 2013<\/td>\n<td align=\"right\">40.470.680 ABD Dolar\u0131<\/td>\n<\/tr>\n<tr>\n<td>Euro Jackpot &#8211; Avrupa<\/td>\n<td align=\"center\">27 Eyl\u00fcl 2013<\/td>\n<td align=\"right\">29.122.090 ABD Dolar\u0131<\/td>\n<\/tr>\n<tr>\n<td>Euro Jackpot &#8211; Avrupa<\/td>\n<td align=\"center\">7 Aral\u0131k 2013<\/td>\n<td align=\"right\">28.770.000$<\/td>\n<\/tr>\n<\/tbody>\n<\/table>\n<h2>\u00a0\u00c7evrimi\u00e7i Eurojackpot biletlerinizle kazanmak i\u00e7in on iki \u015fans<\/h2>\n<table style=\"width: 500px;\" border=\"1\" cellspacing=\"5\" cellpadding=\"5\" align=\"center\">\n<tbody>\n<tr>\n<td colspan=\"3\" align=\"center\">Eurojackpot \u00d6d\u00fcl Kademeleri<\/td>\n<\/tr>\n<tr>\n<td>\u00d6d\u00fcl<\/td>\n<td align=\"center\">Ma\u00e7lar<\/td>\n<td align=\"center\">Oran<\/td>\n<\/tr>\n<tr>\n<td>1. (Jackpot)<\/td>\n<td align=\"center\">5 + 2<\/td>\n<td align=\"right\">59.325.280 : 1<\/td>\n<\/tr>\n<tr>\n<td>2.<\/td>\n<td align=\"center\">5 + 1<\/td>\n<td align=\"right\">4.943.773 : 1<\/td>\n<\/tr>\n<tr>\n<td>3.<\/td>\n<td align=\"center\">5<\/td>\n<td align=\"right\">3.955.019: 1<\/td>\n<\/tr>\n<tr>\n<td>4.<\/td>\n<td align=\"center\">4 + 2<\/td>\n<td align=\"right\">263.668: 1<\/td>\n<\/tr>\n<tr>\n<td>5.<\/td>\n<td align=\"center\">4 + 1<\/td>\n<td align=\"right\">21.972: 1<\/td>\n<\/tr>\n<tr>\n<td>6.<\/td>\n<td align=\"center\">4<\/td>\n<td align=\"right\">17.578: 1<\/td>\n<\/tr>\n<tr>\n<td>7.<\/td>\n<td align=\"center\">3 + 2<\/td>\n<td align=\"right\">5.992 : 1<\/td>\n<\/tr>\n<tr>\n<td>8.<\/td>\n<td align=\"center\">3 + 1<\/td>\n<td align=\"right\">499 : 1<\/td>\n<\/tr>\n<tr>\n<td>9.<\/td>\n<td align=\"center\">2 + 2<\/td>\n<td align=\"right\">418 : 1<\/td>\n<\/tr>\n<tr>\n<td>10.<\/td>\n<td align=\"center\">3<\/td>\n<td align=\"right\">399 : 1<\/td>\n<\/tr>\n<tr>\n<td>11.<\/td>\n<td align=\"center\">1 + 2<\/td>\n<td align=\"right\">80 : 1<\/td>\n<\/tr>\n<tr>\n<td>12.<\/td>\n<td align=\"center\">2 + 1<\/td>\n<td align=\"right\">35 : 1<\/td>\n<\/tr>\n<\/tbody>\n<\/table>\n<p style=\"text-align: center;\"><strong>Milyoner olma \u015fans\u0131n\u0131z\u0131 ertelemeyin. Eurojackpot biletlerinizi bug\u00fcn online sat\u0131n almak i\u00e7in kaydolun.<\/strong><\/p>\n","protected":false},"excerpt":{"rendered":"<p>Eurojackpot Piyangosu Eurojackpot biletlerini internetten sat\u0131n alabilir ve bir gecede milyoner olabilirsiniz. \u0130nternet, art\u0131k bir\u00e7ok Avrupa piyangosu gibi Eurojackpot&#8217;u da internetten oynamay\u0131 m\u00fcmk\u00fcn k\u0131ld\u0131. Bunu, evinizde vakit ge\u00e7irdi\u011finiz rahat koltu\u011funuzdan online bilet sat\u0131n alarak yapabilirsiniz. Art\u0131k bakkala veya piyango b\u00fcfelerine ko\u015fman\u0131za gerek yok, Eurojackpot biletlerinizi online al\u0131n. B\u00fcy\u00fck ikramiyelerden yararlanmak isteyen milyonlarca ki\u015fiden biri olmak [&hellip;]<\/p>\n","protected":false},"author":1,"featured_media":9530,"parent":9327,"menu_order":10,"comment_status":"closed","ping_status":"closed","template":"","meta":{"footnotes":""},"class_list":["post-9640","page","type-page","status-publish","has-post-thumbnail","hentry"],"yoast_head":"<!-- This site is optimized with the Yoast SEO plugin v27.4 - https:\/\/yoast.com\/product\/yoast-seo-wordpress\/ -->\n<title>Eurojackpot Piyangosu i\u00e7in \u00e7evrimi\u00e7i bilet sat\u0131n al\u0131n<\/title>\n<meta name=\"description\" content=\"\u00c7evrimi\u00e7i loto biletinizi sat\u0131n ald\u0131\u011f\u0131n\u0131zda Eurojackpot oynayarak \u00e7ok para kazanabilirsiniz.\" \/>\n<meta name=\"robots\" content=\"index, follow, max-snippet:-1, max-image-preview:large, max-video-preview:-1\" \/>\n<link rel=\"canonical\" href=\"https:\/\/gambling6.com\/tr\/piyango\/eurojackpot-piyangosu-icin-cevrimici-bilet-alin\/\" \/>\n<meta property=\"og:locale\" content=\"tr_TR\" \/>\n<meta property=\"og:type\" content=\"article\" \/>\n<meta property=\"og:title\" content=\"Eurojackpot Piyangosu i\u00e7in \u00e7evrimi\u00e7i bilet sat\u0131n al\u0131n\" \/>\n<meta property=\"og:description\" content=\"\u00c7evrimi\u00e7i loto biletinizi sat\u0131n ald\u0131\u011f\u0131n\u0131zda Eurojackpot oynayarak \u00e7ok para kazanabilirsiniz.\" \/>\n<meta property=\"og:url\" content=\"https:\/\/gambling6.com\/tr\/piyango\/eurojackpot-piyangosu-icin-cevrimici-bilet-alin\/\" \/>\n<meta property=\"og:site_name\" content=\"Gambling6\" \/>\n<meta property=\"og:image\" content=\"https:\/\/gambling6.com\/wp-content\/uploads\/2013\/12\/play-euro-jackpot-online.jpg\" \/>\n\t<meta property=\"og:image:width\" content=\"285\" \/>\n\t<meta property=\"og:image:height\" content=\"259\" \/>\n\t<meta property=\"og:image:type\" content=\"image\/jpeg\" \/>\n<meta name=\"twitter:card\" content=\"summary_large_image\" \/>\n<meta name=\"twitter:label1\" content=\"Tahmini okuma s\u00fcresi\" \/>\n\t<meta name=\"twitter:data1\" content=\"2 dakika\" \/>\n<script type=\"application\/ld+json\" class=\"yoast-schema-graph\">{\"@context\":\"https:\\\/\\\/schema.org\",\"@graph\":[{\"@type\":\"WebPage\",\"@id\":\"https:\\\/\\\/gambling6.com\\\/tr\\\/piyango\\\/eurojackpot-piyangosu-icin-cevrimici-bilet-alin\\\/\",\"url\":\"https:\\\/\\\/gambling6.com\\\/tr\\\/piyango\\\/eurojackpot-piyangosu-icin-cevrimici-bilet-alin\\\/\",\"name\":\"Eurojackpot Piyangosu i\u00e7in \u00e7evrimi\u00e7i bilet sat\u0131n al\u0131n\",\"isPartOf\":{\"@id\":\"https:\\\/\\\/gambling6.com\\\/tr\\\/#website\"},\"primaryImageOfPage\":{\"@id\":\"https:\\\/\\\/gambling6.com\\\/tr\\\/piyango\\\/eurojackpot-piyangosu-icin-cevrimici-bilet-alin\\\/#primaryimage\"},\"image\":{\"@id\":\"https:\\\/\\\/gambling6.com\\\/tr\\\/piyango\\\/eurojackpot-piyangosu-icin-cevrimici-bilet-alin\\\/#primaryimage\"},\"thumbnailUrl\":\"https:\\\/\\\/gambling6.com\\\/wp-content\\\/uploads\\\/2013\\\/12\\\/play-euro-jackpot-online.jpg\",\"datePublished\":\"2025-11-11T08:51:31+00:00\",\"description\":\"\u00c7evrimi\u00e7i loto biletinizi sat\u0131n ald\u0131\u011f\u0131n\u0131zda Eurojackpot oynayarak \u00e7ok para kazanabilirsiniz.\",\"breadcrumb\":{\"@id\":\"https:\\\/\\\/gambling6.com\\\/tr\\\/piyango\\\/eurojackpot-piyangosu-icin-cevrimici-bilet-alin\\\/#breadcrumb\"},\"inLanguage\":\"tr\",\"potentialAction\":[{\"@type\":\"ReadAction\",\"target\":[\"https:\\\/\\\/gambling6.com\\\/tr\\\/piyango\\\/eurojackpot-piyangosu-icin-cevrimici-bilet-alin\\\/\"]}]},{\"@type\":\"ImageObject\",\"inLanguage\":\"tr\",\"@id\":\"https:\\\/\\\/gambling6.com\\\/tr\\\/piyango\\\/eurojackpot-piyangosu-icin-cevrimici-bilet-alin\\\/#primaryimage\",\"url\":\"https:\\\/\\\/gambling6.com\\\/wp-content\\\/uploads\\\/2013\\\/12\\\/play-euro-jackpot-online.jpg\",\"contentUrl\":\"https:\\\/\\\/gambling6.com\\\/wp-content\\\/uploads\\\/2013\\\/12\\\/play-euro-jackpot-online.jpg\",\"width\":285,\"height\":259},{\"@type\":\"BreadcrumbList\",\"@id\":\"https:\\\/\\\/gambling6.com\\\/tr\\\/piyango\\\/eurojackpot-piyangosu-icin-cevrimici-bilet-alin\\\/#breadcrumb\",\"itemListElement\":[{\"@type\":\"ListItem\",\"position\":1,\"name\":\"Home\",\"item\":\"https:\\\/\\\/gambling6.com\\\/tr\\\/home\\\/\"},{\"@type\":\"ListItem\",\"position\":2,\"name\":\"Piyango\",\"item\":\"https:\\\/\\\/gambling6.com\\\/tr\\\/piyango\\\/\"},{\"@type\":\"ListItem\",\"position\":3,\"name\":\"Eurojackpot Piyangosu i\u00e7in \u00c7evrimi\u00e7i Bilet Al\u0131n\"}]},{\"@type\":\"WebSite\",\"@id\":\"https:\\\/\\\/gambling6.com\\\/tr\\\/#website\",\"url\":\"https:\\\/\\\/gambling6.com\\\/tr\\\/\",\"name\":\"Gambling6\",\"description\":\"\",\"potentialAction\":[{\"@type\":\"SearchAction\",\"target\":{\"@type\":\"EntryPoint\",\"urlTemplate\":\"https:\\\/\\\/gambling6.com\\\/tr\\\/?s={search_term_string}\"},\"query-input\":{\"@type\":\"PropertyValueSpecification\",\"valueRequired\":true,\"valueName\":\"search_term_string\"}}],\"inLanguage\":\"tr\"}]}<\/script>\n<!-- \/ Yoast SEO plugin. -->","yoast_head_json":{"title":"Eurojackpot Piyangosu i\u00e7in \u00e7evrimi\u00e7i bilet sat\u0131n al\u0131n","description":"\u00c7evrimi\u00e7i loto biletinizi sat\u0131n ald\u0131\u011f\u0131n\u0131zda Eurojackpot oynayarak \u00e7ok para kazanabilirsiniz.","robots":{"index":"index","follow":"follow","max-snippet":"max-snippet:-1","max-image-preview":"max-image-preview:large","max-video-preview":"max-video-preview:-1"},"canonical":"https:\/\/gambling6.com\/tr\/piyango\/eurojackpot-piyangosu-icin-cevrimici-bilet-alin\/","og_locale":"tr_TR","og_type":"article","og_title":"Eurojackpot Piyangosu i\u00e7in \u00e7evrimi\u00e7i bilet sat\u0131n al\u0131n","og_description":"\u00c7evrimi\u00e7i loto biletinizi sat\u0131n ald\u0131\u011f\u0131n\u0131zda Eurojackpot oynayarak \u00e7ok para kazanabilirsiniz.","og_url":"https:\/\/gambling6.com\/tr\/piyango\/eurojackpot-piyangosu-icin-cevrimici-bilet-alin\/","og_site_name":"Gambling6","og_image":[{"width":285,"height":259,"url":"https:\/\/gambling6.com\/wp-content\/uploads\/2013\/12\/play-euro-jackpot-online.jpg","type":"image\/jpeg"}],"twitter_card":"summary_large_image","twitter_misc":{"Tahmini okuma s\u00fcresi":"2 dakika"},"schema":{"@context":"https:\/\/schema.org","@graph":[{"@type":"WebPage","@id":"https:\/\/gambling6.com\/tr\/piyango\/eurojackpot-piyangosu-icin-cevrimici-bilet-alin\/","url":"https:\/\/gambling6.com\/tr\/piyango\/eurojackpot-piyangosu-icin-cevrimici-bilet-alin\/","name":"Eurojackpot Piyangosu i\u00e7in \u00e7evrimi\u00e7i bilet sat\u0131n al\u0131n","isPartOf":{"@id":"https:\/\/gambling6.com\/tr\/#website"},"primaryImageOfPage":{"@id":"https:\/\/gambling6.com\/tr\/piyango\/eurojackpot-piyangosu-icin-cevrimici-bilet-alin\/#primaryimage"},"image":{"@id":"https:\/\/gambling6.com\/tr\/piyango\/eurojackpot-piyangosu-icin-cevrimici-bilet-alin\/#primaryimage"},"thumbnailUrl":"https:\/\/gambling6.com\/wp-content\/uploads\/2013\/12\/play-euro-jackpot-online.jpg","datePublished":"2025-11-11T08:51:31+00:00","description":"\u00c7evrimi\u00e7i loto biletinizi sat\u0131n ald\u0131\u011f\u0131n\u0131zda Eurojackpot oynayarak \u00e7ok para kazanabilirsiniz.","breadcrumb":{"@id":"https:\/\/gambling6.com\/tr\/piyango\/eurojackpot-piyangosu-icin-cevrimici-bilet-alin\/#breadcrumb"},"inLanguage":"tr","potentialAction":[{"@type":"ReadAction","target":["https:\/\/gambling6.com\/tr\/piyango\/eurojackpot-piyangosu-icin-cevrimici-bilet-alin\/"]}]},{"@type":"ImageObject","inLanguage":"tr","@id":"https:\/\/gambling6.com\/tr\/piyango\/eurojackpot-piyangosu-icin-cevrimici-bilet-alin\/#primaryimage","url":"https:\/\/gambling6.com\/wp-content\/uploads\/2013\/12\/play-euro-jackpot-online.jpg","contentUrl":"https:\/\/gambling6.com\/wp-content\/uploads\/2013\/12\/play-euro-jackpot-online.jpg","width":285,"height":259},{"@type":"BreadcrumbList","@id":"https:\/\/gambling6.com\/tr\/piyango\/eurojackpot-piyangosu-icin-cevrimici-bilet-alin\/#breadcrumb","itemListElement":[{"@type":"ListItem","position":1,"name":"Home","item":"https:\/\/gambling6.com\/tr\/home\/"},{"@type":"ListItem","position":2,"name":"Piyango","item":"https:\/\/gambling6.com\/tr\/piyango\/"},{"@type":"ListItem","position":3,"name":"Eurojackpot Piyangosu i\u00e7in \u00c7evrimi\u00e7i Bilet Al\u0131n"}]},{"@type":"WebSite","@id":"https:\/\/gambling6.com\/tr\/#website","url":"https:\/\/gambling6.com\/tr\/","name":"Gambling6","description":"","potentialAction":[{"@type":"SearchAction","target":{"@type":"EntryPoint","urlTemplate":"https:\/\/gambling6.com\/tr\/?s={search_term_string}"},"query-input":{"@type":"PropertyValueSpecification","valueRequired":true,"valueName":"search_term_string"}}],"inLanguage":"tr"}]}},"_links":{"self":[{"href":"https:\/\/gambling6.com\/tr\/wp-json\/wp\/v2\/pages\/9640","targetHints":{"allow":["GET"]}}],"collection":[{"href":"https:\/\/gambling6.com\/tr\/wp-json\/wp\/v2\/pages"}],"about":[{"href":"https:\/\/gambling6.com\/tr\/wp-json\/wp\/v2\/types\/page"}],"author":[{"embeddable":true,"href":"https:\/\/gambling6.com\/tr\/wp-json\/wp\/v2\/users\/1"}],"replies":[{"embeddable":true,"href":"https:\/\/gambling6.com\/tr\/wp-json\/wp\/v2\/comments?post=9640"}],"version-history":[{"count":0,"href":"https:\/\/gambling6.com\/tr\/wp-json\/wp\/v2\/pages\/9640\/revisions"}],"up":[{"embeddable":true,"href":"https:\/\/gambling6.com\/tr\/wp-json\/wp\/v2\/pages\/9327"}],"wp:featuredmedia":[{"embeddable":true,"href":"https:\/\/gambling6.com\/tr\/wp-json\/wp\/v2\/media\/9530"}],"wp:attachment":[{"href":"https:\/\/gambling6.com\/tr\/wp-json\/wp\/v2\/media?parent=9640"}],"curies":[{"name":"wp","href":"https:\/\/api.w.org\/{rel}","templated":true}]}}