{"id":9654,"date":"2025-11-11T09:12:29","date_gmt":"2025-11-11T09:12:29","guid":{"rendered":"https:\/\/gambling6.com\/piyango\/el-gordo-piyango-biletlerini-her-yerden-alin\/"},"modified":"2025-11-15T11:32:24","modified_gmt":"2025-11-15T11:32:24","slug":"el-gordo-piyango-biletlerini-her-yerden-alin","status":"publish","type":"page","link":"https:\/\/gambling6.com\/tr\/piyango\/el-gordo-piyango-biletlerini-her-yerden-alin\/","title":{"rendered":"El Gordo Piyango biletlerini her yerden al\u0131n"},"content":{"rendered":"<h2>El Gordo piyangosu i\u00e7in online bilet sat\u0131n almak \u00e7ok kolay.<\/h2>\n<p><img loading=\"lazy\" decoding=\"async\" class=\" wp-image-1569 alignright\" src=\"https:\/\/gambling6.com\/wp-content\/uploads\/2022\/04\/2_ticket_spanish_lottery.jpg\" alt=\"\u015fi\u015fman bilet\" width=\"200\" height=\"274\" \/>Avrupa&#8217;da El Gordo piyangosu \u00e7ok b\u00fcy\u00fck bir ikramiyedir ve hem \u0130spanya&#8217;da hem de uluslararas\u0131 alanda oynanmaktad\u0131r. Her hafta yakla\u015f\u0131k 6,5 milyon avroluk minimum ikramiye bekleyebilirsiniz. Haftada yaln\u0131zca bir Pazar g\u00fcn\u00fc \u00e7ekili\u015f yap\u0131l\u0131r ve her hafta insanlar s\u0131raya girer. \u0130kramiye 26 milyon avroya kadar \u00e7\u0131kabilir. Ancak, s\u0131k s\u0131k ikramiye devri varsa (ikramiye de\u011fil), \u00f6nceki haftalardan devreden miktarlar hesaba kat\u0131ld\u0131\u011f\u0131nda bazen 35 milyon avroya kadar \u00e7\u0131kabilir. <\/p>\n<h2>Avrupal\u0131lar haftal\u0131k olarak \u00e7evrimi\u00e7i piyango bileti sat\u0131n al\u0131yor.<\/h2>\n<p>Avrupa, b\u00fcy\u00fcyen bir piyango geliri kayna\u011f\u0131 olmaya devam ediyor; her hafta milyonlarca oyuncu bu k\u0131tada piyango oynamak i\u00e7in s\u0131raya giriyor. El Gordo piyangosu i\u00e7in \u00e7evrimi\u00e7i biletlerinizi almak i\u00e7in i\u015f orta\u011f\u0131m\u0131z RedFoxLotto&#8217;yu ziyaret etmeniz, hesab\u0131n\u0131za giri\u015f yapman\u0131z ve ard\u0131ndan h\u0131zl\u0131 se\u00e7imleri mi yoksa kendi numaralar\u0131n\u0131z\u0131 m\u0131 se\u00e7mek istedi\u011finize karar vermeniz gerekiyor. Kendi numaralar\u0131n\u0131z\u0131 se\u00e7iyorsan\u0131z, be\u015f ana numara ve bir bonus numara se\u00e7meniz gerekecektir.<\/p>\n<h2>Avrupal\u0131lar Pazar g\u00fcnk\u00fc \u00e7ekili\u015f i\u00e7in \u00e7evrimi\u00e7i bilet sat\u0131n al\u0131yor.<\/h2>\n<p>\u0130spanyol 6\/49 piyangosu olarak bilinen El Gordo, El Gordo Noel piyangosu ile kar\u0131\u015ft\u0131r\u0131lmamal\u0131d\u0131r. Bu pop\u00fcler haftal\u0131k piyango Pazar g\u00fcnleri \u00e7ekiliyor. El Gordo piyangosu i\u00e7in \u00e7evrimi\u00e7i bilet sat\u0131n al\u0131rken, ikramiye kazanma \u015fans\u0131n\u0131z\u0131n 10&#8217;da 1 oldu\u011funu unutmay\u0131n. Bunun nedeni, ikramiyeyi kazanman\u0131n yan\u0131 s\u0131ra yedi farkl\u0131 \u00f6d\u00fcl seviyesinin olmas\u0131d\u0131r. <\/p>\n<h2>Ayl\u0131k bilet al\u0131mlar\u0131na milyonlarca dolar harcan\u0131yor.<\/h2>\n<p>Avrupal\u0131lar son birka\u00e7 y\u0131ld\u0131r piyango biletlerine bay\u0131l\u0131yor. Kuzey Amerika&#8217;dan sonra ikinci s\u0131rada yer alan Avrupal\u0131lar, her y\u0131l biletlere y\u00fcz milyonlarca dolar harc\u0131yor. Art\u0131k d\u00fcnya \u00e7ap\u0131ndaki piyangolar i\u00e7in online bilet sat\u0131n almak m\u00fcmk\u00fcn oldu\u011fundan, sat\u0131\u015flar \u00f6nemli \u00f6l\u00e7\u00fcde artt\u0131. Yakla\u015fan El Gordo piyangosu i\u00e7in biletlerinizi almak istiyorsan\u0131z, <a class=\"thirstylink\" title=\"Redfoxlotto\" href=\"https:\/\/gambling6.com\/go\/redfoxlotto\/\" target=\"_blank\" rel=\"nofollow noopener\">orta\u011f\u0131m\u0131z RedFoxLotto&#8217;yu ziyaret edin<\/a>, bir hesap olu\u015fturun ve bir gecede multimilyoner olma yolunda ilerleyin.<\/p>\n<table style=\"width: 500px;\" border=\"1\" cellspacing=\"5\" cellpadding=\"5\" align=\"center\">\n<tbody>\n<tr>\n<td colspan=\"3\" align=\"center\">2013&#8217;\u00fcn En \u0130yi Jackpotlar\u0131<\/td>\n<\/tr>\n<tr>\n<td>\u00c7ekili\u015f<\/td>\n<td align=\"center\">Tarih<\/td>\n<td align=\"center\">Jackpot (USD)<\/td>\n<\/tr>\n<tr>\n<td>El Gordo &#8211; \u0130spanya<\/td>\n<td align=\"center\">13 Ekim 2013<\/td>\n<td align=\"right\">13.327.360 ABD Dolar\u0131<\/td>\n<\/tr>\n<tr>\n<td>El Gordo &#8211; \u0130spanya<\/td>\n<td align=\"center\">4 A\u011fustos 2013<\/td>\n<td align=\"right\">10.275.000 ABD Dolar\u0131<\/td>\n<\/tr>\n<tr>\n<td>El Gordo &#8211; \u0130spanya<\/td>\n<td align=\"center\">16-Haz-13<\/td>\n<td align=\"right\">9.590.000 ABD Dolar\u0131<\/td>\n<\/tr>\n<tr>\n<td>El Gordo &#8211; \u0130spanya<\/td>\n<td align=\"center\">23-Haz-13<\/td>\n<td align=\"right\">6.850.000 ABD Dolar\u0131<\/td>\n<\/tr>\n<\/tbody>\n<\/table>\n<p>&nbsp;<\/p>\n<table style=\"width: 500px;\" border=\"1\" cellspacing=\"5\" cellpadding=\"5\" align=\"center\">\n<tbody>\n<tr>\n<td colspan=\"3\" align=\"center\">El Gordo Lotto &#8211; \u0130spanyol 6\/49 \u00d6d\u00fcl Kademeleri<\/td>\n<\/tr>\n<tr>\n<td>\u00d6d\u00fcl<\/td>\n<td align=\"center\">Ma\u00e7lar<\/td>\n<td align=\"center\">Oran<\/td>\n<\/tr>\n<tr>\n<td>1. (B\u00fcy\u00fck \u0130kramiye)<\/td>\n<td align=\"center\">5 + 1<\/td>\n<td align=\"right\">31.625.100 : 1<\/td>\n<\/tr>\n<tr>\n<td>2.<\/td>\n<td align=\"center\">5<\/td>\n<td align=\"right\">3.513.900 : 1<\/td>\n<\/tr>\n<tr>\n<td>3.<\/td>\n<td align=\"center\">4 + 1<\/td>\n<td align=\"right\">129.082 : 1<\/td>\n<\/tr>\n<tr>\n<td>4.<\/td>\n<td align=\"center\">4<\/td>\n<td align=\"right\">14.342 : 1<\/td>\n<\/tr>\n<tr>\n<td>5.<\/td>\n<td align=\"center\">3 + 1<\/td>\n<td align=\"right\">2.689 : 1<\/td>\n<\/tr>\n<tr>\n<td>6.<\/td>\n<td align=\"center\">3<\/td>\n<td align=\"right\">299 : 1<\/td>\n<\/tr>\n<tr>\n<td>7.<\/td>\n<td align=\"center\">2 + 1<\/td>\n<td align=\"right\">172 : 1<\/td>\n<\/tr>\n<tr>\n<td>8.<\/td>\n<td align=\"center\">2<\/td>\n<td align=\"right\">19 : 1<\/td>\n<\/tr>\n<tr>\n<td>9.<\/td>\n<td align=\"center\">0 + 1<\/td>\n<td align=\"right\">10 : 1<\/td>\n<\/tr>\n<\/tbody>\n<\/table>\n","protected":false},"excerpt":{"rendered":"<p>El Gordo piyangosu i\u00e7in online bilet sat\u0131n almak \u00e7ok kolay. Avrupa&#8217;da El Gordo piyangosu \u00e7ok b\u00fcy\u00fck bir ikramiyedir ve hem \u0130spanya&#8217;da hem de uluslararas\u0131 alanda oynanmaktad\u0131r. Her hafta yakla\u015f\u0131k 6,5 milyon avroluk minimum ikramiye bekleyebilirsiniz. Haftada yaln\u0131zca bir Pazar g\u00fcn\u00fc \u00e7ekili\u015f yap\u0131l\u0131r ve her hafta insanlar s\u0131raya girer. \u0130kramiye 26 milyon avroya kadar \u00e7\u0131kabilir. Ancak, [&hellip;]<\/p>\n","protected":false},"author":1,"featured_media":0,"parent":9327,"menu_order":3,"comment_status":"closed","ping_status":"closed","template":"","meta":{"footnotes":""},"class_list":["post-9654","page","type-page","status-publish","hentry"],"yoast_head":"<!-- This site is optimized with the Yoast SEO plugin v27.4 - https:\/\/yoast.com\/product\/yoast-seo-wordpress\/ -->\n<title>El Gordo Piyangosu i\u00e7in \u00e7evrimi\u00e7i bilet sat\u0131n al\u0131n<\/title>\n<meta name=\"description\" content=\"El Gordo piyangosu i\u00e7in online bilet alarak milyoner olun.\" \/>\n<meta name=\"robots\" content=\"index, follow, max-snippet:-1, max-image-preview:large, max-video-preview:-1\" \/>\n<link rel=\"canonical\" href=\"https:\/\/gambling6.com\/tr\/piyango\/el-gordo-piyango-biletlerini-her-yerden-alin\/\" \/>\n<meta property=\"og:locale\" content=\"tr_TR\" \/>\n<meta property=\"og:type\" content=\"article\" \/>\n<meta property=\"og:title\" content=\"El Gordo Piyangosu i\u00e7in \u00e7evrimi\u00e7i bilet sat\u0131n al\u0131n\" \/>\n<meta property=\"og:description\" content=\"El Gordo piyangosu i\u00e7in online bilet alarak milyoner olun.\" \/>\n<meta property=\"og:url\" content=\"https:\/\/gambling6.com\/tr\/piyango\/el-gordo-piyango-biletlerini-her-yerden-alin\/\" \/>\n<meta property=\"og:site_name\" content=\"Gambling6\" \/>\n<meta property=\"article:modified_time\" content=\"2025-11-15T11:32:24+00:00\" \/>\n<meta property=\"og:image\" content=\"https:\/\/gambling6.com\/wp-content\/uploads\/2022\/04\/2_ticket_spanish_lottery.jpg\" \/>\n\t<meta property=\"og:image:width\" content=\"219\" \/>\n\t<meta property=\"og:image:height\" content=\"300\" \/>\n\t<meta property=\"og:image:type\" content=\"image\/jpeg\" \/>\n<meta name=\"twitter:card\" content=\"summary_large_image\" \/>\n<meta name=\"twitter:label1\" content=\"Tahmini okuma s\u00fcresi\" \/>\n\t<meta name=\"twitter:data1\" content=\"2 dakika\" \/>\n<script type=\"application\/ld+json\" class=\"yoast-schema-graph\">{\"@context\":\"https:\\\/\\\/schema.org\",\"@graph\":[{\"@type\":\"WebPage\",\"@id\":\"https:\\\/\\\/gambling6.com\\\/tr\\\/piyango\\\/el-gordo-piyango-biletlerini-her-yerden-alin\\\/\",\"url\":\"https:\\\/\\\/gambling6.com\\\/tr\\\/piyango\\\/el-gordo-piyango-biletlerini-her-yerden-alin\\\/\",\"name\":\"El Gordo Piyangosu i\u00e7in \u00e7evrimi\u00e7i bilet sat\u0131n al\u0131n\",\"isPartOf\":{\"@id\":\"https:\\\/\\\/gambling6.com\\\/tr\\\/#website\"},\"primaryImageOfPage\":{\"@id\":\"https:\\\/\\\/gambling6.com\\\/tr\\\/piyango\\\/el-gordo-piyango-biletlerini-her-yerden-alin\\\/#primaryimage\"},\"image\":{\"@id\":\"https:\\\/\\\/gambling6.com\\\/tr\\\/piyango\\\/el-gordo-piyango-biletlerini-her-yerden-alin\\\/#primaryimage\"},\"thumbnailUrl\":\"https:\\\/\\\/gambling6.com\\\/wp-content\\\/uploads\\\/2022\\\/04\\\/2_ticket_spanish_lottery.jpg\",\"datePublished\":\"2025-11-11T09:12:29+00:00\",\"dateModified\":\"2025-11-15T11:32:24+00:00\",\"description\":\"El Gordo piyangosu i\u00e7in online bilet alarak milyoner olun.\",\"breadcrumb\":{\"@id\":\"https:\\\/\\\/gambling6.com\\\/tr\\\/piyango\\\/el-gordo-piyango-biletlerini-her-yerden-alin\\\/#breadcrumb\"},\"inLanguage\":\"tr\",\"potentialAction\":[{\"@type\":\"ReadAction\",\"target\":[\"https:\\\/\\\/gambling6.com\\\/tr\\\/piyango\\\/el-gordo-piyango-biletlerini-her-yerden-alin\\\/\"]}]},{\"@type\":\"ImageObject\",\"inLanguage\":\"tr\",\"@id\":\"https:\\\/\\\/gambling6.com\\\/tr\\\/piyango\\\/el-gordo-piyango-biletlerini-her-yerden-alin\\\/#primaryimage\",\"url\":\"https:\\\/\\\/gambling6.com\\\/wp-content\\\/uploads\\\/2022\\\/04\\\/2_ticket_spanish_lottery.jpg\",\"contentUrl\":\"https:\\\/\\\/gambling6.com\\\/wp-content\\\/uploads\\\/2022\\\/04\\\/2_ticket_spanish_lottery.jpg\"},{\"@type\":\"BreadcrumbList\",\"@id\":\"https:\\\/\\\/gambling6.com\\\/tr\\\/piyango\\\/el-gordo-piyango-biletlerini-her-yerden-alin\\\/#breadcrumb\",\"itemListElement\":[{\"@type\":\"ListItem\",\"position\":1,\"name\":\"Home\",\"item\":\"https:\\\/\\\/gambling6.com\\\/tr\\\/home\\\/\"},{\"@type\":\"ListItem\",\"position\":2,\"name\":\"Piyango\",\"item\":\"https:\\\/\\\/gambling6.com\\\/tr\\\/piyango\\\/\"},{\"@type\":\"ListItem\",\"position\":3,\"name\":\"El Gordo Piyango biletlerini her yerden al\u0131n\"}]},{\"@type\":\"WebSite\",\"@id\":\"https:\\\/\\\/gambling6.com\\\/tr\\\/#website\",\"url\":\"https:\\\/\\\/gambling6.com\\\/tr\\\/\",\"name\":\"Gambling6\",\"description\":\"\",\"potentialAction\":[{\"@type\":\"SearchAction\",\"target\":{\"@type\":\"EntryPoint\",\"urlTemplate\":\"https:\\\/\\\/gambling6.com\\\/tr\\\/?s={search_term_string}\"},\"query-input\":{\"@type\":\"PropertyValueSpecification\",\"valueRequired\":true,\"valueName\":\"search_term_string\"}}],\"inLanguage\":\"tr\"}]}<\/script>\n<!-- \/ Yoast SEO plugin. -->","yoast_head_json":{"title":"El Gordo Piyangosu i\u00e7in \u00e7evrimi\u00e7i bilet sat\u0131n al\u0131n","description":"El Gordo piyangosu i\u00e7in online bilet alarak milyoner olun.","robots":{"index":"index","follow":"follow","max-snippet":"max-snippet:-1","max-image-preview":"max-image-preview:large","max-video-preview":"max-video-preview:-1"},"canonical":"https:\/\/gambling6.com\/tr\/piyango\/el-gordo-piyango-biletlerini-her-yerden-alin\/","og_locale":"tr_TR","og_type":"article","og_title":"El Gordo Piyangosu i\u00e7in \u00e7evrimi\u00e7i bilet sat\u0131n al\u0131n","og_description":"El Gordo piyangosu i\u00e7in online bilet alarak milyoner olun.","og_url":"https:\/\/gambling6.com\/tr\/piyango\/el-gordo-piyango-biletlerini-her-yerden-alin\/","og_site_name":"Gambling6","article_modified_time":"2025-11-15T11:32:24+00:00","og_image":[{"width":219,"height":300,"url":"https:\/\/gambling6.com\/wp-content\/uploads\/2022\/04\/2_ticket_spanish_lottery.jpg","type":"image\/jpeg"}],"twitter_card":"summary_large_image","twitter_misc":{"Tahmini okuma s\u00fcresi":"2 dakika"},"schema":{"@context":"https:\/\/schema.org","@graph":[{"@type":"WebPage","@id":"https:\/\/gambling6.com\/tr\/piyango\/el-gordo-piyango-biletlerini-her-yerden-alin\/","url":"https:\/\/gambling6.com\/tr\/piyango\/el-gordo-piyango-biletlerini-her-yerden-alin\/","name":"El Gordo Piyangosu i\u00e7in \u00e7evrimi\u00e7i bilet sat\u0131n al\u0131n","isPartOf":{"@id":"https:\/\/gambling6.com\/tr\/#website"},"primaryImageOfPage":{"@id":"https:\/\/gambling6.com\/tr\/piyango\/el-gordo-piyango-biletlerini-her-yerden-alin\/#primaryimage"},"image":{"@id":"https:\/\/gambling6.com\/tr\/piyango\/el-gordo-piyango-biletlerini-her-yerden-alin\/#primaryimage"},"thumbnailUrl":"https:\/\/gambling6.com\/wp-content\/uploads\/2022\/04\/2_ticket_spanish_lottery.jpg","datePublished":"2025-11-11T09:12:29+00:00","dateModified":"2025-11-15T11:32:24+00:00","description":"El Gordo piyangosu i\u00e7in online bilet alarak milyoner olun.","breadcrumb":{"@id":"https:\/\/gambling6.com\/tr\/piyango\/el-gordo-piyango-biletlerini-her-yerden-alin\/#breadcrumb"},"inLanguage":"tr","potentialAction":[{"@type":"ReadAction","target":["https:\/\/gambling6.com\/tr\/piyango\/el-gordo-piyango-biletlerini-her-yerden-alin\/"]}]},{"@type":"ImageObject","inLanguage":"tr","@id":"https:\/\/gambling6.com\/tr\/piyango\/el-gordo-piyango-biletlerini-her-yerden-alin\/#primaryimage","url":"https:\/\/gambling6.com\/wp-content\/uploads\/2022\/04\/2_ticket_spanish_lottery.jpg","contentUrl":"https:\/\/gambling6.com\/wp-content\/uploads\/2022\/04\/2_ticket_spanish_lottery.jpg"},{"@type":"BreadcrumbList","@id":"https:\/\/gambling6.com\/tr\/piyango\/el-gordo-piyango-biletlerini-her-yerden-alin\/#breadcrumb","itemListElement":[{"@type":"ListItem","position":1,"name":"Home","item":"https:\/\/gambling6.com\/tr\/home\/"},{"@type":"ListItem","position":2,"name":"Piyango","item":"https:\/\/gambling6.com\/tr\/piyango\/"},{"@type":"ListItem","position":3,"name":"El Gordo Piyango biletlerini her yerden al\u0131n"}]},{"@type":"WebSite","@id":"https:\/\/gambling6.com\/tr\/#website","url":"https:\/\/gambling6.com\/tr\/","name":"Gambling6","description":"","potentialAction":[{"@type":"SearchAction","target":{"@type":"EntryPoint","urlTemplate":"https:\/\/gambling6.com\/tr\/?s={search_term_string}"},"query-input":{"@type":"PropertyValueSpecification","valueRequired":true,"valueName":"search_term_string"}}],"inLanguage":"tr"}]}},"_links":{"self":[{"href":"https:\/\/gambling6.com\/tr\/wp-json\/wp\/v2\/pages\/9654","targetHints":{"allow":["GET"]}}],"collection":[{"href":"https:\/\/gambling6.com\/tr\/wp-json\/wp\/v2\/pages"}],"about":[{"href":"https:\/\/gambling6.com\/tr\/wp-json\/wp\/v2\/types\/page"}],"author":[{"embeddable":true,"href":"https:\/\/gambling6.com\/tr\/wp-json\/wp\/v2\/users\/1"}],"replies":[{"embeddable":true,"href":"https:\/\/gambling6.com\/tr\/wp-json\/wp\/v2\/comments?post=9654"}],"version-history":[{"count":1,"href":"https:\/\/gambling6.com\/tr\/wp-json\/wp\/v2\/pages\/9654\/revisions"}],"predecessor-version":[{"id":10952,"href":"https:\/\/gambling6.com\/tr\/wp-json\/wp\/v2\/pages\/9654\/revisions\/10952"}],"up":[{"embeddable":true,"href":"https:\/\/gambling6.com\/tr\/wp-json\/wp\/v2\/pages\/9327"}],"wp:attachment":[{"href":"https:\/\/gambling6.com\/tr\/wp-json\/wp\/v2\/media?parent=9654"}],"curies":[{"name":"wp","href":"https:\/\/api.w.org\/{rel}","templated":true}]}}