{"id":9679,"date":"2025-11-11T09:48:37","date_gmt":"2025-11-11T09:48:37","guid":{"rendered":"https:\/\/gambling6.com\/piyango\/avustralya-piyangosu-icin-cevrimici-bilet-alin\/"},"modified":"2025-11-11T09:48:37","modified_gmt":"2025-11-11T09:48:37","slug":"avustralya-piyangosu-icin-cevrimici-bilet-alin","status":"publish","type":"page","link":"https:\/\/gambling6.com\/tr\/piyango\/avustralya-piyangosu-icin-cevrimici-bilet-alin\/","title":{"rendered":"Avustralya Piyangosu i\u00e7in \u00c7evrimi\u00e7i Bilet Al\u0131n"},"content":{"rendered":"<h2>Avustralya Piyangosu<\/h2>\n<p>Avustralya&#8217;da her hafta Sal\u0131 ve Per\u015fembe g\u00fcnleri iki heyecan verici piyango \u00e7ekili\u015fi d\u00fczenleniyor. Powerball ve Oz Loto biletleri online olarak sat\u0131n al\u0131nabiliyor. Avustralya Lotosu i\u00e7in online bilet sat\u0131n almak, &#8220;barbek\u00fcye bir karides daha atmak&#8221; kadar kolay. \u0130nsanlar bu piyangolarda d\u00fczenli olarak 50 milyon dolar ve \u00fczeri y\u00fcksek ikramiyeler kazan\u0131yor.<\/p>\n<p>Her iki ikramiyenin de oranlar\u0131, b\u00fcy\u00fckl\u00fckleri g\u00f6z \u00f6n\u00fcne al\u0131nd\u0131\u011f\u0131nda olduk\u00e7a uygun ve online bilet sat\u0131n alma imk\u00e2n\u0131 sayesinde olduk\u00e7a h\u0131zl\u0131 y\u00fckseliyor. Bu ikramiyeler son birka\u00e7 y\u0131lda d\u00fcnya \u00e7ap\u0131nda pop\u00fclerlik kazand\u0131. Her g\u00fcn haberlerde bu \u00e7ekili\u015fler hakk\u0131nda daha fazla \u015fey duyuyorsunuz.<\/p>\n<h2>Online Oz Loto biletleri g\u00fcvenlidir.<\/h2>\n<p>7 numaran\u0131z\u0131 g\u00fcvenle se\u00e7ebilir ve \u00e7ekili\u015fi bekleyebilirsiniz. Orta\u011f\u0131m\u0131z <a class=\"thirstylink\" title=\"Redfoxlotto\" href=\"https:\/\/gambling6.com\/go\/redfoxlotto\/\" target=\"_blank\" rel=\"nofollow noopener\">RedFoxLotto.com<\/a>, \u00e7evrimi\u00e7i loto bileti sat\u0131n alman\u0131n t\u00fcm endi\u015felerini ortadan kald\u0131r\u0131yor, size sadece arkan\u0131za yaslan\u0131p kazanmay\u0131 beklemek kal\u0131yor.<\/p>\n<p>Powerball veya Avustralya&#8217;daki herhangi bir piyangoya kat\u0131lmak ve \u00e7evrimi\u00e7i bilet sat\u0131n almak isteyen ABD&#8217;li oyuncular, ikinci tavsiyemiz olan <a href=\"https:\/\/gambling6.com\/go\/thelotter-en\/\" target=\"_blank\" rel=\"noopener\">TheLotter&#8217;\u0131 tercih etmelidir. Web sitelerini ziyaret etmek i\u00e7in buraya t\u0131klay\u0131n<\/a><\/span><a class=\"thirstylink\" title=\"TheLotter en\" href=\"https:\/\/gambling6.com\/go\/thelotter-en\/\" target=\"_blank\" rel=\"nofollow noopener\">.<\/a><\/p>\n<h2>Powerball Avustralya i\u00e7in \u00e7evrimi\u00e7i biletlerle b\u00fcy\u00fck ikramiyeler<\/h2>\n<table style=\"width: 500px;\" border=\"1\" cellspacing=\"5\" cellpadding=\"5\" align=\"center\">\n<tbody>\n<tr>\n<td colspan=\"3\" align=\"center\">2013&#8217;\u00fcn En \u0130yi Be\u015f B\u00fcy\u00fck \u0130kramiyesi<\/td>\n<\/tr>\n<tr>\n<td>\u00c7ekili\u015f<\/td>\n<td align=\"center\">Tarih<\/td>\n<td align=\"center\">B\u00fcy\u00fck \u0130kramiye (USD)<\/td>\n<\/tr>\n<tr>\n<td>Powerball &#8211; Avustralya<\/td>\n<td align=\"center\">2 May\u0131s 2013<\/td>\n<td align=\"right\">55.229.291 ABD Dolar\u0131<\/td>\n<\/tr>\n<tr>\n<td>Powerball &#8211; Avustralya<\/td>\n<td align=\"center\">18 Temmuz 2013<\/td>\n<td align=\"right\">26.700.000 ABD Dolar\u0131<\/td>\n<\/tr>\n<tr>\n<td>Powerball &#8211; Avustralya<\/td>\n<td align=\"center\">19 Eyl\u00fcl 2013<\/td>\n<td align=\"right\">26.700.000 ABD Dolar\u0131<\/td>\n<\/tr>\n<tr>\n<td>Powerball &#8211; Avustralya<\/td>\n<td align=\"center\">24 Ekim 2013<\/td>\n<td align=\"right\">26.700.000 ABD Dolar\u0131<\/td>\n<\/tr>\n<tr>\n<td>Powerball &#8211; Avustralya<\/td>\n<td align=\"center\">3 Ocak 2013<\/td>\n<td align=\"right\">22.250.000 ABD Dolar\u0131<\/td>\n<\/tr>\n<\/tbody>\n<\/table>\n<h2>\u00a0Sekizinci \u00f6d\u00fcl Avustralyal\u0131 Powerball online bilet al\u0131c\u0131lar\u0131 i\u00e7in kademeler border=&#8221;1&#8243; cellspacing=&#8221;5&#8243; cellpadding=&#8221;5&#8243; align=&#8221;center&#8221;><\/p>\n<tbody>\n<tr>\n<td colspan=\"3\" align=\"center\">Powerball Loto &#8211; Avustralya \u00d6d\u00fcl Kademeleri<\/td>\n<\/tr>\n<tr>\n<td>\u00d6d\u00fcl<\/td>\n<td align=\"center\">Ma\u00e7lar<\/td>\n<td align=\"center\">Oran<\/td>\n<\/tr>\n<tr>\n<td>1. (B\u00fcy\u00fck \u0130kramiye)<\/td>\n<td align=\"center\">6 + 1<\/td>\n<td align=\"right\">76.767.600 : 1<\/td>\n<\/tr>\n<tr>\n<td>2.<\/td>\n<td align=\"center\">6<\/td>\n<td align=\"right\">4.040.400 : 1<\/td>\n<\/tr>\n<tr>\n<td>3.<\/td>\n<td align=\"center\">5 + 1<\/td>\n<td align=\"right\">376.312 : 1<\/td>\n<\/tr>\n<tr>\n<td>4.<\/td>\n<td align=\"center\">5<\/td>\n<td align=\"right\">19.806 : 1<\/td>\n<\/tr>\n<tr>\n<td>5.<\/td>\n<td align=\"center\">4 + 1<\/td>\n<td align=\"right\">9.123 : 1<\/td>\n<\/tr>\n<tr>\n<td>6.<\/td>\n<td align=\"center\">3 + 1<\/td>\n<td align=\"right\">641 : 1<\/td>\n<\/tr>\n<tr>\n<td>7.<\/td>\n<td align=\"center\">4<\/td>\n<td align=\"right\">480 : 1<\/td>\n<\/tr>\n<tr>\n<td>8.<\/td>\n<td align=\"center\">2 + 1<\/td>\n<td align=\"right\">110 : 1<\/td>\n<\/tr>\n<\/tbody>\n<\/table>\n<h2>\u00a0\u00c7evrimi\u00e7i Oz Loto bileti sahipleri b\u00fcy\u00fck ikramiyeyi kazanabilir<\/h2>\n<table style=\"width: 500px;\" border=\"1\" cellspacing=\"5\" cellpadding=\"5\" align=\"center\">\n<tbody>\n<tr>\n<td colspan=\"3\" align=\"center\">2013&#8217;\u00fcn En \u0130yi Be\u015f B\u00fcy\u00fck \u0130kramiyesi<\/td>\n<\/tr>\n<tr>\n<td>\u00c7ekili\u015f<\/td>\n<td align=\"center\">Tarih<\/td>\n<td align=\"center\">B\u00fcy\u00fck \u0130kramiye (USD)<\/td>\n<\/tr>\n<tr>\n<td>Oz Lotto &#8211; Avustralya<\/td>\n<td align=\"center\">17 Aral\u0131k 2013<\/td>\n<td align=\"right\">62.300.000 $<\/td>\n<\/tr>\n<tr>\n<td>Oz Lotto &#8211; Avustralya<\/td>\n<td align=\"center\">2 Temmuz 2013<\/td>\n<td align=\"right\">44.500.000 $<\/td>\n<\/tr>\n<tr>\n<td>Oz Loto &#8211; Avustralya<\/td>\n<td align=\"center\">30 Nisan 2013<\/td>\n<td align=\"right\">26.700.000 $<\/td>\n<\/tr>\n<tr>\n<td>Oz Loto &#8211; Avustralya<\/td>\n<td align=\"center\">29 Ocak 2013<\/td>\n<td align=\"right\">20.296.484 $<\/td>\n<\/tr>\n<tr>\n<td>Oz Loto &#8211; Avustralya<\/td>\n<td align=\"center\">3 Eyl\u00fcl 2013<\/td>\n<td align=\"right\">19.790.620$<\/td>\n<\/tr>\n<\/tbody>\n<\/table>\n<h2>\u00a0Ma\u00e7lar\u0131n \u00f6deme yap\u0131p yapmad\u0131\u011f\u0131n\u0131 g\u00f6rmek i\u00e7in biletleri \u00e7evrimi\u00e7i kontrol edin<\/h2>\n<table style=\"width: 500px;\" border=\"1\" cellspacing=\"5\" cellpadding=\"5\" align=\"center\">\n<tbody>\n<tr>\n<td colspan=\"3\" align=\"center\">Oz Lotto &#8211; Avustralya \u00d6d\u00fcl Kademeleri<\/td>\n<\/tr>\n<tr>\n<td>\u00d6d\u00fcl<\/td>\n<td align=\"center\">Ma\u00e7lar<\/td>\n<td align=\"center\">Oran<\/td>\n<\/tr>\n<tr>\n<td>1. (B\u00fcy\u00fck \u0130kramiye)<\/td>\n<td align=\"center\">7<\/td>\n<td align=\"right\">45.379.620: 1<\/td>\n<\/tr>\n<tr>\n<td>2.<\/td>\n<td align=\"center\">6 + 1<\/td>\n<td align=\"right\">3.241.401: 1<\/td>\n<\/tr>\n<tr>\n<td>3.<\/td>\n<td align=\"center\">6<\/td>\n<td align=\"right\">180.078: 1<\/td>\n<\/tr>\n<tr>\n<td>4.<\/td>\n<td align=\"center\">5 + 1<\/td>\n<td align=\"right\">29.602 : 1<\/td>\n<\/tr>\n<tr>\n<td>5.<\/td>\n<td align=\"center\">5<\/td>\n<td align=\"right\">3.430 : 1<\/td>\n<\/tr>\n<tr>\n<td>6.<\/td>\n<td align=\"center\">4<\/td>\n<td align=\"right\">154 : 1<\/td>\n<\/tr>\n<tr>\n<td>7.<\/td>\n<td align=\"center\">3 + 1<\/td>\n<td align=\"right\">55 : 1<\/td>\n<\/tr>\n<\/tbody>\n<\/table>\n","protected":false},"excerpt":{"rendered":"<p>Avustralya Piyangosu Avustralya&#8217;da her hafta Sal\u0131 ve Per\u015fembe g\u00fcnleri iki heyecan verici piyango \u00e7ekili\u015fi d\u00fczenleniyor. Powerball ve Oz Loto biletleri online olarak sat\u0131n al\u0131nabiliyor. Avustralya Lotosu i\u00e7in online bilet sat\u0131n almak, &#8220;barbek\u00fcye bir karides daha atmak&#8221; kadar kolay. \u0130nsanlar bu piyangolarda d\u00fczenli olarak 50 milyon dolar ve \u00fczeri y\u00fcksek ikramiyeler kazan\u0131yor. Her iki ikramiyenin de [&hellip;]<\/p>\n","protected":false},"author":1,"featured_media":0,"parent":9327,"menu_order":9,"comment_status":"closed","ping_status":"closed","template":"","meta":{"footnotes":""},"class_list":["post-9679","page","type-page","status-publish","hentry"],"yoast_head":"<!-- This site is optimized with the Yoast SEO plugin v27.4 - https:\/\/yoast.com\/product\/yoast-seo-wordpress\/ -->\n<title>Avustralya Piyangosu i\u00e7in \u00e7evrimi\u00e7i bilet sat\u0131n al\u0131n<\/title>\n<meta name=\"description\" content=\"Avustralya piyangolar\u0131 i\u00e7in online bilet sat\u0131n almak heyecan\u0131 yeni seviyelere ta\u015f\u0131yor.\" \/>\n<meta name=\"robots\" content=\"index, follow, max-snippet:-1, max-image-preview:large, max-video-preview:-1\" \/>\n<link rel=\"canonical\" href=\"https:\/\/gambling6.com\/tr\/piyango\/avustralya-piyangosu-icin-cevrimici-bilet-alin\/\" \/>\n<meta property=\"og:locale\" content=\"tr_TR\" \/>\n<meta property=\"og:type\" content=\"article\" \/>\n<meta property=\"og:title\" content=\"Avustralya Piyangosu i\u00e7in \u00e7evrimi\u00e7i bilet sat\u0131n al\u0131n\" \/>\n<meta property=\"og:description\" content=\"Avustralya piyangolar\u0131 i\u00e7in online bilet sat\u0131n almak heyecan\u0131 yeni seviyelere ta\u015f\u0131yor.\" \/>\n<meta property=\"og:url\" content=\"https:\/\/gambling6.com\/tr\/piyango\/avustralya-piyangosu-icin-cevrimici-bilet-alin\/\" \/>\n<meta property=\"og:site_name\" content=\"Gambling6\" \/>\n<meta name=\"twitter:card\" content=\"summary_large_image\" \/>\n<meta name=\"twitter:label1\" content=\"Tahmini okuma s\u00fcresi\" \/>\n\t<meta name=\"twitter:data1\" content=\"2 dakika\" \/>\n<script type=\"application\/ld+json\" class=\"yoast-schema-graph\">{\"@context\":\"https:\\\/\\\/schema.org\",\"@graph\":[{\"@type\":\"WebPage\",\"@id\":\"https:\\\/\\\/gambling6.com\\\/tr\\\/piyango\\\/avustralya-piyangosu-icin-cevrimici-bilet-alin\\\/\",\"url\":\"https:\\\/\\\/gambling6.com\\\/tr\\\/piyango\\\/avustralya-piyangosu-icin-cevrimici-bilet-alin\\\/\",\"name\":\"Avustralya Piyangosu i\u00e7in \u00e7evrimi\u00e7i bilet sat\u0131n al\u0131n\",\"isPartOf\":{\"@id\":\"https:\\\/\\\/gambling6.com\\\/tr\\\/#website\"},\"datePublished\":\"2025-11-11T09:48:37+00:00\",\"description\":\"Avustralya piyangolar\u0131 i\u00e7in online bilet sat\u0131n almak heyecan\u0131 yeni seviyelere ta\u015f\u0131yor.\",\"breadcrumb\":{\"@id\":\"https:\\\/\\\/gambling6.com\\\/tr\\\/piyango\\\/avustralya-piyangosu-icin-cevrimici-bilet-alin\\\/#breadcrumb\"},\"inLanguage\":\"tr\",\"potentialAction\":[{\"@type\":\"ReadAction\",\"target\":[\"https:\\\/\\\/gambling6.com\\\/tr\\\/piyango\\\/avustralya-piyangosu-icin-cevrimici-bilet-alin\\\/\"]}]},{\"@type\":\"BreadcrumbList\",\"@id\":\"https:\\\/\\\/gambling6.com\\\/tr\\\/piyango\\\/avustralya-piyangosu-icin-cevrimici-bilet-alin\\\/#breadcrumb\",\"itemListElement\":[{\"@type\":\"ListItem\",\"position\":1,\"name\":\"Home\",\"item\":\"https:\\\/\\\/gambling6.com\\\/tr\\\/home\\\/\"},{\"@type\":\"ListItem\",\"position\":2,\"name\":\"Piyango\",\"item\":\"https:\\\/\\\/gambling6.com\\\/tr\\\/piyango\\\/\"},{\"@type\":\"ListItem\",\"position\":3,\"name\":\"Avustralya Piyangosu i\u00e7in \u00c7evrimi\u00e7i Bilet Al\u0131n\"}]},{\"@type\":\"WebSite\",\"@id\":\"https:\\\/\\\/gambling6.com\\\/tr\\\/#website\",\"url\":\"https:\\\/\\\/gambling6.com\\\/tr\\\/\",\"name\":\"Gambling6\",\"description\":\"\",\"potentialAction\":[{\"@type\":\"SearchAction\",\"target\":{\"@type\":\"EntryPoint\",\"urlTemplate\":\"https:\\\/\\\/gambling6.com\\\/tr\\\/?s={search_term_string}\"},\"query-input\":{\"@type\":\"PropertyValueSpecification\",\"valueRequired\":true,\"valueName\":\"search_term_string\"}}],\"inLanguage\":\"tr\"}]}<\/script>\n<!-- \/ Yoast SEO plugin. -->","yoast_head_json":{"title":"Avustralya Piyangosu i\u00e7in \u00e7evrimi\u00e7i bilet sat\u0131n al\u0131n","description":"Avustralya piyangolar\u0131 i\u00e7in online bilet sat\u0131n almak heyecan\u0131 yeni seviyelere ta\u015f\u0131yor.","robots":{"index":"index","follow":"follow","max-snippet":"max-snippet:-1","max-image-preview":"max-image-preview:large","max-video-preview":"max-video-preview:-1"},"canonical":"https:\/\/gambling6.com\/tr\/piyango\/avustralya-piyangosu-icin-cevrimici-bilet-alin\/","og_locale":"tr_TR","og_type":"article","og_title":"Avustralya Piyangosu i\u00e7in \u00e7evrimi\u00e7i bilet sat\u0131n al\u0131n","og_description":"Avustralya piyangolar\u0131 i\u00e7in online bilet sat\u0131n almak heyecan\u0131 yeni seviyelere ta\u015f\u0131yor.","og_url":"https:\/\/gambling6.com\/tr\/piyango\/avustralya-piyangosu-icin-cevrimici-bilet-alin\/","og_site_name":"Gambling6","twitter_card":"summary_large_image","twitter_misc":{"Tahmini okuma s\u00fcresi":"2 dakika"},"schema":{"@context":"https:\/\/schema.org","@graph":[{"@type":"WebPage","@id":"https:\/\/gambling6.com\/tr\/piyango\/avustralya-piyangosu-icin-cevrimici-bilet-alin\/","url":"https:\/\/gambling6.com\/tr\/piyango\/avustralya-piyangosu-icin-cevrimici-bilet-alin\/","name":"Avustralya Piyangosu i\u00e7in \u00e7evrimi\u00e7i bilet sat\u0131n al\u0131n","isPartOf":{"@id":"https:\/\/gambling6.com\/tr\/#website"},"datePublished":"2025-11-11T09:48:37+00:00","description":"Avustralya piyangolar\u0131 i\u00e7in online bilet sat\u0131n almak heyecan\u0131 yeni seviyelere ta\u015f\u0131yor.","breadcrumb":{"@id":"https:\/\/gambling6.com\/tr\/piyango\/avustralya-piyangosu-icin-cevrimici-bilet-alin\/#breadcrumb"},"inLanguage":"tr","potentialAction":[{"@type":"ReadAction","target":["https:\/\/gambling6.com\/tr\/piyango\/avustralya-piyangosu-icin-cevrimici-bilet-alin\/"]}]},{"@type":"BreadcrumbList","@id":"https:\/\/gambling6.com\/tr\/piyango\/avustralya-piyangosu-icin-cevrimici-bilet-alin\/#breadcrumb","itemListElement":[{"@type":"ListItem","position":1,"name":"Home","item":"https:\/\/gambling6.com\/tr\/home\/"},{"@type":"ListItem","position":2,"name":"Piyango","item":"https:\/\/gambling6.com\/tr\/piyango\/"},{"@type":"ListItem","position":3,"name":"Avustralya Piyangosu i\u00e7in \u00c7evrimi\u00e7i Bilet Al\u0131n"}]},{"@type":"WebSite","@id":"https:\/\/gambling6.com\/tr\/#website","url":"https:\/\/gambling6.com\/tr\/","name":"Gambling6","description":"","potentialAction":[{"@type":"SearchAction","target":{"@type":"EntryPoint","urlTemplate":"https:\/\/gambling6.com\/tr\/?s={search_term_string}"},"query-input":{"@type":"PropertyValueSpecification","valueRequired":true,"valueName":"search_term_string"}}],"inLanguage":"tr"}]}},"_links":{"self":[{"href":"https:\/\/gambling6.com\/tr\/wp-json\/wp\/v2\/pages\/9679","targetHints":{"allow":["GET"]}}],"collection":[{"href":"https:\/\/gambling6.com\/tr\/wp-json\/wp\/v2\/pages"}],"about":[{"href":"https:\/\/gambling6.com\/tr\/wp-json\/wp\/v2\/types\/page"}],"author":[{"embeddable":true,"href":"https:\/\/gambling6.com\/tr\/wp-json\/wp\/v2\/users\/1"}],"replies":[{"embeddable":true,"href":"https:\/\/gambling6.com\/tr\/wp-json\/wp\/v2\/comments?post=9679"}],"version-history":[{"count":0,"href":"https:\/\/gambling6.com\/tr\/wp-json\/wp\/v2\/pages\/9679\/revisions"}],"up":[{"embeddable":true,"href":"https:\/\/gambling6.com\/tr\/wp-json\/wp\/v2\/pages\/9327"}],"wp:attachment":[{"href":"https:\/\/gambling6.com\/tr\/wp-json\/wp\/v2\/media?parent=9679"}],"curies":[{"name":"wp","href":"https:\/\/api.w.org\/{rel}","templated":true}]}}