{"id":9687,"date":"2025-11-11T10:04:05","date_gmt":"2025-11-11T10:04:05","guid":{"rendered":"https:\/\/gambling6.com\/piyango\/mega-sena-piyangosu-icin-cevrimici-bilet-alin\/"},"modified":"2025-11-11T10:04:05","modified_gmt":"2025-11-11T10:04:05","slug":"mega-sena-piyangosu-icin-cevrimici-bilet-alin","status":"publish","type":"page","link":"https:\/\/gambling6.com\/tr\/piyango\/mega-sena-piyangosu-icin-cevrimici-bilet-alin\/","title":{"rendered":"Mega Sena Piyangosu i\u00e7in \u00c7evrimi\u00e7i Bilet Al\u0131n"},"content":{"rendered":"<h2>Mega Sena Piyangosu<\/h2>\n<p>Brezilya&#8217;da Mega Sena Piyangosu, 1,1 milyon dolarl\u0131k garantili minimum ikramiyesiyle haftada iki kez b\u00fcy\u00fck bir hayran kitlesi \u00e7ekiyor. Mega Sena Piyangosu i\u00e7in online bilet alma imk\u00e2n\u0131 sayesinde ikramiyeler genellikle \u00e7ok daha y\u00fckseklere \u00e7\u0131k\u0131yor.<strong>.<\/strong> Plajlardaki g\u00fczel kad\u0131nlar\u0131yla ve e\u011flenceleriyle d\u00fcnya \u00e7ap\u0131nda tan\u0131nan Brezilya&#8217;n\u0131n ulusal Mega Sena Piyangosu, 35 milyon dolara ula\u015fabilen ikramiyelerle heyecan\u0131 art\u0131r\u0131yor.<\/p>\n<p><strong>35 milyon dolar yetmezmi\u015f gibi, Y\u0131lba\u015f\u0131 Gecesi&#8217;nde 200 milyon dolarl\u0131k garantili ikramiyeli \u00f6zel bir \u00e7ekili\u015f d\u00fczenleniyor.<\/strong><\/p>\n<p>Brezilya&#8217;da haftada iki kez d\u00fczenlenen Mega Sena Piyangosu, G\u00fcney Amerika&#8217;n\u0131n en b\u00fcy\u00fc\u011f\u00fc ve online olarak sat\u0131n al\u0131nabiliyor. Brezilyal\u0131lar ve bir\u00e7ok online oyuncu, bu kolay oynanan piyango i\u00e7in haftada iki kez bilet almak i\u00e7in ak\u0131n ediyor. <\/p>\n<h2>Mega Sena Piyangosu&#8217;nu \u00e7evrimi\u00e7i oynamak.<\/h2>\n<p>Bu piyangoya kat\u0131lmak i\u00e7in tek yapman\u0131z gereken 1 ile 60 aras\u0131nda alt\u0131 say\u0131 se\u00e7mek ve \u00e7ekili\u015fin ger\u00e7ekle\u015fmesini beklemek. B\u00fcy\u00fck ikramiyeyi kazanmak i\u00e7in tek yapman\u0131z gereken alt\u0131 say\u0131y\u0131 tutturmak. <strong>\u00c7evrimi\u00e7i bir oyuncu olarak<\/strong> bir sonraki ad\u0131m Brezilya&#8217;ya u\u00e7mak, b\u00fcy\u00fck ikramiyeyi kazanmak ve yeni tan\u0131\u015ft\u0131\u011f\u0131n\u0131z t\u00fcm arkada\u015flar\u0131n\u0131zla plaja ak\u0131n etmek.<\/p>\n<p>\u00c7evrimi\u00e7i biletlerinizle Mega Sena kazanma \u015fans\u0131n\u0131z yakla\u015f\u0131k 50.000.000&#8217;de 1&#8217;dir. Mega Sena biletlerini \u00e7evrimi\u00e7i sat\u0131n alarak, genellikle \u00f6nemli olan ikinci veya \u00fc\u00e7\u00fcnc\u00fc kademe \u00f6d\u00fcllerden birini de kazanabilirsiniz. <a class=\"thirstylink\" title=\"Redfoxlotto\" href=\"https:\/\/gambling6.com\/go\/redfoxlotto\/\" target=\"_blank\" rel=\"nofollow noopener\">Orta\u011f\u0131m\u0131z RedFoxlotto&#8217;yu ziyaret etmek ve Mega Sena piyangosu i\u00e7in biletlerinizi \u00e7evrimi\u00e7i almak i\u00e7in buraya t\u0131klay\u0131n.<\/a><\/p>\n<table style=\"width: 500px;\" border=\"1\" cellspacing=\"5\" cellpadding=\"5\" align=\"center\">\n<tbody>\n<tr>\n<td colspan=\"3\" align=\"center\">2013&#8217;\u00fcn En \u0130yi Be\u015f B\u00fcy\u00fck \u0130kramiyesi<\/td>\n<\/tr>\n<tr>\n<td>\u00c7ekili\u015f<\/td>\n<td align=\"center\">Tarih<\/td>\n<td align=\"center\">B\u00fcy\u00fck \u0130kramiye (USD)<\/td>\n<\/tr>\n<tr>\n<td>Mega-Sena &#8211; Latin Amerika<\/td>\n<td align=\"center\">6 Kas\u0131m 2013<\/td>\n<td align=\"right\">34.615.000 ABD Dolar\u0131<\/td>\n<\/tr>\n<tr>\n<td>Mega-Sena &#8211; Latin Amerika<\/td>\n<td align=\"center\">1 Haziran 2013<\/td>\n<td align=\"right\">18.505.745 ABD Dolar\u0131<\/td>\n<\/tr>\n<tr>\n<td>Mega-Sena &#8211; Latin Amerika<\/td>\n<td align=\"center\">3 Temmuz 2013<\/td>\n<td align=\"right\">18.205.319 ABD Dolar\u0131<\/td>\n<\/tr>\n<tr>\n<td>Mega-Sena &#8211; Latin Amerika<\/td>\n<td align=\"center\">31 A\u011fustos 2013<\/td>\n<td align=\"right\">13.760.000 ABD Dolar\u0131<\/td>\n<\/tr>\n<tr>\n<td>Mega-Sena &#8211; Latin Amerika<\/td>\n<td align=\"center\">14 A\u011fustos 2013<\/td>\n<td align=\"right\">10.884.923 ABD Dolar\u0131<\/td>\n<\/tr>\n<\/tbody>\n<\/table>\n<p>&nbsp;<\/p>\n<table style=\"width: 500px;\" border=\"1\" cellspacing=\"5\" cellpadding=\"5\" align=\"center\">\n<tbody>\n<tr>\n<td colspan=\"3\" align=\"center\">Mega-Sena Piyangosu &#8211; Brezilya \u00d6d\u00fcl Kademeleri<\/td>\n<\/tr>\n<tr>\n<td>\u00d6d\u00fcl<\/td>\n<td align=\"center\">Ma\u00e7lar<\/td>\n<td align=\"center\">Oran<\/td>\n<\/tr>\n<tr>\n<td>1. (B\u00fcy\u00fck \u0130kramiye)<\/td>\n<td align=\"center\">6<\/td>\n<td align=\"right\">50.063.856: 1<\/td>\n<\/tr>\n<tr>\n<td>2.<\/td>\n<td align=\"center\">5<\/td>\n<td align=\"right\">154.518: 1<\/td>\n<\/tr>\n<tr>\n<td>3.<\/td>\n<td align=\"center\">4<\/td>\n<td align=\"right\">2.332: 1<\/td>\n<\/tr>\n<\/tbody>\n<\/table>\n","protected":false},"excerpt":{"rendered":"<p>Mega Sena Piyangosu Brezilya&#8217;da Mega Sena Piyangosu, 1,1 milyon dolarl\u0131k garantili minimum ikramiyesiyle haftada iki kez b\u00fcy\u00fck bir hayran kitlesi \u00e7ekiyor. Mega Sena Piyangosu i\u00e7in online bilet alma imk\u00e2n\u0131 sayesinde ikramiyeler genellikle \u00e7ok daha y\u00fckseklere \u00e7\u0131k\u0131yor.. Plajlardaki g\u00fczel kad\u0131nlar\u0131yla ve e\u011flenceleriyle d\u00fcnya \u00e7ap\u0131nda tan\u0131nan Brezilya&#8217;n\u0131n ulusal Mega Sena Piyangosu, 35 milyon dolara ula\u015fabilen ikramiyelerle heyecan\u0131 [&hellip;]<\/p>\n","protected":false},"author":1,"featured_media":0,"parent":9327,"menu_order":8,"comment_status":"closed","ping_status":"closed","template":"","meta":{"footnotes":""},"class_list":["post-9687","page","type-page","status-publish","hentry"],"yoast_head":"<!-- This site is optimized with the Yoast SEO plugin v27.3 - https:\/\/yoast.com\/product\/yoast-seo-wordpress\/ -->\n<title>Mega Sena Piyangosu i\u00e7in Online Bilet Sat\u0131n Al\u0131n<\/title>\n<meta name=\"description\" content=\"Brezilya&#039;n\u0131n Mega-Sena piyangosu i\u00e7in \u00e7evrimi\u00e7i bilet alman\u0131n yollar\u0131n\u0131 \u00f6\u011frenin.\" \/>\n<meta name=\"robots\" content=\"index, follow, max-snippet:-1, max-image-preview:large, max-video-preview:-1\" \/>\n<link rel=\"canonical\" href=\"https:\/\/gambling6.com\/tr\/piyango\/mega-sena-piyangosu-icin-cevrimici-bilet-alin\/\" \/>\n<meta property=\"og:locale\" content=\"tr_TR\" \/>\n<meta property=\"og:type\" content=\"article\" \/>\n<meta property=\"og:title\" content=\"Mega Sena Piyangosu i\u00e7in Online Bilet Sat\u0131n Al\u0131n\" \/>\n<meta property=\"og:description\" content=\"Brezilya&#039;n\u0131n Mega-Sena piyangosu i\u00e7in \u00e7evrimi\u00e7i bilet alman\u0131n yollar\u0131n\u0131 \u00f6\u011frenin.\" \/>\n<meta property=\"og:url\" content=\"https:\/\/gambling6.com\/tr\/piyango\/mega-sena-piyangosu-icin-cevrimici-bilet-alin\/\" \/>\n<meta property=\"og:site_name\" content=\"Gambling6\" \/>\n<meta name=\"twitter:card\" content=\"summary_large_image\" \/>\n<meta name=\"twitter:label1\" content=\"Tahmini okuma s\u00fcresi\" \/>\n\t<meta name=\"twitter:data1\" content=\"2 dakika\" \/>\n<script type=\"application\/ld+json\" class=\"yoast-schema-graph\">{\"@context\":\"https:\\\/\\\/schema.org\",\"@graph\":[{\"@type\":\"WebPage\",\"@id\":\"https:\\\/\\\/gambling6.com\\\/tr\\\/piyango\\\/mega-sena-piyangosu-icin-cevrimici-bilet-alin\\\/\",\"url\":\"https:\\\/\\\/gambling6.com\\\/tr\\\/piyango\\\/mega-sena-piyangosu-icin-cevrimici-bilet-alin\\\/\",\"name\":\"Mega Sena Piyangosu i\u00e7in Online Bilet Sat\u0131n Al\u0131n\",\"isPartOf\":{\"@id\":\"https:\\\/\\\/gambling6.com\\\/tr\\\/#website\"},\"datePublished\":\"2025-11-11T10:04:05+00:00\",\"description\":\"Brezilya'n\u0131n Mega-Sena piyangosu i\u00e7in \u00e7evrimi\u00e7i bilet alman\u0131n yollar\u0131n\u0131 \u00f6\u011frenin.\",\"breadcrumb\":{\"@id\":\"https:\\\/\\\/gambling6.com\\\/tr\\\/piyango\\\/mega-sena-piyangosu-icin-cevrimici-bilet-alin\\\/#breadcrumb\"},\"inLanguage\":\"tr\",\"potentialAction\":[{\"@type\":\"ReadAction\",\"target\":[\"https:\\\/\\\/gambling6.com\\\/tr\\\/piyango\\\/mega-sena-piyangosu-icin-cevrimici-bilet-alin\\\/\"]}]},{\"@type\":\"BreadcrumbList\",\"@id\":\"https:\\\/\\\/gambling6.com\\\/tr\\\/piyango\\\/mega-sena-piyangosu-icin-cevrimici-bilet-alin\\\/#breadcrumb\",\"itemListElement\":[{\"@type\":\"ListItem\",\"position\":1,\"name\":\"Home\",\"item\":\"https:\\\/\\\/gambling6.com\\\/tr\\\/home\\\/\"},{\"@type\":\"ListItem\",\"position\":2,\"name\":\"Piyango\",\"item\":\"https:\\\/\\\/gambling6.com\\\/tr\\\/piyango\\\/\"},{\"@type\":\"ListItem\",\"position\":3,\"name\":\"Mega Sena Piyangosu i\u00e7in \u00c7evrimi\u00e7i Bilet Al\u0131n\"}]},{\"@type\":\"WebSite\",\"@id\":\"https:\\\/\\\/gambling6.com\\\/tr\\\/#website\",\"url\":\"https:\\\/\\\/gambling6.com\\\/tr\\\/\",\"name\":\"Gambling6\",\"description\":\"\",\"potentialAction\":[{\"@type\":\"SearchAction\",\"target\":{\"@type\":\"EntryPoint\",\"urlTemplate\":\"https:\\\/\\\/gambling6.com\\\/tr\\\/?s={search_term_string}\"},\"query-input\":{\"@type\":\"PropertyValueSpecification\",\"valueRequired\":true,\"valueName\":\"search_term_string\"}}],\"inLanguage\":\"tr\"}]}<\/script>\n<!-- \/ Yoast SEO plugin. -->","yoast_head_json":{"title":"Mega Sena Piyangosu i\u00e7in Online Bilet Sat\u0131n Al\u0131n","description":"Brezilya'n\u0131n Mega-Sena piyangosu i\u00e7in \u00e7evrimi\u00e7i bilet alman\u0131n yollar\u0131n\u0131 \u00f6\u011frenin.","robots":{"index":"index","follow":"follow","max-snippet":"max-snippet:-1","max-image-preview":"max-image-preview:large","max-video-preview":"max-video-preview:-1"},"canonical":"https:\/\/gambling6.com\/tr\/piyango\/mega-sena-piyangosu-icin-cevrimici-bilet-alin\/","og_locale":"tr_TR","og_type":"article","og_title":"Mega Sena Piyangosu i\u00e7in Online Bilet Sat\u0131n Al\u0131n","og_description":"Brezilya'n\u0131n Mega-Sena piyangosu i\u00e7in \u00e7evrimi\u00e7i bilet alman\u0131n yollar\u0131n\u0131 \u00f6\u011frenin.","og_url":"https:\/\/gambling6.com\/tr\/piyango\/mega-sena-piyangosu-icin-cevrimici-bilet-alin\/","og_site_name":"Gambling6","twitter_card":"summary_large_image","twitter_misc":{"Tahmini okuma s\u00fcresi":"2 dakika"},"schema":{"@context":"https:\/\/schema.org","@graph":[{"@type":"WebPage","@id":"https:\/\/gambling6.com\/tr\/piyango\/mega-sena-piyangosu-icin-cevrimici-bilet-alin\/","url":"https:\/\/gambling6.com\/tr\/piyango\/mega-sena-piyangosu-icin-cevrimici-bilet-alin\/","name":"Mega Sena Piyangosu i\u00e7in Online Bilet Sat\u0131n Al\u0131n","isPartOf":{"@id":"https:\/\/gambling6.com\/tr\/#website"},"datePublished":"2025-11-11T10:04:05+00:00","description":"Brezilya'n\u0131n Mega-Sena piyangosu i\u00e7in \u00e7evrimi\u00e7i bilet alman\u0131n yollar\u0131n\u0131 \u00f6\u011frenin.","breadcrumb":{"@id":"https:\/\/gambling6.com\/tr\/piyango\/mega-sena-piyangosu-icin-cevrimici-bilet-alin\/#breadcrumb"},"inLanguage":"tr","potentialAction":[{"@type":"ReadAction","target":["https:\/\/gambling6.com\/tr\/piyango\/mega-sena-piyangosu-icin-cevrimici-bilet-alin\/"]}]},{"@type":"BreadcrumbList","@id":"https:\/\/gambling6.com\/tr\/piyango\/mega-sena-piyangosu-icin-cevrimici-bilet-alin\/#breadcrumb","itemListElement":[{"@type":"ListItem","position":1,"name":"Home","item":"https:\/\/gambling6.com\/tr\/home\/"},{"@type":"ListItem","position":2,"name":"Piyango","item":"https:\/\/gambling6.com\/tr\/piyango\/"},{"@type":"ListItem","position":3,"name":"Mega Sena Piyangosu i\u00e7in \u00c7evrimi\u00e7i Bilet Al\u0131n"}]},{"@type":"WebSite","@id":"https:\/\/gambling6.com\/tr\/#website","url":"https:\/\/gambling6.com\/tr\/","name":"Gambling6","description":"","potentialAction":[{"@type":"SearchAction","target":{"@type":"EntryPoint","urlTemplate":"https:\/\/gambling6.com\/tr\/?s={search_term_string}"},"query-input":{"@type":"PropertyValueSpecification","valueRequired":true,"valueName":"search_term_string"}}],"inLanguage":"tr"}]}},"_links":{"self":[{"href":"https:\/\/gambling6.com\/tr\/wp-json\/wp\/v2\/pages\/9687","targetHints":{"allow":["GET"]}}],"collection":[{"href":"https:\/\/gambling6.com\/tr\/wp-json\/wp\/v2\/pages"}],"about":[{"href":"https:\/\/gambling6.com\/tr\/wp-json\/wp\/v2\/types\/page"}],"author":[{"embeddable":true,"href":"https:\/\/gambling6.com\/tr\/wp-json\/wp\/v2\/users\/1"}],"replies":[{"embeddable":true,"href":"https:\/\/gambling6.com\/tr\/wp-json\/wp\/v2\/comments?post=9687"}],"version-history":[{"count":0,"href":"https:\/\/gambling6.com\/tr\/wp-json\/wp\/v2\/pages\/9687\/revisions"}],"up":[{"embeddable":true,"href":"https:\/\/gambling6.com\/tr\/wp-json\/wp\/v2\/pages\/9327"}],"wp:attachment":[{"href":"https:\/\/gambling6.com\/tr\/wp-json\/wp\/v2\/media?parent=9687"}],"curies":[{"name":"wp","href":"https:\/\/api.w.org\/{rel}","templated":true}]}}