{"id":9707,"date":"2025-11-11T10:33:26","date_gmt":"2025-11-11T10:33:26","guid":{"rendered":"https:\/\/gambling6.com\/piyango\/ingiltere-ulusal-piyangosu-icin-cevrimici-bilet-alin\/"},"modified":"2025-11-15T11:11:38","modified_gmt":"2025-11-15T11:11:38","slug":"ingiltere-ulusal-piyangosu-icin-cevrimici-bilet-alin","status":"publish","type":"page","link":"https:\/\/gambling6.com\/tr\/piyango\/ingiltere-ulusal-piyangosu-icin-cevrimici-bilet-alin\/","title":{"rendered":"\u0130ngiltere Ulusal Piyangosu i\u00e7in \u00c7evrimi\u00e7i Bilet Al\u0131n"},"content":{"rendered":"<h2>\u0130nternetten Birle\u015fik Krall\u0131k Milli Piyangosu Biletleri<\/h2>\n<p><strong style=\"background-color: initial;\">Birle\u015fik Krall\u0131k Milli Piyangosu i\u00e7in \u00e7evrimi\u00e7i bir bilete sahip olmak, sizi B\u00fcy\u00fck Britanya&#8217;n\u0131n en sevilen Lotosu&#8217;nun bir par\u00e7as\u0131 yapacakt\u0131r.<\/strong><span style=\"background-color: initial;\"> Hem \u00e7evrimi\u00e7i hem de yerel olarak yap\u0131lan bilet sat\u0131\u015flar\u0131, \u00e7ekili\u015f ba\u015f\u0131na yakla\u015f\u0131k 50.000.000&#8217;a ula\u015fmaktad\u0131r. Bir biletle, Birle\u015fik Krall\u0131k Milli Piyangosu&#8217;nun giri\u015f seviyesi \u00f6d\u00fcl\u00fc olan 25 \u00a3&#8217;u kazanma \u015fans\u0131n\u0131z 56&#8217;da 1&#8217;dir.<\/span><\/p>\n<p>Bu piyangoyu oynamak i\u00e7in, 1 ile 49 aras\u0131nda alt\u0131 ana say\u0131 se\u00e7meniz gerekir. B\u00fcy\u00fck ikramiyeyi kazanmak i\u00e7in ise sadece alt\u0131 say\u0131y\u0131 tutturman\u0131z yeterlidir. <strong>Birle\u015fik Krall\u0131k Milli Piyangosu&#8217;nu kazanma olas\u0131l\u0131\u011f\u0131 yakla\u015f\u0131k 14 milyonda 1&#8217;dir.<\/strong> Bu oranlar, Euromillions&#8217;\u0131 kazanmaya \u00e7al\u0131\u015fmaktan \u00e7ok daha iyidir; Asl\u0131nda, nakite \u00e7evirme olas\u0131l\u0131\u011f\u0131n\u0131z yakla\u015f\u0131k 10 kat daha fazla.<\/p>\n<p>Her \u00c7ar\u015famba ve Cumartesi, yerel \u0130ngilizler ve uluslararas\u0131 \u00e7evrimi\u00e7i piyango oyuncular\u0131 neredeyse her zaman 5 milyon sterlini a\u015fan ikramiyeyi kazanmak i\u00e7in bilet sat\u0131n ald\u0131k\u00e7a bilet sat\u0131\u015flar\u0131 h\u0131zla art\u0131yor. Bilet sat\u0131\u015flar\u0131n\u0131n %45&#8217;i \u00f6d\u00fcl havuzuna garantili olarak aktar\u0131lsa da, bu piyango 1994&#8217;te ba\u015flad\u0131\u011f\u0131ndan beri, Birle\u015fik Krall\u0131k ve yurt d\u0131\u015f\u0131nda 42 milyar sterlinden fazla hay\u0131r kurumuna ba\u011f\u0131\u015f yap\u0131ld\u0131.<\/p>\n<p><img loading=\"lazy\" decoding=\"async\" class=\"size-medium wp-image-1371 alignright\" src=\"https:\/\/gambling6.com\/wp-content\/uploads\/2022\/04\/2_ticket_uk_lottery-192x300.jpg\" alt=\"\u0130ngiltere piyangosu bileti\" width=\"192\" height=\"300\" srcset=\"https:\/\/gambling6.com\/wp-content\/uploads\/2022\/04\/2_ticket_uk_lottery-192x300.jpg 192w, https:\/\/gambling6.com\/wp-content\/uploads\/2022\/04\/2_ticket_uk_lottery.jpg 564w\" sizes=\"auto, (max-width: 192px) 100vw, 192px\" \/>Bu piyango Londra&#8217;da cumartesi ve \u00e7ar\u015famba g\u00fcnleri \u00e7ekildi\u011finde, ellerinde biletlerle izleyenlerin say\u0131s\u0131 olduk\u00e7a fazla oluyor. \u0130nsanlar 5 milyon sterlin kazanma umuduyla yerel barlardaki televizyonlara ak\u0131n ediyor. Ayr\u0131ca, b\u00fcy\u00fck ikramiye kazan\u0131lmazsa, bir sonraki \u00e7ekili\u015fe devrediliyor. <a class=\"thirstylink\" title=\"RedFoxLotto en\" href=\"https:\/\/gambling6.com\/go\/redfoxlotto-en\/\" target=\"_blank\" rel=\"nofollow noopener\">Orta\u011f\u0131m\u0131z RedFoxLotto&#8217;yu ziyaret ederek \u00e7evrimi\u00e7i biletinizi al\u0131n ve Birle\u015fik Krall\u0131k Milli Piyangosu \u00f6d\u00fcl\u00fcn\u00fc kazanma \u015fans\u0131 yakalay\u0131n.<\/a><\/p>\n<table style=\"width: 500px;\" border=\"1\" cellspacing=\"5\" cellpadding=\"5\" align=\"center\">\n<tbody>\n<tr>\n<td colspan=\"3\" align=\"center\">2013&#8217;\u00fcn En \u0130yi Be\u015f B\u00fcy\u00fck \u0130kramiyesi<\/td>\n<\/tr>\n<tr>\n<td>\u00c7ekili\u015f<\/td>\n<td align=\"center\">Tarih<\/td>\n<td align=\"center\">B\u00fcy\u00fck \u0130kramiye (USD)<\/td>\n<\/tr>\n<tr>\n<td>Milli Piyango &#8211; Birle\u015fik Krall\u0131k<\/td>\n<td align=\"center\">5 Ekim 2013<\/td>\n<td style=\"text-align: center;\" align=\"right\">16.500.000 ABD Dolar\u0131<\/td>\n<\/tr>\n<tr>\n<td>Milli Piyango &#8211; Birle\u015fik Krall\u0131k<\/td>\n<td align=\"center\">12-Ekim-13<\/td>\n<td align=\"right\">16.500.000 ABD Dolar\u0131<\/td>\n<\/tr>\n<tr>\n<td>Milli Piyango &#8211; Birle\u015fik Krall\u0131k<\/td>\n<td align=\"center\">18-Eyl-13<\/td>\n<td align=\"right\">14.025.000 ABD Dolar\u0131<\/td>\n<\/tr>\n<tr>\n<td>Milli Piyango &#8211; Birle\u015fik Krall\u0131k<\/td>\n<td align=\"center\">18-Ara-13<\/td>\n<td align=\"right\">13.173.600 ABD Dolar\u0131<\/td>\n<\/tr>\n<tr>\n<td>Milli Piyango &#8211; Birle\u015fik Krall\u0131k<\/td>\n<td align=\"center\">2 Kas\u0131m 2013<\/td>\n<td align=\"right\">13.134.000 ABD Dolar\u0131<\/td>\n<\/tr>\n<\/tbody>\n<\/table>\n<p>&nbsp;<\/p>\n<table style=\"width: 500px;\" border=\"1\" cellspacing=\"5\" cellpadding=\"5\" align=\"center\">\n<tbody>\n<tr>\n<td colspan=\"3\" align=\"center\">Birle\u015fik Krall\u0131k Milli Piyango \u00d6d\u00fcl Kademeleri<\/td>\n<\/tr>\n<tr>\n<td>\u00d6d\u00fcl<\/td>\n<td align=\"center\">Ma\u00e7lar<\/td>\n<td align=\"center\">Oran<\/td>\n<\/tr>\n<tr>\n<td>1. (B\u00fcy\u00fck \u0130kramiye)<\/td>\n<td style=\"text-align: center;\" align=\"center\">6<\/td>\n<td align=\"right\">13.983.816: 1<\/td>\n<\/tr>\n<tr>\n<td>2.<\/td>\n<td align=\"center\">5 + 1<\/td>\n<td align=\"right\">2.330.636: 1<\/td>\n<\/tr>\n<tr>\n<td>3.<\/td>\n<td align=\"center\">5<\/td>\n<td align=\"right\">55.492: 1<\/td>\n<\/tr>\n<tr>\n<td>4.<\/td>\n<td align=\"center\">4<\/td>\n<td align=\"right\">1.033: 1<\/td>\n<\/tr>\n<tr>\n<td>5.<\/td>\n<td align=\"center\">3<\/td>\n<td align=\"right\">57 : 1<\/td>\n<\/tr>\n<\/tbody>\n<\/table>\n","protected":false},"excerpt":{"rendered":"<p>\u0130nternetten Birle\u015fik Krall\u0131k Milli Piyangosu Biletleri Birle\u015fik Krall\u0131k Milli Piyangosu i\u00e7in \u00e7evrimi\u00e7i bir bilete sahip olmak, sizi B\u00fcy\u00fck Britanya&#8217;n\u0131n en sevilen Lotosu&#8217;nun bir par\u00e7as\u0131 yapacakt\u0131r. Hem \u00e7evrimi\u00e7i hem de yerel olarak yap\u0131lan bilet sat\u0131\u015flar\u0131, \u00e7ekili\u015f ba\u015f\u0131na yakla\u015f\u0131k 50.000.000&#8217;a ula\u015fmaktad\u0131r. Bir biletle, Birle\u015fik Krall\u0131k Milli Piyangosu&#8217;nun giri\u015f seviyesi \u00f6d\u00fcl\u00fc olan 25 \u00a3&#8217;u kazanma \u015fans\u0131n\u0131z 56&#8217;da 1&#8217;dir. [&hellip;]<\/p>\n","protected":false},"author":1,"featured_media":0,"parent":9327,"menu_order":6,"comment_status":"closed","ping_status":"closed","template":"","meta":{"footnotes":""},"class_list":["post-9707","page","type-page","status-publish","hentry"],"yoast_head":"<!-- This site is optimized with the Yoast SEO plugin v27.6 - https:\/\/yoast.com\/product\/yoast-seo-wordpress\/ -->\n<title>\u0130ngiltere Ulusal Piyangosu i\u00e7in \u00e7evrimi\u00e7i bilet sat\u0131n al\u0131n<\/title>\n<meta name=\"description\" content=\"Biletlerinizi \u00e7evrimi\u00e7i alarak \u0130ngiltere Milli Piyangosu&#039;na kat\u0131l\u0131n.\" \/>\n<meta name=\"robots\" content=\"index, follow, max-snippet:-1, max-image-preview:large, max-video-preview:-1\" \/>\n<link rel=\"canonical\" href=\"https:\/\/gambling6.com\/tr\/piyango\/ingiltere-ulusal-piyangosu-icin-cevrimici-bilet-alin\/\" \/>\n<meta property=\"og:locale\" content=\"tr_TR\" \/>\n<meta property=\"og:type\" content=\"article\" \/>\n<meta property=\"og:title\" content=\"\u0130ngiltere Ulusal Piyangosu i\u00e7in \u00e7evrimi\u00e7i bilet sat\u0131n al\u0131n\" \/>\n<meta property=\"og:description\" content=\"Biletlerinizi \u00e7evrimi\u00e7i alarak \u0130ngiltere Milli Piyangosu&#039;na kat\u0131l\u0131n.\" \/>\n<meta property=\"og:url\" content=\"https:\/\/gambling6.com\/tr\/piyango\/ingiltere-ulusal-piyangosu-icin-cevrimici-bilet-alin\/\" \/>\n<meta property=\"og:site_name\" content=\"Gambling6\" \/>\n<meta property=\"article:modified_time\" content=\"2025-11-15T11:11:38+00:00\" \/>\n<meta property=\"og:image\" content=\"https:\/\/gambling6.com\/wp-content\/uploads\/2022\/04\/2_ticket_uk_lottery.jpg\" \/>\n\t<meta property=\"og:image:width\" content=\"564\" \/>\n\t<meta property=\"og:image:height\" content=\"883\" \/>\n\t<meta property=\"og:image:type\" content=\"image\/jpeg\" \/>\n<meta name=\"twitter:card\" content=\"summary_large_image\" \/>\n<meta name=\"twitter:label1\" content=\"Tahmini okuma s\u00fcresi\" \/>\n\t<meta name=\"twitter:data1\" content=\"2 dakika\" \/>\n<script type=\"application\/ld+json\" class=\"yoast-schema-graph\">{\"@context\":\"https:\\\/\\\/schema.org\",\"@graph\":[{\"@type\":\"WebPage\",\"@id\":\"https:\\\/\\\/gambling6.com\\\/tr\\\/piyango\\\/ingiltere-ulusal-piyangosu-icin-cevrimici-bilet-alin\\\/\",\"url\":\"https:\\\/\\\/gambling6.com\\\/tr\\\/piyango\\\/ingiltere-ulusal-piyangosu-icin-cevrimici-bilet-alin\\\/\",\"name\":\"\u0130ngiltere Ulusal Piyangosu i\u00e7in \u00e7evrimi\u00e7i bilet sat\u0131n al\u0131n\",\"isPartOf\":{\"@id\":\"https:\\\/\\\/gambling6.com\\\/tr\\\/#website\"},\"primaryImageOfPage\":{\"@id\":\"https:\\\/\\\/gambling6.com\\\/tr\\\/piyango\\\/ingiltere-ulusal-piyangosu-icin-cevrimici-bilet-alin\\\/#primaryimage\"},\"image\":{\"@id\":\"https:\\\/\\\/gambling6.com\\\/tr\\\/piyango\\\/ingiltere-ulusal-piyangosu-icin-cevrimici-bilet-alin\\\/#primaryimage\"},\"thumbnailUrl\":\"https:\\\/\\\/gambling6.com\\\/wp-content\\\/uploads\\\/2022\\\/04\\\/2_ticket_uk_lottery-192x300.jpg\",\"datePublished\":\"2025-11-11T10:33:26+00:00\",\"dateModified\":\"2025-11-15T11:11:38+00:00\",\"description\":\"Biletlerinizi \u00e7evrimi\u00e7i alarak \u0130ngiltere Milli Piyangosu'na kat\u0131l\u0131n.\",\"breadcrumb\":{\"@id\":\"https:\\\/\\\/gambling6.com\\\/tr\\\/piyango\\\/ingiltere-ulusal-piyangosu-icin-cevrimici-bilet-alin\\\/#breadcrumb\"},\"inLanguage\":\"tr\",\"potentialAction\":[{\"@type\":\"ReadAction\",\"target\":[\"https:\\\/\\\/gambling6.com\\\/tr\\\/piyango\\\/ingiltere-ulusal-piyangosu-icin-cevrimici-bilet-alin\\\/\"]}]},{\"@type\":\"ImageObject\",\"inLanguage\":\"tr\",\"@id\":\"https:\\\/\\\/gambling6.com\\\/tr\\\/piyango\\\/ingiltere-ulusal-piyangosu-icin-cevrimici-bilet-alin\\\/#primaryimage\",\"url\":\"https:\\\/\\\/gambling6.com\\\/wp-content\\\/uploads\\\/2022\\\/04\\\/2_ticket_uk_lottery-192x300.jpg\",\"contentUrl\":\"https:\\\/\\\/gambling6.com\\\/wp-content\\\/uploads\\\/2022\\\/04\\\/2_ticket_uk_lottery-192x300.jpg\"},{\"@type\":\"BreadcrumbList\",\"@id\":\"https:\\\/\\\/gambling6.com\\\/tr\\\/piyango\\\/ingiltere-ulusal-piyangosu-icin-cevrimici-bilet-alin\\\/#breadcrumb\",\"itemListElement\":[{\"@type\":\"ListItem\",\"position\":1,\"name\":\"Home\",\"item\":\"https:\\\/\\\/gambling6.com\\\/tr\\\/home\\\/\"},{\"@type\":\"ListItem\",\"position\":2,\"name\":\"Piyango\",\"item\":\"https:\\\/\\\/gambling6.com\\\/tr\\\/piyango\\\/\"},{\"@type\":\"ListItem\",\"position\":3,\"name\":\"\u0130ngiltere Ulusal Piyangosu i\u00e7in \u00c7evrimi\u00e7i Bilet Al\u0131n\"}]},{\"@type\":\"WebSite\",\"@id\":\"https:\\\/\\\/gambling6.com\\\/tr\\\/#website\",\"url\":\"https:\\\/\\\/gambling6.com\\\/tr\\\/\",\"name\":\"Gambling6\",\"description\":\"\",\"potentialAction\":[{\"@type\":\"SearchAction\",\"target\":{\"@type\":\"EntryPoint\",\"urlTemplate\":\"https:\\\/\\\/gambling6.com\\\/tr\\\/?s={search_term_string}\"},\"query-input\":{\"@type\":\"PropertyValueSpecification\",\"valueRequired\":true,\"valueName\":\"search_term_string\"}}],\"inLanguage\":\"tr\"}]}<\/script>\n<!-- \/ Yoast SEO plugin. -->","yoast_head_json":{"title":"\u0130ngiltere Ulusal Piyangosu i\u00e7in \u00e7evrimi\u00e7i bilet sat\u0131n al\u0131n","description":"Biletlerinizi \u00e7evrimi\u00e7i alarak \u0130ngiltere Milli Piyangosu'na kat\u0131l\u0131n.","robots":{"index":"index","follow":"follow","max-snippet":"max-snippet:-1","max-image-preview":"max-image-preview:large","max-video-preview":"max-video-preview:-1"},"canonical":"https:\/\/gambling6.com\/tr\/piyango\/ingiltere-ulusal-piyangosu-icin-cevrimici-bilet-alin\/","og_locale":"tr_TR","og_type":"article","og_title":"\u0130ngiltere Ulusal Piyangosu i\u00e7in \u00e7evrimi\u00e7i bilet sat\u0131n al\u0131n","og_description":"Biletlerinizi \u00e7evrimi\u00e7i alarak \u0130ngiltere Milli Piyangosu'na kat\u0131l\u0131n.","og_url":"https:\/\/gambling6.com\/tr\/piyango\/ingiltere-ulusal-piyangosu-icin-cevrimici-bilet-alin\/","og_site_name":"Gambling6","article_modified_time":"2025-11-15T11:11:38+00:00","og_image":[{"width":564,"height":883,"url":"https:\/\/gambling6.com\/wp-content\/uploads\/2022\/04\/2_ticket_uk_lottery.jpg","type":"image\/jpeg"}],"twitter_card":"summary_large_image","twitter_misc":{"Tahmini okuma s\u00fcresi":"2 dakika"},"schema":{"@context":"https:\/\/schema.org","@graph":[{"@type":"WebPage","@id":"https:\/\/gambling6.com\/tr\/piyango\/ingiltere-ulusal-piyangosu-icin-cevrimici-bilet-alin\/","url":"https:\/\/gambling6.com\/tr\/piyango\/ingiltere-ulusal-piyangosu-icin-cevrimici-bilet-alin\/","name":"\u0130ngiltere Ulusal Piyangosu i\u00e7in \u00e7evrimi\u00e7i bilet sat\u0131n al\u0131n","isPartOf":{"@id":"https:\/\/gambling6.com\/tr\/#website"},"primaryImageOfPage":{"@id":"https:\/\/gambling6.com\/tr\/piyango\/ingiltere-ulusal-piyangosu-icin-cevrimici-bilet-alin\/#primaryimage"},"image":{"@id":"https:\/\/gambling6.com\/tr\/piyango\/ingiltere-ulusal-piyangosu-icin-cevrimici-bilet-alin\/#primaryimage"},"thumbnailUrl":"https:\/\/gambling6.com\/wp-content\/uploads\/2022\/04\/2_ticket_uk_lottery-192x300.jpg","datePublished":"2025-11-11T10:33:26+00:00","dateModified":"2025-11-15T11:11:38+00:00","description":"Biletlerinizi \u00e7evrimi\u00e7i alarak \u0130ngiltere Milli Piyangosu'na kat\u0131l\u0131n.","breadcrumb":{"@id":"https:\/\/gambling6.com\/tr\/piyango\/ingiltere-ulusal-piyangosu-icin-cevrimici-bilet-alin\/#breadcrumb"},"inLanguage":"tr","potentialAction":[{"@type":"ReadAction","target":["https:\/\/gambling6.com\/tr\/piyango\/ingiltere-ulusal-piyangosu-icin-cevrimici-bilet-alin\/"]}]},{"@type":"ImageObject","inLanguage":"tr","@id":"https:\/\/gambling6.com\/tr\/piyango\/ingiltere-ulusal-piyangosu-icin-cevrimici-bilet-alin\/#primaryimage","url":"https:\/\/gambling6.com\/wp-content\/uploads\/2022\/04\/2_ticket_uk_lottery-192x300.jpg","contentUrl":"https:\/\/gambling6.com\/wp-content\/uploads\/2022\/04\/2_ticket_uk_lottery-192x300.jpg"},{"@type":"BreadcrumbList","@id":"https:\/\/gambling6.com\/tr\/piyango\/ingiltere-ulusal-piyangosu-icin-cevrimici-bilet-alin\/#breadcrumb","itemListElement":[{"@type":"ListItem","position":1,"name":"Home","item":"https:\/\/gambling6.com\/tr\/home\/"},{"@type":"ListItem","position":2,"name":"Piyango","item":"https:\/\/gambling6.com\/tr\/piyango\/"},{"@type":"ListItem","position":3,"name":"\u0130ngiltere Ulusal Piyangosu i\u00e7in \u00c7evrimi\u00e7i Bilet Al\u0131n"}]},{"@type":"WebSite","@id":"https:\/\/gambling6.com\/tr\/#website","url":"https:\/\/gambling6.com\/tr\/","name":"Gambling6","description":"","potentialAction":[{"@type":"SearchAction","target":{"@type":"EntryPoint","urlTemplate":"https:\/\/gambling6.com\/tr\/?s={search_term_string}"},"query-input":{"@type":"PropertyValueSpecification","valueRequired":true,"valueName":"search_term_string"}}],"inLanguage":"tr"}]}},"_links":{"self":[{"href":"https:\/\/gambling6.com\/tr\/wp-json\/wp\/v2\/pages\/9707","targetHints":{"allow":["GET"]}}],"collection":[{"href":"https:\/\/gambling6.com\/tr\/wp-json\/wp\/v2\/pages"}],"about":[{"href":"https:\/\/gambling6.com\/tr\/wp-json\/wp\/v2\/types\/page"}],"author":[{"embeddable":true,"href":"https:\/\/gambling6.com\/tr\/wp-json\/wp\/v2\/users\/1"}],"replies":[{"embeddable":true,"href":"https:\/\/gambling6.com\/tr\/wp-json\/wp\/v2\/comments?post=9707"}],"version-history":[{"count":1,"href":"https:\/\/gambling6.com\/tr\/wp-json\/wp\/v2\/pages\/9707\/revisions"}],"predecessor-version":[{"id":10939,"href":"https:\/\/gambling6.com\/tr\/wp-json\/wp\/v2\/pages\/9707\/revisions\/10939"}],"up":[{"embeddable":true,"href":"https:\/\/gambling6.com\/tr\/wp-json\/wp\/v2\/pages\/9327"}],"wp:attachment":[{"href":"https:\/\/gambling6.com\/tr\/wp-json\/wp\/v2\/media?parent=9707"}],"curies":[{"name":"wp","href":"https:\/\/api.w.org\/{rel}","templated":true}]}}