{"id":9709,"date":"2025-11-11T10:35:48","date_gmt":"2025-11-11T10:35:48","guid":{"rendered":"https:\/\/gambling6.com\/piyango\/superenalotto-icin-cevrimici-bilet-alin\/"},"modified":"2025-11-11T10:35:48","modified_gmt":"2025-11-11T10:35:48","slug":"superenalotto-icin-cevrimici-bilet-alin","status":"publish","type":"page","link":"https:\/\/gambling6.com\/tr\/piyango\/superenalotto-icin-cevrimici-bilet-alin\/","title":{"rendered":"Superenalotto i\u00e7in \u00c7evrimi\u00e7i Bilet Al\u0131n"},"content":{"rendered":"<h2>Superenalotto<\/h2>\n<p>\u0130talyanlar piyango tutkunlar\u0131d\u0131r, \u00f6zellikle de Superenalotto&#8217;lar\u0131na d\u00fc\u015fk\u00fcnd\u00fcrler. Her hafta bu piyangonun bilet sat\u0131\u015flar\u0131 fahi\u015f rakamlara ula\u015f\u0131r ve 600 milyonda 1&#8217;den fazla olas\u0131l\u0131k sunarlar. <strong>\u0130talya&#8217;n\u0131n Superenalotto&#8217;su i\u00e7in online piyango bileti sat\u0131n almak, d\u00fcnya \u00e7ap\u0131ndaki t\u00fcm piyangolar aras\u0131nda en d\u00fc\u015f\u00fck olas\u0131l\u0131klar\u0131 sunar.<\/strong> Ancak bu, hem yerel Avrupal\u0131lar hem de d\u00fcnya \u00e7ap\u0131ndaki online piyango oyuncular\u0131 i\u00e7in as\u0131l cazibe merkezi gibi g\u00f6r\u00fcn\u00fcyor. <\/p>\n<h2><img loading=\"lazy\" decoding=\"async\" class=\"size-full wp-image-1575 alignright\" src=\"https:\/\/gambling6.com\/wp-content\/uploads\/2022\/04\/2_ticket_superenalotto.jpg\" alt=\"superenalotto ticket\" width=\"228\" height=\"300\" \/>SuperEnalotto i\u00e7in Devirli B\u00fcy\u00fck \u0130kramiyeler<\/h2>\n<p>\u0130talya&#8217;n\u0131n Superenalotto&#8217;sunu kazanma olas\u0131l\u0131\u011f\u0131 nedeniyle, b\u00fcy\u00fck ikramiyenin devredilmesi olduk\u00e7a yayg\u0131nd\u0131r. 1 ile 90 aras\u0131nda alt\u0131 say\u0131 se\u00e7meniz, alt\u0131 say\u0131n\u0131n hepsini tutturarak b\u00fcy\u00fck ikramiyeyi kazanma \u015fans\u0131 verir. Sadece be\u015f say\u0131 tutturursan\u0131z, bonus size ikinci kademe \u00f6d\u00fcl\u00fc kazand\u0131r\u0131r. Bonus say\u0131s\u0131 ayr\u0131 olarak \u00e7ekilir ve ne\u015feli top olarak bilinir. <strong>\u00c7evrimi\u00e7i oyuncular, 500 milyon avroya varan rekor b\u00fcy\u00fck ikramiyeleri kazanmak i\u00e7in bilet almak i\u00e7in acele eder.<\/strong><\/p>\n<p>\u0130talyan Superenalotto&#8217;da haftada \u00fc\u00e7 \u00e7ekili\u015f yap\u0131l\u0131r. <b>B\u00fcy\u00fck ikramiye 2 milyon avrodan ba\u015fl\u0131yor ve insanlar\u0131n bu kadar ilgi duymas\u0131 \u015fa\u015f\u0131rt\u0131c\u0131 de\u011fil.<\/b> Hem yerliler hem de \u00e7evrimi\u00e7i oyuncular, bildirilen en y\u00fcksek oranlar\u0131 sunan bu uluslararas\u0131 piyangodan pay almak istiyor.<\/p>\n<p>1997 y\u0131l\u0131nda \u0130talya&#8217;da tan\u0131t\u0131lan Superenalotto, Avrupal\u0131 \u200b\u200bpiyango oyuncular\u0131n\u0131n dikkatini h\u0131zla \u00e7ekti ve b\u00fcy\u00fck ikramiyeler giderek b\u00fcy\u00fcd\u00fc. En b\u00fcy\u00fck b\u00fcy\u00fck ikramiye, 2010 y\u0131l\u0131nda tek bir bilet sahibi taraf\u0131ndan kazan\u0131ld\u0131 ve 223 milyon avroya ula\u015ft\u0131. <strong>Superenalotto i\u00e7in \u00e7evrimi\u00e7i bilet sat\u0131n alan ki\u015fi say\u0131s\u0131n\u0131n artmas\u0131yla<\/strong><span style=\"box-sizing: border-box; margin: 0px; padding: 0px;\"><strong>daha fazla insan\u0131n \u00e7evrimi\u00e7i olarak bilet sat\u0131n almas\u0131yla<\/strong>, b\u00fcy\u00fck ikramiyenin daha da b\u00fcy\u00fcme potansiyeli var \u00e7\u00fcnk\u00fc boyutunda herhangi bir s\u0131n\u0131r yok<\/span>.<\/p>\n<p>\u00c7evrimi\u00e7i oyuncular, b\u00fcy\u00fck ikramiyeyi kazanman\u0131n yan\u0131 s\u0131ra, mevcut di\u011fer be\u015f \u00f6d\u00fclden birine de kat\u0131labilirler. <a class=\"thirstylink\" title=\"RedFoxLotto en\" href=\"https:\/\/gambling6.com\/go\/redfoxlotto-en\/\" target=\"_blank\" rel=\"nofollow noopener\">\u0130talya&#8217;n\u0131n Superenalotto&#8217;suna RedFoxLotto arac\u0131l\u0131\u011f\u0131yla bilet almak i\u00e7in buraya t\u0131klay\u0131n.<\/a><\/p>\n<table style=\"width: 500px;\" border=\"1\" cellspacing=\"5\" cellpadding=\"5\" align=\"center\">\n<tbody>\n<tr>\n<td colspan=\"3\" align=\"center\">2013&#8217;\u00fcn En \u0130yi Jackpotlar\u0131<\/td>\n<\/tr>\n<tr>\n<td>\u00c7ekili\u015f<\/td>\n<td align=\"center\">Tarih<\/td>\n<td align=\"center\">Jackpot (USD)<\/td>\n<\/tr>\n<tr>\n<td>Superenalotto &#8211; \u0130talya<\/td>\n<td align=\"center\">29 Haziran 2013<\/td>\n<td align=\"right\">55.759.000 $<\/td>\n<\/tr>\n<tr>\n<td>Superenalotto &#8211; \u0130talya<\/td>\n<td align=\"center\">15 Ekim 2013<\/td>\n<td align=\"right\">25.124.430 ABD Dolar\u0131<\/td>\n<\/tr>\n<tr>\n<td>Superenalotto &#8211; \u0130talya<\/td>\n<td align=\"center\">3 Ekim 2013<\/td>\n<td align=\"right\">21.372.000 ABD Dolar\u0131<\/td>\n<\/tr>\n<tr>\n<td>Superenalotto &#8211; \u0130talya<\/td>\n<td align=\"center\">27 Temmuz 2013<\/td>\n<td align=\"right\">19.043.000 ABD Dolar\u0131<\/td>\n<\/tr>\n<\/tbody>\n<\/table>\n<p>&nbsp;<\/p>\n<table style=\"width: 500px;\" border=\"1\" cellspacing=\"5\" cellpadding=\"5\" align=\"center\">\n<tbody>\n<tr>\n<td colspan=\"3\" align=\"center\">Superenalotto &#8211; \u0130talya \u00d6d\u00fcl Kademelerinde<\/td>\n<\/tr>\n<tr>\n<td>\u00d6d\u00fcl<\/td>\n<td align=\"center\">Ma\u00e7lar<\/td>\n<td align=\"center\">Oran<\/td>\n<\/tr>\n<tr>\n<td>1. (B\u00fcy\u00fck \u0130kramiye)<\/td>\n<td align=\"center\">6<\/td>\n<td align=\"right\">622.614.630: 1<\/td>\n<\/tr>\n<tr>\n<td>2.<\/td>\n<td align=\"center\">5 + 1<\/td>\n<td align=\"right\">103.769.105: 1<\/td>\n<\/tr>\n<tr>\n<td>3.<\/td>\n<td align=\"center\">5<\/td>\n<td align=\"right\">1.235.346: 1<\/td>\n<\/tr>\n<tr>\n<td>4.<\/td>\n<td align=\"center\">4<\/td>\n<td align=\"right\">11.907: 1<\/td>\n<\/tr>\n<tr>\n<td>5.<\/td>\n<td align=\"center\">3<\/td>\n<td align=\"right\">327: 1<\/td>\n<\/tr>\n<\/tbody>\n<\/table>\n","protected":false},"excerpt":{"rendered":"<p>Superenalotto \u0130talyanlar piyango tutkunlar\u0131d\u0131r, \u00f6zellikle de Superenalotto&#8217;lar\u0131na d\u00fc\u015fk\u00fcnd\u00fcrler. Her hafta bu piyangonun bilet sat\u0131\u015flar\u0131 fahi\u015f rakamlara ula\u015f\u0131r ve 600 milyonda 1&#8217;den fazla olas\u0131l\u0131k sunarlar. \u0130talya&#8217;n\u0131n Superenalotto&#8217;su i\u00e7in online piyango bileti sat\u0131n almak, d\u00fcnya \u00e7ap\u0131ndaki t\u00fcm piyangolar aras\u0131nda en d\u00fc\u015f\u00fck olas\u0131l\u0131klar\u0131 sunar. Ancak bu, hem yerel Avrupal\u0131lar hem de d\u00fcnya \u00e7ap\u0131ndaki online piyango oyuncular\u0131 i\u00e7in as\u0131l [&hellip;]<\/p>\n","protected":false},"author":1,"featured_media":0,"parent":9327,"menu_order":7,"comment_status":"closed","ping_status":"closed","template":"","meta":{"footnotes":""},"class_list":["post-9709","page","type-page","status-publish","hentry"],"yoast_head":"<!-- This site is optimized with the Yoast SEO plugin v27.5 - https:\/\/yoast.com\/product\/yoast-seo-wordpress\/ -->\n<title>Superenalotto i\u00e7in biletleri \u00e7evrimi\u00e7i sat\u0131n al\u0131n<\/title>\n<meta name=\"description\" content=\"Orta\u011f\u0131m\u0131z RedFoxLotto&#039;yu ziyaret ederek Superenalotto i\u00e7in biletlerinizi \u00e7evrimi\u00e7i al\u0131n\" \/>\n<meta name=\"robots\" content=\"index, follow, max-snippet:-1, max-image-preview:large, max-video-preview:-1\" \/>\n<link rel=\"canonical\" href=\"https:\/\/gambling6.com\/tr\/piyango\/superenalotto-icin-cevrimici-bilet-alin\/\" \/>\n<meta property=\"og:locale\" content=\"tr_TR\" \/>\n<meta property=\"og:type\" content=\"article\" \/>\n<meta property=\"og:title\" content=\"Superenalotto i\u00e7in biletleri \u00e7evrimi\u00e7i sat\u0131n al\u0131n\" \/>\n<meta property=\"og:description\" content=\"Orta\u011f\u0131m\u0131z RedFoxLotto&#039;yu ziyaret ederek Superenalotto i\u00e7in biletlerinizi \u00e7evrimi\u00e7i al\u0131n\" \/>\n<meta property=\"og:url\" content=\"https:\/\/gambling6.com\/tr\/piyango\/superenalotto-icin-cevrimici-bilet-alin\/\" \/>\n<meta property=\"og:site_name\" content=\"Gambling6\" \/>\n<meta property=\"og:image\" content=\"https:\/\/gambling6.com\/wp-content\/uploads\/2022\/04\/2_ticket_superenalotto.jpg\" \/>\n\t<meta property=\"og:image:width\" content=\"228\" \/>\n\t<meta property=\"og:image:height\" content=\"300\" \/>\n\t<meta property=\"og:image:type\" content=\"image\/jpeg\" \/>\n<meta name=\"twitter:card\" content=\"summary_large_image\" \/>\n<meta name=\"twitter:label1\" content=\"Tahmini okuma s\u00fcresi\" \/>\n\t<meta name=\"twitter:data1\" content=\"2 dakika\" \/>\n<script type=\"application\/ld+json\" class=\"yoast-schema-graph\">{\"@context\":\"https:\\\/\\\/schema.org\",\"@graph\":[{\"@type\":\"WebPage\",\"@id\":\"https:\\\/\\\/gambling6.com\\\/tr\\\/piyango\\\/superenalotto-icin-cevrimici-bilet-alin\\\/\",\"url\":\"https:\\\/\\\/gambling6.com\\\/tr\\\/piyango\\\/superenalotto-icin-cevrimici-bilet-alin\\\/\",\"name\":\"Superenalotto i\u00e7in biletleri \u00e7evrimi\u00e7i sat\u0131n al\u0131n\",\"isPartOf\":{\"@id\":\"https:\\\/\\\/gambling6.com\\\/tr\\\/#website\"},\"primaryImageOfPage\":{\"@id\":\"https:\\\/\\\/gambling6.com\\\/tr\\\/piyango\\\/superenalotto-icin-cevrimici-bilet-alin\\\/#primaryimage\"},\"image\":{\"@id\":\"https:\\\/\\\/gambling6.com\\\/tr\\\/piyango\\\/superenalotto-icin-cevrimici-bilet-alin\\\/#primaryimage\"},\"thumbnailUrl\":\"https:\\\/\\\/gambling6.com\\\/wp-content\\\/uploads\\\/2022\\\/04\\\/2_ticket_superenalotto.jpg\",\"datePublished\":\"2025-11-11T10:35:48+00:00\",\"description\":\"Orta\u011f\u0131m\u0131z RedFoxLotto'yu ziyaret ederek Superenalotto i\u00e7in biletlerinizi \u00e7evrimi\u00e7i al\u0131n\",\"breadcrumb\":{\"@id\":\"https:\\\/\\\/gambling6.com\\\/tr\\\/piyango\\\/superenalotto-icin-cevrimici-bilet-alin\\\/#breadcrumb\"},\"inLanguage\":\"tr\",\"potentialAction\":[{\"@type\":\"ReadAction\",\"target\":[\"https:\\\/\\\/gambling6.com\\\/tr\\\/piyango\\\/superenalotto-icin-cevrimici-bilet-alin\\\/\"]}]},{\"@type\":\"ImageObject\",\"inLanguage\":\"tr\",\"@id\":\"https:\\\/\\\/gambling6.com\\\/tr\\\/piyango\\\/superenalotto-icin-cevrimici-bilet-alin\\\/#primaryimage\",\"url\":\"https:\\\/\\\/gambling6.com\\\/wp-content\\\/uploads\\\/2022\\\/04\\\/2_ticket_superenalotto.jpg\",\"contentUrl\":\"https:\\\/\\\/gambling6.com\\\/wp-content\\\/uploads\\\/2022\\\/04\\\/2_ticket_superenalotto.jpg\"},{\"@type\":\"BreadcrumbList\",\"@id\":\"https:\\\/\\\/gambling6.com\\\/tr\\\/piyango\\\/superenalotto-icin-cevrimici-bilet-alin\\\/#breadcrumb\",\"itemListElement\":[{\"@type\":\"ListItem\",\"position\":1,\"name\":\"Home\",\"item\":\"https:\\\/\\\/gambling6.com\\\/tr\\\/home\\\/\"},{\"@type\":\"ListItem\",\"position\":2,\"name\":\"Piyango\",\"item\":\"https:\\\/\\\/gambling6.com\\\/tr\\\/piyango\\\/\"},{\"@type\":\"ListItem\",\"position\":3,\"name\":\"Superenalotto i\u00e7in \u00c7evrimi\u00e7i Bilet Al\u0131n\"}]},{\"@type\":\"WebSite\",\"@id\":\"https:\\\/\\\/gambling6.com\\\/tr\\\/#website\",\"url\":\"https:\\\/\\\/gambling6.com\\\/tr\\\/\",\"name\":\"Gambling6\",\"description\":\"\",\"potentialAction\":[{\"@type\":\"SearchAction\",\"target\":{\"@type\":\"EntryPoint\",\"urlTemplate\":\"https:\\\/\\\/gambling6.com\\\/tr\\\/?s={search_term_string}\"},\"query-input\":{\"@type\":\"PropertyValueSpecification\",\"valueRequired\":true,\"valueName\":\"search_term_string\"}}],\"inLanguage\":\"tr\"}]}<\/script>\n<!-- \/ Yoast SEO plugin. -->","yoast_head_json":{"title":"Superenalotto i\u00e7in biletleri \u00e7evrimi\u00e7i sat\u0131n al\u0131n","description":"Orta\u011f\u0131m\u0131z RedFoxLotto'yu ziyaret ederek Superenalotto i\u00e7in biletlerinizi \u00e7evrimi\u00e7i al\u0131n","robots":{"index":"index","follow":"follow","max-snippet":"max-snippet:-1","max-image-preview":"max-image-preview:large","max-video-preview":"max-video-preview:-1"},"canonical":"https:\/\/gambling6.com\/tr\/piyango\/superenalotto-icin-cevrimici-bilet-alin\/","og_locale":"tr_TR","og_type":"article","og_title":"Superenalotto i\u00e7in biletleri \u00e7evrimi\u00e7i sat\u0131n al\u0131n","og_description":"Orta\u011f\u0131m\u0131z RedFoxLotto'yu ziyaret ederek Superenalotto i\u00e7in biletlerinizi \u00e7evrimi\u00e7i al\u0131n","og_url":"https:\/\/gambling6.com\/tr\/piyango\/superenalotto-icin-cevrimici-bilet-alin\/","og_site_name":"Gambling6","og_image":[{"width":228,"height":300,"url":"https:\/\/gambling6.com\/wp-content\/uploads\/2022\/04\/2_ticket_superenalotto.jpg","type":"image\/jpeg"}],"twitter_card":"summary_large_image","twitter_misc":{"Tahmini okuma s\u00fcresi":"2 dakika"},"schema":{"@context":"https:\/\/schema.org","@graph":[{"@type":"WebPage","@id":"https:\/\/gambling6.com\/tr\/piyango\/superenalotto-icin-cevrimici-bilet-alin\/","url":"https:\/\/gambling6.com\/tr\/piyango\/superenalotto-icin-cevrimici-bilet-alin\/","name":"Superenalotto i\u00e7in biletleri \u00e7evrimi\u00e7i sat\u0131n al\u0131n","isPartOf":{"@id":"https:\/\/gambling6.com\/tr\/#website"},"primaryImageOfPage":{"@id":"https:\/\/gambling6.com\/tr\/piyango\/superenalotto-icin-cevrimici-bilet-alin\/#primaryimage"},"image":{"@id":"https:\/\/gambling6.com\/tr\/piyango\/superenalotto-icin-cevrimici-bilet-alin\/#primaryimage"},"thumbnailUrl":"https:\/\/gambling6.com\/wp-content\/uploads\/2022\/04\/2_ticket_superenalotto.jpg","datePublished":"2025-11-11T10:35:48+00:00","description":"Orta\u011f\u0131m\u0131z RedFoxLotto'yu ziyaret ederek Superenalotto i\u00e7in biletlerinizi \u00e7evrimi\u00e7i al\u0131n","breadcrumb":{"@id":"https:\/\/gambling6.com\/tr\/piyango\/superenalotto-icin-cevrimici-bilet-alin\/#breadcrumb"},"inLanguage":"tr","potentialAction":[{"@type":"ReadAction","target":["https:\/\/gambling6.com\/tr\/piyango\/superenalotto-icin-cevrimici-bilet-alin\/"]}]},{"@type":"ImageObject","inLanguage":"tr","@id":"https:\/\/gambling6.com\/tr\/piyango\/superenalotto-icin-cevrimici-bilet-alin\/#primaryimage","url":"https:\/\/gambling6.com\/wp-content\/uploads\/2022\/04\/2_ticket_superenalotto.jpg","contentUrl":"https:\/\/gambling6.com\/wp-content\/uploads\/2022\/04\/2_ticket_superenalotto.jpg"},{"@type":"BreadcrumbList","@id":"https:\/\/gambling6.com\/tr\/piyango\/superenalotto-icin-cevrimici-bilet-alin\/#breadcrumb","itemListElement":[{"@type":"ListItem","position":1,"name":"Home","item":"https:\/\/gambling6.com\/tr\/home\/"},{"@type":"ListItem","position":2,"name":"Piyango","item":"https:\/\/gambling6.com\/tr\/piyango\/"},{"@type":"ListItem","position":3,"name":"Superenalotto i\u00e7in \u00c7evrimi\u00e7i Bilet Al\u0131n"}]},{"@type":"WebSite","@id":"https:\/\/gambling6.com\/tr\/#website","url":"https:\/\/gambling6.com\/tr\/","name":"Gambling6","description":"","potentialAction":[{"@type":"SearchAction","target":{"@type":"EntryPoint","urlTemplate":"https:\/\/gambling6.com\/tr\/?s={search_term_string}"},"query-input":{"@type":"PropertyValueSpecification","valueRequired":true,"valueName":"search_term_string"}}],"inLanguage":"tr"}]}},"_links":{"self":[{"href":"https:\/\/gambling6.com\/tr\/wp-json\/wp\/v2\/pages\/9709","targetHints":{"allow":["GET"]}}],"collection":[{"href":"https:\/\/gambling6.com\/tr\/wp-json\/wp\/v2\/pages"}],"about":[{"href":"https:\/\/gambling6.com\/tr\/wp-json\/wp\/v2\/types\/page"}],"author":[{"embeddable":true,"href":"https:\/\/gambling6.com\/tr\/wp-json\/wp\/v2\/users\/1"}],"replies":[{"embeddable":true,"href":"https:\/\/gambling6.com\/tr\/wp-json\/wp\/v2\/comments?post=9709"}],"version-history":[{"count":0,"href":"https:\/\/gambling6.com\/tr\/wp-json\/wp\/v2\/pages\/9709\/revisions"}],"up":[{"embeddable":true,"href":"https:\/\/gambling6.com\/tr\/wp-json\/wp\/v2\/pages\/9327"}],"wp:attachment":[{"href":"https:\/\/gambling6.com\/tr\/wp-json\/wp\/v2\/media?parent=9709"}],"curies":[{"name":"wp","href":"https:\/\/api.w.org\/{rel}","templated":true}]}}